{"id":10824,"date":"2022-01-24T07:21:19","date_gmt":"2022-01-24T07:21:19","guid":{"rendered":"https:\/\/www.airtradecentre.com.tr\/?page_id=10824"},"modified":"2026-04-20T08:48:48","modified_gmt":"2026-04-20T06:48:48","slug":"accueil","status":"publish","type":"page","link":"https:\/\/www.airtradecentre.com\/fr\/","title":{"rendered":"Acceil"},"content":{"rendered":"<div id='layer_slider_1'  class='avia-layerslider main_color avia-shadow  avia-builder-el-0  el_before_av_layout_row  avia-builder-el-first  container_wrap fullsize'  style='height: 601px; max-width: 1800px; margin: 0 auto;'  ><\/div>\n<div id='novasta-main-menu-tr'  class='av-layout-grid-container av-5hpg7-432292fb5c16ee5d25b36adf87609cb9 entry-content-wrapper main_color av-fixed-cells  avia-builder-el-1  el_after_av_layerslider  el_before_av_section  grid-row-not-first  container_wrap fullsize'  >\n\n<style type=\"text\/css\" data-created_by=\"avia_inline_auto\" id=\"style-css-av-4w7j3-a78b61c823fc2a3364b59684c0e9cfce\">\n.flex_cell.av-4w7j3-a78b61c823fc2a3364b59684c0e9cfce{\nvertical-align:middle;\nbackground-color:#a4001e;\n}\n.responsive #top #wrap_all .flex_cell.av-4w7j3-a78b61c823fc2a3364b59684c0e9cfce{\npadding:0.5% 0.5% 0.5% 0.5% !important;\n}\n<\/style>\n<div class='flex_cell av-4w7j3-a78b61c823fc2a3364b59684c0e9cfce av-gridrow-cell av_one_half no_margin  avia-builder-el-2  el_before_av_cell_one_half  avia-builder-el-first '  ><div class='flex_cell_inner'><p><div class='flex_column_table av-3dvl7-329d16bef4c200a8a99d680731073f94 sc-av_one_third av-equal-height-column-flextable'>\n<style type=\"text\/css\" data-created_by=\"avia_inline_auto\" id=\"style-css-av-3dvl7-329d16bef4c200a8a99d680731073f94\">\n.flex_column.av-3dvl7-329d16bef4c200a8a99d680731073f94{\nborder-radius:0px 0px 0px 0px;\npadding:0px 0px 0px 0px;\n}\n<\/style>\n<div  class='flex_column av-3dvl7-329d16bef4c200a8a99d680731073f94 av_one_third  avia-builder-el-3  el_before_av_one_third  avia-builder-el-first  first no_margin flex_column_table_cell av-equal-height-column av-align-middle av-animated-generic fade-in av-zero-column-padding avia-link-column av-column-link avia-link-column-hover  '    data-link-column-url=\"https:\/\/www.airtradecentre.com\/fr\/centrales-de-traitement-dair\/\"   ><a class=\"av-screen-reader-only\" href=https:\/\/www.airtradecentre.com\/fr\/centrales-de-traitement-dair\/ >Lier vers : Centrales de traitement d&#8217;air<\/a><br \/>\n\n<style type=\"text\/css\" data-created_by=\"avia_inline_auto\" id=\"style-css-av-jsr8z8dt-e5b5df0eddd783c7063fa3e9617c24aa\">\n#top .av_textblock_section.av-jsr8z8dt-e5b5df0eddd783c7063fa3e9617c24aa .avia_textblock{\nfont-size:15px;\ncolor:#ffffff;\n}\n<\/style>\n<section  class='av_textblock_section av-jsr8z8dt-e5b5df0eddd783c7063fa3e9617c24aa '   itemscope=\"itemscope\" itemtype=\"https:\/\/schema.org\/CreativeWork\" ><div class='avia_textblock av_inherit_color'  itemprop=\"text\" ><p style=\"text-align: center;\"><strong>Centrales de traitement d&#8217;air<\/strong><\/p>\n<\/div><\/section><\/p><\/div>\n<style type=\"text\/css\" data-created_by=\"avia_inline_auto\" id=\"style-css-av-3dvl7-15-2ee839399cdffe3dcac706823b931d29\">\n.flex_column.av-3dvl7-15-2ee839399cdffe3dcac706823b931d29{\nborder-radius:0px 0px 0px 0px;\npadding:0px 0px 0px 0px;\n}\n<\/style>\n<div  class='flex_column av-3dvl7-15-2ee839399cdffe3dcac706823b931d29 av_one_third  avia-builder-el-6  el_after_av_one_third  el_before_av_one_third  no_margin flex_column_table_cell av-equal-height-column av-align-middle av-animated-generic fade-in av-zero-column-padding avia-link-column av-column-link avia-link-column-hover  '    data-link-column-url=\"https:\/\/www.airtradecentre.com\/fr\/centrales-de-traitement-dair\/cta-compactes-en-gamme\/\"   ><a class=\"av-screen-reader-only\" href=https:\/\/www.airtradecentre.com\/fr\/centrales-de-traitement-dair\/cta-compactes-en-gamme\/ >Lier vers : Cta Compactes En Gamme<\/a><br \/>\n\n<style type=\"text\/css\" data-created_by=\"avia_inline_auto\" id=\"style-css-av-jsr8z8dt-13-f6841f5eaa2761e886428bb5babd67d0\">\n#top .av_textblock_section.av-jsr8z8dt-13-f6841f5eaa2761e886428bb5babd67d0 .avia_textblock{\nfont-size:15px;\ncolor:#ffffff;\n}\n<\/style>\n<section  class='av_textblock_section av-jsr8z8dt-13-f6841f5eaa2761e886428bb5babd67d0 '   itemscope=\"itemscope\" itemtype=\"https:\/\/schema.org\/CreativeWork\" ><div class='avia_textblock av_inherit_color'  itemprop=\"text\" ><p style=\"text-align: center;\"><strong>Centrales de traitement d&#8217;air compactes<\/strong><\/p>\n<\/div><\/section><\/p><\/div>\n<style type=\"text\/css\" data-created_by=\"avia_inline_auto\" id=\"style-css-av-3dvl7-12-5190e46699aa88657d3ea0ea4c3cc1de\">\n.flex_column.av-3dvl7-12-5190e46699aa88657d3ea0ea4c3cc1de{\nborder-radius:0px 0px 0px 0px;\npadding:0px 0px 0px 0px;\n}\n<\/style>\n<div  class='flex_column av-3dvl7-12-5190e46699aa88657d3ea0ea4c3cc1de av_one_third  avia-builder-el-9  el_after_av_one_third  avia-builder-el-last  no_margin flex_column_table_cell av-equal-height-column av-align-middle av-animated-generic fade-in av-zero-column-padding avia-link-column av-column-link avia-link-column-hover  '    data-link-column-url=\"https:\/\/airtradecentre.com\/fr\/centrales-de-traitement-dair\/#4\"   ><a class=\"av-screen-reader-only\" href=https:\/\/airtradecentre.com\/fr\/centrales-de-traitement-dair\/#4 >Suivre un lien ajout\u00e9 manuellement<\/a><br \/>\n\n<style type=\"text\/css\" data-created_by=\"avia_inline_auto\" id=\"style-css-av-jsr8z8dt-10-4941f15bbacf57dc460c72b68dc132ad\">\n#top .av_textblock_section.av-jsr8z8dt-10-4941f15bbacf57dc460c72b68dc132ad .avia_textblock{\nfont-size:15px;\ncolor:#ffffff;\n}\n<\/style>\n<section  class='av_textblock_section av-jsr8z8dt-10-4941f15bbacf57dc460c72b68dc132ad '   itemscope=\"itemscope\" itemtype=\"https:\/\/schema.org\/CreativeWork\" ><div class='avia_textblock av_inherit_color'  itemprop=\"text\" ><p style=\"text-align: center;\"><strong>Purificateurs<\/strong><\/p>\n<\/div><\/section><\/p><\/div><\/div><!--close column table wrapper. Autoclose: 1 --><\/p>\n<\/div><\/div>\n<style type=\"text\/css\" data-created_by=\"avia_inline_auto\" id=\"style-css-av-2p7xn-bf8978ee3724522f5f8da8de1a180515\">\n.flex_cell.av-2p7xn-bf8978ee3724522f5f8da8de1a180515{\nvertical-align:middle;\nbackground-color:#a4001e;\n}\n.responsive #top #wrap_all .flex_cell.av-2p7xn-bf8978ee3724522f5f8da8de1a180515{\npadding:0px 0px 0px 0px !important;\n}\n<\/style>\n<div class='flex_cell av-2p7xn-bf8978ee3724522f5f8da8de1a180515 av-gridrow-cell av_one_half no_margin  avia-builder-el-12  el_after_av_cell_one_half  avia-builder-el-last  av-zero-padding'  ><div class='flex_cell_inner'><p><div class='flex_column_table av-3dvl7-9-07251a90fabf2f836ebaf85fa1c7062c sc-av_one_third av-equal-height-column-flextable'>\n<style type=\"text\/css\" data-created_by=\"avia_inline_auto\" id=\"style-css-av-3dvl7-9-07251a90fabf2f836ebaf85fa1c7062c\">\n.flex_column.av-3dvl7-9-07251a90fabf2f836ebaf85fa1c7062c{\nborder-radius:0px 0px 0px 0px;\npadding:0px 0px 0px 0px;\n}\n<\/style>\n<div  class='flex_column av-3dvl7-9-07251a90fabf2f836ebaf85fa1c7062c av_one_third  avia-builder-el-13  el_before_av_one_third  avia-builder-el-first  first no_margin flex_column_table_cell av-equal-height-column av-align-middle av-animated-generic fade-in av-zero-column-padding avia-link-column av-column-link avia-link-column-hover  '    data-link-column-url=\"https:\/\/www.airtradecentre.com\/fr\/systemes-de-ventilation-et-desenfumage-des-parkings\/\"   ><a class=\"av-screen-reader-only\" href=https:\/\/www.airtradecentre.com\/fr\/systemes-de-ventilation-et-desenfumage-des-parkings\/ >Lier vers : Syst\u00eames De Ventilation Et D\u00easenfumage Des Parkings<\/a><br \/>\n\n<style type=\"text\/css\" data-created_by=\"avia_inline_auto\" id=\"style-css-av-jsr8z8dt-7-d4d0c65af64e0cc52a799833cd842b92\">\n#top .av_textblock_section.av-jsr8z8dt-7-d4d0c65af64e0cc52a799833cd842b92 .avia_textblock{\nfont-size:15px;\ncolor:#ffffff;\n}\n<\/style>\n<section  class='av_textblock_section av-jsr8z8dt-7-d4d0c65af64e0cc52a799833cd842b92 '   itemscope=\"itemscope\" itemtype=\"https:\/\/schema.org\/CreativeWork\" ><div class='avia_textblock av_inherit_color'  itemprop=\"text\" ><p style=\"text-align: center;\"><strong>Syst\u00e8mes de ventilation et d\u00e9senfumage des parkings<\/strong><\/p>\n<\/div><\/section><\/p><\/div>\n<style type=\"text\/css\" data-created_by=\"avia_inline_auto\" id=\"style-css-av-3dvl7-6-486a1240b30ce1541cc274240fda00ac\">\n.flex_column.av-3dvl7-6-486a1240b30ce1541cc274240fda00ac{\nborder-radius:0px 0px 0px 0px;\npadding:0px 0px 0px 0px;\n}\n<\/style>\n<div  class='flex_column av-3dvl7-6-486a1240b30ce1541cc274240fda00ac av_one_third  avia-builder-el-16  el_after_av_one_third  el_before_av_one_third  no_margin flex_column_table_cell av-equal-height-column av-align-middle av-animated-generic fade-in av-zero-column-padding avia-link-column av-column-link avia-link-column-hover  '    data-link-column-url=\"https:\/\/airtradecentre.com\/fr\/centrales-de-traitement-dair\/#2\"   ><a class=\"av-screen-reader-only\" href=https:\/\/airtradecentre.com\/fr\/centrales-de-traitement-dair\/#2 >Suivre un lien ajout\u00e9 manuellement<\/a><br \/>\n\n<style type=\"text\/css\" data-created_by=\"avia_inline_auto\" id=\"style-css-av-jsr8z8dt-4-ab2500102cc8ec8133d7192188e16214\">\n#top .av_textblock_section.av-jsr8z8dt-4-ab2500102cc8ec8133d7192188e16214 .avia_textblock{\nfont-size:15px;\ncolor:#ffffff;\n}\n<\/style>\n<section  class='av_textblock_section av-jsr8z8dt-4-ab2500102cc8ec8133d7192188e16214 '   itemscope=\"itemscope\" itemtype=\"https:\/\/schema.org\/CreativeWork\" ><div class='avia_textblock av_inherit_color'  itemprop=\"text\" ><p style=\"text-align: center;\"><strong>Centrales de traitement d&#8217;air<br \/>\npour la d\u00e9shumidification<\/strong><\/p>\n<\/div><\/section><\/p><\/div>\n<style type=\"text\/css\" data-created_by=\"avia_inline_auto\" id=\"style-css-av-3dvl7-3-5f45324949ae049f6563b8593e4edbb0\">\n.flex_column.av-3dvl7-3-5f45324949ae049f6563b8593e4edbb0{\nborder-radius:0px 0px 0px 0px;\npadding:0px 0px 0px 0px;\n}\n<\/style>\n<div  class='flex_column av-3dvl7-3-5f45324949ae049f6563b8593e4edbb0 av_one_third  avia-builder-el-19  el_after_av_one_third  avia-builder-el-last  no_margin flex_column_table_cell av-equal-height-column av-align-middle av-animated-generic fade-in av-zero-column-padding avia-link-column av-column-link avia-link-column-hover  '    data-link-column-url=\"https:\/\/www.airtradecentre.com\/fr\/un-debit-dair-stable-a-linterieur-et-a-lexterieur\/\"   ><a class=\"av-screen-reader-only\" href=https:\/\/www.airtradecentre.com\/fr\/un-debit-dair-stable-a-linterieur-et-a-lexterieur\/ >Lier vers : Un D\u00eabit D&#8217;Air Stable \u00c0 L&#8217;int\u00earieur Et \u00c0 L&#8217;ext\u00earieur<\/a><br \/>\n\n<style type=\"text\/css\" data-created_by=\"avia_inline_auto\" id=\"style-css-av-jsr8z8dt-1-44fb54b920c861833eaadb7f1a9b7504\">\n#top .av_textblock_section.av-jsr8z8dt-1-44fb54b920c861833eaadb7f1a9b7504 .avia_textblock{\nfont-size:15px;\ncolor:#ffffff;\n}\n<\/style>\n<section  class='av_textblock_section av-jsr8z8dt-1-44fb54b920c861833eaadb7f1a9b7504 '   itemscope=\"itemscope\" itemtype=\"https:\/\/schema.org\/CreativeWork\" ><div class='avia_textblock av_inherit_color'  itemprop=\"text\" ><p style=\"text-align: center;\"><strong>Ventilateurs<\/strong><\/p>\n<\/div><\/section><\/p><\/div><\/div><!--close column table wrapper. Autoclose: 1 --><\/p>\n<\/div><\/div>\n<\/div>\n<div id='av_section_1'  class='avia-section av-1oszp-5afb7248fedc0eb3cfb291e297b1811a main_color avia-section-default avia-no-border-styling  avia-builder-el-22  el_after_av_layout_row  avia-builder-el-last  avia-bg-style-scroll container_wrap fullsize'  ><div class='container av-section-cont-open' ><div class='template-page content  av-content-full alpha units'><div class='post-entry post-entry-type-page post-entry-10824'><div class='entry-content-wrapper clearfix'>\n<div class='flex_column_table av-39553-45d783889fa575e665c35bae62736c4b sc-av_one_third av-equal-height-column-flextable'>\n<style type=\"text\/css\" data-created_by=\"avia_inline_auto\" id=\"style-css-av-39553-45d783889fa575e665c35bae62736c4b\">\n.flex_column.av-39553-45d783889fa575e665c35bae62736c4b{\nborder-radius:0px 0px 0px 0px;\npadding:5% 3% 5% 3%;\nbackground-color:#e8e8e8;\n}\n<\/style>\n<div  class='flex_column av-39553-45d783889fa575e665c35bae62736c4b av_one_third  avia-builder-el-23  el_before_av_two_third  avia-builder-el-first  first no_margin flex_column_table_cell av-equal-height-column av-align-middle av-animated-generic fade-in  '     ><p>\n<style type=\"text\/css\" data-created_by=\"avia_inline_auto\" id=\"style-css-av-152k420-b44a921a1994a6cc912c90eefa6c587c\">\n#top .av-special-heading.av-152k420-b44a921a1994a6cc912c90eefa6c587c{\npadding-bottom:10px;\ncolor:#000000;\nfont-size:24px;\n}\nbody .av-special-heading.av-152k420-b44a921a1994a6cc912c90eefa6c587c .av-special-heading-tag .heading-char{\nfont-size:25px;\n}\n#top #wrap_all .av-special-heading.av-152k420-b44a921a1994a6cc912c90eefa6c587c .av-special-heading-tag{\nfont-size:24px;\n}\n.av-special-heading.av-152k420-b44a921a1994a6cc912c90eefa6c587c .special-heading-inner-border{\nborder-color:#000000;\n}\n.av-special-heading.av-152k420-b44a921a1994a6cc912c90eefa6c587c .av-subheading{\nfont-size:22px;\n}\n\n@media only screen and (min-width: 480px) and (max-width: 767px){ \n#top #wrap_all .av-special-heading.av-152k420-b44a921a1994a6cc912c90eefa6c587c .av-special-heading-tag{\nfont-size:0.8em;\n}\n}\n\n@media only screen and (max-width: 479px){ \n#top #wrap_all .av-special-heading.av-152k420-b44a921a1994a6cc912c90eefa6c587c .av-special-heading-tag{\nfont-size:0.8em;\n}\n}\n<\/style>\n<div  class='av-special-heading av-152k420-b44a921a1994a6cc912c90eefa6c587c av-special-heading-h3 custom-color-heading blockquote modern-quote  avia-builder-el-24  el_before_av_textblock  avia-builder-el-first  av-inherit-size av-linked-heading'><h3 class='av-special-heading-tag'  itemprop=\"headline\"  ><b>ATC Air Trade Centre<\/b><\/h3><div class=\"special-heading-border\"><div class=\"special-heading-inner-border\"><\/div><\/div><\/div><br \/>\n<section  class='av_textblock_section av-1x8oj-fd4991807c380ef081507def6c5ec864 '   itemscope=\"itemscope\" itemtype=\"https:\/\/schema.org\/CreativeWork\" ><div class='avia_textblock'  itemprop=\"text\" ><p>Les origines remontent au d\u00e9but des ann\u00e9es 1980, lorsqu\u2019une entreprise n\u00e9erlandaise, pionni\u00e8re dans le domaine des gaines flexibles, a ouvert plusieurs succursales au Benelux et en France.<\/p>\n<\/div><\/section><\/p><\/div>\n<style type=\"text\/css\" data-created_by=\"avia_inline_auto\" id=\"style-css-av-1blwf-ce63eda9eca07c98dc799d89176dfc0e\">\n.flex_column.av-1blwf-ce63eda9eca07c98dc799d89176dfc0e{\nborder-radius:0px 0px 0px 0px;\npadding:0% 0% 0% 0%;\n}\n<\/style>\n<div  class='flex_column av-1blwf-ce63eda9eca07c98dc799d89176dfc0e av_two_third  avia-builder-el-26  el_after_av_one_third  el_before_av_heading  no_margin flex_column_table_cell av-equal-height-column av-align-middle av-animated-generic fade-in av-zero-column-padding  '     ><style type=\"text\/css\" data-created_by=\"avia_inline_auto\" id=\"style-css-av-jzubc9ib-287f1c7ba04dbf17dd0461a58ccf4875\">\n.avia-video.av-jzubc9ib-287f1c7ba04dbf17dd0461a58ccf4875{\nbackground-image:url(https:\/\/www.airtradecentre.com\/wp-content\/uploads\/2019\/08\/atc-tanitim-filmi.jpg);\n}\n<\/style>\n<div  class='avia-video av-jzubc9ib-287f1c7ba04dbf17dd0461a58ccf4875 avia-video-16-9 av-preview-image avia-video-load-always av-lazyload-immediate av-lazyload-video-embed'  itemprop=\"video\" itemtype=\"https:\/\/schema.org\/VideoObject\"  data-original_url='https:\/\/www.youtube.com\/watch?v=CNMd9hG7Xr4'><script type='text\/html' class='av-video-tmpl'><div class='avia-iframe-wrap'><iframe loading=\"lazy\" title=\"ATC Air Trade Centre Introductory Film\" width=\"1500\" height=\"844\" src=\"https:\/\/www.youtube.com\/embed\/CNMd9hG7Xr4?feature=oembed&autoplay=0&loop=0&controls=1&mute=0\" frameborder=\"0\" allow=\"accelerometer; autoplay; clipboard-write; encrypted-media; gyroscope; picture-in-picture; web-share\" referrerpolicy=\"strict-origin-when-cross-origin\" allowfullscreen><\/iframe><\/div><\/script><div class='av-click-to-play-overlay'><div class=\"avia_playpause_icon\"><\/div><\/div><\/div><\/div><\/div><!--close column table wrapper. Autoclose: 1 -->\n<style type=\"text\/css\" data-created_by=\"avia_inline_auto\" id=\"style-css-av-lenps8-06446f04b70987f679235c16638a9302\">\n#top .av-special-heading.av-lenps8-06446f04b70987f679235c16638a9302{\nmargin:0 0 0 0;\npadding-bottom:0;\ncolor:#000000;\nfont-size:36px;\n}\nbody .av-special-heading.av-lenps8-06446f04b70987f679235c16638a9302 .av-special-heading-tag .heading-char{\nfont-size:25px;\n}\n#top #wrap_all .av-special-heading.av-lenps8-06446f04b70987f679235c16638a9302 .av-special-heading-tag{\nfont-size:36px;\npadding:30px 0 30px 0;\n}\n.av-special-heading.av-lenps8-06446f04b70987f679235c16638a9302 .special-heading-inner-border{\nborder-color:#000000;\n}\n.av-special-heading.av-lenps8-06446f04b70987f679235c16638a9302 .av-subheading{\nfont-size:22px;\n}\n\n@media only screen and (min-width: 480px) and (max-width: 767px){ \n#top #wrap_all .av-special-heading.av-lenps8-06446f04b70987f679235c16638a9302 .av-special-heading-tag{\nfont-size:0.8em;\n}\n}\n\n@media only screen and (max-width: 479px){ \n#top #wrap_all .av-special-heading.av-lenps8-06446f04b70987f679235c16638a9302 .av-special-heading-tag{\nfont-size:0.8em;\n}\n}\n<\/style>\n<div  class='av-special-heading av-lenps8-06446f04b70987f679235c16638a9302 av-special-heading-h3 custom-color-heading blockquote modern-quote modern-centered  avia-builder-el-28  el_after_av_two_third  el_before_av_postslider  av-inherit-size av-linked-heading'><h3 class='av-special-heading-tag'  itemprop=\"headline\"  ><b>ATC Air Trade Centre<br \/>\n\u00c9v\u00e9nements<\/b><\/h3><div class=\"special-heading-border\"><div class=\"special-heading-inner-border\"><\/div><\/div><\/div>\n\n<div  class='av_promobox av-k3pn5yeg-1d70b16d5d2cb5e97fa0bbe733097902 avia-button-yes  avia-builder-el-30  el_after_av_postslider  avia-builder-el-last '><div class='avia-promocontent'><p>Voir tous les articles et \u00e9v\u00e9nements de ATC Air Trade Centre<\/p>\n<\/div><div  class='avia-button-wrap av-k3pn5yeg-e588f4d604e31c5c88a95452717d0175-wrap avia-button-right '><a href='https:\/\/www.airtradecentre.com\/fr\/actualites\/'  class='avia-button av-k3pn5yeg-e588f4d604e31c5c88a95452717d0175 avia-icon_select-no avia-size-large avia-position-right avia-color-theme-color'  ><span class='avia_iconbox_title' >Voir tous<\/span><\/a><\/div><\/div>\n\n","protected":false},"excerpt":{"rendered":"","protected":false},"author":1,"featured_media":0,"parent":0,"menu_order":0,"comment_status":"closed","ping_status":"closed","template":"","meta":{"footnotes":""},"class_list":["post-10824","page","type-page","status-publish","hentry"],"aioseo_notices":[],"_links":{"self":[{"href":"https:\/\/www.airtradecentre.com\/fr\/wp-json\/wp\/v2\/pages\/10824","targetHints":{"allow":["GET"]}}],"collection":[{"href":"https:\/\/www.airtradecentre.com\/fr\/wp-json\/wp\/v2\/pages"}],"about":[{"href":"https:\/\/www.airtradecentre.com\/fr\/wp-json\/wp\/v2\/types\/page"}],"author":[{"embeddable":true,"href":"https:\/\/www.airtradecentre.com\/fr\/wp-json\/wp\/v2\/users\/1"}],"replies":[{"embeddable":true,"href":"https:\/\/www.airtradecentre.com\/fr\/wp-json\/wp\/v2\/comments?post=10824"}],"version-history":[{"count":21,"href":"https:\/\/www.airtradecentre.com\/fr\/wp-json\/wp\/v2\/pages\/10824\/revisions"}],"predecessor-version":[{"id":16253,"href":"https:\/\/www.airtradecentre.com\/fr\/wp-json\/wp\/v2\/pages\/10824\/revisions\/16253"}],"wp:attachment":[{"href":"https:\/\/www.airtradecentre.com\/fr\/wp-json\/wp\/v2\/media?parent=10824"}],"curies":[{"name":"wp","href":"https:\/\/api.w.org\/{rel}","templated":true}]}}