{"id":11942,"date":"2022-01-24T08:36:23","date_gmt":"2022-01-24T08:36:23","guid":{"rendered":"https:\/\/www.airtradecentre.com.tr\/?page_id=11942"},"modified":"2024-12-19T14:42:48","modified_gmt":"2024-12-19T13:42:48","slug":"milestones","status":"publish","type":"page","link":"https:\/\/www.airtradecentre.com\/fr\/corporate\/milestones\/","title":{"rendered":"Milestones"},"content":{"rendered":"<div id='full_slider_1'  class='avia-fullwidth-slider main_color avia-shadow   avia-builder-el-0  el_before_av_timeline  avia-builder-el-first   container_wrap fullsize'  >\n<style type=\"text\/css\" data-created_by=\"avia_inline_auto\" id=\"style-css-av-191ib9i-a7fa0faa92028ba3e469c752b9253c8c\">\n#top #wrap_all .avia-slideshow .av-slideshow-caption.av-191ib9i-a7fa0faa92028ba3e469c752b9253c8c__0 .avia-caption-title{\nfont-size:36px;\ncolor:#a4001e;\n}\n#top .avia-slideshow .av-slideshow-caption.av-191ib9i-a7fa0faa92028ba3e469c752b9253c8c__0 .avia-caption-content{\nfont-size:28px;\ncolor:#a4001e;\n}\n#top .avia-slideshow .av-slideshow-caption.av-191ib9i-a7fa0faa92028ba3e469c752b9253c8c__0 .avia-caption-content p{\nfont-size:28px;\n}\n\n@media only screen and (min-width: 480px) and (max-width: 767px){ \n#top #wrap_all .avia-slideshow .av-slideshow-caption.av-191ib9i-a7fa0faa92028ba3e469c752b9253c8c__0 .avia-caption-title{\nfont-size:22px;\n}\n#top .avia-slideshow .av-slideshow-caption.av-191ib9i-a7fa0faa92028ba3e469c752b9253c8c__0 .avia-caption-content{\ndisplay:none;\n}\n#top .avia-slideshow .av-slideshow-caption.av-191ib9i-a7fa0faa92028ba3e469c752b9253c8c__0 .avia-caption-content p{\ndisplay:none;\n}\n}\n\n@media only screen and (max-width: 479px){ \n#top #wrap_all .avia-slideshow .av-slideshow-caption.av-191ib9i-a7fa0faa92028ba3e469c752b9253c8c__0 .avia-caption-title{\nfont-size:18px;\n}\n#top .avia-slideshow .av-slideshow-caption.av-191ib9i-a7fa0faa92028ba3e469c752b9253c8c__0 .avia-caption-content{\ndisplay:none;\n}\n#top .avia-slideshow .av-slideshow-caption.av-191ib9i-a7fa0faa92028ba3e469c752b9253c8c__0 .avia-caption-content p{\ndisplay:none;\n}\n}\n<\/style>\n<div  class='avia-slideshow av-191ib9i-a7fa0faa92028ba3e469c752b9253c8c avia-slideshow-no scaling av_slideshow_full avia-fade-slider av-slideshow-ui av-control-default av-slideshow-manual av-loop-once av-loop-manual-endless av-default-height-applied   avia-slideshow-1' data-slideshow-options=\"{&quot;animation&quot;:&quot;fade&quot;,&quot;autoplay&quot;:false,&quot;loop_autoplay&quot;:&quot;once&quot;,&quot;interval&quot;:5,&quot;loop_manual&quot;:&quot;manual-endless&quot;,&quot;autoplay_stopper&quot;:false,&quot;noNavigation&quot;:false,&quot;bg_slider&quot;:false,&quot;keep_padding&quot;:false,&quot;hoverpause&quot;:false,&quot;show_slide_delay&quot;:0}\"  itemprop=\"image\" itemscope=\"itemscope\" itemtype=\"https:\/\/schema.org\/ImageObject\" ><ul class='avia-slideshow-inner ' style='padding-bottom: 26.041666666667%;'><li  class='avia-slideshow-slide av-191ib9i-a7fa0faa92028ba3e469c752b9253c8c__0  av-single-slide slide-1 slide-odd'><div data-rel='slideshow-1' class='avia-slide-wrap '   ><img decoding=\"async\" fetchpriority=\"high\" class=\"wp-image-15297 avia-img-lazy-loading-not-15297\"  src=\"https:\/\/www.airtradecentre.com\/wp-content\/uploads\/2024\/12\/atc-kurumsal.jpg\" width=\"1920\" height=\"500\" title='atc-kurumsal' alt=''  itemprop=\"thumbnailUrl\" srcset=\"https:\/\/www.airtradecentre.com\/wp-content\/uploads\/2024\/12\/atc-kurumsal.jpg 1920w, https:\/\/www.airtradecentre.com\/wp-content\/uploads\/2024\/12\/atc-kurumsal-80x21.jpg 80w, https:\/\/www.airtradecentre.com\/wp-content\/uploads\/2024\/12\/atc-kurumsal-1536x400.jpg 1536w\" sizes=\"(max-width: 1920px) 100vw, 1920px\" \/><div class='av-section-color-overlay' style='opacity: 0.1; background-color: #000000; background-image: url(https:\/\/www.airtradecentre.com\/wp-content\/themes\/novasta\/images\/background-images\/dots-mini-strong.png); background-repeat: repeat;'><\/div><\/div><\/li><\/ul><\/div><\/div><div id='after_full_slider_1'  class='main_color av_default_container_wrap container_wrap fullsize'  ><div class='container av-section-cont-open' ><div class='template-page content  av-content-full alpha units'><div class='post-entry post-entry-type-page post-entry-11942'><div class='entry-content-wrapper clearfix'>\n\n<style type=\"text\/css\" data-created_by=\"avia_inline_auto\" id=\"style-css-av-sqel6-6c69fbee43c64469ab6c7354e4168308\">\n.avia-timeline-container.av-sqel6-6c69fbee43c64469ab6c7354e4168308 .av-milestone-date{\ncolor:#a4001e;\n}\n.avia-timeline-container.av-sqel6-6c69fbee43c64469ab6c7354e4168308 .av-milestone-icon-inner{\nbackground-color:#a4001e;\n}\n.avia-timeline-container.av-sqel6-6c69fbee43c64469ab6c7354e4168308 .av-milestone-indicator{\nbackground-color:#a4001e;\n}\n.avia-timeline-container.av-sqel6-6c69fbee43c64469ab6c7354e4168308 .av-milestone-article-footer{\nbackground-color:#a4001e;\n}\n<\/style>\n<div  id=\"avia-timeline-1\"  class='avia-timeline-container av-sqel6-6c69fbee43c64469ab6c7354e4168308 av-slideshow-ui  avia-builder-el-1  el_after_av_slideshow_full  avia-builder-el-no-sibling ' ><ul class='avia-timeline avia-timeline-vertical av-milestone-placement-alternate avia-timeline- avia_animate_when_almost_visible avia-timeline-animate'>\n<li  class='av-milestone av-46nv67a-3ff482b9c689f8d2d2b75a15c461b313 av-animated-generic fade-in av-milestone-valign-baseline av-milestone-odd'><h2 class='av-milestone-date ' id='milestone-1980'><strong>1980<span class='av-milestone-indicator'><\/span><\/strong><\/h2><div class=\"av-milestone-icon-wrap\"><span class='av-milestone-icon milestone_icon avia-font-entypo-fontello'><span class='av-milestone-icon-inner milestone_inner'><i class='milestone-char' aria-hidden='true' data-av_icon='\ue867' data-av_iconfont='entypo-fontello'><\/i><\/span><\/span><\/div><article class='av-milestone-content-wrap'><div class='av-milestone-contentbox'><header class=\"entry-content-header\"><h4 class='av-milestone-title '>Ouverture de bureaux au Benelux et en France.<\/h4><\/header><div class='av-milestone-content'><p>Tout a commenc\u00e9 au d\u00e9but des ann\u00e9es 1980 lorsqu&#8217;une entreprise n\u00e9erlandaise, pionni\u00e8re dans la production de canaux flexibles, a ouvert plusieurs succursales au Benelux et en France.<\/p>\n<\/div><\/div><footer class='av-milestone-article-footer entry-footer'><\/footer><\/article><\/li>\n<li  class='av-milestone av-3tfbtly-d97031dcd6401a79c479b59f2c7d3676 av-animated-generic fade-in av-milestone-valign-baseline av-milestone-even'><h2 class='av-milestone-date ' id='milestone-1994'><strong>1994<span class='av-milestone-indicator'><\/span><\/strong><\/h2><article class='av-milestone-content-wrap'><div class='av-milestone-contentbox'><header class=\"entry-content-header\"><h4 class='av-milestone-title '>Les bases de l\u2019ATC ont \u00e9t\u00e9 pos\u00e9es.<\/h4><\/header><div class='av-milestone-content'><p>En 1994, une petite \u00e9quipe de professionnels belges et n\u00e9erlandais a jet\u00e9 les bases de l&#8217;actuel ATC Air Trade Centre.<\/p>\n<\/div><\/div><footer class='av-milestone-article-footer entry-footer'><\/footer><\/article><div class=\"av-milestone-icon-wrap\"><span class='av-milestone-icon milestone_icon avia-font-entypo-fontello'><span class='av-milestone-icon-inner milestone_inner'><i class='milestone-char' aria-hidden='true' data-av_icon='\ue867' data-av_iconfont='entypo-fontello'><\/i><\/span><\/span><\/div><h2 class='av-milestone-date ' id='milestone-1994'><strong>1994<span class='av-milestone-indicator'><\/span><\/strong><\/h2><\/li>\n<li  class='av-milestone av-3jvof8m-8af07f533da6c5cdf5f9ca113b03a0df av-animated-generic fade-in av-milestone-valign-baseline av-milestone-odd'><h2 class='av-milestone-date ' id='milestone-1998'><strong>1998<span class='av-milestone-indicator'><\/span><\/strong><\/h2><div class=\"av-milestone-icon-wrap\"><span class='av-milestone-icon milestone_icon avia-font-entypo-fontello'><span class='av-milestone-icon-inner milestone_inner'><i class='milestone-char' aria-hidden='true' data-av_icon='\ue867' data-av_iconfont='entypo-fontello'><\/i><\/span><\/span><\/div><article class='av-milestone-content-wrap'><div class='av-milestone-contentbox'><header class=\"entry-content-header\"><h4 class='av-milestone-title '>La succursale en Turquie a \u00e9t\u00e9 reprise par Air Trade Centre.<\/h4><\/header><div class='av-milestone-content'><p>Air Trade Centre a repris les activit\u00e9s en Turquie en f\u00e9vrier 1998 et a \u00e9tabli plusieurs bureaux de vente dans les pays d&#8217;Europe de l&#8217;Est.<\/p>\n<\/div><\/div><footer class='av-milestone-article-footer entry-footer'><\/footer><\/article><\/li>\n<li  class='av-milestone av-12iiism-5371b2af326e0466dfc067de2a7415d2 av-animated-generic fade-in av-milestone-valign-baseline av-milestone-even'><h2 class='av-milestone-date ' id='milestone-2007'><strong>2007<span class='av-milestone-indicator'><\/span><\/strong><\/h2><article class='av-milestone-content-wrap'><div class='av-milestone-contentbox'><header class=\"entry-content-header\"><h4 class='av-milestone-title '>Nous sommes devenus une marque de sensibilisation de premier plan dans le secteur du HVAC.<\/h4><\/header><div class='av-milestone-content'><p>Les bureaux europ\u00e9ens ont renforc\u00e9 leur r\u00f4le gr\u00e2ce \u00e0 une croissance organique sur le march\u00e9 du HVAC. Le nom et la marque &#8220;ATC&#8221; sont de plus en plus connus dans le secteur.<\/p>\n<\/div><\/div><footer class='av-milestone-article-footer entry-footer'><\/footer><\/article><div class=\"av-milestone-icon-wrap\"><span class='av-milestone-icon milestone_icon avia-font-entypo-fontello'><span class='av-milestone-icon-inner milestone_inner'><i class='milestone-char' aria-hidden='true' data-av_icon='\ue867' data-av_iconfont='entypo-fontello'><\/i><\/span><\/span><\/div><h2 class='av-milestone-date ' id='milestone-2007'><strong>2007<span class='av-milestone-indicator'><\/span><\/strong><\/h2><\/li>\n<li  class='av-milestone av-8xrae-0890b06021098f9ebd5b60ea459e61c0 av-animated-generic fade-in av-milestone-valign-baseline av-milestone-odd'><h2 class='av-milestone-date ' id='milestone-2008'><strong>2008<span class='av-milestone-indicator'><\/span><\/strong><\/h2><div class=\"av-milestone-icon-wrap\"><span class='av-milestone-icon milestone_icon avia-font-entypo-fontello'><span class='av-milestone-icon-inner milestone_inner'><i class='milestone-char' aria-hidden='true' data-av_icon='\ue867' data-av_iconfont='entypo-fontello'><\/i><\/span><\/span><\/div><article class='av-milestone-content-wrap'><div class='av-milestone-contentbox'><header class=\"entry-content-header\"><h4 class='av-milestone-title '>SiG plc acquiert Air Trade Centre.<\/h4><\/header><div class='av-milestone-content'><p>SiG, un fournisseur international d&#8217;isolants ayant des ambitions sur le march\u00e9 du HVAC, acquiert les parts d&#8217;Air Trade Centre International. Ils sont bien conscients qu&#8217;en plus de l&#8217;isolation, la ventilation est \u00e9galement importante.<\/p>\n<\/div><\/div><footer class='av-milestone-article-footer entry-footer'><\/footer><\/article><\/li>\n<li  class='av-milestone av-20reyau-3edef9593760a5528e5bfbf7c836611b av-animated-generic fade-in av-milestone-valign-baseline av-milestone-even'><h2 class='av-milestone-date ' id='milestone-2014'><strong>2014<span class='av-milestone-indicator'><\/span><\/strong><\/h2><article class='av-milestone-content-wrap'><div class='av-milestone-contentbox'><header class=\"entry-content-header\"><h4 class='av-milestone-title '>D\u00e9but de la production de CTA \u00e0 Izmir.<\/h4><\/header><div class='av-milestone-content'><p>Pour continuer \u00e0 d\u00e9velopper l&#8217;exportation de centrales de traitement d&#8217;air, ATC a ouvert sa premi\u00e8re usine \u00e0 Izmir.<\/p>\n<\/div><\/div><footer class='av-milestone-article-footer entry-footer'><\/footer><\/article><div class=\"av-milestone-icon-wrap\"><span class='av-milestone-icon milestone_icon avia-font-entypo-fontello'><span class='av-milestone-icon-inner milestone_inner'><i class='milestone-char' aria-hidden='true' data-av_icon='\ue867' data-av_iconfont='entypo-fontello'><\/i><\/span><\/span><\/div><h2 class='av-milestone-date ' id='milestone-2014'><strong>2014<span class='av-milestone-indicator'><\/span><\/strong><\/h2><\/li>\n<li  class='av-milestone av-1kus8o6-9f8757283595f40f385d04e7fdfc1ebc av-animated-generic fade-in av-milestone-valign-baseline av-milestone-odd'><h2 class='av-milestone-date ' id='milestone-2017'><strong>2017<span class='av-milestone-indicator'><\/span><\/strong><\/h2><div class=\"av-milestone-icon-wrap\"><span class='av-milestone-icon milestone_icon avia-font-entypo-fontello'><span class='av-milestone-icon-inner milestone_inner'><i class='milestone-char' aria-hidden='true' data-av_icon='\ue867' data-av_iconfont='entypo-fontello'><\/i><\/span><\/span><\/div><article class='av-milestone-content-wrap'><div class='av-milestone-contentbox'><header class=\"entry-content-header\"><h4 class='av-milestone-title '>Le voyage se poursuit avec la cr\u00e9ation de l\u2019Air Trade Centre Inc.<\/h4><\/header><div class='av-milestone-content'><p>ATC Air Trade Centre Turkey, en collaboration avec la soci\u00e9t\u00e9 n\u00e9erlandaise Air Trade Centre East BV, a repris les activit\u00e9s et la production de centrales de traitement d&#8217;air en Turquie. La production est s\u00e9par\u00e9e de la soci\u00e9t\u00e9 de vente en gros SIG Air Handling.<\/p>\n<\/div><\/div><footer class='av-milestone-article-footer entry-footer'><\/footer><\/article><\/li>\n<li  class='av-milestone av-4s6td2-af379cdd9c9c99298c157e888aa4987f av-animated-generic fade-in av-milestone-valign-baseline av-milestone-even'><h2 class='av-milestone-date ' id='milestone-2019'><strong>2019<span class='av-milestone-indicator'><\/span><\/strong><\/h2><article class='av-milestone-content-wrap'><div class='av-milestone-contentbox'><header class=\"entry-content-header\"><h4 class='av-milestone-title '>ATC Air Trade Centre ouvre une succursale en Azerba\u00efdjan.<\/h4><\/header><div class='av-milestone-content'><p>Avec l&#8217;\u00e9tablissement d&#8217;un bureau ATC en Azerba\u00efdjan et l&#8217;expansion de l&#8217;usine de CTA \u00e0 Izmir, ATC poursuit sa croissance.<\/p>\n<\/div><\/div><footer class='av-milestone-article-footer entry-footer'><\/footer><\/article><div class=\"av-milestone-icon-wrap\"><span class='av-milestone-icon milestone_icon avia-font-entypo-fontello'><span class='av-milestone-icon-inner milestone_inner'><i class='milestone-char' aria-hidden='true' data-av_icon='\ue867' data-av_iconfont='entypo-fontello'><\/i><\/span><\/span><\/div><h2 class='av-milestone-date ' id='milestone-2019'><strong>2019<span class='av-milestone-indicator'><\/span><\/strong><\/h2><\/li>\n<li  class='av-milestone av-p183ly-d36f0b4b6361fbb8dad414084015754b av-animated-generic fade-in av-milestone-valign-baseline av-milestone-odd'><h2 class='av-milestone-date ' id='milestone-2021'><strong>2021<span class='av-milestone-indicator'><\/span><\/strong><\/h2><div class=\"av-milestone-icon-wrap\"><span class='av-milestone-icon milestone_icon avia-font-entypo-fontello'><span class='av-milestone-icon-inner milestone_inner'><i class='milestone-char' aria-hidden='true' data-av_icon='\ue867' data-av_iconfont='entypo-fontello'><\/i><\/span><\/span><\/div><article class='av-milestone-content-wrap'><div class='av-milestone-contentbox'><header class=\"entry-content-header\"><h4 class='av-milestone-title '>ATC Air Trade Centre ouvre un bureau en Belgique.<\/h4><\/header><div class='av-milestone-content'><p>ATC Air Trade Centre ouvre un bureau en Belgique pour la distribution de CTA, ventilateurs et des syst\u00e8mes de d\u00e9senfumage issus de sa propre production.<\/p>\n<\/div><\/div><footer class='av-milestone-article-footer entry-footer'><\/footer><\/article><\/li>\n<li  class='av-milestone av-p183ly-1-3db091f74df1b2beaa831238c93fe551 av-animated-generic fade-in av-milestone-valign-baseline av-milestone-even'><h2 class='av-milestone-date ' id='milestone-2023'><strong>2023<span class='av-milestone-indicator'><\/span><\/strong><\/h2><article class='av-milestone-content-wrap'><div class='av-milestone-contentbox'><header class=\"entry-content-header\"><h4 class='av-milestone-title '>La participation majoritaire d\u2019ATC Air Trade Centre a \u00e9t\u00e9 acquise par le groupe Maico<\/h4><\/header><div class='av-milestone-content'><\/div><\/div><footer class='av-milestone-article-footer entry-footer'><\/footer><\/article><div class=\"av-milestone-icon-wrap\"><span class='av-milestone-icon milestone_icon avia-font-entypo-fontello'><span class='av-milestone-icon-inner milestone_inner'><i class='milestone-char' aria-hidden='true' data-av_icon='\ue867' data-av_iconfont='entypo-fontello'><\/i><\/span><\/span><\/div><h2 class='av-milestone-date ' id='milestone-2023'><strong>2023<span class='av-milestone-indicator'><\/span><\/strong><\/h2><\/li>\n<\/ul><\/div>\n","protected":false},"excerpt":{"rendered":"","protected":false},"author":1,"featured_media":0,"parent":11923,"menu_order":0,"comment_status":"closed","ping_status":"closed","template":"","meta":{"footnotes":""},"class_list":["post-11942","page","type-page","status-publish","hentry"],"aioseo_notices":[],"_links":{"self":[{"href":"https:\/\/www.airtradecentre.com\/fr\/wp-json\/wp\/v2\/pages\/11942","targetHints":{"allow":["GET"]}}],"collection":[{"href":"https:\/\/www.airtradecentre.com\/fr\/wp-json\/wp\/v2\/pages"}],"about":[{"href":"https:\/\/www.airtradecentre.com\/fr\/wp-json\/wp\/v2\/types\/page"}],"author":[{"embeddable":true,"href":"https:\/\/www.airtradecentre.com\/fr\/wp-json\/wp\/v2\/users\/1"}],"replies":[{"embeddable":true,"href":"https:\/\/www.airtradecentre.com\/fr\/wp-json\/wp\/v2\/comments?post=11942"}],"version-history":[{"count":8,"href":"https:\/\/www.airtradecentre.com\/fr\/wp-json\/wp\/v2\/pages\/11942\/revisions"}],"predecessor-version":[{"id":15398,"href":"https:\/\/www.airtradecentre.com\/fr\/wp-json\/wp\/v2\/pages\/11942\/revisions\/15398"}],"up":[{"embeddable":true,"href":"https:\/\/www.airtradecentre.com\/fr\/wp-json\/wp\/v2\/pages\/11923"}],"wp:attachment":[{"href":"https:\/\/www.airtradecentre.com\/fr\/wp-json\/wp\/v2\/media?parent=11942"}],"curies":[{"name":"wp","href":"https:\/\/api.w.org\/{rel}","templated":true}]}}