{"id":11952,"date":"2022-01-24T08:47:00","date_gmt":"2022-01-24T08:47:00","guid":{"rendered":"https:\/\/www.airtradecentre.com.tr\/?page_id=11952"},"modified":"2026-04-20T08:40:23","modified_gmt":"2026-04-20T06:40:23","slug":"film-d-introduction","status":"publish","type":"page","link":"https:\/\/www.airtradecentre.com\/fr\/corporate\/film-d-introduction\/","title":{"rendered":"Film D\u2019introduction"},"content":{"rendered":"<div id='full_slider_1'  class='avia-fullwidth-slider main_color avia-shadow   avia-builder-el-0  el_before_av_textblock  avia-builder-el-first   container_wrap fullsize'  >\n<style type=\"text\/css\" data-created_by=\"avia_inline_auto\" id=\"style-css-av-1c578cw-50361b3adc59e105038935f02073b9fa\">\n#top #wrap_all .avia-slideshow .av-slideshow-caption.av-1c578cw-50361b3adc59e105038935f02073b9fa__0 .avia-caption-title{\nfont-size:36px;\ncolor:#a4001e;\n}\n#top .avia-slideshow .av-slideshow-caption.av-1c578cw-50361b3adc59e105038935f02073b9fa__0 .avia-caption-content{\nfont-size:28px;\ncolor:#a4001e;\n}\n#top .avia-slideshow .av-slideshow-caption.av-1c578cw-50361b3adc59e105038935f02073b9fa__0 .avia-caption-content p{\nfont-size:28px;\n}\n\n@media only screen and (min-width: 480px) and (max-width: 767px){ \n#top #wrap_all .avia-slideshow .av-slideshow-caption.av-1c578cw-50361b3adc59e105038935f02073b9fa__0 .avia-caption-title{\nfont-size:22px;\n}\n#top .avia-slideshow .av-slideshow-caption.av-1c578cw-50361b3adc59e105038935f02073b9fa__0 .avia-caption-content{\ndisplay:none;\n}\n#top .avia-slideshow .av-slideshow-caption.av-1c578cw-50361b3adc59e105038935f02073b9fa__0 .avia-caption-content p{\ndisplay:none;\n}\n}\n\n@media only screen and (max-width: 479px){ \n#top #wrap_all .avia-slideshow .av-slideshow-caption.av-1c578cw-50361b3adc59e105038935f02073b9fa__0 .avia-caption-title{\nfont-size:18px;\n}\n#top .avia-slideshow .av-slideshow-caption.av-1c578cw-50361b3adc59e105038935f02073b9fa__0 .avia-caption-content{\ndisplay:none;\n}\n#top .avia-slideshow .av-slideshow-caption.av-1c578cw-50361b3adc59e105038935f02073b9fa__0 .avia-caption-content p{\ndisplay:none;\n}\n}\n<\/style>\n<div  class='avia-slideshow av-1c578cw-50361b3adc59e105038935f02073b9fa avia-slideshow-no scaling av_slideshow_full avia-fade-slider av-slideshow-ui av-control-default av-slideshow-manual av-loop-once av-loop-manual-endless av-default-height-applied   avia-slideshow-1' data-slideshow-options=\"{&quot;animation&quot;:&quot;fade&quot;,&quot;autoplay&quot;:false,&quot;loop_autoplay&quot;:&quot;once&quot;,&quot;interval&quot;:5,&quot;loop_manual&quot;:&quot;manual-endless&quot;,&quot;autoplay_stopper&quot;:false,&quot;noNavigation&quot;:false,&quot;bg_slider&quot;:false,&quot;keep_padding&quot;:false,&quot;hoverpause&quot;:false,&quot;show_slide_delay&quot;:0}\"  itemprop=\"image\" itemscope=\"itemscope\" itemtype=\"https:\/\/schema.org\/ImageObject\" ><ul class='avia-slideshow-inner ' style='padding-bottom: 26.041666666667%;'><li  class='avia-slideshow-slide av-1c578cw-50361b3adc59e105038935f02073b9fa__0  av-single-slide slide-1 slide-odd'><div data-rel='slideshow-1' class='avia-slide-wrap '   ><img decoding=\"async\" fetchpriority=\"high\" class=\"wp-image-15297 avia-img-lazy-loading-not-15297\"  src=\"https:\/\/www.airtradecentre.com\/wp-content\/uploads\/2024\/12\/atc-kurumsal.jpg\" width=\"1920\" height=\"500\" title='atc-kurumsal' alt=''  itemprop=\"thumbnailUrl\" srcset=\"https:\/\/www.airtradecentre.com\/wp-content\/uploads\/2024\/12\/atc-kurumsal.jpg 1920w, https:\/\/www.airtradecentre.com\/wp-content\/uploads\/2024\/12\/atc-kurumsal-80x21.jpg 80w, https:\/\/www.airtradecentre.com\/wp-content\/uploads\/2024\/12\/atc-kurumsal-1536x400.jpg 1536w\" sizes=\"(max-width: 1920px) 100vw, 1920px\" \/><div class='av-section-color-overlay' style='opacity: 0.1; background-color: #000000; background-image: url(https:\/\/www.airtradecentre.com\/wp-content\/themes\/novasta\/images\/background-images\/dots-mini-strong.png); background-repeat: repeat;'><\/div><\/div><\/li><\/ul><\/div><\/div><div id='after_full_slider_1'  class='main_color av_default_container_wrap container_wrap fullsize'  ><div class='container av-section-cont-open' ><div class='template-page content  av-content-full alpha units'><div class='post-entry post-entry-type-page post-entry-11952'><div class='entry-content-wrapper clearfix'>\n<section  class='av_textblock_section av-jjwzdo2m-91d262748cc22235dcde9a4e511d5480 '   itemscope=\"itemscope\" itemtype=\"https:\/\/schema.org\/CreativeWork\" ><div class='avia_textblock'  itemprop=\"text\" ><p><strong>Air Trade Centre est un partenaire de premier plan pour les gestionnaires de b\u00e2timents, les d\u00e9taillants, les entrepreneurs et les soci\u00e9t\u00e9s d&#8217;installation dans le secteur du HVAC. Votre climat int\u00e9rieur est notre pr\u00e9occupation.<\/strong><\/p>\n<\/div><\/section>\n<section  class='av_textblock_section av-83p31-97b71da4ab238ca9c9d2c0c8f30fe222 '   itemscope=\"itemscope\" itemtype=\"https:\/\/schema.org\/CreativeWork\" ><div class='avia_textblock'  itemprop=\"text\" ><p><span style=\"font-weight: 400;\">Outre la gamme de produits standard, Air Trade Centre propose des solutions sur mesure pour chaque projet, petit ou grand. Il est crucial de travailler avec un partenaire fiable lorsque la s\u00e9curit\u00e9 et la sant\u00e9 sont des questions importantes.<\/span><\/p>\n<\/div><\/section>\n<div  class='avia-video av-jlb9y0m9-dc5972b8506061437b505f5d8d52d691 avia-video-16-9 av-no-preview-image avia-video-load-always av-lazyload-immediate av-lazyload-video-embed'  itemprop=\"video\" itemtype=\"https:\/\/schema.org\/VideoObject\"  data-original_url='https:\/\/www.youtube.com\/watch?v=CNMd9hG7Xr4'><script type='text\/html' class='av-video-tmpl'><div class='avia-iframe-wrap'><iframe loading=\"lazy\" title=\"ATC Air Trade Centre Introductory Film\" width=\"1500\" height=\"844\" src=\"https:\/\/www.youtube.com\/embed\/CNMd9hG7Xr4?feature=oembed&autoplay=0&loop=0&controls=1&mute=0\" frameborder=\"0\" allow=\"accelerometer; autoplay; clipboard-write; encrypted-media; gyroscope; picture-in-picture; web-share\" referrerpolicy=\"strict-origin-when-cross-origin\" allowfullscreen><\/iframe><\/div><\/script><div class='av-click-to-play-overlay'><div class=\"avia_playpause_icon\"><\/div><\/div><\/div>\n<section  class='av_textblock_section av-8ckxe-5f17f522ca54edbd754cd49c4703fb8b '   itemscope=\"itemscope\" itemtype=\"https:\/\/schema.org\/CreativeWork\" ><div class='avia_textblock'  itemprop=\"text\" ><\/div><\/section>\n","protected":false},"excerpt":{"rendered":"","protected":false},"author":1,"featured_media":0,"parent":11923,"menu_order":0,"comment_status":"closed","ping_status":"closed","template":"","meta":{"footnotes":""},"class_list":["post-11952","page","type-page","status-publish","hentry"],"aioseo_notices":[],"_links":{"self":[{"href":"https:\/\/www.airtradecentre.com\/fr\/wp-json\/wp\/v2\/pages\/11952","targetHints":{"allow":["GET"]}}],"collection":[{"href":"https:\/\/www.airtradecentre.com\/fr\/wp-json\/wp\/v2\/pages"}],"about":[{"href":"https:\/\/www.airtradecentre.com\/fr\/wp-json\/wp\/v2\/types\/page"}],"author":[{"embeddable":true,"href":"https:\/\/www.airtradecentre.com\/fr\/wp-json\/wp\/v2\/users\/1"}],"replies":[{"embeddable":true,"href":"https:\/\/www.airtradecentre.com\/fr\/wp-json\/wp\/v2\/comments?post=11952"}],"version-history":[{"count":6,"href":"https:\/\/www.airtradecentre.com\/fr\/wp-json\/wp\/v2\/pages\/11952\/revisions"}],"predecessor-version":[{"id":16237,"href":"https:\/\/www.airtradecentre.com\/fr\/wp-json\/wp\/v2\/pages\/11952\/revisions\/16237"}],"up":[{"embeddable":true,"href":"https:\/\/www.airtradecentre.com\/fr\/wp-json\/wp\/v2\/pages\/11923"}],"wp:attachment":[{"href":"https:\/\/www.airtradecentre.com\/fr\/wp-json\/wp\/v2\/media?parent=11952"}],"curies":[{"name":"wp","href":"https:\/\/api.w.org\/{rel}","templated":true}]}}