{"id":11962,"date":"2022-01-24T08:58:07","date_gmt":"2022-01-24T08:58:07","guid":{"rendered":"https:\/\/www.airtradecentre.com.tr\/?page_id=11962"},"modified":"2024-12-19T14:43:09","modified_gmt":"2024-12-19T13:43:09","slug":"carriere","status":"publish","type":"page","link":"https:\/\/www.airtradecentre.com\/fr\/carriere\/","title":{"rendered":"Carri\u00eare"},"content":{"rendered":"<div id='full_slider_1'  class='avia-fullwidth-slider main_color avia-shadow   avia-builder-el-0  el_before_av_heading  avia-builder-el-first   container_wrap fullsize'  >\n<style type=\"text\/css\" data-created_by=\"avia_inline_auto\" id=\"style-css-av-19yhq6y-323e7b4b603745924986bdfe0c88b629\">\n#top #wrap_all .avia-slideshow .av-slideshow-caption.av-19yhq6y-323e7b4b603745924986bdfe0c88b629__0 .avia-caption-title{\nfont-size:36px;\ncolor:#a4001e;\n}\n#top .avia-slideshow .av-slideshow-caption.av-19yhq6y-323e7b4b603745924986bdfe0c88b629__0 .avia-caption-content{\nfont-size:28px;\ncolor:#a4001e;\n}\n#top .avia-slideshow .av-slideshow-caption.av-19yhq6y-323e7b4b603745924986bdfe0c88b629__0 .avia-caption-content p{\nfont-size:28px;\n}\n\n@media only screen and (min-width: 480px) and (max-width: 767px){ \n#top #wrap_all .avia-slideshow .av-slideshow-caption.av-19yhq6y-323e7b4b603745924986bdfe0c88b629__0 .avia-caption-title{\nfont-size:22px;\n}\n#top .avia-slideshow .av-slideshow-caption.av-19yhq6y-323e7b4b603745924986bdfe0c88b629__0 .avia-caption-content{\ndisplay:none;\n}\n#top .avia-slideshow .av-slideshow-caption.av-19yhq6y-323e7b4b603745924986bdfe0c88b629__0 .avia-caption-content p{\ndisplay:none;\n}\n}\n\n@media only screen and (max-width: 479px){ \n#top #wrap_all .avia-slideshow .av-slideshow-caption.av-19yhq6y-323e7b4b603745924986bdfe0c88b629__0 .avia-caption-title{\nfont-size:18px;\n}\n#top .avia-slideshow .av-slideshow-caption.av-19yhq6y-323e7b4b603745924986bdfe0c88b629__0 .avia-caption-content{\ndisplay:none;\n}\n#top .avia-slideshow .av-slideshow-caption.av-19yhq6y-323e7b4b603745924986bdfe0c88b629__0 .avia-caption-content p{\ndisplay:none;\n}\n}\n<\/style>\n<div  class='avia-slideshow av-19yhq6y-323e7b4b603745924986bdfe0c88b629 avia-slideshow-no scaling av_slideshow_full avia-fade-slider av-slideshow-ui av-control-default av-slideshow-manual av-loop-once av-loop-manual-endless av-default-height-applied   avia-slideshow-1' data-slideshow-options=\"{&quot;animation&quot;:&quot;fade&quot;,&quot;autoplay&quot;:false,&quot;loop_autoplay&quot;:&quot;once&quot;,&quot;interval&quot;:5,&quot;loop_manual&quot;:&quot;manual-endless&quot;,&quot;autoplay_stopper&quot;:false,&quot;noNavigation&quot;:false,&quot;bg_slider&quot;:false,&quot;keep_padding&quot;:false,&quot;hoverpause&quot;:false,&quot;show_slide_delay&quot;:0}\"  itemprop=\"image\" itemscope=\"itemscope\" itemtype=\"https:\/\/schema.org\/ImageObject\" ><ul class='avia-slideshow-inner ' style='padding-bottom: 26.041666666667%;'><li  class='avia-slideshow-slide av-19yhq6y-323e7b4b603745924986bdfe0c88b629__0  av-single-slide slide-1 slide-odd'><div data-rel='slideshow-1' class='avia-slide-wrap '   ><img decoding=\"async\" fetchpriority=\"high\" class=\"wp-image-15297 avia-img-lazy-loading-not-15297\"  src=\"https:\/\/www.airtradecentre.com\/wp-content\/uploads\/2024\/12\/atc-kurumsal.jpg\" width=\"1920\" height=\"500\" title='atc-kurumsal' alt=''  itemprop=\"thumbnailUrl\" srcset=\"https:\/\/www.airtradecentre.com\/wp-content\/uploads\/2024\/12\/atc-kurumsal.jpg 1920w, https:\/\/www.airtradecentre.com\/wp-content\/uploads\/2024\/12\/atc-kurumsal-80x21.jpg 80w, https:\/\/www.airtradecentre.com\/wp-content\/uploads\/2024\/12\/atc-kurumsal-1536x400.jpg 1536w\" sizes=\"(max-width: 1920px) 100vw, 1920px\" \/><div class='av-section-color-overlay' style='opacity: 0.1; background-color: #000000; background-image: url(https:\/\/www.airtradecentre.com\/wp-content\/themes\/novasta\/images\/background-images\/dots-mini-strong.png); background-repeat: repeat;'><\/div><\/div><\/li><\/ul><\/div><\/div><div id='after_full_slider_1'  class='main_color av_default_container_wrap container_wrap fullsize'  ><div class='container av-section-cont-open' ><div class='template-page content  av-content-full alpha units'><div class='post-entry post-entry-type-page post-entry-11962'><div class='entry-content-wrapper clearfix'>\n\n<style type=\"text\/css\" data-created_by=\"avia_inline_auto\" id=\"style-css-av-l402xm-120b68d66578834af45f0e6bd5c910d3\">\n#top .av-special-heading.av-l402xm-120b68d66578834af45f0e6bd5c910d3{\npadding-bottom:10px;\n}\nbody .av-special-heading.av-l402xm-120b68d66578834af45f0e6bd5c910d3 .av-special-heading-tag .heading-char{\nfont-size:25px;\n}\n.av-special-heading.av-l402xm-120b68d66578834af45f0e6bd5c910d3 .av-subheading{\nfont-size:15px;\n}\n<\/style>\n<div  class='av-special-heading av-l402xm-120b68d66578834af45f0e6bd5c910d3 av-special-heading-h2 blockquote modern-quote  avia-builder-el-1  el_after_av_slideshow_full  el_before_av_one_half  avia-builder-el-first '><h2 class='av-special-heading-tag'  itemprop=\"headline\"  ><b>Carri\u00e8re<\/b><\/h2><div class=\"special-heading-border\"><div class=\"special-heading-inner-border\"><\/div><\/div><\/div>\n\n<style type=\"text\/css\" data-created_by=\"avia_inline_auto\" id=\"style-css-av-39h13-d68f99f8c1d3c4aa41f8744cc08edcf6\">\n.flex_column.av-39h13-d68f99f8c1d3c4aa41f8744cc08edcf6{\nborder-radius:0px 0px 0px 0px;\npadding:0px 0px 0px 0px;\n}\n<\/style>\n<div  class='flex_column av-39h13-d68f99f8c1d3c4aa41f8744cc08edcf6 av_one_half  avia-builder-el-2  el_after_av_heading  el_before_av_one_half  first flex_column_div av-zero-column-padding  '     ><section  class='av_textblock_section av-k91a7gn6-2b4dbb46d3c324bdf167f24bd0631c19 '   itemscope=\"itemscope\" itemtype=\"https:\/\/schema.org\/CreativeWork\" ><div class='avia_textblock'  itemprop=\"text\" ><p><strong>Pourquoi travailler a ATC Air Trade Centre ?<\/strong><\/p>\n<p>Nous ne pourrions pas devenir la marque, reconnue et pr\u00e9f\u00e9r\u00e9e par la communaut\u00e9 mondiale de la construction sans l&#8217;aide et le soutien de notre \u00e9quipe. Nous travaillons avec des personnes passionn\u00e9es, proactives et ouvertes d&#8217;esprit, qui ont \u00e0 c\u0153ur de satisfaire nos clients dans le monde entier. Vous \u00eates \u00e0 la recherche de nouvelles opportunit\u00e9s ?<\/p>\n<p><strong>Cela pourrait \u00eatre vous !<\/strong><\/p>\n<\/div><\/section><\/div>\n\n<style type=\"text\/css\" data-created_by=\"avia_inline_auto\" id=\"style-css-av-39h13-7-2b685aa323c084197143e52ac72b0d15\">\n.flex_column.av-39h13-7-2b685aa323c084197143e52ac72b0d15{\nborder-radius:0px 0px 0px 0px;\npadding:0px 0px 0px 0px;\n}\n<\/style>\n<div  class='flex_column av-39h13-7-2b685aa323c084197143e52ac72b0d15 av_one_half  avia-builder-el-4  el_after_av_one_half  el_before_av_hr  flex_column_div av-zero-column-padding  '     ><section  class='av_textblock_section av-k91a7gn6-6-a748f2de6ac05965d93f747e080ec4af '   itemscope=\"itemscope\" itemtype=\"https:\/\/schema.org\/CreativeWork\" ><div class='avia_textblock'  itemprop=\"text\" ><p><strong>AIRevolution des valeurs de ATC Air Trade Centre:<\/strong><\/p>\n<ul>\n<li style=\"font-weight: 400;\" aria-level=\"1\">Loyaut\u00e9<\/li>\n<li style=\"font-weight: 400;\" aria-level=\"1\">Fiabilit\u00e9<\/li>\n<li style=\"font-weight: 400;\" aria-level=\"1\">Orientation client et qualit\u00e9<\/li>\n<li style=\"font-weight: 400;\" aria-level=\"1\">Principes de conduite des affaires respectueux de l&#8217;environnement<\/li>\n<li style=\"font-weight: 400;\" aria-level=\"1\">Investissements continus dans les personnes<\/li>\n<li style=\"font-weight: 400;\" aria-level=\"1\">Savoir-faire et innovations<\/li>\n<\/ul>\n<\/div><\/section><\/div>\n\n<style type=\"text\/css\" data-created_by=\"avia_inline_auto\" id=\"style-css-av-k91airzy-e7cc7c49f9e2cad3111a9161061a5bc2\">\n#top .hr.hr-invisible.av-k91airzy-e7cc7c49f9e2cad3111a9161061a5bc2{\nheight:50px;\n}\n<\/style>\n<div  class='hr av-k91airzy-e7cc7c49f9e2cad3111a9161061a5bc2 hr-invisible  avia-builder-el-6  el_after_av_one_half  el_before_av_one_full '><span class='hr-inner '><span class=\"hr-inner-style\"><\/span><\/span><\/div>\n<div class='flex_column_table av-39h13-5-8a077910865e3d995e3828e55cde4bcb sc-av_one_full av-equal-height-column-flextable'>\n<style type=\"text\/css\" data-created_by=\"avia_inline_auto\" id=\"style-css-av-39h13-5-8a077910865e3d995e3828e55cde4bcb\">\n.flex_column.av-39h13-5-8a077910865e3d995e3828e55cde4bcb{\nborder-width:5px;\nborder-color:#a4001e;\nborder-style:solid;\nborder-radius:0px 0px 0px 0px;\npadding:1% 1% 1% 1%;\n}\n<\/style>\n<div  class='flex_column av-39h13-5-8a077910865e3d995e3828e55cde4bcb av_one_full  avia-builder-el-7  el_after_av_hr  el_before_av_hr  first flex_column_table_cell av-equal-height-column av-align-middle  '     ><style type=\"text\/css\" data-created_by=\"avia_inline_auto\" id=\"style-css-av-k5qcz7j7-2ecf935c8c2086ccd8d58efbe727918c\">\n.avia_message_box.av-k5qcz7j7-2ecf935c8c2086ccd8d58efbe727918c{\nbackground-color:#a4001e;\ncolor:#ffffff;\n}\n<\/style>\n<div id='avia-messagebox-' class='avia_message_box av_notification av-k5qcz7j7-2ecf935c8c2086ccd8d58efbe727918c avia-color-custom avia-size-large avia-icon_select-no avia-border-  avia-builder-el-8  avia-builder-el-no-sibling ' ><div class=\"avia_message_box_content\"><p>NOTRE APPROCHE DE LA GESTION DES RESSOURCES HUMAINES S&#8217;INSCRIT DANS LE CADRE DE LA VISION ET DE LA STRAT\u00c9GIE PRINCIPALE D&#8217;AIR TRADE CENTRE, QUI EST VOTRE EXCELLENT PARTENAIRE POUR LES PRODUITS CLIMATIQUES ET LES SOLUTIONS HVAC.<\/p>\n<\/div><\/div><\/div><\/div><!--close column table wrapper. Autoclose: 1 -->\n\n<style type=\"text\/css\" data-created_by=\"avia_inline_auto\" id=\"style-css-av-k91airzy-3-daac8720b8877091d98cc1d15087f129\">\n#top .hr.hr-invisible.av-k91airzy-3-daac8720b8877091d98cc1d15087f129{\nheight:50px;\n}\n<\/style>\n<div  class='hr av-k91airzy-3-daac8720b8877091d98cc1d15087f129 hr-invisible  avia-builder-el-9  el_after_av_one_full  el_before_av_one_half '><span class='hr-inner '><span class=\"hr-inner-style\"><\/span><\/span><\/div>\n<div class='flex_column_table av-k91agnzr-af969634c1c73e16c5b457f5493973c3 sc-av_one_half av-equal-height-column-flextable'>\n<style type=\"text\/css\" data-created_by=\"avia_inline_auto\" id=\"style-css-av-k91agnzr-af969634c1c73e16c5b457f5493973c3\">\n.flex_column.av-k91agnzr-af969634c1c73e16c5b457f5493973c3{\nborder-radius:0px 0px 0px 0px;\npadding:0px 0px 0px 0px;\n}\n<\/style>\n<div  class='flex_column av-k91agnzr-af969634c1c73e16c5b457f5493973c3 av_one_half  avia-builder-el-10  el_after_av_hr  el_before_av_one_half  first flex_column_table_cell av-equal-height-column av-align-middle av-zero-column-padding  '     ><section  class='av_textblock_section av-k91a7gn6-4-5db7878950649112a6691c13f9333cea '   itemscope=\"itemscope\" itemtype=\"https:\/\/schema.org\/CreativeWork\" ><div class='avia_textblock'  itemprop=\"text\" ><p><strong>La politique des ressources humaines ATC Air Trade Centre:<\/strong><\/p>\n<ul>\n<li>Attirer et retenir le personnel qualifi\u00e9 Employ\u00e9s<\/li>\n<li>D\u00e9veloppement et planification de carri\u00e8re<\/li>\n<li>Am\u00e9liorer la capacit\u00e9 organisationnelle Augmenter<\/li>\n<li>Motivation et engagement des employ\u00e9s<\/li>\n<\/ul>\n<\/div><\/section><\/div>\n<div class='av-flex-placeholder'><\/div>\n<style type=\"text\/css\" data-created_by=\"avia_inline_auto\" id=\"style-css-av-39wf0h-68706523131117be1cea541a98c9b664\">\n.flex_column.av-39wf0h-68706523131117be1cea541a98c9b664{\nborder-radius:0px 0px 0px 0px;\npadding:5% 5% 5% 5%;\nbackground-color:#e0e0e0;\n}\n<\/style>\n<div  class='flex_column av-39wf0h-68706523131117be1cea541a98c9b664 av_one_half  avia-builder-el-12  el_after_av_one_half  avia-builder-el-last  flex_column_table_cell av-equal-height-column av-align-middle  '     ><style type=\"text\/css\" data-created_by=\"avia_inline_auto\" id=\"style-css-av-kbrx5tcs-7ff181f3838ac1a5e9524d9b375ab6ae\">\n#top .togglecontainer.av-kbrx5tcs-7ff181f3838ac1a5e9524d9b375ab6ae p.toggler{\ncolor:#b02b2c;\nborder-color:#b02b2c;\n}\n#top .togglecontainer.av-kbrx5tcs-7ff181f3838ac1a5e9524d9b375ab6ae p.toggler.activeTitle{\ncolor:#b02b2c;\nborder-color:#b02b2c;\n}\n#top .togglecontainer.av-kbrx5tcs-7ff181f3838ac1a5e9524d9b375ab6ae p.toggler:not(.activeTitle):hover{\ncolor:#b02b2c;\n}\n#top .togglecontainer.av-kbrx5tcs-7ff181f3838ac1a5e9524d9b375ab6ae p.toggler:not(.activeTitle):hover .toggle_icon, #top .togglecontainer.av-kbrx5tcs-7ff181f3838ac1a5e9524d9b375ab6ae p.toggler:not(.activeTitle):hover .toggle_icon *{\nborder-color:#b02b2c !important;\n}\n#top .togglecontainer.av-kbrx5tcs-7ff181f3838ac1a5e9524d9b375ab6ae p.toggler .toggle_icon{\ncolor:#b02b2c;\nborder-color:#b02b2c;\n}\n#top .togglecontainer.av-kbrx5tcs-7ff181f3838ac1a5e9524d9b375ab6ae .toggle_wrap .toggle_content{\ncolor:#b02b2c;\nborder-color:#b02b2c;\n}\n<\/style>\n<div  class='togglecontainer av-kbrx5tcs-7ff181f3838ac1a5e9524d9b375ab6ae av-elegant-toggle  avia-builder-el-13  avia-builder-el-no-sibling  toggle_close_all hasCurrentStyle' >\n<section class='av_toggle_section av-itu9ga-55a9e2ace433ca25d7dd3043fd523922'  itemscope=\"itemscope\" itemtype=\"https:\/\/schema.org\/CreativeWork\" ><div role=\"tablist\" class=\"single_toggle\" data-tags=\"{Tout} \"  ><p data-fake-id='#toggle-id-1' class='toggler   av-inherit-font-color hasCustomColor av-inherit-border-color'  itemprop=\"headline\"  role='tab' tabindex='0' aria-controls='toggle-id-1'>SOLLICITATION<span class=\"toggle_icon\"><span class=\"vert_icon\"><\/span><span class=\"hor_icon\"><\/span><\/span><\/p><div id='toggle-id-1' class='toggle_wrap  '  ><div class='toggle_content invers-color av-inherit-font-color hasCustomColor av-inherit-border-color'  itemprop=\"text\" >\n<div class=\"wpcf7 no-js\" id=\"wpcf7-f11967-o1\" lang=\"tr-TR\" dir=\"ltr\">\n<div class=\"screen-reader-response\"><p role=\"status\" aria-live=\"polite\" aria-atomic=\"true\"><\/p> <ul><\/ul><\/div>\n<form action=\"\/fr\/wp-json\/wp\/v2\/pages\/11962#wpcf7-f11967-o1\" method=\"post\" class=\"wpcf7-form init\" aria-label=\"\u0130leti\u015fim Formu\" novalidate=\"novalidate\" data-status=\"init\">\n<div style=\"display: none;\">\n<input type=\"hidden\" name=\"_wpcf7\" value=\"11967\" \/>\n<input type=\"hidden\" name=\"_wpcf7_version\" value=\"5.9.7\" \/>\n<input type=\"hidden\" name=\"_wpcf7_locale\" value=\"tr_TR\" \/>\n<input type=\"hidden\" name=\"_wpcf7_unit_tag\" value=\"wpcf7-f11967-o1\" \/>\n<input type=\"hidden\" name=\"_wpcf7_container_post\" value=\"0\" \/>\n<input type=\"hidden\" name=\"_wpcf7_posted_data_hash\" value=\"\" \/>\n<input type=\"hidden\" name=\"_wpcf7_recaptcha_response\" value=\"\" \/>\n<\/div>\n<p><small>ATC Air Trade Centre Havaland\u0131rma Sistemleri Sanayi ve Ticaret Anonim \u015eirketi<\/small><br \/>\n<label> Nom et pr\u00e9nom <strong>(*)<\/strong><br \/>\n<span class=\"wpcf7-form-control-wrap\" data-name=\"your-name\"><input size=\"40\" maxlength=\"400\" class=\"wpcf7-form-control wpcf7-text wpcf7-validates-as-required\" aria-required=\"true\" aria-invalid=\"false\" value=\"\" type=\"text\" name=\"your-name\" \/><\/span> <\/label>\n<\/p>\n<p><label> Adresse e-mail <strong>(*)<\/strong><br \/>\n<span class=\"wpcf7-form-control-wrap\" data-name=\"your-email\"><input size=\"40\" maxlength=\"400\" class=\"wpcf7-form-control wpcf7-email wpcf7-validates-as-required wpcf7-text wpcf7-validates-as-email\" aria-required=\"true\" aria-invalid=\"false\" value=\"\" type=\"email\" name=\"your-email\" \/><\/span> <\/label>\n<\/p>\n<p><label> Num\u00e9ro de t\u00e9l\u00e9phone <strong>(*)<\/strong><br \/>\n<span class=\"wpcf7-form-control-wrap\" data-name=\"telefon\"><input size=\"40\" maxlength=\"400\" class=\"wpcf7-form-control wpcf7-tel wpcf7-validates-as-required wpcf7-text wpcf7-validates-as-tel\" aria-required=\"true\" aria-invalid=\"false\" value=\"\" type=\"tel\" name=\"telefon\" \/><\/span> <\/label>\n<\/p>\n<p><span class=\"wpcf7-form-control-wrap\" data-name=\"acceptance-830\"><span class=\"wpcf7-form-control wpcf7-acceptance\"><span class=\"wpcf7-list-item\"><label><input type=\"checkbox\" name=\"acceptance-830\" value=\"1\" aria-invalid=\"false\" \/><span class=\"wpcf7-list-item-label\">Vous partagez vos donn\u00e9es personnelles en remplissant ce formulaire et en nous l'envoyant. Vous acceptez de partager vos donn\u00e9es personnelles en cliquant sur ce bouton radio. Vous pouvez nous joindre via ce lien : <a href='https:\/\/airtradecentre.com\/en\/corporate\/disclosure-to-client-on-processing-of-personal-data-of-the-client\/'> Politique de confidentialit\u00e9 <\/a><\/span><\/label><\/span><\/span><\/span>\n<\/p>\n<p><input class=\"wpcf7-form-control wpcf7-submit has-spinner\" type=\"submit\" value=\"Envoyer\" \/>\n<\/p><div class=\"wpcf7-response-output\" aria-hidden=\"true\"><\/div>\n<\/form>\n<\/div>\n\n<\/div><\/div><\/div><\/section>\n<\/div><\/div><\/div><!--close column table wrapper. Autoclose: 1 -->\n","protected":false},"excerpt":{"rendered":"","protected":false},"author":1,"featured_media":0,"parent":0,"menu_order":0,"comment_status":"closed","ping_status":"closed","template":"","meta":{"footnotes":""},"class_list":["post-11962","page","type-page","status-publish","hentry"],"aioseo_notices":[],"_links":{"self":[{"href":"https:\/\/www.airtradecentre.com\/fr\/wp-json\/wp\/v2\/pages\/11962","targetHints":{"allow":["GET"]}}],"collection":[{"href":"https:\/\/www.airtradecentre.com\/fr\/wp-json\/wp\/v2\/pages"}],"about":[{"href":"https:\/\/www.airtradecentre.com\/fr\/wp-json\/wp\/v2\/types\/page"}],"author":[{"embeddable":true,"href":"https:\/\/www.airtradecentre.com\/fr\/wp-json\/wp\/v2\/users\/1"}],"replies":[{"embeddable":true,"href":"https:\/\/www.airtradecentre.com\/fr\/wp-json\/wp\/v2\/comments?post=11962"}],"version-history":[{"count":7,"href":"https:\/\/www.airtradecentre.com\/fr\/wp-json\/wp\/v2\/pages\/11962\/revisions"}],"predecessor-version":[{"id":15400,"href":"https:\/\/www.airtradecentre.com\/fr\/wp-json\/wp\/v2\/pages\/11962\/revisions\/15400"}],"wp:attachment":[{"href":"https:\/\/www.airtradecentre.com\/fr\/wp-json\/wp\/v2\/media?parent=11962"}],"curies":[{"name":"wp","href":"https:\/\/api.w.org\/{rel}","templated":true}]}}