{"id":12094,"date":"2022-01-27T08:14:12","date_gmt":"2022-01-27T08:14:12","guid":{"rendered":"https:\/\/www.airtradecentre.com.tr\/?page_id=12094"},"modified":"2025-04-15T11:17:22","modified_gmt":"2025-04-15T09:17:22","slug":"produits","status":"publish","type":"page","link":"https:\/\/www.airtradecentre.com\/fr\/produits\/","title":{"rendered":"Produits"},"content":{"rendered":"<div id='full_slider_1'  class='avia-fullwidth-slider main_color avia-shadow   avia-builder-el-0  el_before_av_one_third  avia-builder-el-first   container_wrap fullsize'  >\n<style type=\"text\/css\" data-created_by=\"avia_inline_auto\" id=\"style-css-av-12won3y-706d88bcee2a3e5cbad31dbd07a37a18\">\n#top #wrap_all .avia-slideshow .av-slideshow-caption.av-12won3y-706d88bcee2a3e5cbad31dbd07a37a18__0 .avia-caption-title{\nfont-size:36px;\ncolor:#a4001e;\n}\n#top .avia-slideshow .av-slideshow-caption.av-12won3y-706d88bcee2a3e5cbad31dbd07a37a18__0 .avia-caption-content{\nfont-size:28px;\ncolor:#a4001e;\n}\n#top .avia-slideshow .av-slideshow-caption.av-12won3y-706d88bcee2a3e5cbad31dbd07a37a18__0 .avia-caption-content p{\nfont-size:28px;\n}\n\n@media only screen and (min-width: 480px) and (max-width: 767px){ \n#top #wrap_all .avia-slideshow .av-slideshow-caption.av-12won3y-706d88bcee2a3e5cbad31dbd07a37a18__0 .avia-caption-title{\nfont-size:22px;\n}\n#top .avia-slideshow .av-slideshow-caption.av-12won3y-706d88bcee2a3e5cbad31dbd07a37a18__0 .avia-caption-content{\ndisplay:none;\n}\n#top .avia-slideshow .av-slideshow-caption.av-12won3y-706d88bcee2a3e5cbad31dbd07a37a18__0 .avia-caption-content p{\ndisplay:none;\n}\n}\n\n@media only screen and (max-width: 479px){ \n#top #wrap_all .avia-slideshow .av-slideshow-caption.av-12won3y-706d88bcee2a3e5cbad31dbd07a37a18__0 .avia-caption-title{\nfont-size:18px;\n}\n#top .avia-slideshow .av-slideshow-caption.av-12won3y-706d88bcee2a3e5cbad31dbd07a37a18__0 .avia-caption-content{\ndisplay:none;\n}\n#top .avia-slideshow .av-slideshow-caption.av-12won3y-706d88bcee2a3e5cbad31dbd07a37a18__0 .avia-caption-content p{\ndisplay:none;\n}\n}\n<\/style>\n<div  class='avia-slideshow av-12won3y-706d88bcee2a3e5cbad31dbd07a37a18 avia-slideshow-no scaling av_slideshow_full avia-fade-slider av-slideshow-ui av-control-default av-slideshow-manual av-loop-once av-loop-manual-endless av-default-height-applied   avia-slideshow-1' data-slideshow-options=\"{&quot;animation&quot;:&quot;fade&quot;,&quot;autoplay&quot;:false,&quot;loop_autoplay&quot;:&quot;once&quot;,&quot;interval&quot;:5,&quot;loop_manual&quot;:&quot;manual-endless&quot;,&quot;autoplay_stopper&quot;:false,&quot;noNavigation&quot;:false,&quot;bg_slider&quot;:false,&quot;keep_padding&quot;:false,&quot;hoverpause&quot;:false,&quot;show_slide_delay&quot;:0}\"  itemprop=\"image\" itemscope=\"itemscope\" itemtype=\"https:\/\/schema.org\/ImageObject\" ><ul class='avia-slideshow-inner ' style='padding-bottom: 26.041666666667%;'><li  class='avia-slideshow-slide av-12won3y-706d88bcee2a3e5cbad31dbd07a37a18__0  av-single-slide slide-1 slide-odd'><div data-rel='slideshow-1' class='avia-slide-wrap '   ><img decoding=\"async\" fetchpriority=\"high\" class=\"wp-image-15345 avia-img-lazy-loading-not-15345\"  src=\"https:\/\/www.airtradecentre.com\/wp-content\/uploads\/2024\/12\/air-handling-units-atc-rev.jpg\" width=\"1920\" height=\"500\" title='air-handling-units-atc-rev' alt=''  itemprop=\"thumbnailUrl\" srcset=\"https:\/\/www.airtradecentre.com\/wp-content\/uploads\/2024\/12\/air-handling-units-atc-rev.jpg 1920w, https:\/\/www.airtradecentre.com\/wp-content\/uploads\/2024\/12\/air-handling-units-atc-rev-80x21.jpg 80w, https:\/\/www.airtradecentre.com\/wp-content\/uploads\/2024\/12\/air-handling-units-atc-rev-1536x400.jpg 1536w\" sizes=\"(max-width: 1920px) 100vw, 1920px\" \/><div class='av-section-color-overlay' style='opacity: 0.1; background-color: #000000; background-image: url(https:\/\/www.airtradecentre.com\/wp-content\/themes\/novasta\/images\/background-images\/dots-mini-strong.png); background-repeat: repeat;'><\/div><\/div><\/li><\/ul><\/div><\/div><div id='after_full_slider_1'  class='main_color av_default_container_wrap container_wrap fullsize'  ><div class='container av-section-cont-open' ><div class='template-page content  av-content-full alpha units'><div class='post-entry post-entry-type-page post-entry-12094'><div class='entry-content-wrapper clearfix'>\n\n<style type=\"text\/css\" data-created_by=\"avia_inline_auto\" id=\"style-css-av-jjfluclb-ddd31f58803526a379a8d1ca5a825791\">\n#top .flex_column.av-jjfluclb-ddd31f58803526a379a8d1ca5a825791{\nmargin-top:-8%;\nmargin-bottom:0px;\n}\n.flex_column.av-jjfluclb-ddd31f58803526a379a8d1ca5a825791{\nborder-width:5px;\nborder-color:#d6d6d6;\nborder-style:solid;\nborder-radius:0px 0px 0px 0px;\npadding:0px 0px 0px 0px;\nbackground-color:#ffffff;\n}\n.responsive #top #wrap_all .flex_column.av-jjfluclb-ddd31f58803526a379a8d1ca5a825791{\nmargin-top:-8%;\nmargin-bottom:0px;\n}\n<\/style>\n<div  class='flex_column av-jjfluclb-ddd31f58803526a379a8d1ca5a825791 av_one_third  avia-builder-el-1  el_after_av_slideshow_full  el_before_av_one_third  avia-builder-el-first  first flex_column_div av-zero-column-padding avia-link-column av-column-link avia-link-column-hover  '    data-link-column-url=\"https:\/\/www.airtradecentre.com\/fr\/centrales-de-traitement-dair\/\"   ><a class=\"av-screen-reader-only\" href=https:\/\/www.airtradecentre.com\/fr\/centrales-de-traitement-dair\/ >Lier vers : Centrales de traitement d&#8217;air<\/a><style type=\"text\/css\" data-created_by=\"avia_inline_auto\" id=\"style-css-av-31j2x-f21d43206609f3438e2ac2a8fc08b65a\">\n.avia-image-container.av-31j2x-f21d43206609f3438e2ac2a8fc08b65a img.avia_image{\nbox-shadow:none;\n}\n.avia-image-container.av-31j2x-f21d43206609f3438e2ac2a8fc08b65a .av-caption-image-overlay-bg{\nopacity:0.1;\n}\n.avia-image-container.av-31j2x-f21d43206609f3438e2ac2a8fc08b65a .av-image-caption-overlay-center{\ncolor:#ffffff;\nfont-size:18px;\n}\n<\/style>\n<div  class='avia-image-container av-31j2x-f21d43206609f3438e2ac2a8fc08b65a av-styling-no-styling avia-align-center  avia-builder-el-2  avia-builder-el-no-sibling  noHover av-overlay-hover-deactivate'   itemprop=\"image\" itemscope=\"itemscope\" itemtype=\"https:\/\/schema.org\/ImageObject\" ><div class=\"avia-image-container-inner\"><div class=\"avia-image-overlay-wrap\"><div class=\"av-image-caption-overlay\"><div class=\"av-caption-image-overlay-bg\"><\/div><div class=\"av-image-caption-overlay-position\"><div class=\"av-image-caption-overlay-center\"><p>Centrales de traitement d&#8217;air<\/p>\n<\/div><\/div><\/div><img decoding=\"async\" fetchpriority=\"high\" class='wp-image-15520 avia-img-lazy-loading-not-15520 avia_image ' src=\"https:\/\/www.airtradecentre.com\/wp-content\/uploads\/2025\/01\/air-handling-units-bthumb-new.jpg\" alt='' title='air-handling-units-bthumb-new'  height=\"400\" width=\"400\"  itemprop=\"thumbnailUrl\" srcset=\"https:\/\/www.airtradecentre.com\/wp-content\/uploads\/2025\/01\/air-handling-units-bthumb-new.jpg 400w, https:\/\/www.airtradecentre.com\/wp-content\/uploads\/2025\/01\/air-handling-units-bthumb-new-80x80.jpg 80w\" sizes=\"(max-width: 400px) 100vw, 400px\" \/><\/div><\/div><\/div><\/div>\n\n<style type=\"text\/css\" data-created_by=\"avia_inline_auto\" id=\"style-css-av-jjfluclb-9-300abb46139ae1eb3a2f6a908f6a7745\">\n#top .flex_column.av-jjfluclb-9-300abb46139ae1eb3a2f6a908f6a7745{\nmargin-top:-8%;\nmargin-bottom:0px;\n}\n.flex_column.av-jjfluclb-9-300abb46139ae1eb3a2f6a908f6a7745{\nborder-width:5px;\nborder-color:#d6d6d6;\nborder-style:solid;\nborder-radius:0px 0px 0px 0px;\npadding:0px 0px 0px 0px;\nbackground-color:#ffffff;\n}\n.responsive #top #wrap_all .flex_column.av-jjfluclb-9-300abb46139ae1eb3a2f6a908f6a7745{\nmargin-top:-8%;\nmargin-bottom:0px;\n}\n<\/style>\n<div  class='flex_column av-jjfluclb-9-300abb46139ae1eb3a2f6a908f6a7745 av_one_third  avia-builder-el-3  el_after_av_one_third  el_before_av_one_third  flex_column_div av-zero-column-padding avia-link-column av-column-link avia-link-column-hover  '    data-link-column-url=\"https:\/\/airtradecentre.com\/fr\/centrales-de-traitement-dair\/#2\"   ><a class=\"av-screen-reader-only\" href=https:\/\/airtradecentre.com\/fr\/centrales-de-traitement-dair\/#2 >Suivre un lien ajout\u00e9 manuellement<\/a><style type=\"text\/css\" data-created_by=\"avia_inline_auto\" id=\"style-css-av-2se81-38453f518cd3f00c8bc87dd635e90e25\">\n.avia-image-container.av-2se81-38453f518cd3f00c8bc87dd635e90e25 img.avia_image{\nbox-shadow:none;\n}\n.avia-image-container.av-2se81-38453f518cd3f00c8bc87dd635e90e25 .av-caption-image-overlay-bg{\nopacity:0.4;\n}\n.avia-image-container.av-2se81-38453f518cd3f00c8bc87dd635e90e25 .av-image-caption-overlay-center{\ncolor:#ffffff;\nfont-size:18px;\n}\n<\/style>\n<div  class='avia-image-container av-2se81-38453f518cd3f00c8bc87dd635e90e25 av-styling-no-styling avia-align-center  avia-builder-el-4  avia-builder-el-no-sibling  noHover av-overlay-hover-deactivate'   itemprop=\"image\" itemscope=\"itemscope\" itemtype=\"https:\/\/schema.org\/ImageObject\" ><div class=\"avia-image-container-inner\"><div class=\"avia-image-overlay-wrap\"><div class=\"av-image-caption-overlay\"><div class=\"av-caption-image-overlay-bg\"><\/div><div class=\"av-image-caption-overlay-position\"><div class=\"av-image-caption-overlay-center\"><p>Centrale de traitement d&#8217;air pour la d\u00e9shumidification<\/p>\n<\/div><\/div><\/div><img decoding=\"async\" fetchpriority=\"high\" class='wp-image-15467 avia-img-lazy-loading-not-15467 avia_image ' src=\"https:\/\/www.airtradecentre.com\/wp-content\/uploads\/2024\/12\/dehumidifier-1.jpg\" alt='' title='dehumidifier-1'  height=\"400\" width=\"400\"  itemprop=\"thumbnailUrl\" srcset=\"https:\/\/www.airtradecentre.com\/wp-content\/uploads\/2024\/12\/dehumidifier-1.jpg 400w, https:\/\/www.airtradecentre.com\/wp-content\/uploads\/2024\/12\/dehumidifier-1-80x80.jpg 80w\" sizes=\"(max-width: 400px) 100vw, 400px\" \/><\/div><\/div><\/div><\/div>\n\n<style type=\"text\/css\" data-created_by=\"avia_inline_auto\" id=\"style-css-av-37xcta-3cf2ead765c3716818a07d50857a39be\">\n#top .flex_column.av-37xcta-3cf2ead765c3716818a07d50857a39be{\nmargin-top:-8%;\nmargin-bottom:0px;\n}\n.flex_column.av-37xcta-3cf2ead765c3716818a07d50857a39be{\nborder-width:5px;\nborder-color:#d6d6d6;\nborder-style:solid;\nborder-radius:0px 0px 0px 0px;\npadding:0px 0px 0px 0px;\nbackground-color:#ffffff;\n}\n.responsive #top #wrap_all .flex_column.av-37xcta-3cf2ead765c3716818a07d50857a39be{\nmargin-top:-8%;\nmargin-bottom:0px;\n}\n<\/style>\n<div  class='flex_column av-37xcta-3cf2ead765c3716818a07d50857a39be av_one_third  avia-builder-el-5  el_after_av_one_third  el_before_av_hr  flex_column_div av-zero-column-padding avia-link-column av-column-link avia-link-column-hover  '    data-link-column-url=\"https:\/\/airtradecentre.com\/fr\/centrales-de-traitement-dair\/#5\"   ><a class=\"av-screen-reader-only\" href=https:\/\/airtradecentre.com\/fr\/centrales-de-traitement-dair\/#5 >Suivre un lien ajout\u00e9 manuellement<\/a><style type=\"text\/css\" data-created_by=\"avia_inline_auto\" id=\"style-css-av-1ew79-cd0698dd9d069fb4e31bc046acec2392\">\n.avia-image-container.av-1ew79-cd0698dd9d069fb4e31bc046acec2392 img.avia_image{\nbox-shadow:none;\n}\n.avia-image-container.av-1ew79-cd0698dd9d069fb4e31bc046acec2392 .av-caption-image-overlay-bg{\nopacity:0.1;\n}\n.avia-image-container.av-1ew79-cd0698dd9d069fb4e31bc046acec2392 .av-image-caption-overlay-center{\ncolor:#ffffff;\nfont-size:18px;\n}\n<\/style>\n<div  class='avia-image-container av-1ew79-cd0698dd9d069fb4e31bc046acec2392 av-styling-no-styling avia-align-center  avia-builder-el-6  avia-builder-el-no-sibling  noHover av-overlay-hover-deactivate'   itemprop=\"image\" itemscope=\"itemscope\" itemtype=\"https:\/\/schema.org\/ImageObject\" ><div class=\"avia-image-container-inner\"><div class=\"avia-image-overlay-wrap\"><div class=\"av-image-caption-overlay\"><div class=\"av-caption-image-overlay-bg\"><\/div><div class=\"av-image-caption-overlay-position\"><div class=\"av-image-caption-overlay-center\"><p>Unit\u00e9s de r\u00e9cup\u00e9ration de chaleur<\/p>\n<\/div><\/div><\/div><img decoding=\"async\" fetchpriority=\"high\" class='wp-image-15629 avia-img-lazy-loading-not-15629 avia_image ' src=\"https:\/\/www.airtradecentre.com\/wp-content\/uploads\/2025\/01\/heat-recovery-units-atc-2.jpg\" alt='' title='heat-recovery-units-atc-2'  height=\"400\" width=\"400\"  itemprop=\"thumbnailUrl\" srcset=\"https:\/\/www.airtradecentre.com\/wp-content\/uploads\/2025\/01\/heat-recovery-units-atc-2.jpg 400w, https:\/\/www.airtradecentre.com\/wp-content\/uploads\/2025\/01\/heat-recovery-units-atc-2-80x80.jpg 80w\" sizes=\"(max-width: 400px) 100vw, 400px\" \/><\/div><\/div><\/div><\/div>\n<div  class='hr av-2xsi2s-31e855232bff2b4910756c4f2d459b27 hr-default  avia-builder-el-7  el_after_av_one_third  el_before_av_one_third '><span class='hr-inner '><span class=\"hr-inner-style\"><\/span><\/span><\/div>\n\n<style type=\"text\/css\" data-created_by=\"avia_inline_auto\" id=\"style-css-av-jjfluclb-7-1f7ce931df25b701eb4abe35f7d14c09\">\n.flex_column.av-jjfluclb-7-1f7ce931df25b701eb4abe35f7d14c09{\nborder-width:5px;\nborder-color:#d6d6d6;\nborder-style:solid;\nborder-radius:0px 0px 0px 0px;\npadding:0px 0px 0px 0px;\n}\n<\/style>\n<div  class='flex_column av-jjfluclb-7-1f7ce931df25b701eb4abe35f7d14c09 av_one_third  avia-builder-el-8  el_after_av_hr  el_before_av_one_third  first flex_column_div av-zero-column-padding avia-link-column av-column-link avia-link-column-hover  '    data-link-column-url=\"https:\/\/www.airtradecentre.com\/fr\/systemes-de-ventilation-et-desenfumage-des-parkings\/\"   ><a class=\"av-screen-reader-only\" href=https:\/\/www.airtradecentre.com\/fr\/systemes-de-ventilation-et-desenfumage-des-parkings\/ >Lier vers : Syst\u00eames De Ventilation Et D\u00easenfumage Des Parkings<\/a><style type=\"text\/css\" data-created_by=\"avia_inline_auto\" id=\"style-css-av-qrol-6-f27de308e97aa1f31a1bb5a375b7e83f\">\n.avia-image-container.av-qrol-6-f27de308e97aa1f31a1bb5a375b7e83f img.avia_image{\nbox-shadow:none;\n}\n.avia-image-container.av-qrol-6-f27de308e97aa1f31a1bb5a375b7e83f .av-caption-image-overlay-bg{\nopacity:0.1;\n}\n.avia-image-container.av-qrol-6-f27de308e97aa1f31a1bb5a375b7e83f .av-image-caption-overlay-center{\ncolor:#ffffff;\nfont-size:18px;\n}\n<\/style>\n<div  class='avia-image-container av-qrol-6-f27de308e97aa1f31a1bb5a375b7e83f av-styling-no-styling avia-align-center  avia-builder-el-9  avia-builder-el-no-sibling  noHover av-overlay-hover-deactivate'   itemprop=\"image\" itemscope=\"itemscope\" itemtype=\"https:\/\/schema.org\/ImageObject\" ><div class=\"avia-image-container-inner\"><div class=\"avia-image-overlay-wrap\"><div class=\"av-image-caption-overlay\"><div class=\"av-caption-image-overlay-bg\"><\/div><div class=\"av-image-caption-overlay-position\"><div class=\"av-image-caption-overlay-center\"><p>Syst\u00e8mes de ventilation et de d\u00e9senfumage<br \/>\ndes parkings<\/p>\n<\/div><\/div><\/div><img decoding=\"async\" fetchpriority=\"high\" class='wp-image-15479 avia-img-lazy-loading-not-15479 avia_image ' src=\"https:\/\/www.airtradecentre.com\/wp-content\/uploads\/2024\/12\/atc-air-trade-centre-jet-fan-1.jpg\" alt='' title='atc-air-trade-centre-jet-fan-1'  height=\"400\" width=\"400\"  itemprop=\"thumbnailUrl\" srcset=\"https:\/\/www.airtradecentre.com\/wp-content\/uploads\/2024\/12\/atc-air-trade-centre-jet-fan-1.jpg 400w, https:\/\/www.airtradecentre.com\/wp-content\/uploads\/2024\/12\/atc-air-trade-centre-jet-fan-1-80x80.jpg 80w\" sizes=\"(max-width: 400px) 100vw, 400px\" \/><\/div><\/div><\/div><\/div>\n<style type=\"text\/css\" data-created_by=\"avia_inline_auto\" id=\"style-css-av-jjfluclb-4-f0f82c106029d7a84524ee9fbb3a57f3\">\n.flex_column.av-jjfluclb-4-f0f82c106029d7a84524ee9fbb3a57f3{\nborder-width:5px;\nborder-color:#d6d6d6;\nborder-style:solid;\nborder-radius:0px 0px 0px 0px;\npadding:0px 0px 0px 0px;\nbackground-color:#ffffff;\n}\n<\/style>\n<div  class='flex_column av-jjfluclb-4-f0f82c106029d7a84524ee9fbb3a57f3 av_one_third  avia-builder-el-10  el_after_av_one_third  el_before_av_hr  flex_column_div av-zero-column-padding avia-link-column av-column-link avia-link-column-hover  '    data-link-column-url=\"https:\/\/www.airtradecentre.com\/fr\/un-debit-dair-stable-a-linterieur-et-a-lexterieur\/\"   ><a class=\"av-screen-reader-only\" href=https:\/\/www.airtradecentre.com\/fr\/un-debit-dair-stable-a-linterieur-et-a-lexterieur\/ >Lier vers : Un D\u00eabit D&#8217;Air Stable \u00c0 L&#8217;int\u00earieur Et \u00c0 L&#8217;ext\u00earieur<\/a><style type=\"text\/css\" data-created_by=\"avia_inline_auto\" id=\"style-css-av-1w6ch-8d25c536031407dfd71aeef5eaaa8557\">\n.avia-image-container.av-1w6ch-8d25c536031407dfd71aeef5eaaa8557 img.avia_image{\nbox-shadow:none;\n}\n.avia-image-container.av-1w6ch-8d25c536031407dfd71aeef5eaaa8557 .av-caption-image-overlay-bg{\nopacity:0.4;\n}\n.avia-image-container.av-1w6ch-8d25c536031407dfd71aeef5eaaa8557 .av-image-caption-overlay-center{\ncolor:#ffffff;\nfont-size:18px;\n}\n<\/style>\n<div  class='avia-image-container av-1w6ch-8d25c536031407dfd71aeef5eaaa8557 av-styling-no-styling avia-align-center  avia-builder-el-11  avia-builder-el-no-sibling  noHover av-overlay-hover-deactivate'   itemprop=\"image\" itemscope=\"itemscope\" itemtype=\"https:\/\/schema.org\/ImageObject\" ><div class=\"avia-image-container-inner\"><div class=\"avia-image-overlay-wrap\"><div class=\"av-image-caption-overlay\"><div class=\"av-caption-image-overlay-bg\"><\/div><div class=\"av-image-caption-overlay-position\"><div class=\"av-image-caption-overlay-center\"><p>Ventilateurs<\/p>\n<\/div><\/div><\/div><img decoding=\"async\" fetchpriority=\"high\" class='wp-image-12234 avia-img-lazy-loading-not-12234 avia_image ' src=\"https:\/\/www.airtradecentre.com\/wp-content\/uploads\/2018\/09\/kabin-fanlari-atc.jpg\" alt='' title='Kabin Fanlar\u0131 ATC'  height=\"400\" width=\"400\"  itemprop=\"thumbnailUrl\" srcset=\"https:\/\/www.airtradecentre.com\/wp-content\/uploads\/2018\/09\/kabin-fanlari-atc.jpg 400w, https:\/\/www.airtradecentre.com\/wp-content\/uploads\/2018\/09\/kabin-fanlari-atc-80x80.jpg 80w\" sizes=\"(max-width: 400px) 100vw, 400px\" \/><\/div><\/div><\/div><\/div><div  class='hr av-2xsi2s-5-b28255e41f9daec202e656a75d2de83f hr-default  avia-builder-el-12  el_after_av_one_third  avia-builder-el-last '><span class='hr-inner '><span class=\"hr-inner-style\"><\/span><\/span><\/div><\/p>\n","protected":false},"excerpt":{"rendered":"","protected":false},"author":1,"featured_media":0,"parent":0,"menu_order":0,"comment_status":"closed","ping_status":"closed","template":"","meta":{"footnotes":""},"class_list":["post-12094","page","type-page","status-publish","hentry"],"aioseo_notices":[],"_links":{"self":[{"href":"https:\/\/www.airtradecentre.com\/fr\/wp-json\/wp\/v2\/pages\/12094","targetHints":{"allow":["GET"]}}],"collection":[{"href":"https:\/\/www.airtradecentre.com\/fr\/wp-json\/wp\/v2\/pages"}],"about":[{"href":"https:\/\/www.airtradecentre.com\/fr\/wp-json\/wp\/v2\/types\/page"}],"author":[{"embeddable":true,"href":"https:\/\/www.airtradecentre.com\/fr\/wp-json\/wp\/v2\/users\/1"}],"replies":[{"embeddable":true,"href":"https:\/\/www.airtradecentre.com\/fr\/wp-json\/wp\/v2\/comments?post=12094"}],"version-history":[{"count":19,"href":"https:\/\/www.airtradecentre.com\/fr\/wp-json\/wp\/v2\/pages\/12094\/revisions"}],"predecessor-version":[{"id":15818,"href":"https:\/\/www.airtradecentre.com\/fr\/wp-json\/wp\/v2\/pages\/12094\/revisions\/15818"}],"wp:attachment":[{"href":"https:\/\/www.airtradecentre.com\/fr\/wp-json\/wp\/v2\/media?parent=12094"}],"curies":[{"name":"wp","href":"https:\/\/api.w.org\/{rel}","templated":true}]}}