{"id":9476,"date":"2021-03-03T12:29:11","date_gmt":"2021-03-03T12:29:11","guid":{"rendered":"https:\/\/airtradecentre.com.tr\/?page_id=9476"},"modified":"2025-04-15T11:23:04","modified_gmt":"2025-04-15T09:23:04","slug":"producten","status":"publish","type":"page","link":"https:\/\/www.airtradecentre.com\/nl\/producten\/","title":{"rendered":"Producten"},"content":{"rendered":"<div id='full_slider_1'  class='avia-fullwidth-slider main_color avia-shadow   avia-builder-el-0  el_before_av_one_third  avia-builder-el-first   container_wrap fullsize'  >\n<style type=\"text\/css\" data-created_by=\"avia_inline_auto\" id=\"style-css-av-4mt05g-61a91b110a85ab2eefbe0acb479520b4\">\n#top #wrap_all .avia-slideshow .av-slideshow-caption.av-4mt05g-61a91b110a85ab2eefbe0acb479520b4__0 .avia-caption-title{\nfont-size:36px;\ncolor:#a4001e;\n}\n#top .avia-slideshow .av-slideshow-caption.av-4mt05g-61a91b110a85ab2eefbe0acb479520b4__0 .avia-caption-content{\nfont-size:28px;\ncolor:#a4001e;\n}\n#top .avia-slideshow .av-slideshow-caption.av-4mt05g-61a91b110a85ab2eefbe0acb479520b4__0 .avia-caption-content p{\nfont-size:28px;\n}\n\n@media only screen and (min-width: 480px) and (max-width: 767px){ \n#top #wrap_all .avia-slideshow .av-slideshow-caption.av-4mt05g-61a91b110a85ab2eefbe0acb479520b4__0 .avia-caption-title{\nfont-size:22px;\n}\n#top .avia-slideshow .av-slideshow-caption.av-4mt05g-61a91b110a85ab2eefbe0acb479520b4__0 .avia-caption-content{\ndisplay:none;\n}\n#top .avia-slideshow .av-slideshow-caption.av-4mt05g-61a91b110a85ab2eefbe0acb479520b4__0 .avia-caption-content p{\ndisplay:none;\n}\n}\n\n@media only screen and (max-width: 479px){ \n#top #wrap_all .avia-slideshow .av-slideshow-caption.av-4mt05g-61a91b110a85ab2eefbe0acb479520b4__0 .avia-caption-title{\nfont-size:18px;\n}\n#top .avia-slideshow .av-slideshow-caption.av-4mt05g-61a91b110a85ab2eefbe0acb479520b4__0 .avia-caption-content{\ndisplay:none;\n}\n#top .avia-slideshow .av-slideshow-caption.av-4mt05g-61a91b110a85ab2eefbe0acb479520b4__0 .avia-caption-content p{\ndisplay:none;\n}\n}\n<\/style>\n<div  class='avia-slideshow av-4mt05g-61a91b110a85ab2eefbe0acb479520b4 avia-slideshow-no scaling av_slideshow_full avia-fade-slider av-slideshow-ui av-control-default av-slideshow-manual av-loop-once av-loop-manual-endless av-default-height-applied   avia-slideshow-1' data-slideshow-options=\"{&quot;animation&quot;:&quot;fade&quot;,&quot;autoplay&quot;:false,&quot;loop_autoplay&quot;:&quot;once&quot;,&quot;interval&quot;:5,&quot;loop_manual&quot;:&quot;manual-endless&quot;,&quot;autoplay_stopper&quot;:false,&quot;noNavigation&quot;:false,&quot;bg_slider&quot;:false,&quot;keep_padding&quot;:false,&quot;hoverpause&quot;:false,&quot;show_slide_delay&quot;:0}\"  itemprop=\"image\" itemscope=\"itemscope\" itemtype=\"https:\/\/schema.org\/ImageObject\" ><ul class='avia-slideshow-inner ' style='padding-bottom: 26.041666666667%;'><li  class='avia-slideshow-slide av-4mt05g-61a91b110a85ab2eefbe0acb479520b4__0  av-single-slide slide-1 slide-odd'><div data-rel='slideshow-1' class='avia-slide-wrap '   ><img decoding=\"async\" fetchpriority=\"high\" class=\"wp-image-15343 avia-img-lazy-loading-not-15343\"  src=\"https:\/\/www.airtradecentre.com\/wp-content\/uploads\/2024\/12\/air-handling-units-atc-rev.jpg\" width=\"1920\" height=\"500\" title='air-handling-units-atc-rev' alt=''  itemprop=\"thumbnailUrl\" srcset=\"https:\/\/www.airtradecentre.com\/wp-content\/uploads\/2024\/12\/air-handling-units-atc-rev.jpg 1920w, https:\/\/www.airtradecentre.com\/wp-content\/uploads\/2024\/12\/air-handling-units-atc-rev-80x21.jpg 80w, https:\/\/www.airtradecentre.com\/wp-content\/uploads\/2024\/12\/air-handling-units-atc-rev-1536x400.jpg 1536w\" sizes=\"(max-width: 1920px) 100vw, 1920px\" \/><div class='av-section-color-overlay' style='opacity: 0.1; background-color: #000000; background-image: url(https:\/\/www.airtradecentre.com\/wp-content\/themes\/novasta\/images\/background-images\/dots-mini-strong.png); background-repeat: repeat;'><\/div><\/div><\/li><\/ul><\/div><\/div><div id='after_full_slider_1'  class='main_color av_default_container_wrap container_wrap fullsize'  ><div class='container av-section-cont-open' ><div class='template-page content  av-content-full alpha units'><div class='post-entry post-entry-type-page post-entry-9476'><div class='entry-content-wrapper clearfix'>\n\n<style type=\"text\/css\" data-created_by=\"avia_inline_auto\" id=\"style-css-av-jjfluclb-793b6332456214ab819e662a2f129741\">\n#top .flex_column.av-jjfluclb-793b6332456214ab819e662a2f129741{\nmargin-top:-8%;\nmargin-bottom:0px;\n}\n.flex_column.av-jjfluclb-793b6332456214ab819e662a2f129741{\nborder-width:5px;\nborder-color:#d6d6d6;\nborder-style:solid;\nborder-radius:0px 0px 0px 0px;\npadding:0px 0px 0px 0px;\nbackground-color:#ffffff;\n}\n.responsive #top #wrap_all .flex_column.av-jjfluclb-793b6332456214ab819e662a2f129741{\nmargin-top:-8%;\nmargin-bottom:0px;\n}\n<\/style>\n<div  class='flex_column av-jjfluclb-793b6332456214ab819e662a2f129741 av_one_third  avia-builder-el-1  el_after_av_slideshow_full  el_before_av_one_third  avia-builder-el-first  first flex_column_div av-zero-column-padding avia-link-column av-column-link avia-link-column-hover  '    data-link-column-url=\"https:\/\/www.airtradecentre.com\/nl\/luchtbehandelingsunit\/\"   ><a class=\"av-screen-reader-only\" href=https:\/\/www.airtradecentre.com\/nl\/luchtbehandelingsunit\/ >LInk naar:Luchtbehandelingsunit<\/a><style type=\"text\/css\" data-created_by=\"avia_inline_auto\" id=\"style-css-av-31j2x-8b4f6d25f778e275c29e647f9976de69\">\n.avia-image-container.av-31j2x-8b4f6d25f778e275c29e647f9976de69 img.avia_image{\nbox-shadow:none;\n}\n.avia-image-container.av-31j2x-8b4f6d25f778e275c29e647f9976de69 .av-caption-image-overlay-bg{\nopacity:0.1;\n}\n.avia-image-container.av-31j2x-8b4f6d25f778e275c29e647f9976de69 .av-image-caption-overlay-center{\ncolor:#ffffff;\nfont-size:18px;\n}\n<\/style>\n<div  class='avia-image-container av-31j2x-8b4f6d25f778e275c29e647f9976de69 av-styling-no-styling avia-align-center  avia-builder-el-2  avia-builder-el-no-sibling  noHover av-overlay-hover-deactivate'   itemprop=\"image\" itemscope=\"itemscope\" itemtype=\"https:\/\/schema.org\/ImageObject\" ><div class=\"avia-image-container-inner\"><div class=\"avia-image-overlay-wrap\"><div class=\"av-image-caption-overlay\"><div class=\"av-caption-image-overlay-bg\"><\/div><div class=\"av-image-caption-overlay-position\"><div class=\"av-image-caption-overlay-center\"><p>Luchtbehandelingsunits<\/p>\n<\/div><\/div><\/div><img decoding=\"async\" fetchpriority=\"high\" class='wp-image-15519 avia-img-lazy-loading-not-15519 avia_image ' src=\"https:\/\/www.airtradecentre.com\/wp-content\/uploads\/2025\/01\/air-handling-units-bthumb-new.jpg\" alt='' title='air-handling-units-bthumb-new'  height=\"400\" width=\"400\"  itemprop=\"thumbnailUrl\" srcset=\"https:\/\/www.airtradecentre.com\/wp-content\/uploads\/2025\/01\/air-handling-units-bthumb-new.jpg 400w, https:\/\/www.airtradecentre.com\/wp-content\/uploads\/2025\/01\/air-handling-units-bthumb-new-80x80.jpg 80w\" sizes=\"(max-width: 400px) 100vw, 400px\" \/><\/div><\/div><\/div><\/div>\n\n<style type=\"text\/css\" data-created_by=\"avia_inline_auto\" id=\"style-css-av-jjfluclb-8-0284ec31ad19ce413bafae9f34ced7c2\">\n#top .flex_column.av-jjfluclb-8-0284ec31ad19ce413bafae9f34ced7c2{\nmargin-top:-8%;\nmargin-bottom:0px;\n}\n.flex_column.av-jjfluclb-8-0284ec31ad19ce413bafae9f34ced7c2{\nborder-width:5px;\nborder-color:#d6d6d6;\nborder-style:solid;\nborder-radius:0px 0px 0px 0px;\npadding:0px 0px 0px 0px;\nbackground-color:#ffffff;\n}\n.responsive #top #wrap_all .flex_column.av-jjfluclb-8-0284ec31ad19ce413bafae9f34ced7c2{\nmargin-top:-8%;\nmargin-bottom:0px;\n}\n<\/style>\n<div  class='flex_column av-jjfluclb-8-0284ec31ad19ce413bafae9f34ced7c2 av_one_third  avia-builder-el-3  el_after_av_one_third  el_before_av_one_third  flex_column_div av-zero-column-padding avia-link-column av-column-link avia-link-column-hover  '    data-link-column-url=\"https:\/\/airtradecentre.com\/nl\/luchtbehandelingsunit\/#2\"   ><a class=\"av-screen-reader-only\" href=https:\/\/airtradecentre.com\/nl\/luchtbehandelingsunit\/#2 >Volg een handmatig toegevoegde link<\/a><style type=\"text\/css\" data-created_by=\"avia_inline_auto\" id=\"style-css-av-2se81-b9cd1bfff38ce9bccec081c9b0245645\">\n.avia-image-container.av-2se81-b9cd1bfff38ce9bccec081c9b0245645 img.avia_image{\nbox-shadow:none;\n}\n.avia-image-container.av-2se81-b9cd1bfff38ce9bccec081c9b0245645 .av-caption-image-overlay-bg{\nopacity:0.4;\n}\n.avia-image-container.av-2se81-b9cd1bfff38ce9bccec081c9b0245645 .av-image-caption-overlay-center{\ncolor:#ffffff;\nfont-size:18px;\n}\n<\/style>\n<div  class='avia-image-container av-2se81-b9cd1bfff38ce9bccec081c9b0245645 av-styling-no-styling avia-align-center  avia-builder-el-4  avia-builder-el-no-sibling  noHover av-overlay-hover-deactivate'   itemprop=\"image\" itemscope=\"itemscope\" itemtype=\"https:\/\/schema.org\/ImageObject\" ><div class=\"avia-image-container-inner\"><div class=\"avia-image-overlay-wrap\"><div class=\"av-image-caption-overlay\"><div class=\"av-caption-image-overlay-bg\"><\/div><div class=\"av-image-caption-overlay-position\"><div class=\"av-image-caption-overlay-center\"><p>Luchtbehandelingsunits<br \/>\nvoor ontvochtiging<\/p>\n<\/div><\/div><\/div><img decoding=\"async\" fetchpriority=\"high\" class='wp-image-15466 avia-img-lazy-loading-not-15466 avia_image ' src=\"https:\/\/www.airtradecentre.com\/wp-content\/uploads\/2024\/12\/dehumidifier-1.jpg\" alt='' title='dehumidifier-1'  height=\"400\" width=\"400\"  itemprop=\"thumbnailUrl\" srcset=\"https:\/\/www.airtradecentre.com\/wp-content\/uploads\/2024\/12\/dehumidifier-1.jpg 400w, https:\/\/www.airtradecentre.com\/wp-content\/uploads\/2024\/12\/dehumidifier-1-80x80.jpg 80w\" sizes=\"(max-width: 400px) 100vw, 400px\" \/><\/div><\/div><\/div><\/div>\n\n<style type=\"text\/css\" data-created_by=\"avia_inline_auto\" id=\"style-css-av-jjfluclb-7-08050b65e037a83edf639e7813002c3e\">\n#top .flex_column.av-jjfluclb-7-08050b65e037a83edf639e7813002c3e{\nmargin-top:-8%;\nmargin-bottom:0px;\n}\n.flex_column.av-jjfluclb-7-08050b65e037a83edf639e7813002c3e{\nborder-width:5px;\nborder-color:#d6d6d6;\nborder-style:solid;\nborder-radius:0px 0px 0px 0px;\npadding:0px 0px 0px 0px;\nbackground-color:#ffffff;\n}\n.responsive #top #wrap_all .flex_column.av-jjfluclb-7-08050b65e037a83edf639e7813002c3e{\nmargin-top:-8%;\nmargin-bottom:0px;\n}\n<\/style>\n<div  class='flex_column av-jjfluclb-7-08050b65e037a83edf639e7813002c3e av_one_third  avia-builder-el-5  el_after_av_one_third  el_before_av_hr  flex_column_div av-zero-column-padding avia-link-column av-column-link avia-link-column-hover  '    data-link-column-url=\"https:\/\/airtradecentre.com\/nl\/luchtbehandelingsunit\/#5\"   ><a class=\"av-screen-reader-only\" href=https:\/\/airtradecentre.com\/nl\/luchtbehandelingsunit\/#5 >Volg een handmatig toegevoegde link<\/a><style type=\"text\/css\" data-created_by=\"avia_inline_auto\" id=\"style-css-av-1ew79-ac770521e72d77672a263aa77d83b7fc\">\n.avia-image-container.av-1ew79-ac770521e72d77672a263aa77d83b7fc img.avia_image{\nbox-shadow:none;\n}\n.avia-image-container.av-1ew79-ac770521e72d77672a263aa77d83b7fc .av-caption-image-overlay-bg{\nopacity:0.1;\n}\n.avia-image-container.av-1ew79-ac770521e72d77672a263aa77d83b7fc .av-image-caption-overlay-center{\ncolor:#ffffff;\nfont-size:18px;\n}\n<\/style>\n<div  class='avia-image-container av-1ew79-ac770521e72d77672a263aa77d83b7fc av-styling-no-styling avia-align-center  avia-builder-el-6  avia-builder-el-no-sibling  noHover av-overlay-hover-deactivate'   itemprop=\"image\" itemscope=\"itemscope\" itemtype=\"https:\/\/schema.org\/ImageObject\" ><div class=\"avia-image-container-inner\"><div class=\"avia-image-overlay-wrap\"><div class=\"av-image-caption-overlay\"><div class=\"av-caption-image-overlay-bg\"><\/div><div class=\"av-image-caption-overlay-position\"><div class=\"av-image-caption-overlay-center\"><p>Compacte Luchtbehandelingsunits<\/p>\n<\/div><\/div><\/div><img decoding=\"async\" fetchpriority=\"high\" class='wp-image-15630 avia-img-lazy-loading-not-15630 avia_image ' src=\"https:\/\/www.airtradecentre.com\/wp-content\/uploads\/2025\/01\/heat-recovery-units-atc-2.jpg\" alt='' title='heat-recovery-units-atc-2'  height=\"400\" width=\"400\"  itemprop=\"thumbnailUrl\" srcset=\"https:\/\/www.airtradecentre.com\/wp-content\/uploads\/2025\/01\/heat-recovery-units-atc-2.jpg 400w, https:\/\/www.airtradecentre.com\/wp-content\/uploads\/2025\/01\/heat-recovery-units-atc-2-80x80.jpg 80w\" sizes=\"(max-width: 400px) 100vw, 400px\" \/><\/div><\/div><\/div><\/div>\n<div  class='hr av-2xsi2s-31e855232bff2b4910756c4f2d459b27 hr-default  avia-builder-el-7  el_after_av_one_third  el_before_av_one_third '><span class='hr-inner '><span class=\"hr-inner-style\"><\/span><\/span><\/div>\n\n<style type=\"text\/css\" data-created_by=\"avia_inline_auto\" id=\"style-css-av-jjfluclb-6-7514b9dacdfdd51a63de76ace8406ea1\">\n.flex_column.av-jjfluclb-6-7514b9dacdfdd51a63de76ace8406ea1{\nborder-width:5px;\nborder-color:#d6d6d6;\nborder-style:solid;\nborder-radius:0px 0px 0px 0px;\npadding:0px 0px 0px 0px;\n}\n<\/style>\n<div  class='flex_column av-jjfluclb-6-7514b9dacdfdd51a63de76ace8406ea1 av_one_third  avia-builder-el-8  el_after_av_hr  el_before_av_one_third  first flex_column_div av-zero-column-padding avia-link-column av-column-link avia-link-column-hover  '    data-link-column-url=\"https:\/\/www.airtradecentre.com\/nl\/parkeergarageventilatiesystemen\/\"   ><a class=\"av-screen-reader-only\" href=https:\/\/www.airtradecentre.com\/nl\/parkeergarageventilatiesystemen\/ >LInk naar:Parkeergarageventilatiesystemen<\/a><style type=\"text\/css\" data-created_by=\"avia_inline_auto\" id=\"style-css-av-qrol-5-174ceb5c54699308f3ec6783c25f52d4\">\n.avia-image-container.av-qrol-5-174ceb5c54699308f3ec6783c25f52d4 img.avia_image{\nbox-shadow:none;\n}\n.avia-image-container.av-qrol-5-174ceb5c54699308f3ec6783c25f52d4 .av-caption-image-overlay-bg{\nopacity:0.1;\n}\n.avia-image-container.av-qrol-5-174ceb5c54699308f3ec6783c25f52d4 .av-image-caption-overlay-center{\ncolor:#ffffff;\nfont-size:18px;\n}\n<\/style>\n<div  class='avia-image-container av-qrol-5-174ceb5c54699308f3ec6783c25f52d4 av-styling-no-styling avia-align-center  avia-builder-el-9  avia-builder-el-no-sibling  noHover av-overlay-hover-deactivate'   itemprop=\"image\" itemscope=\"itemscope\" itemtype=\"https:\/\/schema.org\/ImageObject\" ><div class=\"avia-image-container-inner\"><div class=\"avia-image-overlay-wrap\"><div class=\"av-image-caption-overlay\"><div class=\"av-caption-image-overlay-bg\"><\/div><div class=\"av-image-caption-overlay-position\"><div class=\"av-image-caption-overlay-center\"><p>Tunnel en parkeergarage ventilatiesystemen<\/p>\n<\/div><\/div><\/div><img decoding=\"async\" fetchpriority=\"high\" class='wp-image-15478 avia-img-lazy-loading-not-15478 avia_image ' src=\"https:\/\/www.airtradecentre.com\/wp-content\/uploads\/2024\/12\/atc-air-trade-centre-jet-fan-1.jpg\" alt='' title='atc-air-trade-centre-jet-fan-1'  height=\"400\" width=\"400\"  itemprop=\"thumbnailUrl\" srcset=\"https:\/\/www.airtradecentre.com\/wp-content\/uploads\/2024\/12\/atc-air-trade-centre-jet-fan-1.jpg 400w, https:\/\/www.airtradecentre.com\/wp-content\/uploads\/2024\/12\/atc-air-trade-centre-jet-fan-1-80x80.jpg 80w\" sizes=\"(max-width: 400px) 100vw, 400px\" \/><\/div><\/div><\/div><\/div>\n\n<style type=\"text\/css\" data-created_by=\"avia_inline_auto\" id=\"style-css-av-jjfluclb-4-f0f82c106029d7a84524ee9fbb3a57f3\">\n.flex_column.av-jjfluclb-4-f0f82c106029d7a84524ee9fbb3a57f3{\nborder-width:5px;\nborder-color:#d6d6d6;\nborder-style:solid;\nborder-radius:0px 0px 0px 0px;\npadding:0px 0px 0px 0px;\nbackground-color:#ffffff;\n}\n<\/style>\n<div  class='flex_column av-jjfluclb-4-f0f82c106029d7a84524ee9fbb3a57f3 av_one_third  avia-builder-el-10  el_after_av_one_third  el_before_av_section  avia-builder-el-last  flex_column_div av-zero-column-padding avia-link-column av-column-link avia-link-column-hover  '    data-link-column-url=\"https:\/\/www.airtradecentre.com\/fr\/un-debit-dair-stable-a-linterieur-et-a-lexterieur\/\"   ><a class=\"av-screen-reader-only\" href=https:\/\/www.airtradecentre.com\/fr\/un-debit-dair-stable-a-linterieur-et-a-lexterieur\/ >LInk naar:Un D\u00eabit D&#8217;Air Stable \u00c0 L&#8217;int\u00earieur Et \u00c0 L&#8217;ext\u00earieur<\/a><style type=\"text\/css\" data-created_by=\"avia_inline_auto\" id=\"style-css-av-1w6ch-8d25c536031407dfd71aeef5eaaa8557\">\n.avia-image-container.av-1w6ch-8d25c536031407dfd71aeef5eaaa8557 img.avia_image{\nbox-shadow:none;\n}\n.avia-image-container.av-1w6ch-8d25c536031407dfd71aeef5eaaa8557 .av-caption-image-overlay-bg{\nopacity:0.4;\n}\n.avia-image-container.av-1w6ch-8d25c536031407dfd71aeef5eaaa8557 .av-image-caption-overlay-center{\ncolor:#ffffff;\nfont-size:18px;\n}\n<\/style>\n<div  class='avia-image-container av-1w6ch-8d25c536031407dfd71aeef5eaaa8557 av-styling-no-styling avia-align-center  avia-builder-el-11  avia-builder-el-no-sibling  noHover av-overlay-hover-deactivate'   itemprop=\"image\" itemscope=\"itemscope\" itemtype=\"https:\/\/schema.org\/ImageObject\" ><div class=\"avia-image-container-inner\"><div class=\"avia-image-overlay-wrap\"><div class=\"av-image-caption-overlay\"><div class=\"av-caption-image-overlay-bg\"><\/div><div class=\"av-image-caption-overlay-position\"><div class=\"av-image-caption-overlay-center\"><p>Ventilatoren<\/p>\n<\/div><\/div><\/div><img decoding=\"async\" fetchpriority=\"high\" class='wp-image-9593 avia-img-lazy-loading-not-9593 avia_image ' src=\"https:\/\/www.airtradecentre.com\/wp-content\/uploads\/2018\/09\/kabin-fanlari-atc.jpg\" alt='' title='Kabin Fanlar\u0131 ATC'  height=\"400\" width=\"400\"  itemprop=\"thumbnailUrl\" srcset=\"https:\/\/www.airtradecentre.com\/wp-content\/uploads\/2018\/09\/kabin-fanlari-atc.jpg 400w, https:\/\/www.airtradecentre.com\/wp-content\/uploads\/2018\/09\/kabin-fanlari-atc-80x80.jpg 80w\" sizes=\"(max-width: 400px) 100vw, 400px\" \/><\/div><\/div><\/div><\/div>\n<\/div><\/div><\/div><!-- close content main div --><\/div><\/div><div id='av_section_1'  class='avia-section av-m8r69h68-37dfa2d9d44c64e7edf30de56b7faf65 main_color avia-section-default avia-no-border-styling  avia-builder-el-12  el_after_av_one_third  avia-builder-el-last  av-desktop-hide av-medium-hide av-small-hide av-mini-hide avia-bg-style-scroll container_wrap fullsize'  ><div class='container av-section-cont-open' ><div class='template-page content  av-content-full alpha units'><div class='post-entry post-entry-type-page post-entry-9476'><div class='entry-content-wrapper clearfix'>\n","protected":false},"excerpt":{"rendered":"","protected":false},"author":1,"featured_media":0,"parent":0,"menu_order":0,"comment_status":"closed","ping_status":"closed","template":"","meta":{"footnotes":""},"class_list":["post-9476","page","type-page","status-publish","hentry"],"aioseo_notices":[],"_links":{"self":[{"href":"https:\/\/www.airtradecentre.com\/nl\/wp-json\/wp\/v2\/pages\/9476","targetHints":{"allow":["GET"]}}],"collection":[{"href":"https:\/\/www.airtradecentre.com\/nl\/wp-json\/wp\/v2\/pages"}],"about":[{"href":"https:\/\/www.airtradecentre.com\/nl\/wp-json\/wp\/v2\/types\/page"}],"author":[{"embeddable":true,"href":"https:\/\/www.airtradecentre.com\/nl\/wp-json\/wp\/v2\/users\/1"}],"replies":[{"embeddable":true,"href":"https:\/\/www.airtradecentre.com\/nl\/wp-json\/wp\/v2\/comments?post=9476"}],"version-history":[{"count":39,"href":"https:\/\/www.airtradecentre.com\/nl\/wp-json\/wp\/v2\/pages\/9476\/revisions"}],"predecessor-version":[{"id":15830,"href":"https:\/\/www.airtradecentre.com\/nl\/wp-json\/wp\/v2\/pages\/9476\/revisions\/15830"}],"wp:attachment":[{"href":"https:\/\/www.airtradecentre.com\/nl\/wp-json\/wp\/v2\/media?parent=9476"}],"curies":[{"name":"wp","href":"https:\/\/api.w.org\/{rel}","templated":true}]}}