{"id":112,"date":"2018-07-17T11:04:03","date_gmt":"2018-07-17T11:04:03","guid":{"rendered":"https:\/\/novastadesign.com\/musteri-demolari\/?page_id=112"},"modified":"2024-12-16T08:29:41","modified_gmt":"2024-12-16T07:29:41","slug":"hakkimizda","status":"publish","type":"page","link":"https:\/\/www.airtradecentre.com\/tr\/kurumsal\/hakkimizda\/","title":{"rendered":"Hakk\u0131m\u0131zda"},"content":{"rendered":"<div id='full_slider_1'  class='avia-fullwidth-slider main_color avia-shadow   avia-builder-el-0  el_before_av_heading  avia-builder-el-first   container_wrap fullsize'  >\n<style type=\"text\/css\" data-created_by=\"avia_inline_auto\" id=\"style-css-av-genz4-990ff0ae691eed006c5a0ead29865577\">\n#top #wrap_all .avia-slideshow .av-slideshow-caption.av-genz4-990ff0ae691eed006c5a0ead29865577__0 .avia-caption-title{\nfont-size:36px;\ncolor:#a4001e;\n}\n#top .avia-slideshow .av-slideshow-caption.av-genz4-990ff0ae691eed006c5a0ead29865577__0 .avia-caption-content{\nfont-size:28px;\ncolor:#a4001e;\n}\n#top .avia-slideshow .av-slideshow-caption.av-genz4-990ff0ae691eed006c5a0ead29865577__0 .avia-caption-content p{\nfont-size:28px;\n}\n\n@media only screen and (min-width: 480px) and (max-width: 767px){ \n#top #wrap_all .avia-slideshow .av-slideshow-caption.av-genz4-990ff0ae691eed006c5a0ead29865577__0 .avia-caption-title{\nfont-size:22px;\n}\n#top .avia-slideshow .av-slideshow-caption.av-genz4-990ff0ae691eed006c5a0ead29865577__0 .avia-caption-content{\ndisplay:none;\n}\n#top .avia-slideshow .av-slideshow-caption.av-genz4-990ff0ae691eed006c5a0ead29865577__0 .avia-caption-content p{\ndisplay:none;\n}\n}\n\n@media only screen and (max-width: 479px){ \n#top #wrap_all .avia-slideshow .av-slideshow-caption.av-genz4-990ff0ae691eed006c5a0ead29865577__0 .avia-caption-title{\nfont-size:18px;\n}\n#top .avia-slideshow .av-slideshow-caption.av-genz4-990ff0ae691eed006c5a0ead29865577__0 .avia-caption-content{\ndisplay:none;\n}\n#top .avia-slideshow .av-slideshow-caption.av-genz4-990ff0ae691eed006c5a0ead29865577__0 .avia-caption-content p{\ndisplay:none;\n}\n}\n<\/style>\n<div  class='avia-slideshow av-genz4-990ff0ae691eed006c5a0ead29865577 avia-slideshow-no scaling av_slideshow_full avia-fade-slider av-slideshow-ui av-control-default av-slideshow-manual av-loop-once av-loop-manual-endless av-default-height-applied   avia-slideshow-1' data-slideshow-options=\"{&quot;animation&quot;:&quot;fade&quot;,&quot;autoplay&quot;:false,&quot;loop_autoplay&quot;:&quot;once&quot;,&quot;interval&quot;:5,&quot;loop_manual&quot;:&quot;manual-endless&quot;,&quot;autoplay_stopper&quot;:false,&quot;noNavigation&quot;:false,&quot;bg_slider&quot;:false,&quot;keep_padding&quot;:false,&quot;hoverpause&quot;:false,&quot;show_slide_delay&quot;:0}\"  itemprop=\"image\" itemscope=\"itemscope\" itemtype=\"https:\/\/schema.org\/ImageObject\" ><ul class='avia-slideshow-inner ' style='padding-bottom: 26.041666666667%;'><li  class='avia-slideshow-slide av-genz4-990ff0ae691eed006c5a0ead29865577__0  av-single-slide slide-1 slide-odd'><div data-rel='slideshow-1' class='avia-slide-wrap '   ><img decoding=\"async\" fetchpriority=\"high\" class=\"wp-image-15294 avia-img-lazy-loading-not-15294\"  src=\"https:\/\/www.airtradecentre.com\/wp-content\/uploads\/2024\/12\/atc-kurumsal.jpg\" width=\"1920\" height=\"500\" title='atc-kurumsal' alt=''  itemprop=\"thumbnailUrl\" srcset=\"https:\/\/www.airtradecentre.com\/wp-content\/uploads\/2024\/12\/atc-kurumsal.jpg 1920w, https:\/\/www.airtradecentre.com\/wp-content\/uploads\/2024\/12\/atc-kurumsal-80x21.jpg 80w, https:\/\/www.airtradecentre.com\/wp-content\/uploads\/2024\/12\/atc-kurumsal-1536x400.jpg 1536w\" sizes=\"(max-width: 1920px) 100vw, 1920px\" \/><div class='av-section-color-overlay' style='opacity: 0.1; background-color: #000000; background-image: url(https:\/\/www.airtradecentre.com\/wp-content\/themes\/novasta\/images\/background-images\/dots-mini-strong.png); background-repeat: repeat;'><\/div><\/div><\/li><\/ul><\/div><\/div><div id='after_full_slider_1'  class='main_color av_default_container_wrap container_wrap fullsize'  ><div class='container av-section-cont-open' ><div class='template-page content  av-content-full alpha units'><div class='post-entry post-entry-type-page post-entry-112'><div class='entry-content-wrapper clearfix'>\n\n<style type=\"text\/css\" data-created_by=\"avia_inline_auto\" id=\"style-css-av-1bnd4-a46a24ff7aadf7aa9ad6c6cdba9cef63\">\n#top .av-special-heading.av-1bnd4-a46a24ff7aadf7aa9ad6c6cdba9cef63{\npadding-bottom:10px;\n}\nbody .av-special-heading.av-1bnd4-a46a24ff7aadf7aa9ad6c6cdba9cef63 .av-special-heading-tag .heading-char{\nfont-size:25px;\n}\n.av-special-heading.av-1bnd4-a46a24ff7aadf7aa9ad6c6cdba9cef63 .av-subheading{\nfont-size:15px;\n}\n<\/style>\n<div  class='av-special-heading av-1bnd4-a46a24ff7aadf7aa9ad6c6cdba9cef63 av-special-heading-h3 blockquote modern-quote  avia-builder-el-1  el_after_av_slideshow_full  el_before_av_textblock  avia-builder-el-first '><h3 class='av-special-heading-tag'  itemprop=\"headline\"  ><b>ATC Hakk\u0131nda<\/b><\/h3><div class=\"special-heading-border\"><div class=\"special-heading-inner-border\"><\/div><\/div><\/div>\n<section  class='av_textblock_section av-jjwy8emg-e07eee6ebb6545f7378b3effe57c8844 '   itemscope=\"itemscope\" itemtype=\"https:\/\/schema.org\/CreativeWork\" ><div class='avia_textblock'  itemprop=\"text\" ><p><strong>Air Trade Centre (ATC)<\/strong>, 25 y\u0131l\u0131n \u00fczerindeki tecr\u00fcbesiyle \u0131s\u0131tma, havaland\u0131rma ve iklimlendirme <strong>(HVAC)<\/strong> alan\u0131nda faaliyetlerini y\u00fcr\u00fctmektedir. T\u00fcrkiye\u2019nin bir\u00e7ok b\u00f6lgesindeki sat\u0131\u015f ofislerinin yan\u0131nda Bel\u00e7ika\u2019da ofisi bulunan <strong>ATC<\/strong>, 40\u2019tan fazla \u00fclkeye iklimlendirme \u00e7\u00f6z\u00fcmleri sunarak, Avrupa ve Asya pazar\u0131nda yerini almay\u0131 ba\u015farm\u0131\u015ft\u0131r.<\/p>\n<p>Oda\u011f\u0131nda sa\u011fl\u0131kl\u0131 bir gelecek i\u00e7in temiz hava \u00fcretmek olan <strong>ATC<\/strong>, iklimlendirme sekt\u00f6r\u00fcndeki ihtiya\u00e7lar\u0131 do\u011fru analiz ederek klima santralleri, su so\u011futma sistemleri, fanlar, VRF klimalar, otopark havaland\u0131rma sistemleri ve di\u011fer gruplardaki geni\u015f \u00fcr\u00fcn yelpazesi ile \u00e7evreye duyarl\u0131, enerji verimli, yenilik\u00e7i, teknolojik ve s\u00fcrd\u00fcr\u00fclebilir \u00e7\u00f6z\u00fcmler sunmaktad\u0131r.<\/p>\n<p>\u0130zmir\u2019de \u00fcretim tesisi bulunan <strong>Air Trade Centre<\/strong>, \u00fcretimin her s\u00fcrecinde uluslararas\u0131 standartlara uygun belge ve sertifikalar\u0131 ile kalitesini kan\u0131tlamaktad\u0131r. Sat\u0131\u015f sonras\u0131 servis hizmeti de sa\u011flayan <strong>ATC<\/strong> m\u00fc\u015fteri memnuniyetinden \u00f6d\u00fcn vermeyen yakla\u015f\u0131mla her zaman daha iyi hizmet vermek i\u00e7in \u00e7al\u0131\u015fmalar\u0131n\u0131 s\u00fcrd\u00fcrmektedir.<\/p>\n<p><strong>Air Trade Centre<\/strong>\u2019nin \u00e7o\u011funluk hissesi, d\u00fcnyan\u0131n \u00f6nde gelen <strong>HVAC<\/strong> \u015firketlerinden biri olan <strong>Maico Group<\/strong> taraf\u0131ndan 4 Nisan 2023 tarihinde sat\u0131n al\u0131nd\u0131. Finansal yap\u0131m\u0131z\u0131 g\u00fc\u00e7lendiren bu stratejik ortakl\u0131k ile b\u00fcy\u00fcyen, daha yenilik\u00e7i ve enerji verimli bir yakla\u015f\u0131m benimsiyor, T\u00fcrkiye\u2019deki \u00fcretim kapasitesini artt\u0131rmay\u0131 hedefliyoruz.<\/p>\n<\/div><\/section>\n<section  class='av_textblock_section av-liu6o1tv-fa933752b9b6f6dcadb6344553369031 '   itemscope=\"itemscope\" itemtype=\"https:\/\/schema.org\/CreativeWork\" ><div class='avia_textblock'  itemprop=\"text\" ><p class=\"228bf8a64b8551e1MsoNormal\"><b><span lang=\"EN-US\">Vizyon<\/span><\/b><\/p>\n<p class=\"228bf8a64b8551e1MsoNormal\"><span lang=\"EN-US\">T\u00fcm canl\u0131lar\u0131n sa\u011fl\u0131\u011f\u0131n\u0131 g\u00fcvence alt\u0131na al\u0131p refah\u0131n\u0131 ve konforunu artt\u0131rmak i\u00e7in azalt\u0131lm\u0131\u015f enerji t\u00fcketimi ile y\u00fcksek teknolojili hava kalitesi \u00e7\u00f6z\u00fcmleri sa\u011flamak ve en \u00e7ok tercih edilen HVAC orta\u011f\u0131 olmakt\u0131r.<\/span><\/p>\n<p class=\"228bf8a64b8551e1MsoNormal\"><b>Misyon<\/b><\/p>\n<p class=\"228bf8a64b8551e1MsoNormal\">Fikir a\u015famas\u0131ndan sat\u0131\u015f sonras\u0131na kadar, optimize edilmi\u015f m\u00fchendislik \u00e7\u00f6z\u00fcmleri ile \u00e7evrelenmi\u015f geni\u015f bir yelpazede dayan\u0131kl\u0131, kaliteli, enerji tasarruflu ve s\u00fcrd\u00fcr\u00fclebilir HVAC \u00fcr\u00fcnleri sunuyoruz.<\/p>\n<p><strong>De\u011ferlerimiz;<\/strong><\/p>\n<ul>\n<li>G\u00fcvenilir<\/li>\n<li>\n<div>S\u00f6z\u00fcne Sad\u0131k ve \u0130\u015finde Ahlakl\u0131<\/div>\n<\/li>\n<li>\n<div>M\u00fc\u015fteri Odakl\u0131<\/div>\n<\/li>\n<li>\n<div>Kaliteden \u00d6d\u00fcn Vermeyen<\/div>\n<\/li>\n<li>\n<div>\u0130nsanlara ve \u00c7evreye Sayg\u0131l\u0131<\/div>\n<\/li>\n<li>\n<div>Yenilik\u00e7i ve Yarat\u0131c\u0131<\/div>\n<\/li>\n<\/ul>\n<\/div><\/section>\n","protected":false},"excerpt":{"rendered":"","protected":false},"author":1,"featured_media":0,"parent":110,"menu_order":0,"comment_status":"closed","ping_status":"closed","template":"","meta":{"footnotes":""},"class_list":["post-112","page","type-page","status-publish","hentry"],"aioseo_notices":[],"_links":{"self":[{"href":"https:\/\/www.airtradecentre.com\/tr\/wp-json\/wp\/v2\/pages\/112","targetHints":{"allow":["GET"]}}],"collection":[{"href":"https:\/\/www.airtradecentre.com\/tr\/wp-json\/wp\/v2\/pages"}],"about":[{"href":"https:\/\/www.airtradecentre.com\/tr\/wp-json\/wp\/v2\/types\/page"}],"author":[{"embeddable":true,"href":"https:\/\/www.airtradecentre.com\/tr\/wp-json\/wp\/v2\/users\/1"}],"replies":[{"embeddable":true,"href":"https:\/\/www.airtradecentre.com\/tr\/wp-json\/wp\/v2\/comments?post=112"}],"version-history":[{"count":19,"href":"https:\/\/www.airtradecentre.com\/tr\/wp-json\/wp\/v2\/pages\/112\/revisions"}],"predecessor-version":[{"id":15293,"href":"https:\/\/www.airtradecentre.com\/tr\/wp-json\/wp\/v2\/pages\/112\/revisions\/15293"}],"up":[{"embeddable":true,"href":"https:\/\/www.airtradecentre.com\/tr\/wp-json\/wp\/v2\/pages\/110"}],"wp:attachment":[{"href":"https:\/\/www.airtradecentre.com\/tr\/wp-json\/wp\/v2\/media?parent=112"}],"curies":[{"name":"wp","href":"https:\/\/api.w.org\/{rel}","templated":true}]}}