{"id":14874,"date":"2023-12-21T13:01:50","date_gmt":"2023-12-21T12:01:50","guid":{"rendered":"https:\/\/www.airtradecentre.com\/?page_id=14874"},"modified":"2024-12-19T14:30:43","modified_gmt":"2024-12-19T13:30:43","slug":"guvenlik-ve-seffaflik","status":"publish","type":"page","link":"https:\/\/www.airtradecentre.com\/tr\/kurumsal\/guvenlik-ve-seffaflik\/","title":{"rendered":"G\u00fcvenlik ve \u015eeffafl\u0131k"},"content":{"rendered":"<div id='full_slider_1'  class='avia-fullwidth-slider main_color avia-shadow   avia-builder-el-0  el_before_av_notification  avia-builder-el-first   container_wrap fullsize'  >\n<style type=\"text\/css\" data-created_by=\"avia_inline_auto\" id=\"style-css-av-gn7ia-492c8d29488799848c5cc36e538c0662\">\n#top #wrap_all .avia-slideshow .av-slideshow-caption.av-gn7ia-492c8d29488799848c5cc36e538c0662__0 .avia-caption-title{\nfont-size:36px;\ncolor:#a4001e;\n}\n#top .avia-slideshow .av-slideshow-caption.av-gn7ia-492c8d29488799848c5cc36e538c0662__0 .avia-caption-content{\nfont-size:28px;\ncolor:#a4001e;\n}\n#top .avia-slideshow .av-slideshow-caption.av-gn7ia-492c8d29488799848c5cc36e538c0662__0 .avia-caption-content p{\nfont-size:28px;\n}\n\n@media only screen and (min-width: 480px) and (max-width: 767px){ \n#top #wrap_all .avia-slideshow .av-slideshow-caption.av-gn7ia-492c8d29488799848c5cc36e538c0662__0 .avia-caption-title{\nfont-size:22px;\n}\n#top .avia-slideshow .av-slideshow-caption.av-gn7ia-492c8d29488799848c5cc36e538c0662__0 .avia-caption-content{\ndisplay:none;\n}\n#top .avia-slideshow .av-slideshow-caption.av-gn7ia-492c8d29488799848c5cc36e538c0662__0 .avia-caption-content p{\ndisplay:none;\n}\n}\n\n@media only screen and (max-width: 479px){ \n#top #wrap_all .avia-slideshow .av-slideshow-caption.av-gn7ia-492c8d29488799848c5cc36e538c0662__0 .avia-caption-title{\nfont-size:18px;\n}\n#top .avia-slideshow .av-slideshow-caption.av-gn7ia-492c8d29488799848c5cc36e538c0662__0 .avia-caption-content{\ndisplay:none;\n}\n#top .avia-slideshow .av-slideshow-caption.av-gn7ia-492c8d29488799848c5cc36e538c0662__0 .avia-caption-content p{\ndisplay:none;\n}\n}\n<\/style>\n<div  class='avia-slideshow av-gn7ia-492c8d29488799848c5cc36e538c0662 avia-slideshow-no scaling av_slideshow_full avia-fade-slider av-slideshow-ui av-control-default av-slideshow-manual av-loop-once av-loop-manual-endless av-default-height-applied   avia-slideshow-1' data-slideshow-options=\"{&quot;animation&quot;:&quot;fade&quot;,&quot;autoplay&quot;:false,&quot;loop_autoplay&quot;:&quot;once&quot;,&quot;interval&quot;:5,&quot;loop_manual&quot;:&quot;manual-endless&quot;,&quot;autoplay_stopper&quot;:false,&quot;noNavigation&quot;:false,&quot;bg_slider&quot;:false,&quot;keep_padding&quot;:false,&quot;hoverpause&quot;:false,&quot;show_slide_delay&quot;:0}\"  itemprop=\"image\" itemscope=\"itemscope\" itemtype=\"https:\/\/schema.org\/ImageObject\" ><ul class='avia-slideshow-inner ' style='padding-bottom: 26.041666666667%;'><li  class='avia-slideshow-slide av-gn7ia-492c8d29488799848c5cc36e538c0662__0  av-single-slide slide-1 slide-odd'><div data-rel='slideshow-1' class='avia-slide-wrap '   ><img decoding=\"async\" fetchpriority=\"high\" class=\"wp-image-15294 avia-img-lazy-loading-not-15294\"  src=\"https:\/\/www.airtradecentre.com\/wp-content\/uploads\/2024\/12\/atc-kurumsal.jpg\" width=\"1920\" height=\"500\" title='atc-kurumsal' alt=''  itemprop=\"thumbnailUrl\" srcset=\"https:\/\/www.airtradecentre.com\/wp-content\/uploads\/2024\/12\/atc-kurumsal.jpg 1920w, https:\/\/www.airtradecentre.com\/wp-content\/uploads\/2024\/12\/atc-kurumsal-80x21.jpg 80w, https:\/\/www.airtradecentre.com\/wp-content\/uploads\/2024\/12\/atc-kurumsal-1536x400.jpg 1536w\" sizes=\"(max-width: 1920px) 100vw, 1920px\" \/><div class='av-section-color-overlay' style='opacity: 0.1; background-color: #000000; background-image: url(https:\/\/www.airtradecentre.com\/wp-content\/themes\/novasta\/images\/background-images\/dots-mini-strong.png); background-repeat: repeat;'><\/div><\/div><\/li><\/ul><\/div><\/div><div id='after_full_slider_1'  class='main_color av_default_container_wrap container_wrap fullsize'  ><div class='container av-section-cont-open' ><div class='template-page content  av-content-full alpha units'><div class='post-entry post-entry-type-page post-entry-14874'><div class='entry-content-wrapper clearfix'>\n<div id='avia-messagebox-' class='avia_message_box av_notification av-lqf5rjcj-d870561e20cee9036b608f1d7f0bc5fa avia-color-red avia-size-large avia-icon_select-no avia-border-  avia-builder-el-1  el_after_av_slideshow_full  el_before_av_hr  avia-builder-el-first ' ><div class=\"avia_message_box_content\"><p>A\u015fa\u011f\u0131da verdi\u011fimiz bilgiler d\u0131\u015f\u0131nda firmam\u0131z hakk\u0131nda internet ortam\u0131nda yap\u0131lan bilgi, g\u00fcncelleme, tan\u0131t\u0131m ve ileti\u015fim faaliyetlerine itibar etmemenizi, g\u00fcvenli\u011finiz i\u00e7in bu gibi durumlarda taraf\u0131m\u0131za geri bildirimde bulunman\u0131z\u0131 \u00f6nemle rica ederiz.<\/p>\n<\/div><\/div>\n\n<style type=\"text\/css\" data-created_by=\"avia_inline_auto\" id=\"style-css-av-jpi20tys-87cc85f56038ec7d62c146966f11b8e7\">\n#top .hr.hr-invisible.av-jpi20tys-87cc85f56038ec7d62c146966f11b8e7{\nheight:10px;\n}\n<\/style>\n<div  class='hr av-jpi20tys-87cc85f56038ec7d62c146966f11b8e7 hr-invisible  avia-builder-el-2  el_after_av_notification  el_before_av_heading '><span class='hr-inner '><span class=\"hr-inner-style\"><\/span><\/span><\/div>\n\n<style type=\"text\/css\" data-created_by=\"avia_inline_auto\" id=\"style-css-av-lqf5vn7t-dbf0852f76ad745c4165d86876d9eee7\">\n#top .av-special-heading.av-lqf5vn7t-dbf0852f76ad745c4165d86876d9eee7{\npadding-bottom:10px;\n}\nbody .av-special-heading.av-lqf5vn7t-dbf0852f76ad745c4165d86876d9eee7 .av-special-heading-tag .heading-char{\nfont-size:25px;\n}\n.av-special-heading.av-lqf5vn7t-dbf0852f76ad745c4165d86876d9eee7 .av-subheading{\nfont-size:15px;\n}\n<\/style>\n<div  class='av-special-heading av-lqf5vn7t-dbf0852f76ad745c4165d86876d9eee7 av-special-heading-h1 blockquote modern-quote  avia-builder-el-3  el_after_av_hr  el_before_av_hr '><h1 class='av-special-heading-tag'  itemprop=\"headline\"  >G\u00fcvenlik ve \u015eeffafl\u0131k<\/h1><div class=\"special-heading-border\"><div class=\"special-heading-inner-border\"><\/div><\/div><\/div>\n\n<style type=\"text\/css\" data-created_by=\"avia_inline_auto\" id=\"style-css-av-l1k9lm-893d452266d0e12d62ce4a845863a357\">\n#top .hr.hr-invisible.av-l1k9lm-893d452266d0e12d62ce4a845863a357{\nheight:10px;\n}\n<\/style>\n<div  class='hr av-l1k9lm-893d452266d0e12d62ce4a845863a357 hr-invisible  avia-builder-el-4  el_after_av_heading  el_before_av_textblock '><span class='hr-inner '><span class=\"hr-inner-style\"><\/span><\/span><\/div>\n<section  class='av_textblock_section av-ou14-aefde22f10e81af86adac5d34a7d3b42 '   itemscope=\"itemscope\" itemtype=\"https:\/\/schema.org\/CreativeWork\" ><div class='avia_textblock'  itemprop=\"text\" ><div>\n<h3 class=\"3a8992e8c0d691eba333feb8ddeee97f57121fd2094c0521bd6ff683d8d0a42f228bf8a64b8551e1msonormal\"><span style=\"font-size: 16px;\">Firmam\u0131z farkl\u0131 \u00fclkelerde ki faaliyetleri do\u011frultusunda a\u015fa\u011f\u0131daki alan adlar\u0131 ve sosyal medya hesaplar\u0131 \u00fczerinden \u00fcr\u00fcn\/hizmet\/kurumsal tan\u0131t\u0131m ve bilgilendirme yapmaktad\u0131r. Sahtecili\u011fe kar\u015f\u0131 koruma ve \u015feffafl\u0131k politikam\u0131z gere\u011fi sizleri internet \u00fczerinde ki faaliyetlerimiz hakk\u0131nda bilgilendirmek isteriz.<\/span><\/h3>\n<\/div>\n<\/div><\/section>\n\n<style type=\"text\/css\" data-created_by=\"avia_inline_auto\" id=\"style-css-av-jmyf6i-eb0b0735ff3a48c9b54ae7a15ac42119\">\n#top .hr.hr-invisible.av-jmyf6i-eb0b0735ff3a48c9b54ae7a15ac42119{\nheight:10px;\n}\n<\/style>\n<div  class='hr av-jmyf6i-eb0b0735ff3a48c9b54ae7a15ac42119 hr-invisible  avia-builder-el-6  el_after_av_textblock  el_before_av_textblock '><span class='hr-inner '><span class=\"hr-inner-style\"><\/span><\/span><\/div>\n<section  class='av_textblock_section av-lqf5zftk-ef3292f887cff70dcb58d625ced8f986 '   itemscope=\"itemscope\" itemtype=\"https:\/\/schema.org\/CreativeWork\" ><div class='avia_textblock'  itemprop=\"text\" ><div>\n<h3 class=\"3a8992e8c0d691eba333feb8ddeee97f57121fd2094c0521bd6ff683d8d0a42f228bf8a64b8551e1msonormal\"><strong>Resmi Alan Adlar\u0131m\u0131z:<\/strong><\/h3>\n<\/div>\n<div>\n<div>\n<div>\n<p class=\"3a8992e8c0d691eba333feb8ddeee97f57121fd2094c0521bd6ff683d8d0a42f228bf8a64b8551e1msonormal\">Firmam\u0131z hakk\u0131nda g\u00fcncel ve resmi bilgi alaca\u011f\u0131n\u0131z aktif alan adlar\u0131m\u0131z:<\/p>\n<\/div>\n<div>\n<p class=\"3a8992e8c0d691eba333feb8ddeee97f57121fd2094c0521bd6ff683d8d0a42f228bf8a64b8551e1msonormal\">&#8220;https:\/\/airtradecentre.com&#8221;<\/p>\n<\/div>\n<div>\n<p class=\"3a8992e8c0d691eba333feb8ddeee97f57121fd2094c0521bd6ff683d8d0a42f228bf8a64b8551e1msonormal\">&#8220;https:\/\/airtradecentre.com.tr&#8221;<\/p>\n<\/div>\n<div>\n<h3 class=\"3a8992e8c0d691eba333feb8ddeee97f57121fd2094c0521bd6ff683d8d0a42f228bf8a64b8551e1msonormal\"><strong>Resmi E-Posta ileti\u015fim bilgimiz:<\/strong><\/h3>\n<\/div>\n<div>\n<p class=\"3a8992e8c0d691eba333feb8ddeee97f57121fd2094c0521bd6ff683d8d0a42f228bf8a64b8551e1msonormal\">Firmam\u0131z\u0131n \u00e7al\u0131\u015fanlar\u0131 ve kurumsal ileti\u015fimde kulland\u0131\u011f\u0131m\u0131z e-postam\u0131z:<\/p>\n<\/div>\n<div>\n<p class=\"3a8992e8c0d691eba333feb8ddeee97f57121fd2094c0521bd6ff683d8d0a42f228bf8a64b8551e1msonormal\">info@<a href=\"http:\/\/airtradecentre.com\/\" target=\"_blank\" rel=\"noopener noreferrer\" data-link-id=\"57\">airtradecentre.com<\/a><\/p>\n<\/div>\n<div>\n<h3 class=\"3a8992e8c0d691eba333feb8ddeee97f57121fd2094c0521bd6ff683d8d0a42f228bf8a64b8551e1msonormal\"><strong>Resmi Sosyal Medya Hesaplar\u0131m\u0131z:<\/strong><\/h3>\n<\/div>\n<div>\n<p class=\"3a8992e8c0d691eba333feb8ddeee97f57121fd2094c0521bd6ff683d8d0a42f228bf8a64b8551e1msonormal\">Firmam\u0131z hakk\u0131nda g\u00fcncel ve resmi bilgi alaca\u011f\u0131n\u0131z aktif sosyal medya hesaplar\u0131m\u0131z:<\/p>\n<\/div>\n<div>\n<p class=\"3a8992e8c0d691eba333feb8ddeee97f57121fd2094c0521bd6ff683d8d0a42f228bf8a64b8551e1msonormal\"><strong>Linkedln :\u00a0<\/strong><a href=\"https:\/\/www.linkedin.com\/company\/atc-air-trade-centre\/\" target=\"_blank\" rel=\"noopener noreferrer\" data-link-id=\"58\">https:\/\/www.linkedin.com\/company\/atc-air-trade-centre\/<\/a><\/p>\n<\/div>\n<div>\n<div>\n<p class=\"3a8992e8c0d691eba333feb8ddeee97f57121fd2094c0521bd6ff683d8d0a42f228bf8a64b8551e1msonormal\"><strong>Youtube:\u00a0<\/strong><a href=\"https:\/\/www.youtube.com\/@atcairtradecentre\/\" target=\"_blank\" rel=\"noopener noreferrer\" data-link-id=\"59\">https:\/\/www.youtube.com\/@atcairtradecentre\/<\/a><\/p>\n<\/div>\n<div>\n<div>\n<p class=\"3a8992e8c0d691eba333feb8ddeee97f57121fd2094c0521bd6ff683d8d0a42f228bf8a64b8551e1msonormal\"><strong>Facebook :<\/strong>\u00a0<a href=\"https:\/\/www.facebook.com\/airtradecentre\/\" target=\"_blank\" rel=\"noopener noreferrer\" data-link-id=\"60\">https:\/\/www.facebook.com\/airtradecentre\/<\/a><\/p>\n<\/div>\n<div>\n<div>\n<p class=\"3a8992e8c0d691eba333feb8ddeee97f57121fd2094c0521bd6ff683d8d0a42f228bf8a64b8551e1msonormal\"><strong>Instagram :\u00a0<\/strong><a href=\"https:\/\/www.instagram.com\/airtradecentre\/\" target=\"_blank\" rel=\"noopener noreferrer\" data-link-id=\"61\">https:\/\/www.instagram.com\/airtradecentre\/<\/a><\/p>\n<\/div>\n<\/div>\n<\/div>\n<\/div>\n<\/div>\n<\/div>\n<\/div><\/section>\n","protected":false},"excerpt":{"rendered":"","protected":false},"author":1,"featured_media":0,"parent":110,"menu_order":0,"comment_status":"closed","ping_status":"closed","template":"","meta":{"footnotes":""},"class_list":["post-14874","page","type-page","status-publish","hentry"],"aioseo_notices":[],"_links":{"self":[{"href":"https:\/\/www.airtradecentre.com\/tr\/wp-json\/wp\/v2\/pages\/14874","targetHints":{"allow":["GET"]}}],"collection":[{"href":"https:\/\/www.airtradecentre.com\/tr\/wp-json\/wp\/v2\/pages"}],"about":[{"href":"https:\/\/www.airtradecentre.com\/tr\/wp-json\/wp\/v2\/types\/page"}],"author":[{"embeddable":true,"href":"https:\/\/www.airtradecentre.com\/tr\/wp-json\/wp\/v2\/users\/1"}],"replies":[{"embeddable":true,"href":"https:\/\/www.airtradecentre.com\/tr\/wp-json\/wp\/v2\/comments?post=14874"}],"version-history":[{"count":11,"href":"https:\/\/www.airtradecentre.com\/tr\/wp-json\/wp\/v2\/pages\/14874\/revisions"}],"predecessor-version":[{"id":15369,"href":"https:\/\/www.airtradecentre.com\/tr\/wp-json\/wp\/v2\/pages\/14874\/revisions\/15369"}],"up":[{"embeddable":true,"href":"https:\/\/www.airtradecentre.com\/tr\/wp-json\/wp\/v2\/pages\/110"}],"wp:attachment":[{"href":"https:\/\/www.airtradecentre.com\/tr\/wp-json\/wp\/v2\/media?parent=14874"}],"curies":[{"name":"wp","href":"https:\/\/api.w.org\/{rel}","templated":true}]}}