{"id":1677,"date":"2019-04-17T08:41:27","date_gmt":"2019-04-17T08:41:27","guid":{"rendered":"https:\/\/airtradecentre.com.tr\/?page_id=1677"},"modified":"2019-06-27T07:54:02","modified_gmt":"2019-06-27T07:54:02","slug":"etamaster-e","status":"publish","type":"page","link":"https:\/\/www.airtradecentre.com\/tr\/fanlar-ve-duman-kontrolu\/standart-kanal-fanlari\/etamaster-e\/","title":{"rendered":"Etamaster E Kanal Fan\u0131"},"content":{"rendered":"\n<style type=\"text\/css\" data-created_by=\"avia_inline_auto\" id=\"style-css-av-2iex7x-310ccf25b611388f42e33d7adc160b77\">\n.flex_column.av-2iex7x-310ccf25b611388f42e33d7adc160b77{\nborder-radius:0px 0px 0px 0px;\npadding:0px 0px 0px 0px;\n}\n<\/style>\n<div  class='flex_column av-2iex7x-310ccf25b611388f42e33d7adc160b77 av_one_full  avia-builder-el-0  el_before_av_two_fifth  avia-builder-el-first  first flex_column_div av-zero-column-padding  '     ><div  class='av_promobox av-jv6e4x07-9c967a7f06a9c9c73d42d5e9c630a8a3 avia-button-yes  avia-builder-el-1  avia-builder-el-no-sibling '><div class='avia-promocontent'><p>\nBu \u00fcr\u00fcn ile ilgili genel kullan\u0131m klavuzunu bilgisayar\u0131n\u0131za PDF format\u0131nda indirebilirsiniz.<\/p>\n<\/div><div  class='avia-button-wrap av-jv6e4x07-6e1e8f56e6887e7bd6b38da815ca2b84-wrap avia-button-right '><a href='https:\/\/airtradecentre.com\/wp-content\/uploads\/2019\/05\/eta-master-e-manual_compressed.pdf'  class='avia-button av-jv6e4x07-6e1e8f56e6887e7bd6b38da815ca2b84 avia-icon_select-no avia-size-large avia-position-right avia-color-theme-color'  ><span class='avia_iconbox_title' >Kullan\u0131m Klavuzu<\/span><\/a><\/div><\/div><\/div>\n\n<style type=\"text\/css\" data-created_by=\"avia_inline_auto\" id=\"style-css-av-1wjco7-ecc11c4033bd98e171ea76227102a5b2\">\n.flex_column.av-1wjco7-ecc11c4033bd98e171ea76227102a5b2{\nborder-width:2px;\nborder-color:#eaeaea;\nborder-style:solid;\nborder-radius:0px 0px 0px 0px;\npadding:0px 0px 0px 0px;\n}\n<\/style>\n<div  class='flex_column av-1wjco7-ecc11c4033bd98e171ea76227102a5b2 av_two_fifth  avia-builder-el-2  el_after_av_one_full  el_before_av_three_fifth  first flex_column_div av-zero-column-padding  column-top-margin'     ><style type=\"text\/css\" data-created_by=\"avia_inline_auto\" id=\"style-css-av-1q17nr-ae77786e3a04aafaf1ee74e8d6cc4c8a\">\n.avia-image-container.av-1q17nr-ae77786e3a04aafaf1ee74e8d6cc4c8a img.avia_image{\nbox-shadow:none;\n}\n.avia-image-container.av-1q17nr-ae77786e3a04aafaf1ee74e8d6cc4c8a .av-image-caption-overlay-center{\ncolor:#ffffff;\n}\n<\/style>\n<div  class='avia-image-container av-1q17nr-ae77786e3a04aafaf1ee74e8d6cc4c8a av-styling- avia-align-center  avia-builder-el-3  avia-builder-el-no-sibling '   itemprop=\"image\" itemscope=\"itemscope\" itemtype=\"https:\/\/schema.org\/ImageObject\" ><div class=\"avia-image-container-inner\"><div class=\"avia-image-overlay-wrap\"><a href=\"https:\/\/www.airtradecentre.com\/wp-content\/uploads\/2019\/04\/etamaster-e-kanal-standart-kanal-fani-1.jpg\" data-srcset=\"https:\/\/www.airtradecentre.com\/wp-content\/uploads\/2019\/04\/etamaster-e-kanal-standart-kanal-fani-1.jpg 500w, https:\/\/www.airtradecentre.com\/wp-content\/uploads\/2019\/04\/etamaster-e-kanal-standart-kanal-fani-1-80x80.jpg 80w\" data-sizes=\"(max-width: 500px) 100vw, 500px\" class='avia_image'  aria-label='ETAMASTER E'><img decoding=\"async\" fetchpriority=\"high\" class='wp-image-1675 avia-img-lazy-loading-not-1675 avia_image ' src=\"https:\/\/www.airtradecentre.com\/wp-content\/uploads\/2019\/04\/etamaster-e-kanal-standart-kanal-fani-1.jpg\" alt='' title='ETAMASTER E'  height=\"500\" width=\"500\"  itemprop=\"thumbnailUrl\" srcset=\"https:\/\/www.airtradecentre.com\/wp-content\/uploads\/2019\/04\/etamaster-e-kanal-standart-kanal-fani-1.jpg 500w, https:\/\/www.airtradecentre.com\/wp-content\/uploads\/2019\/04\/etamaster-e-kanal-standart-kanal-fani-1-80x80.jpg 80w\" sizes=\"(max-width: 500px) 100vw, 500px\" \/><\/a><\/div><\/div><\/div><\/div>\n\n<style type=\"text\/css\" data-created_by=\"avia_inline_auto\" id=\"style-css-av-1ii913-1ef8530b6245e033a803aa98e855892c\">\n.flex_column.av-1ii913-1ef8530b6245e033a803aa98e855892c{\nborder-radius:0px 0px 0px 0px;\npadding:0px 0px 0px 0px;\n}\n<\/style>\n<div  class='flex_column av-1ii913-1ef8530b6245e033a803aa98e855892c av_three_fifth  avia-builder-el-4  el_after_av_two_fifth  el_before_av_hr  flex_column_div av-zero-column-padding  column-top-margin'     ><p>\n<style type=\"text\/css\" data-created_by=\"avia_inline_auto\" id=\"style-css-av-av_heading-a130326d23c1f7208116477a1858cd0c\">\n#top .av-special-heading.av-av_heading-a130326d23c1f7208116477a1858cd0c{\npadding-bottom:0;\n}\nbody .av-special-heading.av-av_heading-a130326d23c1f7208116477a1858cd0c .av-special-heading-tag .heading-char{\nfont-size:25px;\n}\n.av-special-heading.av-av_heading-a130326d23c1f7208116477a1858cd0c .av-subheading{\nfont-size:15px;\n}\n<\/style>\n<div  class='av-special-heading av-av_heading-a130326d23c1f7208116477a1858cd0c av-special-heading-h2 blockquote modern-quote  avia-builder-el-5  el_before_av_hr  avia-builder-el-first '><h2 class='av-special-heading-tag'  itemprop=\"headline\"  >ETAMASTER E<\/h2><div class='av-subheading av-subheading_below'><p>Yuvarlak Kanal Fan\u0131<\/p>\n<\/div><div class=\"special-heading-border\"><div class=\"special-heading-inner-border\"><\/div><\/div><\/div><br \/>\n\n<style type=\"text\/css\" data-created_by=\"avia_inline_auto\" id=\"style-css-av-3jr0kd-fee1513b14a6f9b860f1886d045df132\">\n#top .hr.hr-invisible.av-3jr0kd-fee1513b14a6f9b860f1886d045df132{\nheight:10px;\n}\n<\/style>\n<div  class='hr av-3jr0kd-fee1513b14a6f9b860f1886d045df132 hr-invisible  avia-builder-el-6  el_after_av_heading  el_before_av_textblock '><span class='hr-inner '><span class=\"hr-inner-style\"><\/span><\/span><\/div><br \/>\n<section  class='av_textblock_section av-jxeddc1k-e5d66c7c9c112a73ac0bc2ddc8225233 '   itemscope=\"itemscope\" itemtype=\"https:\/\/schema.org\/CreativeWork\" ><div class='avia_textblock'  itemprop=\"text\" ><div>ETAMASTER E model fanlar dairesel kanallara monte edilmek i\u00e7in tasarlanm\u0131\u015ft\u0131r. Ofisler, restoranlar, teknik mekan vb. pek \u00e7ok yap\u0131n\u0131n havaland\u0131rma uygulamas\u0131nda kullan\u0131lmaktad\u0131r.<\/div>\n<div><\/div>\n<div><strong>Yap\u0131s\u0131<\/strong><\/div>\n<div>&#8211; Karma ak\u0131\u015fl\u0131 yuvarlak kanal tipi fan<\/div>\n<div>&#8211; Plastik g\u00f6vdeli<\/div>\n<div>&#8211; 315 m\u00b3\/h\u2019 e kadar hava debisi<\/div>\n<div>&#8211; H\u0131z ayar\u0131na uygun, voltaj kontroll\u00fc<\/div>\n<div>&#8211; Entegre termik korumal\u0131, Monofaze, 230 V<\/div>\n<div>&#8211; Bak\u0131m gerektirmeyen, uzun \u00f6m\u00fcrl\u00fc rulman<\/div>\n<div>&#8211; Standart 50 Hz ( 60 Hz opsiyonu mevcuttur )<\/div>\n<\/div><\/section><br \/>\n\n<style type=\"text\/css\" data-created_by=\"avia_inline_auto\" id=\"style-css-av-3jr0kd-fee1513b14a6f9b860f1886d045df132\">\n#top .hr.hr-invisible.av-3jr0kd-fee1513b14a6f9b860f1886d045df132{\nheight:10px;\n}\n<\/style>\n<div  class='hr av-3jr0kd-fee1513b14a6f9b860f1886d045df132 hr-invisible  avia-builder-el-8  el_after_av_textblock  el_before_av_buttonrow '><span class='hr-inner '><span class=\"hr-inner-style\"><\/span><\/span><\/div><br \/>\n<div  class='avia-buttonrow-wrap av-jqxs57ih-516dd56d2448d704ca4d51177cd23b85 avia-buttonrow-left  avia-builder-el-9  el_after_av_hr  avia-builder-el-last '>\n\n<style type=\"text\/css\" data-created_by=\"avia_inline_auto\" id=\"style-css-av-cmqhpl-a59183730c0686edb58d8b2a7b0fd5cc\">\n#top #wrap_all .avia-button.av-cmqhpl-a59183730c0686edb58d8b2a7b0fd5cc{\nmargin-bottom:5px;\nmargin-right:5px;\n}\n<\/style>\n<a href='https:\/\/www.airtradecentre.com\/tr\/iletisim\/'  class='avia-button av-cmqhpl-a59183730c0686edb58d8b2a7b0fd5cc avia-icon_select-no avia-size-medium avia-color-theme-color-highlight'  ><span class='avia_iconbox_title' >Mail G\u00f6nder<\/span><\/a>\n<\/div><\/p><\/div><div  class='hr av-2b5v2l-3a3b61d3b92102ae768b7e6e3bb0a0c9 hr-default  avia-builder-el-10  el_after_av_three_fifth  el_before_av_one_full '><span class='hr-inner '><span class=\"hr-inner-style\"><\/span><\/span><\/div><\/p>\n\n<style type=\"text\/css\" data-created_by=\"avia_inline_auto\" id=\"style-css-av-mmnrb-1846dac7fc629862f7ccd4aa6477d7d5\">\n.flex_column.av-mmnrb-1846dac7fc629862f7ccd4aa6477d7d5{\nborder-radius:0px 0px 0px 0px;\npadding:0px 0px 0px 0px;\n}\n<\/style>\n<div  class='flex_column av-mmnrb-1846dac7fc629862f7ccd4aa6477d7d5 av_one_full  avia-builder-el-11  el_after_av_hr  avia-builder-el-last  first flex_column_div av-zero-column-padding  '     ><div  class='tabcontainer av-jqlcgght-cde9fc81693b2c53a5cc4c138a155e9b top_tab  avia-builder-el-12  avia-builder-el-no-sibling ' role='tablist'>\n<section class='av_tab_section av_tab_section av-2r5zt9-fdc003af3872d9887b34f1b6a055cd38'  itemscope=\"itemscope\" itemtype=\"https:\/\/schema.org\/CreativeWork\" ><div class='tab active_tab' role='tab' tabindex='0' data-fake-id='#tab-id-1' aria-controls='tab-id-1-content'  itemprop=\"headline\" ><span class='tab_icon' aria-hidden='true' data-av_icon='\ue8c7' data-av_iconfont='entypo-fontello'><\/span>Performans Verileri<\/div><div id='tab-id-1-content' class='tab_content active_tab_content' aria-hidden=\"false\"><div class='tab_inner_content invers-color'  itemprop=\"text\" ><table width=\"100%\">\n<tbody>\n<tr>\n<td style=\"vertical-align: middle;\" rowspan=\"2\"><strong>Model\u00a0<\/strong><\/td>\n<td style=\"text-align: center;\" colspan=\"3\" rowspan=\"1\"><strong>Hava Debisi [m3\/h]<\/strong><\/td>\n<\/tr>\n<tr>\n<td style=\"text-align: center; background-color: #ebebeb;\"><strong>0Pa<\/strong><\/td>\n<td style=\"text-align: center; background-color: #ebebeb;\"><strong>50Pa<\/strong><\/td>\n<td style=\"text-align: center; background-color: #ebebeb;\"><strong>100Pa<\/strong><\/td>\n<\/tr>\n<tr>\n<td>ETAMASTER 100L E2 01<\/td>\n<td style=\"text-align: center;\">124<\/td>\n<td style=\"text-align: center;\">55<\/td>\n<td style=\"text-align: center;\">_<\/td>\n<\/tr>\n<tr>\n<td>ETAMASTER 125L E2 01<\/td>\n<td style=\"text-align: center;\">275<\/td>\n<td style=\"text-align: center;\">204<\/td>\n<td style=\"text-align: center;\">47<\/td>\n<\/tr>\n<tr>\n<td>ETAMASTER 125 E2 02<\/td>\n<td style=\"text-align: center;\">142<\/td>\n<td style=\"text-align: center;\">56<\/td>\n<td style=\"text-align: center;\">_<\/td>\n<\/tr>\n<tr>\n<td>ETAMASTER 150 E2 02<\/td>\n<td style=\"text-align: center;\">270<\/td>\n<td style=\"text-align: center;\">197<\/td>\n<td style=\"text-align: center;\">61<\/td>\n<\/tr>\n<tr>\n<td>ETAMASTER 160 E2 02<\/td>\n<td style=\"text-align: center;\">315<\/td>\n<td style=\"text-align: center;\">232<\/td>\n<td style=\"text-align: center;\">80<\/td>\n<\/tr>\n<\/tbody>\n<\/table>\n<\/div><\/div><\/section>\n<section class='av_tab_section av_tab_section av-90bod-95bd747593dd3702792d591c560404d1'  itemscope=\"itemscope\" itemtype=\"https:\/\/schema.org\/CreativeWork\" ><div class='tab' role='tab' tabindex='0' data-fake-id='#tab-id-2' aria-controls='tab-id-2-content'  itemprop=\"headline\" ><span class='tab_icon' aria-hidden='true' data-av_icon='\ue855' data-av_iconfont='entypo-fontello'><\/span>Teknik Veriler<\/div><div id='tab-id-2-content' class='tab_content' aria-hidden=\"true\"><div class='tab_inner_content invers-color'  itemprop=\"text\" ><table width=\"100%\">\n<tbody>\n<tr>\n<td><strong>Model<\/strong><\/td>\n<td style=\"text-align: center;\"><strong>Voltaj [V]<\/strong><\/td>\n<td style=\"text-align: center;\"><strong>Frekans [Hz]<\/strong><\/td>\n<td style=\"text-align: center;\"><strong>H\u0131z [d\/d]<\/strong><\/td>\n<td style=\"text-align: center;\"><strong>G\u00fc\u00e7 [W]<\/strong><\/td>\n<td style=\"text-align: center;\"><strong>Ak\u0131m [A]<\/strong><\/td>\n<td style=\"text-align: center;\"><strong>LWA2 [dB]<\/strong><\/td>\n<td style=\"text-align: center;\"><strong>LWA5 [dB]<\/strong><\/td>\n<td style=\"text-align: center;\"><strong>LWA6 [dB]<\/strong><\/td>\n<td style=\"text-align: center;\"><strong>H\u0131z Anahtar\u0131<\/strong><\/td>\n<td style=\"text-align: center;\"><strong>Maks. S\u0131cakl\u0131k [oC]<\/strong><\/td>\n<\/tr>\n<tr>\n<td>ETAMASTER 100L E2 01<\/td>\n<td style=\"text-align: center;\">230<\/td>\n<td style=\"text-align: center;\">50<\/td>\n<td style=\"text-align: center;\">2570<\/td>\n<td style=\"text-align: center;\">13<\/td>\n<td style=\"text-align: center;\">0,21<\/td>\n<td style=\"text-align: center;\">52<\/td>\n<td style=\"text-align: center;\">53<\/td>\n<td style=\"text-align: center;\">53<\/td>\n<td style=\"text-align: center;\">&#8211;<\/td>\n<td style=\"text-align: center;\">60<\/td>\n<\/tr>\n<tr>\n<td>ETAMASTER 125L E2 01<\/td>\n<td style=\"text-align: center;\">230<\/td>\n<td style=\"text-align: center;\">50<\/td>\n<td style=\"text-align: center;\">2500<\/td>\n<td style=\"text-align: center;\">31<\/td>\n<td style=\"text-align: center;\">0,29<\/td>\n<td style=\"text-align: center;\">44<\/td>\n<td style=\"text-align: center;\">58<\/td>\n<td style=\"text-align: center;\">58<\/td>\n<td style=\"text-align: center;\">&#8211;<\/td>\n<td style=\"text-align: center;\">40<\/td>\n<\/tr>\n<tr>\n<td>ETAMASTER 125 E2 02<\/td>\n<td style=\"text-align: center;\">230<\/td>\n<td style=\"text-align: center;\">50<\/td>\n<td style=\"text-align: center;\">2590<\/td>\n<td style=\"text-align: center;\">14<\/td>\n<td style=\"text-align: center;\">0,22<\/td>\n<td style=\"text-align: center;\">50<\/td>\n<td style=\"text-align: center;\">49<\/td>\n<td style=\"text-align: center;\">52<\/td>\n<td style=\"text-align: center;\">&#8211;<\/td>\n<td style=\"text-align: center;\">60<\/td>\n<\/tr>\n<tr>\n<td>ETAMASTER 150 E2 02<\/td>\n<td style=\"text-align: center;\">230<\/td>\n<td style=\"text-align: center;\">50<\/td>\n<td style=\"text-align: center;\">2600<\/td>\n<td style=\"text-align: center;\">29<\/td>\n<td style=\"text-align: center;\">0,29<\/td>\n<td style=\"text-align: center;\">51<\/td>\n<td style=\"text-align: center;\">56<\/td>\n<td style=\"text-align: center;\">59<\/td>\n<td style=\"text-align: center;\">&#8211;<\/td>\n<td style=\"text-align: center;\">40<\/td>\n<\/tr>\n<tr>\n<td>ETAMASTER 160 E2 02<\/td>\n<td style=\"text-align: center;\">230<\/td>\n<td style=\"text-align: center;\">50<\/td>\n<td style=\"text-align: center;\">2470<\/td>\n<td style=\"text-align: center;\">31<\/td>\n<td style=\"text-align: center;\">0,29<\/td>\n<td style=\"text-align: center;\">50<\/td>\n<td style=\"text-align: center;\">56<\/td>\n<td style=\"text-align: center;\">60<\/td>\n<td style=\"text-align: center;\">&#8211;<\/td>\n<td style=\"text-align: center;\">40<\/td>\n<\/tr>\n<\/tbody>\n<\/table>\n<\/div><\/div><\/section>\n<section class='av_tab_section av_tab_section av-2m83hp-218e39c2abecdfe47434485c4d89f685'  itemscope=\"itemscope\" itemtype=\"https:\/\/schema.org\/CreativeWork\" ><div class='tab' role='tab' tabindex='0' data-fake-id='#tab-id-3' aria-controls='tab-id-3-content'  itemprop=\"headline\" ><span class='tab_icon' aria-hidden='true' data-av_icon='\ue8d3' data-av_iconfont='entypo-fontello'><\/span>\u00d6l\u00e7\u00fcler ve Ba\u011flant\u0131 \u015eemas\u0131<\/div><div id='tab-id-3-content' class='tab_content' aria-hidden=\"true\"><div class='tab_inner_content invers-color'  itemprop=\"text\" ><table width=\"100%\">\n<tbody>\n<tr>\n<td><strong>Model<\/strong><\/td>\n<td style=\"text-align: center;\" width=\"10%\"><strong>\u00dcr\u00fcn \u00d6l\u00e7\u00fcleri<\/strong><\/td>\n<td style=\"text-align: center;\" width=\"10%\"><strong>Ba\u011flant\u0131 \u015eemas\u0131<\/strong><\/td>\n<td style=\"text-align: center;\"><strong>\u00c7ap [ mm ]<\/strong><\/td>\n<td style=\"text-align: center;\"><strong>Uzunluk [ mm ]<\/strong><\/td>\n<td style=\"text-align: center;\"><strong>A\u011f\u0131rl\u0131k [ kg ]<\/strong><\/td>\n<\/tr>\n<tr>\n<td>ETAMASTER 100L E2 01<\/td>\n<td style=\"text-align: center;\">\n<style type=\"text\/css\" data-created_by=\"avia_inline_auto\" id=\"style-css-av-2ndoel-ca398fe723fbf8bc370dcb9dd62d70f8\">\n.av_font_icon.av-2ndoel-ca398fe723fbf8bc370dcb9dd62d70f8 .av-icon-char{\nfont-size:20px;\nline-height:20px;\n}\n<\/style>\n<span  class='av_font_icon av-2ndoel-ca398fe723fbf8bc370dcb9dd62d70f8 avia_animate_when_visible av-icon-style- avia-icon-pos-center av-no-color avia-icon-animate'><a href='https:\/\/airtradecentre.com\/wp-content\/uploads\/2019\/04\/ETAMASTER-100L-E2-01-urun-olcusu.jpg'   class='av-icon-char' aria-hidden='true' data-av_icon='\ue826' data-av_iconfont='entypo-fontello' ><\/a><\/span><\/td>\n<td style=\"text-align: center;\">\n<style type=\"text\/css\" data-created_by=\"avia_inline_auto\" id=\"style-css-av-2ndoel-9e559b9b1fdedceff2e2754e5a9bf328\">\n.av_font_icon.av-2ndoel-9e559b9b1fdedceff2e2754e5a9bf328 .av-icon-char{\nfont-size:20px;\nline-height:20px;\n}\n<\/style>\n<span  class='av_font_icon av-2ndoel-9e559b9b1fdedceff2e2754e5a9bf328 avia_animate_when_visible av-icon-style- avia-icon-pos-center av-no-color avia-icon-animate'><a href='https:\/\/airtradecentre.com\/wp-content\/uploads\/2019\/04\/ETAMASTER-100L-E2-01-elektrik-semasi.jpg'   class='av-icon-char' aria-hidden='true' data-av_icon='\ue826' data-av_iconfont='entypo-fontello' ><\/a><\/span><\/td>\n<td style=\"text-align: center;\">99<\/td>\n<td style=\"text-align: center;\">231<\/td>\n<td style=\"text-align: center;\">0,80<\/td>\n<\/tr>\n<tr>\n<td>ETAMASTER 125L E2 01<\/td>\n<td style=\"text-align: center;\">\n<style type=\"text\/css\" data-created_by=\"avia_inline_auto\" id=\"style-css-av-2ndoel-2f6bda2ab4fefcd46c029b22009bdded\">\n.av_font_icon.av-2ndoel-2f6bda2ab4fefcd46c029b22009bdded .av-icon-char{\nfont-size:20px;\nline-height:20px;\n}\n<\/style>\n<span  class='av_font_icon av-2ndoel-2f6bda2ab4fefcd46c029b22009bdded avia_animate_when_visible av-icon-style- avia-icon-pos-center av-no-color avia-icon-animate'><a href='https:\/\/airtradecentre.com\/wp-content\/uploads\/2019\/04\/ETAMASTER-125L-E2-01-urun-olculeri.jpg'   class='av-icon-char' aria-hidden='true' data-av_icon='\ue826' data-av_iconfont='entypo-fontello' ><\/a><\/span><\/td>\n<td style=\"text-align: center;\">\n<style type=\"text\/css\" data-created_by=\"avia_inline_auto\" id=\"style-css-av-2ndoel-297371b98aecf5d1dea707a52ffec7d2\">\n.av_font_icon.av-2ndoel-297371b98aecf5d1dea707a52ffec7d2 .av-icon-char{\nfont-size:20px;\nline-height:20px;\n}\n<\/style>\n<span  class='av_font_icon av-2ndoel-297371b98aecf5d1dea707a52ffec7d2 avia_animate_when_visible av-icon-style- avia-icon-pos-center av-no-color avia-icon-animate'><a href='https:\/\/airtradecentre.com\/wp-content\/uploads\/2019\/04\/ETAMASTER-125L-E2-01-Elektrik-Ba%C4%9Flant%C4%B1-%C5%9Eemas%C4%B1.jpg'   class='av-icon-char' aria-hidden='true' data-av_icon='\ue826' data-av_iconfont='entypo-fontello' ><\/a><\/span><\/td>\n<td style=\"text-align: center;\">124<\/td>\n<td style=\"text-align: center;\">258<\/td>\n<td style=\"text-align: center;\">1,20<\/td>\n<\/tr>\n<tr>\n<td>ETAMASTER 125 E2 02<\/td>\n<td style=\"text-align: center;\">\n<style type=\"text\/css\" data-created_by=\"avia_inline_auto\" id=\"style-css-av-2ndoel-bbabd1ef282a8ce2305639d33bbaee6a\">\n.av_font_icon.av-2ndoel-bbabd1ef282a8ce2305639d33bbaee6a .av-icon-char{\nfont-size:20px;\nline-height:20px;\n}\n<\/style>\n<span  class='av_font_icon av-2ndoel-bbabd1ef282a8ce2305639d33bbaee6a avia_animate_when_visible av-icon-style- avia-icon-pos-center av-no-color avia-icon-animate'><a href='https:\/\/airtradecentre.com\/wp-content\/uploads\/2019\/04\/ETAMASTER-125-E2-02-urun-olculeri.jpg'   class='av-icon-char' aria-hidden='true' data-av_icon='\ue826' data-av_iconfont='entypo-fontello' ><\/a><\/span><\/td>\n<td style=\"text-align: center;\">\n<style type=\"text\/css\" data-created_by=\"avia_inline_auto\" id=\"style-css-av-2ndoel-3935488d9af95554f6b5081119a528d4\">\n.av_font_icon.av-2ndoel-3935488d9af95554f6b5081119a528d4 .av-icon-char{\nfont-size:20px;\nline-height:20px;\n}\n<\/style>\n<span  class='av_font_icon av-2ndoel-3935488d9af95554f6b5081119a528d4 avia_animate_when_visible av-icon-style- avia-icon-pos-center av-no-color avia-icon-animate'><a href='https:\/\/airtradecentre.com\/wp-content\/uploads\/2019\/04\/ETAMASTER-125-E2-02-Elektrik-Baglanti-Semasi.jpg'   class='av-icon-char' aria-hidden='true' data-av_icon='\ue826' data-av_iconfont='entypo-fontello' ><\/a><\/span><\/td>\n<td style=\"text-align: center;\">124<\/td>\n<td style=\"text-align: center;\">125<\/td>\n<td style=\"text-align: center;\">0,70<\/td>\n<\/tr>\n<tr>\n<td>ETAMASTER 150 E2 02<\/td>\n<td style=\"text-align: center;\">\n<style type=\"text\/css\" data-created_by=\"avia_inline_auto\" id=\"style-css-av-2ndoel-df9e9f98f94c758ad9643e8fc00aa8d3\">\n.av_font_icon.av-2ndoel-df9e9f98f94c758ad9643e8fc00aa8d3 .av-icon-char{\nfont-size:20px;\nline-height:20px;\n}\n<\/style>\n<span  class='av_font_icon av-2ndoel-df9e9f98f94c758ad9643e8fc00aa8d3 avia_animate_when_visible av-icon-style- avia-icon-pos-center av-no-color avia-icon-animate'><a href='https:\/\/airtradecentre.com\/wp-content\/uploads\/2019\/04\/ETAMASTER-150-E2-02-Urun-Olculeri.jpg.jpg'   class='av-icon-char' aria-hidden='true' data-av_icon='\ue826' data-av_iconfont='entypo-fontello' ><\/a><\/span><\/td>\n<td style=\"text-align: center;\">\n<style type=\"text\/css\" data-created_by=\"avia_inline_auto\" id=\"style-css-av-2ndoel-ea791166717f947a00f8bdaa88ff9669\">\n.av_font_icon.av-2ndoel-ea791166717f947a00f8bdaa88ff9669 .av-icon-char{\nfont-size:20px;\nline-height:20px;\n}\n<\/style>\n<span  class='av_font_icon av-2ndoel-ea791166717f947a00f8bdaa88ff9669 avia_animate_when_visible av-icon-style- avia-icon-pos-center av-no-color avia-icon-animate'><a href='https:\/\/airtradecentre.com\/wp-content\/uploads\/2019\/04\/ETAMASTER-150-E2-02-Elektrik-Ba%C4%9Flant%C4%B1-%C5%9Eemas%C4%B1.jpg.jpg'   class='av-icon-char' aria-hidden='true' data-av_icon='\ue826' data-av_iconfont='entypo-fontello' ><\/a><\/span><\/td>\n<td style=\"text-align: center;\">149<\/td>\n<td style=\"text-align: center;\">135<\/td>\n<td style=\"text-align: center;\">1,00<\/td>\n<\/tr>\n<tr>\n<td>ETAMASTER 160 E2 02<\/td>\n<td style=\"text-align: center;\">\n<style type=\"text\/css\" data-created_by=\"avia_inline_auto\" id=\"style-css-av-2ndoel-e6192ce7543d6d007ff7ffb7c38060bf\">\n.av_font_icon.av-2ndoel-e6192ce7543d6d007ff7ffb7c38060bf .av-icon-char{\nfont-size:20px;\nline-height:20px;\n}\n<\/style>\n<span  class='av_font_icon av-2ndoel-e6192ce7543d6d007ff7ffb7c38060bf avia_animate_when_visible av-icon-style- avia-icon-pos-center av-no-color avia-icon-animate'><a href='https:\/\/airtradecentre.com\/wp-content\/uploads\/2019\/04\/ETAMASTER-160-E2-02-Urun-Olculeri.jpg.jpg'   class='av-icon-char' aria-hidden='true' data-av_icon='\ue826' data-av_iconfont='entypo-fontello' ><\/a><\/span><\/td>\n<td style=\"text-align: center;\">\n<style type=\"text\/css\" data-created_by=\"avia_inline_auto\" id=\"style-css-av-2ndoel-b6f290f42d35311b8718d735595c4227\">\n.av_font_icon.av-2ndoel-b6f290f42d35311b8718d735595c4227 .av-icon-char{\nfont-size:20px;\nline-height:20px;\n}\n<\/style>\n<span  class='av_font_icon av-2ndoel-b6f290f42d35311b8718d735595c4227 avia_animate_when_visible av-icon-style- avia-icon-pos-center av-no-color avia-icon-animate'><a href='https:\/\/airtradecentre.com\/wp-content\/uploads\/2019\/04\/ETAMASTER-160-E2-02-Elektrik-Baglant%C4%B1-Semasi.jpg.jpg'   class='av-icon-char' aria-hidden='true' data-av_icon='\ue826' data-av_iconfont='entypo-fontello' ><\/a><\/span><\/td>\n<td style=\"text-align: center;\">159<\/td>\n<td style=\"text-align: center;\">135<\/td>\n<td style=\"text-align: center;\">1,00<\/td>\n<\/tr>\n<\/tbody>\n<\/table>\n<\/div><\/div><\/section>\n<\/div><\/div>\n","protected":false},"excerpt":{"rendered":"","protected":false},"author":1,"featured_media":0,"parent":779,"menu_order":0,"comment_status":"closed","ping_status":"closed","template":"","meta":{"footnotes":""},"class_list":["post-1677","page","type-page","status-publish","hentry"],"aioseo_notices":[],"_links":{"self":[{"href":"https:\/\/www.airtradecentre.com\/tr\/wp-json\/wp\/v2\/pages\/1677","targetHints":{"allow":["GET"]}}],"collection":[{"href":"https:\/\/www.airtradecentre.com\/tr\/wp-json\/wp\/v2\/pages"}],"about":[{"href":"https:\/\/www.airtradecentre.com\/tr\/wp-json\/wp\/v2\/types\/page"}],"author":[{"embeddable":true,"href":"https:\/\/www.airtradecentre.com\/tr\/wp-json\/wp\/v2\/users\/1"}],"replies":[{"embeddable":true,"href":"https:\/\/www.airtradecentre.com\/tr\/wp-json\/wp\/v2\/comments?post=1677"}],"version-history":[{"count":65,"href":"https:\/\/www.airtradecentre.com\/tr\/wp-json\/wp\/v2\/pages\/1677\/revisions"}],"predecessor-version":[{"id":7715,"href":"https:\/\/www.airtradecentre.com\/tr\/wp-json\/wp\/v2\/pages\/1677\/revisions\/7715"}],"up":[{"embeddable":true,"href":"https:\/\/www.airtradecentre.com\/tr\/wp-json\/wp\/v2\/pages\/779"}],"wp:attachment":[{"href":"https:\/\/www.airtradecentre.com\/tr\/wp-json\/wp\/v2\/media?parent=1677"}],"curies":[{"name":"wp","href":"https:\/\/api.w.org\/{rel}","templated":true}]}}