{"id":1949,"date":"2019-04-18T06:42:49","date_gmt":"2019-04-18T06:42:49","guid":{"rendered":"https:\/\/airtradecentre.com.tr\/?page_id=1949"},"modified":"2019-06-27T08:43:31","modified_gmt":"2019-06-27T08:43:31","slug":"emix-m","status":"publish","type":"page","link":"https:\/\/www.airtradecentre.com\/tr\/fanlar-ve-duman-kontrolu\/standart-kanal-fanlari\/emix-m\/","title":{"rendered":"EMIX M Kanal Fan\u0131"},"content":{"rendered":"\n<style type=\"text\/css\" data-created_by=\"avia_inline_auto\" id=\"style-css-av-2iex7x-310ccf25b611388f42e33d7adc160b77\">\n.flex_column.av-2iex7x-310ccf25b611388f42e33d7adc160b77{\nborder-radius:0px 0px 0px 0px;\npadding:0px 0px 0px 0px;\n}\n<\/style>\n<div  class='flex_column av-2iex7x-310ccf25b611388f42e33d7adc160b77 av_one_full  avia-builder-el-0  el_before_av_two_fifth  avia-builder-el-first  first flex_column_div av-zero-column-padding  '     ><div  class='av_promobox av-jv6e4x07-58b75ff6d3990c4e30a61ea68b2d78a5 avia-button-yes  avia-builder-el-1  avia-builder-el-no-sibling '><div class='avia-promocontent'><p>\nBu \u00fcr\u00fcn ile ilgili genel kullan\u0131m klavuzunu bilgisayar\u0131n\u0131za PDF format\u0131nda indirebilirsiniz.<\/p>\n<\/div><div  class='avia-button-wrap av-jv6e4x07-345b51ff05cb0737d79cc0c64b3726e3-wrap avia-button-right '><a href='https:\/\/airtradecentre.com\/wp-content\/uploads\/2019\/05\/3-EMIX-M-MANUEL_compressed.pdf'  class='avia-button av-jv6e4x07-345b51ff05cb0737d79cc0c64b3726e3 avia-icon_select-no avia-size-large avia-position-right avia-color-theme-color'  ><span class='avia_iconbox_title' >Kullan\u0131m Klavuzu<\/span><\/a><\/div><\/div><\/div>\n\n<style type=\"text\/css\" data-created_by=\"avia_inline_auto\" id=\"style-css-av-1wjco7-ecc11c4033bd98e171ea76227102a5b2\">\n.flex_column.av-1wjco7-ecc11c4033bd98e171ea76227102a5b2{\nborder-width:2px;\nborder-color:#eaeaea;\nborder-style:solid;\nborder-radius:0px 0px 0px 0px;\npadding:0px 0px 0px 0px;\n}\n<\/style>\n<div  class='flex_column av-1wjco7-ecc11c4033bd98e171ea76227102a5b2 av_two_fifth  avia-builder-el-2  el_after_av_one_full  el_before_av_three_fifth  first flex_column_div av-zero-column-padding  column-top-margin'     ><style type=\"text\/css\" data-created_by=\"avia_inline_auto\" id=\"style-css-av-1q17nr-f373e51395034689083102bcb0f733f1\">\n.avia-image-container.av-1q17nr-f373e51395034689083102bcb0f733f1 img.avia_image{\nbox-shadow:none;\n}\n.avia-image-container.av-1q17nr-f373e51395034689083102bcb0f733f1 .av-image-caption-overlay-center{\ncolor:#ffffff;\n}\n<\/style>\n<div  class='avia-image-container av-1q17nr-f373e51395034689083102bcb0f733f1 av-styling- avia-align-center  avia-builder-el-3  avia-builder-el-no-sibling '   itemprop=\"image\" itemscope=\"itemscope\" itemtype=\"https:\/\/schema.org\/ImageObject\" ><div class=\"avia-image-container-inner\"><div class=\"avia-image-overlay-wrap\"><a href=\"https:\/\/www.airtradecentre.com\/wp-content\/uploads\/2019\/04\/EMIX-M.jpg\" data-srcset=\"https:\/\/www.airtradecentre.com\/wp-content\/uploads\/2019\/04\/EMIX-M.jpg 500w, https:\/\/www.airtradecentre.com\/wp-content\/uploads\/2019\/04\/EMIX-M-80x80.jpg 80w\" data-sizes=\"(max-width: 500px) 100vw, 500px\" class='avia_image'  aria-label='EMIX M'><img decoding=\"async\" fetchpriority=\"high\" class='wp-image-1956 avia-img-lazy-loading-not-1956 avia_image ' src=\"https:\/\/www.airtradecentre.com\/wp-content\/uploads\/2019\/04\/EMIX-M.jpg\" alt='' title='EMIX M'  height=\"500\" width=\"500\"  itemprop=\"thumbnailUrl\" srcset=\"https:\/\/www.airtradecentre.com\/wp-content\/uploads\/2019\/04\/EMIX-M.jpg 500w, https:\/\/www.airtradecentre.com\/wp-content\/uploads\/2019\/04\/EMIX-M-80x80.jpg 80w\" sizes=\"(max-width: 500px) 100vw, 500px\" \/><\/a><\/div><\/div><\/div><\/div>\n\n<style type=\"text\/css\" data-created_by=\"avia_inline_auto\" id=\"style-css-av-1ii913-1ef8530b6245e033a803aa98e855892c\">\n.flex_column.av-1ii913-1ef8530b6245e033a803aa98e855892c{\nborder-radius:0px 0px 0px 0px;\npadding:0px 0px 0px 0px;\n}\n<\/style>\n<div  class='flex_column av-1ii913-1ef8530b6245e033a803aa98e855892c av_three_fifth  avia-builder-el-4  el_after_av_two_fifth  el_before_av_one_full  flex_column_div av-zero-column-padding  column-top-margin'     ><p>\n<style type=\"text\/css\" data-created_by=\"avia_inline_auto\" id=\"style-css-av-jxef54pk-609844403bcc7d9001b5f65369a8a32b\">\n#top .av-special-heading.av-jxef54pk-609844403bcc7d9001b5f65369a8a32b{\npadding-bottom:0;\n}\nbody .av-special-heading.av-jxef54pk-609844403bcc7d9001b5f65369a8a32b .av-special-heading-tag .heading-char{\nfont-size:25px;\n}\n.av-special-heading.av-jxef54pk-609844403bcc7d9001b5f65369a8a32b .av-subheading{\nfont-size:15px;\n}\n<\/style>\n<div  class='av-special-heading av-jxef54pk-609844403bcc7d9001b5f65369a8a32b av-special-heading-h2 blockquote modern-quote  avia-builder-el-5  el_before_av_hr  avia-builder-el-first '><h2 class='av-special-heading-tag'  itemprop=\"headline\"  >EMIX M<\/h2><div class='av-subheading av-subheading_below'><p>Yuvarlak Kanal Fan\u0131<\/p>\n<\/div><div class=\"special-heading-border\"><div class=\"special-heading-inner-border\"><\/div><\/div><\/div><br \/>\n\n<style type=\"text\/css\" data-created_by=\"avia_inline_auto\" id=\"style-css-av-jxef4bgp-5d9a4800d503175a380e41a77a41c60f\">\n#top .hr.hr-invisible.av-jxef4bgp-5d9a4800d503175a380e41a77a41c60f{\nheight:10px;\n}\n<\/style>\n<div  class='hr av-jxef4bgp-5d9a4800d503175a380e41a77a41c60f hr-invisible  avia-builder-el-6  el_after_av_heading  el_before_av_textblock '><span class='hr-inner '><span class=\"hr-inner-style\"><\/span><\/span><\/div><br \/>\n<section  class='av_textblock_section av-jxef78my-06e9b17f43ea9f7532fd7b77582562a3 '   itemscope=\"itemscope\" itemtype=\"https:\/\/schema.org\/CreativeWork\" ><div class='avia_textblock'  itemprop=\"text\" ><p><span style=\"font-weight: 400;\">EMIX M model kendinden susturuculu g\u00f6vdeli fanlar dairesel kanallara monte edilmek i\u00e7in tasarlanm\u0131\u015ft\u0131r. Ofisler, restoranlar, oteller teknik mekan vb. pek \u00e7ok yap\u0131n\u0131n havaland\u0131rma uygulamas\u0131nda kullan\u0131lmaktad\u0131r.<\/span><br \/>\n<b>Yap\u0131s\u0131<\/b><br \/>\n<span style=\"font-weight: 400;\">&#8211; Karma ak\u0131\u015fl\u0131 yuvarlak kanal tipi fan<\/span><br \/>\n<span style=\"font-weight: 400;\">&#8211; Susturuculu galvaniz metal g\u00f6vdeli<\/span><br \/>\n<span style=\"font-weight: 400;\">&#8211; 3240 m\u00b3\/h\u2019 e kadar hava debisi<\/span><br \/>\n<span style=\"font-weight: 400;\">&#8211; 3 kademeli fan<\/span><br \/>\n<span style=\"font-weight: 400;\">&#8211; H\u0131z ayar\u0131na uygun, voltaj kontroll\u00fc<\/span><br \/>\n<span style=\"font-weight: 400;\">&#8211; Entegre termik korumal\u0131, Monofaze, 230 V<\/span><br \/>\n<span style=\"font-weight: 400;\">&#8211; Bak\u0131m gerektirmeyen, uzun \u00f6m\u00fcrl\u00fc rulman<\/span><br \/>\n<span style=\"font-weight: 400;\">&#8211; Standart 50 Hz ( 60 Hz opsiyonu mevcuttur )<\/span><\/p>\n<\/div><\/section><br \/>\n\n<style type=\"text\/css\" data-created_by=\"avia_inline_auto\" id=\"style-css-av-jxef4bgp-5d9a4800d503175a380e41a77a41c60f\">\n#top .hr.hr-invisible.av-jxef4bgp-5d9a4800d503175a380e41a77a41c60f{\nheight:10px;\n}\n<\/style>\n<div  class='hr av-jxef4bgp-5d9a4800d503175a380e41a77a41c60f hr-invisible  avia-builder-el-8  el_after_av_textblock  el_before_av_buttonrow '><span class='hr-inner '><span class=\"hr-inner-style\"><\/span><\/span><\/div><br \/>\n<div  class='avia-buttonrow-wrap av-jqxs57ih-516dd56d2448d704ca4d51177cd23b85 avia-buttonrow-left  avia-builder-el-9  el_after_av_hr  avia-builder-el-last '>\n\n<style type=\"text\/css\" data-created_by=\"avia_inline_auto\" id=\"style-css-av-cmqhpl-a59183730c0686edb58d8b2a7b0fd5cc\">\n#top #wrap_all .avia-button.av-cmqhpl-a59183730c0686edb58d8b2a7b0fd5cc{\nmargin-bottom:5px;\nmargin-right:5px;\n}\n<\/style>\n<a href='https:\/\/www.airtradecentre.com\/tr\/iletisim\/'  class='avia-button av-cmqhpl-a59183730c0686edb58d8b2a7b0fd5cc avia-icon_select-no avia-size-medium avia-color-theme-color-highlight'  ><span class='avia_iconbox_title' >Mail G\u00f6nder<\/span><\/a>\n<\/div><\/p><\/div>\n<style type=\"text\/css\" data-created_by=\"avia_inline_auto\" id=\"style-css-av-mmnrb-1846dac7fc629862f7ccd4aa6477d7d5\">\n.flex_column.av-mmnrb-1846dac7fc629862f7ccd4aa6477d7d5{\nborder-radius:0px 0px 0px 0px;\npadding:0px 0px 0px 0px;\n}\n<\/style>\n<div  class='flex_column av-mmnrb-1846dac7fc629862f7ccd4aa6477d7d5 av_one_full  avia-builder-el-10  el_after_av_three_fifth  avia-builder-el-last  first flex_column_div av-zero-column-padding  '     ><div  class='tabcontainer av-jqlcgght-cde9fc81693b2c53a5cc4c138a155e9b top_tab  avia-builder-el-11  avia-builder-el-no-sibling ' role='tablist'>\n<section class='av_tab_section av_tab_section av-2w4jhp-c8d80d2dad5afee8b115a4594c8b8fcf'  itemscope=\"itemscope\" itemtype=\"https:\/\/schema.org\/CreativeWork\" ><div class='tab active_tab' role='tab' tabindex='0' data-fake-id='#tab-id-1' aria-controls='tab-id-1-content'  itemprop=\"headline\" ><span class='tab_icon' aria-hidden='true' data-av_icon='\ue8c7' data-av_iconfont='entypo-fontello'><\/span>Performans Verileri<\/div><div id='tab-id-1-content' class='tab_content active_tab_content' aria-hidden=\"false\"><div class='tab_inner_content invers-color'  itemprop=\"text\" ><table width=\"100%\">\n<tbody>\n<tr>\n<td style=\"vertical-align: middle;\" rowspan=\"2\"><strong>Model\u00a0<\/strong><\/td>\n<td style=\"text-align: center;\" colspan=\"7\" rowspan=\"1\"><strong>Hava Debisi [m3\/h]<\/strong><\/td>\n<\/tr>\n<tr>\n<td style=\"text-align: center; background-color: #ebebeb;\"><strong>0Pa<\/strong><\/td>\n<td style=\"text-align: center; background-color: #ebebeb;\"><strong>100Pa<\/strong><\/td>\n<td style=\"text-align: center; background-color: #ebebeb;\"><strong>200Pa<\/strong><\/td>\n<td style=\"text-align: center; background-color: #ebebeb;\"><strong>300Pa<\/strong><\/td>\n<td style=\"text-align: center; background-color: #ebebeb;\"><strong>400Pa<\/strong><\/td>\n<td style=\"text-align: center; background-color: #ebebeb;\"><strong>500Pa<\/strong><\/td>\n<td style=\"text-align: center; background-color: #ebebeb;\"><strong>600Pa<\/strong><\/td>\n<\/tr>\n<tr>\n<td>EMIX 160L E2M 11<\/td>\n<td style=\"text-align: center;\">560<\/td>\n<td style=\"text-align: center;\">420<\/td>\n<td style=\"text-align: center;\">&#8211;<\/td>\n<td style=\"text-align: center;\">&#8211;<\/td>\n<td style=\"text-align: center;\">&#8211;<\/td>\n<td style=\"text-align: center;\">&#8211;<\/td>\n<td style=\"text-align: center;\">&#8211;<\/td>\n<\/tr>\n<tr>\n<td>EMIX 200 E2M 11<\/td>\n<td style=\"text-align: center;\">1120<\/td>\n<td style=\"text-align: center;\">950<\/td>\n<td style=\"text-align: center;\">719<\/td>\n<td style=\"text-align: center;\">83<\/td>\n<td style=\"text-align: center;\">&#8211;<\/td>\n<td style=\"text-align: center;\">&#8211;<\/td>\n<td style=\"text-align: center;\">&#8211;<\/td>\n<\/tr>\n<tr>\n<td>EMIX 250 E2M 11<\/td>\n<td style=\"text-align: center;\">1590<\/td>\n<td style=\"text-align: center;\">1431<\/td>\n<td style=\"text-align: center;\">1250<\/td>\n<td style=\"text-align: center;\">354<\/td>\n<td style=\"text-align: center;\">124<\/td>\n<td style=\"text-align: center;\">&#8211;<\/td>\n<td style=\"text-align: center;\">&#8211;<\/td>\n<\/tr>\n<tr>\n<td>EMIX 315 E2M 11<\/td>\n<td style=\"text-align: center;\">3015<\/td>\n<td style=\"text-align: center;\">2796<\/td>\n<td style=\"text-align: center;\">2572<\/td>\n<td style=\"text-align: center;\">2307<\/td>\n<td style=\"text-align: center;\">1925<\/td>\n<td style=\"text-align: center;\">534<\/td>\n<td style=\"text-align: center;\">155<\/td>\n<\/tr>\n<\/tbody>\n<\/table>\n<\/div><\/div><\/section>\n<section class='av_tab_section av_tab_section av-4xh57x-be3bd0da10a3e241a97eb61217326c17'  itemscope=\"itemscope\" itemtype=\"https:\/\/schema.org\/CreativeWork\" ><div class='tab' role='tab' tabindex='0' data-fake-id='#tab-id-2' aria-controls='tab-id-2-content'  itemprop=\"headline\" ><span class='tab_icon' aria-hidden='true' data-av_icon='\ue855' data-av_iconfont='entypo-fontello'><\/span>Teknik Veriler<\/div><div id='tab-id-2-content' class='tab_content' aria-hidden=\"true\"><div class='tab_inner_content invers-color'  itemprop=\"text\" ><table width=\"100%\">\n<tbody>\n<tr>\n<td><strong>Model<\/strong><\/td>\n<td style=\"text-align: center;\"><strong>Voltaj [V]<\/strong><\/td>\n<td style=\"text-align: center;\"><strong>Frekans [Hz]<\/strong><\/td>\n<td style=\"text-align: center;\"><strong>H\u0131z [d\/d]<\/strong><\/td>\n<td style=\"text-align: center;\"><strong>G\u00fc\u00e7 [W]<\/strong><\/td>\n<td style=\"text-align: center;\"><strong>Ak\u0131m [A]<\/strong><\/td>\n<td style=\"text-align: center;\"><strong>LWA2 [dB]<\/strong><\/td>\n<td style=\"text-align: center;\"><strong>LWA5 [dB]<\/strong><\/td>\n<td style=\"text-align: center;\"><strong>LWA6 [dB]<\/strong><\/td>\n<td style=\"text-align: center;\"><strong>H\u0131z Anahtar\u0131<\/strong><\/td>\n<td style=\"text-align: center;\"><strong>Maks. S\u0131cakl\u0131k [oC]<\/strong><\/td>\n<\/tr>\n<tr>\n<td>EMIX 160L E2M 11<\/td>\n<td style=\"text-align: center;\">230<\/td>\n<td style=\"text-align: center;\">50<\/td>\n<td style=\"text-align: center;\">2820<\/td>\n<td style=\"text-align: center;\">47<\/td>\n<td style=\"text-align: center;\">0,30<\/td>\n<td style=\"text-align: center;\">56<\/td>\n<td style=\"text-align: center;\">60<\/td>\n<td style=\"text-align: center;\">60<\/td>\n<td style=\"text-align: center;\">MTS 10<\/td>\n<td style=\"text-align: center;\">40<\/td>\n<\/tr>\n<tr>\n<td>EMIX 200 E2M 11<\/td>\n<td style=\"text-align: center;\">230<\/td>\n<td style=\"text-align: center;\">50<\/td>\n<td style=\"text-align: center;\">2840<\/td>\n<td style=\"text-align: center;\">121<\/td>\n<td style=\"text-align: center;\">0,57<\/td>\n<td style=\"text-align: center;\">56<\/td>\n<td style=\"text-align: center;\">67<\/td>\n<td style=\"text-align: center;\">69<\/td>\n<td style=\"text-align: center;\">MTS 10<\/td>\n<td style=\"text-align: center;\">40<\/td>\n<\/tr>\n<tr>\n<td>EMIX 250 E2M 11<\/td>\n<td style=\"text-align: center;\">230<\/td>\n<td style=\"text-align: center;\">50<\/td>\n<td style=\"text-align: center;\">2880<\/td>\n<td style=\"text-align: center;\">180<\/td>\n<td style=\"text-align: center;\">0,87<\/td>\n<td style=\"text-align: center;\">54<\/td>\n<td style=\"text-align: center;\">69<\/td>\n<td style=\"text-align: center;\">69<\/td>\n<td style=\"text-align: center;\">MTS 10<\/td>\n<td style=\"text-align: center;\">40<\/td>\n<\/tr>\n<tr>\n<td>EMIX 315 E2M 11<\/td>\n<td style=\"text-align: center;\">230<\/td>\n<td style=\"text-align: center;\">50<\/td>\n<td style=\"text-align: center;\">2790<\/td>\n<td style=\"text-align: center;\">430<\/td>\n<td style=\"text-align: center;\">2,09<\/td>\n<td style=\"text-align: center;\">61<\/td>\n<td style=\"text-align: center;\">76<\/td>\n<td style=\"text-align: center;\">77<\/td>\n<td style=\"text-align: center;\">MTS 10<\/td>\n<td style=\"text-align: center;\">40<\/td>\n<\/tr>\n<\/tbody>\n<\/table>\n<\/div><\/div><\/section>\n<section class='av_tab_section av_tab_section av-2kjnrx-429b1421ffe51993ad77ae31f5057a8e'  itemscope=\"itemscope\" itemtype=\"https:\/\/schema.org\/CreativeWork\" ><div class='tab' role='tab' tabindex='0' data-fake-id='#tab-id-3' aria-controls='tab-id-3-content'  itemprop=\"headline\" ><span class='tab_icon' aria-hidden='true' data-av_icon='\ue8d3' data-av_iconfont='entypo-fontello'><\/span>\u00d6l\u00e7\u00fcler ve Ba\u011flant\u0131 \u015eemas\u0131<\/div><div id='tab-id-3-content' class='tab_content' aria-hidden=\"true\"><div class='tab_inner_content invers-color'  itemprop=\"text\" ><table width=\"100%\">\n<tbody>\n<tr>\n<td><strong>Model<\/strong><\/td>\n<td style=\"text-align: center;\" width=\"10%\"><strong>\u00dcr\u00fcn \u00d6l\u00e7\u00fcleri<\/strong><\/td>\n<td style=\"text-align: center;\" width=\"10%\"><strong>Ba\u011flant\u0131 \u015eemas\u0131<\/strong><\/td>\n<td style=\"text-align: center;\"><strong>\u00c7ap [ mm ]<\/strong><\/td>\n<td style=\"text-align: center;\"><strong>Uzunluk [ mm ]<\/strong><\/td>\n<td style=\"text-align: center;\"><strong>A\u011f\u0131rl\u0131k [ kg ]<\/strong><\/td>\n<\/tr>\n<tr>\n<td>EMIX 160L E2M 11<\/td>\n<td style=\"text-align: center;\">\n<style type=\"text\/css\" data-created_by=\"avia_inline_auto\" id=\"style-css-av-2ndoel-ccee888e4899076a1c0a45449b3a231d\">\n.av_font_icon.av-2ndoel-ccee888e4899076a1c0a45449b3a231d .av-icon-char{\nfont-size:20px;\nline-height:20px;\n}\n<\/style>\n<span  class='av_font_icon av-2ndoel-ccee888e4899076a1c0a45449b3a231d avia_animate_when_visible av-icon-style- avia-icon-pos-center av-no-color avia-icon-animate'><a href='https:\/\/airtradecentre.com\/wp-content\/uploads\/2019\/04\/EMIX-160L-E2M-11-Urun-Olculeri.jpg'   class='av-icon-char' aria-hidden='true' data-av_icon='\ue826' data-av_iconfont='entypo-fontello' ><\/a><\/span><\/td>\n<td style=\"text-align: center;\">\n<style type=\"text\/css\" data-created_by=\"avia_inline_auto\" id=\"style-css-av-2ndoel-aad14042288e9ba23c4acc5dca680cc8\">\n.av_font_icon.av-2ndoel-aad14042288e9ba23c4acc5dca680cc8 .av-icon-char{\nfont-size:20px;\nline-height:20px;\n}\n<\/style>\n<span  class='av_font_icon av-2ndoel-aad14042288e9ba23c4acc5dca680cc8 avia_animate_when_visible av-icon-style- avia-icon-pos-center av-no-color avia-icon-animate'><a href='https:\/\/airtradecentre.com\/wp-content\/uploads\/2019\/04\/EMIX-160L-E2M-11-Elektrik-Baglanti-Semasi.jpg'   class='av-icon-char' aria-hidden='true' data-av_icon='\ue826' data-av_iconfont='entypo-fontello' ><\/a><\/span><\/td>\n<td style=\"text-align: center;\">159<\/td>\n<td style=\"text-align: center;\">600<\/td>\n<td style=\"text-align: center;\">7,10<\/td>\n<\/tr>\n<tr>\n<td>EMIX 200 E2M 11<\/td>\n<td style=\"text-align: center;\">\n<style type=\"text\/css\" data-created_by=\"avia_inline_auto\" id=\"style-css-av-2ndoel-817c01200925e19b5b2b0957d8d35d63\">\n.av_font_icon.av-2ndoel-817c01200925e19b5b2b0957d8d35d63 .av-icon-char{\nfont-size:20px;\nline-height:20px;\n}\n<\/style>\n<span  class='av_font_icon av-2ndoel-817c01200925e19b5b2b0957d8d35d63 avia_animate_when_visible av-icon-style- avia-icon-pos-center av-no-color avia-icon-animate'><a href='https:\/\/airtradecentre.com\/wp-content\/uploads\/2019\/04\/EMIX-200-E2M-11-Urun-Olculeri.jpg'   class='av-icon-char' aria-hidden='true' data-av_icon='\ue826' data-av_iconfont='entypo-fontello' ><\/a><\/span><\/td>\n<td style=\"text-align: center;\">\n<style type=\"text\/css\" data-created_by=\"avia_inline_auto\" id=\"style-css-av-2ndoel-6a0945ab1212ee04a4d24bbe42c26356\">\n.av_font_icon.av-2ndoel-6a0945ab1212ee04a4d24bbe42c26356 .av-icon-char{\nfont-size:20px;\nline-height:20px;\n}\n<\/style>\n<span  class='av_font_icon av-2ndoel-6a0945ab1212ee04a4d24bbe42c26356 avia_animate_when_visible av-icon-style- avia-icon-pos-center av-no-color avia-icon-animate'><a href='https:\/\/airtradecentre.com\/wp-content\/uploads\/2019\/04\/EMIX-200-E2M-11-Elektrik-Baglanti-Semasi.jpg'   class='av-icon-char' aria-hidden='true' data-av_icon='\ue826' data-av_iconfont='entypo-fontello' ><\/a><\/span><\/td>\n<td style=\"text-align: center;\">199<\/td>\n<td style=\"text-align: center;\">600<\/td>\n<td style=\"text-align: center;\">8,40<\/td>\n<\/tr>\n<tr>\n<td>EMIX 250 E2M 11<\/td>\n<td style=\"text-align: center;\">\n<style type=\"text\/css\" data-created_by=\"avia_inline_auto\" id=\"style-css-av-2ndoel-8c41dec8baf874aec96f3fdd28a6e804\">\n.av_font_icon.av-2ndoel-8c41dec8baf874aec96f3fdd28a6e804 .av-icon-char{\nfont-size:20px;\nline-height:20px;\n}\n<\/style>\n<span  class='av_font_icon av-2ndoel-8c41dec8baf874aec96f3fdd28a6e804 avia_animate_when_visible av-icon-style- avia-icon-pos-center av-no-color avia-icon-animate'><a href='https:\/\/airtradecentre.com\/wp-content\/uploads\/2019\/04\/EMIX-250-E2M-11-Urun-Olculeri.jpg'   class='av-icon-char' aria-hidden='true' data-av_icon='\ue826' data-av_iconfont='entypo-fontello' ><\/a><\/span><\/td>\n<td style=\"text-align: center;\">\n<style type=\"text\/css\" data-created_by=\"avia_inline_auto\" id=\"style-css-av-2ndoel-2622e6571b152c3e49ccecbbdeea3471\">\n.av_font_icon.av-2ndoel-2622e6571b152c3e49ccecbbdeea3471 .av-icon-char{\nfont-size:20px;\nline-height:20px;\n}\n<\/style>\n<span  class='av_font_icon av-2ndoel-2622e6571b152c3e49ccecbbdeea3471 avia_animate_when_visible av-icon-style- avia-icon-pos-center av-no-color avia-icon-animate'><a href='https:\/\/airtradecentre.com\/wp-content\/uploads\/2019\/04\/EMIX-250-E2M-11-Elektrik-Baglanti-Semasi.jpg'   class='av-icon-char' aria-hidden='true' data-av_icon='\ue826' data-av_iconfont='entypo-fontello' ><\/a><\/span><\/td>\n<td style=\"text-align: center;\">249<\/td>\n<td style=\"text-align: center;\">600<\/td>\n<td style=\"text-align: center;\">9,10<\/td>\n<\/tr>\n<tr>\n<td>EMIX 315 E2M 11<\/td>\n<td style=\"text-align: center;\">\n<style type=\"text\/css\" data-created_by=\"avia_inline_auto\" id=\"style-css-av-2ndoel-8a434292f846c2ef4690c91d7c0893a5\">\n.av_font_icon.av-2ndoel-8a434292f846c2ef4690c91d7c0893a5 .av-icon-char{\nfont-size:20px;\nline-height:20px;\n}\n<\/style>\n<span  class='av_font_icon av-2ndoel-8a434292f846c2ef4690c91d7c0893a5 avia_animate_when_visible av-icon-style- avia-icon-pos-center av-no-color avia-icon-animate'><a href='https:\/\/airtradecentre.com\/wp-content\/uploads\/2019\/04\/EMIX-315-E2M-11-Urun-Olculeri.jpg'   class='av-icon-char' aria-hidden='true' data-av_icon='\ue826' data-av_iconfont='entypo-fontello' ><\/a><\/span><\/td>\n<td style=\"text-align: center;\">\n<style type=\"text\/css\" data-created_by=\"avia_inline_auto\" id=\"style-css-av-2ndoel-204604f99135bf0963efea8babca27dd\">\n.av_font_icon.av-2ndoel-204604f99135bf0963efea8babca27dd .av-icon-char{\nfont-size:20px;\nline-height:20px;\n}\n<\/style>\n<span  class='av_font_icon av-2ndoel-204604f99135bf0963efea8babca27dd avia_animate_when_visible av-icon-style- avia-icon-pos-center av-no-color avia-icon-animate'><a href='https:\/\/airtradecentre.com\/wp-content\/uploads\/2019\/04\/EMIX-315-E2M-11-Elektrik-Baglanti-Semasi.jpg'   class='av-icon-char' aria-hidden='true' data-av_icon='\ue826' data-av_iconfont='entypo-fontello' ><\/a><\/span><\/td>\n<td style=\"text-align: center;\">314<\/td>\n<td style=\"text-align: center;\">600<\/td>\n<td style=\"text-align: center;\">18,40<\/td>\n<\/tr>\n<\/tbody>\n<\/table>\n<\/div><\/div><\/section>\n<\/div><\/div><\/p>\n","protected":false},"excerpt":{"rendered":"","protected":false},"author":1,"featured_media":0,"parent":779,"menu_order":0,"comment_status":"closed","ping_status":"closed","template":"","meta":{"footnotes":""},"class_list":["post-1949","page","type-page","status-publish","hentry"],"aioseo_notices":[],"_links":{"self":[{"href":"https:\/\/www.airtradecentre.com\/tr\/wp-json\/wp\/v2\/pages\/1949","targetHints":{"allow":["GET"]}}],"collection":[{"href":"https:\/\/www.airtradecentre.com\/tr\/wp-json\/wp\/v2\/pages"}],"about":[{"href":"https:\/\/www.airtradecentre.com\/tr\/wp-json\/wp\/v2\/types\/page"}],"author":[{"embeddable":true,"href":"https:\/\/www.airtradecentre.com\/tr\/wp-json\/wp\/v2\/users\/1"}],"replies":[{"embeddable":true,"href":"https:\/\/www.airtradecentre.com\/tr\/wp-json\/wp\/v2\/comments?post=1949"}],"version-history":[{"count":28,"href":"https:\/\/www.airtradecentre.com\/tr\/wp-json\/wp\/v2\/pages\/1949\/revisions"}],"predecessor-version":[{"id":6502,"href":"https:\/\/www.airtradecentre.com\/tr\/wp-json\/wp\/v2\/pages\/1949\/revisions\/6502"}],"up":[{"embeddable":true,"href":"https:\/\/www.airtradecentre.com\/tr\/wp-json\/wp\/v2\/pages\/779"}],"wp:attachment":[{"href":"https:\/\/www.airtradecentre.com\/tr\/wp-json\/wp\/v2\/media?parent=1949"}],"curies":[{"name":"wp","href":"https:\/\/api.w.org\/{rel}","templated":true}]}}