{"id":1983,"date":"2019-04-18T07:12:42","date_gmt":"2019-04-18T07:12:42","guid":{"rendered":"https:\/\/airtradecentre.com.tr\/?page_id=1983"},"modified":"2019-06-27T08:49:06","modified_gmt":"2019-06-27T08:49:06","slug":"etaline-e","status":"publish","type":"page","link":"https:\/\/www.airtradecentre.com\/tr\/fanlar-ve-duman-kontrolu\/standart-kanal-fanlari\/etaline-e\/","title":{"rendered":"ETALINE E Kanal Fan\u0131"},"content":{"rendered":"\n<style type=\"text\/css\" data-created_by=\"avia_inline_auto\" id=\"style-css-av-2iex7x-310ccf25b611388f42e33d7adc160b77\">\n.flex_column.av-2iex7x-310ccf25b611388f42e33d7adc160b77{\nborder-radius:0px 0px 0px 0px;\npadding:0px 0px 0px 0px;\n}\n<\/style>\n<div  class='flex_column av-2iex7x-310ccf25b611388f42e33d7adc160b77 av_one_full  avia-builder-el-0  el_before_av_two_fifth  avia-builder-el-first  first flex_column_div av-zero-column-padding  '     ><div  class='av_promobox av-jv6e4x07-4d3a054288f68e3a5fae450798b14ac0 avia-button-yes  avia-builder-el-1  avia-builder-el-no-sibling '><div class='avia-promocontent'><p>\nBu \u00fcr\u00fcn ile ilgili genel kullan\u0131m klavuzunu bilgisayar\u0131n\u0131za PDF format\u0131nda indirebilirsiniz.<\/p>\n<\/div><div  class='avia-button-wrap av-jv6e4x07-462b18deb8b028c625b201e7ad26a746-wrap avia-button-right '><a href='https:\/\/airtradecentre.com\/wp-content\/uploads\/2019\/05\/4-ETALINE-E-MANUEL_compressed.pdf'  class='avia-button av-jv6e4x07-462b18deb8b028c625b201e7ad26a746 avia-icon_select-no avia-size-large avia-position-right avia-color-theme-color'  ><span class='avia_iconbox_title' >Kullan\u0131m Klavuzu<\/span><\/a><\/div><\/div><\/div>\n\n<style type=\"text\/css\" data-created_by=\"avia_inline_auto\" id=\"style-css-av-1wjco7-ecc11c4033bd98e171ea76227102a5b2\">\n.flex_column.av-1wjco7-ecc11c4033bd98e171ea76227102a5b2{\nborder-width:2px;\nborder-color:#eaeaea;\nborder-style:solid;\nborder-radius:0px 0px 0px 0px;\npadding:0px 0px 0px 0px;\n}\n<\/style>\n<div  class='flex_column av-1wjco7-ecc11c4033bd98e171ea76227102a5b2 av_two_fifth  avia-builder-el-2  el_after_av_one_full  el_before_av_three_fifth  first flex_column_div av-zero-column-padding  column-top-margin'     ><style type=\"text\/css\" data-created_by=\"avia_inline_auto\" id=\"style-css-av-1q17nr-31782e06393b442dc3a0807998cbd9c4\">\n.avia-image-container.av-1q17nr-31782e06393b442dc3a0807998cbd9c4 img.avia_image{\nbox-shadow:none;\n}\n.avia-image-container.av-1q17nr-31782e06393b442dc3a0807998cbd9c4 .av-image-caption-overlay-center{\ncolor:#ffffff;\n}\n<\/style>\n<div  class='avia-image-container av-1q17nr-31782e06393b442dc3a0807998cbd9c4 av-styling- avia-align-center  avia-builder-el-3  avia-builder-el-no-sibling '   itemprop=\"image\" itemscope=\"itemscope\" itemtype=\"https:\/\/schema.org\/ImageObject\" ><div class=\"avia-image-container-inner\"><div class=\"avia-image-overlay-wrap\"><a href=\"https:\/\/www.airtradecentre.com\/wp-content\/uploads\/2019\/04\/ETALINE-E.jpg\" data-srcset=\"https:\/\/www.airtradecentre.com\/wp-content\/uploads\/2019\/04\/ETALINE-E.jpg 500w, https:\/\/www.airtradecentre.com\/wp-content\/uploads\/2019\/04\/ETALINE-E-80x80.jpg 80w\" data-sizes=\"(max-width: 500px) 100vw, 500px\" class='avia_image'  aria-label='ETALINE E'><img decoding=\"async\" fetchpriority=\"high\" class='wp-image-1969 avia-img-lazy-loading-not-1969 avia_image ' src=\"https:\/\/www.airtradecentre.com\/wp-content\/uploads\/2019\/04\/ETALINE-E.jpg\" alt='' title='ETALINE E'  height=\"500\" width=\"500\"  itemprop=\"thumbnailUrl\" srcset=\"https:\/\/www.airtradecentre.com\/wp-content\/uploads\/2019\/04\/ETALINE-E.jpg 500w, https:\/\/www.airtradecentre.com\/wp-content\/uploads\/2019\/04\/ETALINE-E-80x80.jpg 80w\" sizes=\"(max-width: 500px) 100vw, 500px\" \/><\/a><\/div><\/div><\/div><\/div>\n\n<style type=\"text\/css\" data-created_by=\"avia_inline_auto\" id=\"style-css-av-1ii913-1ef8530b6245e033a803aa98e855892c\">\n.flex_column.av-1ii913-1ef8530b6245e033a803aa98e855892c{\nborder-radius:0px 0px 0px 0px;\npadding:0px 0px 0px 0px;\n}\n<\/style>\n<div  class='flex_column av-1ii913-1ef8530b6245e033a803aa98e855892c av_three_fifth  avia-builder-el-4  el_after_av_two_fifth  el_before_av_one_full  flex_column_div av-zero-column-padding  column-top-margin'     ><p>\n<style type=\"text\/css\" data-created_by=\"avia_inline_auto\" id=\"style-css-av-jxef8ukc-80ad3def341fe797f919e2248d5cf537\">\n#top .av-special-heading.av-jxef8ukc-80ad3def341fe797f919e2248d5cf537{\npadding-bottom:0;\n}\nbody .av-special-heading.av-jxef8ukc-80ad3def341fe797f919e2248d5cf537 .av-special-heading-tag .heading-char{\nfont-size:25px;\n}\n.av-special-heading.av-jxef8ukc-80ad3def341fe797f919e2248d5cf537 .av-subheading{\nfont-size:15px;\n}\n<\/style>\n<div  class='av-special-heading av-jxef8ukc-80ad3def341fe797f919e2248d5cf537 av-special-heading-h2 blockquote modern-quote  avia-builder-el-5  el_before_av_hr  avia-builder-el-first '><h2 class='av-special-heading-tag'  itemprop=\"headline\"  >ETALINE E<\/h2><div class='av-subheading av-subheading_below'><p>Yuvarlak Kanal Fan\u0131<\/p>\n<\/div><div class=\"special-heading-border\"><div class=\"special-heading-inner-border\"><\/div><\/div><\/div><br \/>\n\n<style type=\"text\/css\" data-created_by=\"avia_inline_auto\" id=\"style-css-av-jxefd12c-f8ebaaa80da1ca9397fed7ca765ae1a3\">\n#top .hr.hr-invisible.av-jxefd12c-f8ebaaa80da1ca9397fed7ca765ae1a3{\nheight:10px;\n}\n<\/style>\n<div  class='hr av-jxefd12c-f8ebaaa80da1ca9397fed7ca765ae1a3 hr-invisible  avia-builder-el-6  el_after_av_heading  el_before_av_textblock '><span class='hr-inner '><span class=\"hr-inner-style\"><\/span><\/span><\/div><br \/>\n<section  class='av_textblock_section av-jxefclbc-5b64d3de80ff7d6aae89595db4fc697e '   itemscope=\"itemscope\" itemtype=\"https:\/\/schema.org\/CreativeWork\" ><div class='avia_textblock'  itemprop=\"text\" ><p><span style=\"font-weight: 400;\">ETALINE E\u00a0 model fanlar dairesel kanallara monte edilmek i\u00e7in tasarlanm\u0131\u015ft\u0131r. Ofisler, restoranlar, oteller ,teknik mekan vb. pek \u00e7ok yap\u0131n\u0131n havaland\u0131rma uygulamas\u0131nda kullan\u0131lmaktad\u0131r.<\/span><br \/>\n<b>Yap\u0131s\u0131<\/b><br \/>\n<span style=\"font-weight: 400;\">&#8211; Karma ak\u0131\u015fl\u0131 yuvarlak kanal tipi fan<\/span><br \/>\n<span style=\"font-weight: 400;\">&#8211; Galvaniz metal g\u00f6vdeli, montaj ayaklar\u0131 \u00fczerinde<\/span><br \/>\n<span style=\"font-weight: 400;\">&#8211; 13940 m\u00b3\/h\u2019 e kadar hava debisi<\/span><br \/>\n<span style=\"font-weight: 400;\">&#8211; H\u0131z ayar\u0131na uygun, voltaj kontroll\u00fc<\/span><br \/>\n<span style=\"font-weight: 400;\">&#8211; Entegre termik korumal\u0131, Monofaze, 230 V<\/span><br \/>\n<span style=\"font-weight: 400;\">&#8211; Bak\u0131m gerektirmeyen, uzun \u00f6m\u00fcrl\u00fc rulman<\/span><br \/>\n<span style=\"font-weight: 400;\">&#8211; Standart 50 Hz ( 60 Hz opsiyonu mevcuttur )<\/span><\/p>\n<\/div><\/section><br \/>\n\n<style type=\"text\/css\" data-created_by=\"avia_inline_auto\" id=\"style-css-av-jxefd12c-f8ebaaa80da1ca9397fed7ca765ae1a3\">\n#top .hr.hr-invisible.av-jxefd12c-f8ebaaa80da1ca9397fed7ca765ae1a3{\nheight:10px;\n}\n<\/style>\n<div  class='hr av-jxefd12c-f8ebaaa80da1ca9397fed7ca765ae1a3 hr-invisible  avia-builder-el-8  el_after_av_textblock  el_before_av_buttonrow '><span class='hr-inner '><span class=\"hr-inner-style\"><\/span><\/span><\/div><br \/>\n<div  class='avia-buttonrow-wrap av-jqxs57ih-516dd56d2448d704ca4d51177cd23b85 avia-buttonrow-left  avia-builder-el-9  el_after_av_hr  avia-builder-el-last '>\n\n<style type=\"text\/css\" data-created_by=\"avia_inline_auto\" id=\"style-css-av-cmqhpl-a59183730c0686edb58d8b2a7b0fd5cc\">\n#top #wrap_all .avia-button.av-cmqhpl-a59183730c0686edb58d8b2a7b0fd5cc{\nmargin-bottom:5px;\nmargin-right:5px;\n}\n<\/style>\n<a href='https:\/\/www.airtradecentre.com\/tr\/iletisim\/'  class='avia-button av-cmqhpl-a59183730c0686edb58d8b2a7b0fd5cc avia-icon_select-no avia-size-medium avia-color-theme-color-highlight'  ><span class='avia_iconbox_title' >Mail G\u00f6nder<\/span><\/a>\n<\/div><\/p><\/div>\n<style type=\"text\/css\" data-created_by=\"avia_inline_auto\" id=\"style-css-av-mmnrb-1846dac7fc629862f7ccd4aa6477d7d5\">\n.flex_column.av-mmnrb-1846dac7fc629862f7ccd4aa6477d7d5{\nborder-radius:0px 0px 0px 0px;\npadding:0px 0px 0px 0px;\n}\n<\/style>\n<div  class='flex_column av-mmnrb-1846dac7fc629862f7ccd4aa6477d7d5 av_one_full  avia-builder-el-10  el_after_av_three_fifth  avia-builder-el-last  first flex_column_div av-zero-column-padding  '     ><div  class='tabcontainer av-jqlcgght-cde9fc81693b2c53a5cc4c138a155e9b top_tab  avia-builder-el-11  avia-builder-el-no-sibling ' role='tablist'>\n<section class='av_tab_section av_tab_section av-1u6df3-d4223046f1535ee0c93b5c70c3cfe325'  itemscope=\"itemscope\" itemtype=\"https:\/\/schema.org\/CreativeWork\" ><div class='tab active_tab' role='tab' tabindex='0' data-fake-id='#tab-id-1' aria-controls='tab-id-1-content'  itemprop=\"headline\" ><span class='tab_icon' aria-hidden='true' data-av_icon='\ue8c7' data-av_iconfont='entypo-fontello'><\/span>Performans Verileri<\/div><div id='tab-id-1-content' class='tab_content active_tab_content' aria-hidden=\"false\"><div class='tab_inner_content invers-color'  itemprop=\"text\" ><table width=\"100%\">\n<tbody>\n<tr>\n<td style=\"vertical-align: middle;\" rowspan=\"2\"><strong>Model\u00a0<\/strong><\/td>\n<td style=\"text-align: center;\" colspan=\"7\" rowspan=\"1\"><strong>Hava Debisi [m3\/h]<\/strong><\/td>\n<\/tr>\n<tr>\n<td style=\"text-align: center; background-color: #ebebeb;\"><strong>0Pa<\/strong><\/td>\n<td style=\"text-align: center; background-color: #ebebeb;\"><strong>100Pa<\/strong><\/td>\n<td style=\"text-align: center; background-color: #ebebeb;\"><strong>200Pa<\/strong><\/td>\n<td style=\"text-align: center; background-color: #ebebeb;\"><strong>300Pa<\/strong><\/td>\n<td style=\"text-align: center; background-color: #ebebeb;\"><strong>400Pa<\/strong><\/td>\n<td style=\"text-align: center; background-color: #ebebeb;\"><strong>500Pa<\/strong><\/td>\n<td style=\"text-align: center; background-color: #ebebeb;\"><strong>600Pa<\/strong><\/td>\n<\/tr>\n<tr>\n<td>ETALINE 250 E2 01<\/td>\n<td style=\"text-align: center;\">1740<\/td>\n<td style=\"text-align: center;\">1575<\/td>\n<td style=\"text-align: center;\">1372<\/td>\n<td style=\"text-align: center;\">474<\/td>\n<td style=\"text-align: center;\">180<\/td>\n<td style=\"text-align: center;\">_<\/td>\n<td style=\"text-align: center;\">_<\/td>\n<\/tr>\n<tr>\n<td>ETALINE 280 E2 02<\/td>\n<td style=\"text-align: center;\">2360<\/td>\n<td style=\"text-align: center;\">2187<\/td>\n<td style=\"text-align: center;\">1971<\/td>\n<td style=\"text-align: center;\">1650<\/td>\n<td style=\"text-align: center;\">528<\/td>\n<td style=\"text-align: center;\">213<\/td>\n<td style=\"text-align: center;\">_<\/td>\n<\/tr>\n<tr>\n<td>ETALINE 315 E2 01<\/td>\n<td style=\"text-align: center;\">3510<\/td>\n<td style=\"text-align: center;\">3326<\/td>\n<td style=\"text-align: center;\">3110<\/td>\n<td style=\"text-align: center;\">2852<\/td>\n<td style=\"text-align: center;\">2532<\/td>\n<td style=\"text-align: center;\">803<\/td>\n<td style=\"text-align: center;\">503<\/td>\n<\/tr>\n<tr>\n<td>ETALINE 315 E2 03<\/td>\n<td style=\"text-align: center;\">2361<\/td>\n<td style=\"text-align: center;\">2187<\/td>\n<td style=\"text-align: center;\">1971<\/td>\n<td style=\"text-align: center;\">1650<\/td>\n<td style=\"text-align: center;\">529<\/td>\n<td style=\"text-align: center;\">213<\/td>\n<td style=\"text-align: center;\">&#8211;<\/td>\n<\/tr>\n<tr>\n<td>ETALINE 315 E2 10<\/td>\n<td style=\"text-align: center;\">3355<\/td>\n<td style=\"text-align: center;\">3173<\/td>\n<td style=\"text-align: center;\">2945<\/td>\n<td style=\"text-align: center;\">2635<\/td>\n<td style=\"text-align: center;\">1970<\/td>\n<td style=\"text-align: center;\">672<\/td>\n<td style=\"text-align: center;\">445<\/td>\n<\/tr>\n<tr>\n<td>ETALINE 355 E2 01<\/td>\n<td style=\"text-align: center;\">4940<\/td>\n<td style=\"text-align: center;\">4732<\/td>\n<td style=\"text-align: center;\">4501<\/td>\n<td style=\"text-align: center;\">4247<\/td>\n<td style=\"text-align: center;\">3935<\/td>\n<td style=\"text-align: center;\">3568<\/td>\n<td style=\"text-align: center;\">2782<\/td>\n<\/tr>\n<\/tbody>\n<\/table>\n<\/div><\/div><\/section>\n<section class='av_tab_section av_tab_section av-4b7ynj-2eb605162379a16f29ddc5096cc4fc0e'  itemscope=\"itemscope\" itemtype=\"https:\/\/schema.org\/CreativeWork\" ><div class='tab' role='tab' tabindex='0' data-fake-id='#tab-id-2' aria-controls='tab-id-2-content'  itemprop=\"headline\" ><span class='tab_icon' aria-hidden='true' data-av_icon='\ue855' data-av_iconfont='entypo-fontello'><\/span>Teknik Veriler<\/div><div id='tab-id-2-content' class='tab_content' aria-hidden=\"true\"><div class='tab_inner_content invers-color'  itemprop=\"text\" ><table width=\"100%\">\n<tbody>\n<tr>\n<td><strong>Model<\/strong><\/td>\n<td style=\"text-align: center;\"><strong>Voltaj [V]<\/strong><\/td>\n<td style=\"text-align: center;\"><strong>Frekans [Hz]<\/strong><\/td>\n<td style=\"text-align: center;\"><strong>H\u0131z [d\/d]<\/strong><\/td>\n<td style=\"text-align: center;\"><strong>G\u00fc\u00e7 [W]<\/strong><\/td>\n<td style=\"text-align: center;\"><strong>Ak\u0131m [A]<\/strong><\/td>\n<td style=\"text-align: center;\"><strong>LWA2 [dB]<\/strong><\/td>\n<td style=\"text-align: center;\"><strong>LWA5 [dB]<\/strong><\/td>\n<td style=\"text-align: center;\"><strong>LWA6 [dB]<\/strong><\/td>\n<td style=\"text-align: center;\"><strong>H\u0131z Anahtar\u0131<\/strong><\/td>\n<td style=\"text-align: center;\"><strong>Maks. S\u0131cakl\u0131k [oC]<\/strong><\/td>\n<\/tr>\n<tr>\n<td>ETALINE 250 E2 01<\/td>\n<td style=\"text-align: center;\">230<\/td>\n<td style=\"text-align: center;\">50<\/td>\n<td style=\"text-align: center;\">2890<\/td>\n<td style=\"text-align: center;\">180<\/td>\n<td style=\"text-align: center;\">1,00<\/td>\n<td style=\"text-align: center;\">54<\/td>\n<td style=\"text-align: center;\">72<\/td>\n<td style=\"text-align: center;\">78<\/td>\n<td style=\"text-align: center;\">ETY 1,5<\/td>\n<td style=\"text-align: center;\">55<\/td>\n<\/tr>\n<tr>\n<td>ETALINE 280 E2 02<\/td>\n<td style=\"text-align: center;\">230<\/td>\n<td style=\"text-align: center;\">50<\/td>\n<td style=\"text-align: center;\">2905<\/td>\n<td style=\"text-align: center;\">270<\/td>\n<td style=\"text-align: center;\">1,64<\/td>\n<td style=\"text-align: center;\">58<\/td>\n<td style=\"text-align: center;\">75<\/td>\n<td style=\"text-align: center;\">79<\/td>\n<td style=\"text-align: center;\">ETY 2,5<\/td>\n<td style=\"text-align: center;\">55<\/td>\n<\/tr>\n<tr>\n<td>ETALINE 315 E2 01<\/td>\n<td style=\"text-align: center;\">230<\/td>\n<td style=\"text-align: center;\">50<\/td>\n<td style=\"text-align: center;\">2860<\/td>\n<td style=\"text-align: center;\">530<\/td>\n<td style=\"text-align: center;\">3,20<\/td>\n<td style=\"text-align: center;\">61<\/td>\n<td style=\"text-align: center;\">76<\/td>\n<td style=\"text-align: center;\">81<\/td>\n<td style=\"text-align: center;\">STL 5\/D<\/td>\n<td style=\"text-align: center;\">70<\/td>\n<\/tr>\n<tr>\n<td>ETALINE 355 E2 01<\/td>\n<td style=\"text-align: center;\">230<\/td>\n<td style=\"text-align: center;\">50<\/td>\n<td style=\"text-align: center;\">2860<\/td>\n<td style=\"text-align: center;\">960<\/td>\n<td style=\"text-align: center;\">5,40<\/td>\n<td style=\"text-align: center;\">63<\/td>\n<td style=\"text-align: center;\">79<\/td>\n<td style=\"text-align: center;\">83<\/td>\n<td style=\"text-align: center;\">STL 10\/D<\/td>\n<td style=\"text-align: center;\">45<\/td>\n<\/tr>\n<\/tbody>\n<\/table>\n<\/div><\/div><\/section>\n<section class='av_tab_section av_tab_section av-2apslr-47471113797bb8448b4b012a8da8dc94'  itemscope=\"itemscope\" itemtype=\"https:\/\/schema.org\/CreativeWork\" ><div class='tab' role='tab' tabindex='0' data-fake-id='#tab-id-3' aria-controls='tab-id-3-content'  itemprop=\"headline\" ><span class='tab_icon' aria-hidden='true' data-av_icon='\ue8d3' data-av_iconfont='entypo-fontello'><\/span>\u00d6l\u00e7\u00fcler ve Ba\u011flant\u0131 \u015eemas\u0131<\/div><div id='tab-id-3-content' class='tab_content' aria-hidden=\"true\"><div class='tab_inner_content invers-color'  itemprop=\"text\" ><table width=\"100%\">\n<tbody>\n<tr>\n<td><strong>Model<\/strong><\/td>\n<td style=\"text-align: center;\" width=\"10%\"><strong>\u00dcr\u00fcn \u00d6l\u00e7\u00fcleri<\/strong><\/td>\n<td style=\"text-align: center;\" width=\"10%\"><strong>Ba\u011flant\u0131 \u015eemas\u0131<\/strong><\/td>\n<td style=\"text-align: center;\"><strong>\u00c7ap [ mm ]<\/strong><\/td>\n<td style=\"text-align: center;\"><strong>Uzunluk [ mm ]<\/strong><\/td>\n<td style=\"text-align: center;\"><strong>A\u011f\u0131rl\u0131k [ kg ]<\/strong><\/td>\n<\/tr>\n<tr>\n<td>ETALINE 250 E2 01<\/td>\n<td style=\"text-align: center;\">\n<style type=\"text\/css\" data-created_by=\"avia_inline_auto\" id=\"style-css-av-2w08yl-16629d538008e37d75b1d3cae4c97fd3\">\n.av_font_icon.av-2w08yl-16629d538008e37d75b1d3cae4c97fd3 .av-icon-char{\nfont-size:20px;\nline-height:20px;\n}\n<\/style>\n<span  class='av_font_icon av-2w08yl-16629d538008e37d75b1d3cae4c97fd3 avia_animate_when_visible av-icon-style- avia-icon-pos-center av-no-color'><a href='https:\/\/airtradecentre.com\/wp-content\/uploads\/2019\/04\/ETALINE-250-E2-01-Urun-Olculeri.jpg'   class='av-icon-char' aria-hidden='true' data-av_icon='\ue826' data-av_iconfont='entypo-fontello' ><\/a><\/span><\/td>\n<td style=\"text-align: center;\">\n<style type=\"text\/css\" data-created_by=\"avia_inline_auto\" id=\"style-css-av-2w08yl-005c4b1d1aa9722944e4be76a1a5bb9d\">\n.av_font_icon.av-2w08yl-005c4b1d1aa9722944e4be76a1a5bb9d .av-icon-char{\nfont-size:20px;\nline-height:20px;\n}\n<\/style>\n<span  class='av_font_icon av-2w08yl-005c4b1d1aa9722944e4be76a1a5bb9d avia_animate_when_visible av-icon-style- avia-icon-pos-center av-no-color'><a href='https:\/\/airtradecentre.com\/wp-content\/uploads\/2019\/04\/ETALINE-250-E2-01-Elektrik-Baglanti-Semasi.jpg'   class='av-icon-char' aria-hidden='true' data-av_icon='\ue826' data-av_iconfont='entypo-fontello' ><\/a><\/span><\/td>\n<td style=\"text-align: center;\">250<\/td>\n<td style=\"text-align: center;\">278<\/td>\n<td style=\"text-align: center;\">6,40<\/td>\n<\/tr>\n<tr>\n<td>ETALINE 280 E2 02<\/td>\n<td style=\"text-align: center;\">\n<style type=\"text\/css\" data-created_by=\"avia_inline_auto\" id=\"style-css-av-2w08yl-3e9b63a19520736c5b25b9a5d1d76915\">\n.av_font_icon.av-2w08yl-3e9b63a19520736c5b25b9a5d1d76915 .av-icon-char{\nfont-size:20px;\nline-height:20px;\n}\n<\/style>\n<span  class='av_font_icon av-2w08yl-3e9b63a19520736c5b25b9a5d1d76915 avia_animate_when_visible av-icon-style- avia-icon-pos-center av-no-color'><a href='https:\/\/airtradecentre.com\/wp-content\/uploads\/2019\/04\/ETALINE-280-E2-02-Urun-Olculeri.jpg'   class='av-icon-char' aria-hidden='true' data-av_icon='\ue826' data-av_iconfont='entypo-fontello' ><\/a><\/span><\/td>\n<td style=\"text-align: center;\">\n<style type=\"text\/css\" data-created_by=\"avia_inline_auto\" id=\"style-css-av-2w08yl-96b15168aaf6fe88f9f6e3f6073fd1dc\">\n.av_font_icon.av-2w08yl-96b15168aaf6fe88f9f6e3f6073fd1dc .av-icon-char{\nfont-size:20px;\nline-height:20px;\n}\n<\/style>\n<span  class='av_font_icon av-2w08yl-96b15168aaf6fe88f9f6e3f6073fd1dc avia_animate_when_visible av-icon-style- avia-icon-pos-center av-no-color'><a href='https:\/\/airtradecentre.com\/wp-content\/uploads\/2019\/04\/ETALINE-280-E2-02-Elektrik-Baglanti-Semasi.jpg'   class='av-icon-char' aria-hidden='true' data-av_icon='\ue826' data-av_iconfont='entypo-fontello' ><\/a><\/span><\/td>\n<td style=\"text-align: center;\">281<\/td>\n<td style=\"text-align: center;\">308<\/td>\n<td style=\"text-align: center;\">8,70<\/td>\n<\/tr>\n<tr>\n<td>ETALINE 315 E2 01<\/td>\n<td style=\"text-align: center;\">\n<style type=\"text\/css\" data-created_by=\"avia_inline_auto\" id=\"style-css-av-2w08yl-c3b820c7aa65af8df78dbf8e97474916\">\n.av_font_icon.av-2w08yl-c3b820c7aa65af8df78dbf8e97474916 .av-icon-char{\nfont-size:20px;\nline-height:20px;\n}\n<\/style>\n<span  class='av_font_icon av-2w08yl-c3b820c7aa65af8df78dbf8e97474916 avia_animate_when_visible av-icon-style- avia-icon-pos-center av-no-color'><a href='https:\/\/airtradecentre.com\/wp-content\/uploads\/2019\/04\/ETALINE-315-E2-01-Urun-Olculeri.jpg'   class='av-icon-char' aria-hidden='true' data-av_icon='\ue826' data-av_iconfont='entypo-fontello' ><\/a><\/span><\/td>\n<td style=\"text-align: center;\">\n<style type=\"text\/css\" data-created_by=\"avia_inline_auto\" id=\"style-css-av-2w08yl-878c4cbf117bd51c788b56fe86051a32\">\n.av_font_icon.av-2w08yl-878c4cbf117bd51c788b56fe86051a32 .av-icon-char{\nfont-size:20px;\nline-height:20px;\n}\n<\/style>\n<span  class='av_font_icon av-2w08yl-878c4cbf117bd51c788b56fe86051a32 avia_animate_when_visible av-icon-style- avia-icon-pos-center av-no-color'><a href='https:\/\/airtradecentre.com\/wp-content\/uploads\/2019\/04\/ETALINE-315-E2-01-Elektrik-Baglanti-Semasi.jpg'   class='av-icon-char' aria-hidden='true' data-av_icon='\ue826' data-av_iconfont='entypo-fontello' ><\/a><\/span><\/td>\n<td style=\"text-align: center;\">315<\/td>\n<td style=\"text-align: center;\">351<\/td>\n<td style=\"text-align: center;\">15,00<\/td>\n<\/tr>\n<tr>\n<td>ETALINE 355 E2 01<\/td>\n<td style=\"text-align: center;\">\n<style type=\"text\/css\" data-created_by=\"avia_inline_auto\" id=\"style-css-av-2w08yl-f28022a3ab311d61ddefc391855a5283\">\n.av_font_icon.av-2w08yl-f28022a3ab311d61ddefc391855a5283 .av-icon-char{\nfont-size:20px;\nline-height:20px;\n}\n<\/style>\n<span  class='av_font_icon av-2w08yl-f28022a3ab311d61ddefc391855a5283 avia_animate_when_visible av-icon-style- avia-icon-pos-center av-no-color'><a href='https:\/\/airtradecentre.com\/wp-content\/uploads\/2019\/04\/ETALINE-355-E2-01-Urun-Olculeri.jpg'   class='av-icon-char' aria-hidden='true' data-av_icon='\ue826' data-av_iconfont='entypo-fontello' ><\/a><\/span><\/td>\n<td style=\"text-align: center;\">\n<style type=\"text\/css\" data-created_by=\"avia_inline_auto\" id=\"style-css-av-2w08yl-8a499db6c785d2bd4285e4bcbd41d63c\">\n.av_font_icon.av-2w08yl-8a499db6c785d2bd4285e4bcbd41d63c .av-icon-char{\nfont-size:20px;\nline-height:20px;\n}\n<\/style>\n<span  class='av_font_icon av-2w08yl-8a499db6c785d2bd4285e4bcbd41d63c avia_animate_when_visible av-icon-style- avia-icon-pos-center av-no-color'><a href='https:\/\/airtradecentre.com\/wp-content\/uploads\/2019\/04\/ETALINE-355-E2-01-Elektrik-Baglanti-Semasi.jpg'   class='av-icon-char' aria-hidden='true' data-av_icon='\ue826' data-av_iconfont='entypo-fontello' ><\/a><\/span><\/td>\n<td style=\"text-align: center;\">354<\/td>\n<td style=\"text-align: center;\">396<\/td>\n<td style=\"text-align: center;\">17,30<\/td>\n<\/tr>\n<\/tbody>\n<\/table>\n<\/div><\/div><\/section>\n<\/div><\/div><\/p>\n","protected":false},"excerpt":{"rendered":"","protected":false},"author":1,"featured_media":0,"parent":779,"menu_order":0,"comment_status":"closed","ping_status":"closed","template":"","meta":{"footnotes":""},"class_list":["post-1983","page","type-page","status-publish","hentry"],"aioseo_notices":[],"_links":{"self":[{"href":"https:\/\/www.airtradecentre.com\/tr\/wp-json\/wp\/v2\/pages\/1983","targetHints":{"allow":["GET"]}}],"collection":[{"href":"https:\/\/www.airtradecentre.com\/tr\/wp-json\/wp\/v2\/pages"}],"about":[{"href":"https:\/\/www.airtradecentre.com\/tr\/wp-json\/wp\/v2\/types\/page"}],"author":[{"embeddable":true,"href":"https:\/\/www.airtradecentre.com\/tr\/wp-json\/wp\/v2\/users\/1"}],"replies":[{"embeddable":true,"href":"https:\/\/www.airtradecentre.com\/tr\/wp-json\/wp\/v2\/comments?post=1983"}],"version-history":[{"count":22,"href":"https:\/\/www.airtradecentre.com\/tr\/wp-json\/wp\/v2\/pages\/1983\/revisions"}],"predecessor-version":[{"id":6504,"href":"https:\/\/www.airtradecentre.com\/tr\/wp-json\/wp\/v2\/pages\/1983\/revisions\/6504"}],"up":[{"embeddable":true,"href":"https:\/\/www.airtradecentre.com\/tr\/wp-json\/wp\/v2\/pages\/779"}],"wp:attachment":[{"href":"https:\/\/www.airtradecentre.com\/tr\/wp-json\/wp\/v2\/media?parent=1983"}],"curies":[{"name":"wp","href":"https:\/\/api.w.org\/{rel}","templated":true}]}}