{"id":208,"date":"2018-07-22T13:30:21","date_gmt":"2018-07-22T13:30:21","guid":{"rendered":"https:\/\/novastadesign.com\/musteri-demolari\/?page_id=208"},"modified":"2019-04-26T07:00:40","modified_gmt":"2019-04-26T07:00:40","slug":"turna-hakkinda","status":"publish","type":"page","link":"https:\/\/www.airtradecentre.com\/tr\/kurumsal\/turna-hakkinda\/","title":{"rendered":"Turna Hakk\u0131nda"},"content":{"rendered":"\n<p><\/p>\n\n\n<div id='layer_slider_1'  class='avia-layerslider main_color avia-shadow  avia-builder-el-0  el_before_av_heading  avia-builder-el-first  container_wrap fullsize'  style='height: 651px; max-width: 1920px; margin: 0 auto;'  ><\/div><div id='after_layer_slider_1'  class='main_color av_default_container_wrap container_wrap fullsize'  ><div class='container av-section-cont-open' ><div class='template-page content  av-content-full alpha units'><div class='post-entry post-entry-type-page post-entry-208'><div class='entry-content-wrapper clearfix'>\n\n<style type=\"text\/css\" data-created_by=\"avia_inline_auto\" id=\"style-css-av-jsob9my4-ac9d97a6cfc7fe569dafff0fe82f00bc\">\n#top .av-special-heading.av-jsob9my4-ac9d97a6cfc7fe569dafff0fe82f00bc{\npadding-bottom:10px;\n}\nbody .av-special-heading.av-jsob9my4-ac9d97a6cfc7fe569dafff0fe82f00bc .av-special-heading-tag .heading-char{\nfont-size:25px;\n}\n.av-special-heading.av-jsob9my4-ac9d97a6cfc7fe569dafff0fe82f00bc .av-subheading{\nfont-size:15px;\n}\n<\/style>\n<div  class='av-special-heading av-jsob9my4-ac9d97a6cfc7fe569dafff0fe82f00bc av-special-heading-h3 blockquote modern-quote  avia-builder-el-1  el_after_av_layerslider  el_before_av_textblock  avia-builder-el-first '><h3 class='av-special-heading-tag'  itemprop=\"headline\"  ><b>Duru\u015fumuzun Sembol\u00fc olarak Metaforumuz\u2026<\/b><\/h3><div class=\"special-heading-border\"><div class=\"special-heading-inner-border\"><\/div><\/div><\/div>\n<section  class='av_textblock_section av-jjwy8emg-ef0dad651affd9967067d3aa194aaa50 '   itemscope=\"itemscope\" itemtype=\"https:\/\/schema.org\/CreativeWork\" ><div class='avia_textblock'  itemprop=\"text\" ><p><b>ATC<\/b><span style=\"font-weight: 400;\"> Air Trade Centre, birbirine ko\u015fulsuz olarak ba\u011fl\u0131 ve sad\u0131k insanlardan olu\u015fmu\u015f bir organizasyona inanmaktad\u0131r. <\/span><span style=\"font-weight: 400;\">Biz <\/span><b>ATC<\/b><span style=\"font-weight: 400;\">\u2019 de, birbirimize ve d\u00fcnyaya kar\u015f\u0131 ba\u011fl\u0131l\u0131\u011f\u0131m\u0131z\u0131 daha iyi hissetmemizi sa\u011flayan, devaml\u0131 bir azim ve iradeli eylemlere sahibiz. <\/span><span style=\"font-weight: 400;\">Bizi biz yapan mesaj\u0131m\u0131z ve onurumuzu korumak ad\u0131na, y\u00fczy\u0131llar boyu bir\u00e7ok k\u00fclt\u00fcrde mutluluk, sa\u011fl\u0131k ve uzun bir ya\u015fam\u0131n sembol\u00fc olmu\u015f; g\u00fc\u00e7l\u00fc, dingin, ve g\u00f6rkemli bir ku\u015f olan \u201cTurna\u201d, simgemiz olarak se\u00e7ilmi\u015ftir. <\/span><\/p>\n<p><span style=\"font-weight: 400;\">Bu, \u00f6zg\u00fcn bir ileti\u015fimin ve teknoloji ile insan fakt\u00f6r\u00fc aras\u0131ndaki dengenin sembol\u00fcd\u00fcr. Bu, pozitif bir imaj ile azmimizi sembolize eden simgedir. Ne\u015feli olmakla birlikte ciddi ve ilgin\u00e7tir. \u015e\u0131k ve d\u00fcr\u00fcstt\u00fcr. T\u00fcm bu belirtilenler, \u015firketimizin duru\u015fudur!<\/span><\/p>\n<blockquote>\n<p><span style=\"font-weight: 400;\">\u201c<\/span><b><i>ATC<\/i><\/b><b><i>\u2019 de m\u00fc\u015fterilerimiz ve \u00e7evre her \u015feyin \u00fczerindedir. De\u011ferlerimiz, birbirimizle, m\u00fc\u015fterilerimizle ve toplumla olan etkile\u015fim \u015feklimizi belirlemektedir.\u201d<\/i><\/b><\/p>\n<\/blockquote>\n<\/div><\/section>\n\n","protected":false},"excerpt":{"rendered":"","protected":false},"author":1,"featured_media":0,"parent":110,"menu_order":0,"comment_status":"closed","ping_status":"closed","template":"","meta":{"footnotes":""},"class_list":["post-208","page","type-page","status-publish","hentry"],"aioseo_notices":[],"_links":{"self":[{"href":"https:\/\/www.airtradecentre.com\/tr\/wp-json\/wp\/v2\/pages\/208","targetHints":{"allow":["GET"]}}],"collection":[{"href":"https:\/\/www.airtradecentre.com\/tr\/wp-json\/wp\/v2\/pages"}],"about":[{"href":"https:\/\/www.airtradecentre.com\/tr\/wp-json\/wp\/v2\/types\/page"}],"author":[{"embeddable":true,"href":"https:\/\/www.airtradecentre.com\/tr\/wp-json\/wp\/v2\/users\/1"}],"replies":[{"embeddable":true,"href":"https:\/\/www.airtradecentre.com\/tr\/wp-json\/wp\/v2\/comments?post=208"}],"version-history":[{"count":10,"href":"https:\/\/www.airtradecentre.com\/tr\/wp-json\/wp\/v2\/pages\/208\/revisions"}],"predecessor-version":[{"id":3573,"href":"https:\/\/www.airtradecentre.com\/tr\/wp-json\/wp\/v2\/pages\/208\/revisions\/3573"}],"up":[{"embeddable":true,"href":"https:\/\/www.airtradecentre.com\/tr\/wp-json\/wp\/v2\/pages\/110"}],"wp:attachment":[{"href":"https:\/\/www.airtradecentre.com\/tr\/wp-json\/wp\/v2\/media?parent=208"}],"curies":[{"name":"wp","href":"https:\/\/api.w.org\/{rel}","templated":true}]}}