{"id":210,"date":"2018-07-22T13:31:32","date_gmt":"2018-07-22T13:31:32","guid":{"rendered":"https:\/\/novastadesign.com\/musteri-demolari\/?page_id=210"},"modified":"2024-12-19T14:28:04","modified_gmt":"2024-12-19T13:28:04","slug":"milestones","status":"publish","type":"page","link":"https:\/\/www.airtradecentre.com\/tr\/kurumsal\/milestones\/","title":{"rendered":"Milestones"},"content":{"rendered":"<div id='full_slider_1'  class='avia-fullwidth-slider main_color avia-shadow   avia-builder-el-0  el_before_av_timeline  avia-builder-el-first   container_wrap fullsize'  >\n<style type=\"text\/css\" data-created_by=\"avia_inline_auto\" id=\"style-css-av-g724q-8e2ebbec8ed954a0b39f55f4f9584145\">\n#top #wrap_all .avia-slideshow .av-slideshow-caption.av-g724q-8e2ebbec8ed954a0b39f55f4f9584145__0 .avia-caption-title{\nfont-size:36px;\ncolor:#a4001e;\n}\n#top .avia-slideshow .av-slideshow-caption.av-g724q-8e2ebbec8ed954a0b39f55f4f9584145__0 .avia-caption-content{\nfont-size:28px;\ncolor:#a4001e;\n}\n#top .avia-slideshow .av-slideshow-caption.av-g724q-8e2ebbec8ed954a0b39f55f4f9584145__0 .avia-caption-content p{\nfont-size:28px;\n}\n\n@media only screen and (min-width: 480px) and (max-width: 767px){ \n#top #wrap_all .avia-slideshow .av-slideshow-caption.av-g724q-8e2ebbec8ed954a0b39f55f4f9584145__0 .avia-caption-title{\nfont-size:22px;\n}\n#top .avia-slideshow .av-slideshow-caption.av-g724q-8e2ebbec8ed954a0b39f55f4f9584145__0 .avia-caption-content{\ndisplay:none;\n}\n#top .avia-slideshow .av-slideshow-caption.av-g724q-8e2ebbec8ed954a0b39f55f4f9584145__0 .avia-caption-content p{\ndisplay:none;\n}\n}\n\n@media only screen and (max-width: 479px){ \n#top #wrap_all .avia-slideshow .av-slideshow-caption.av-g724q-8e2ebbec8ed954a0b39f55f4f9584145__0 .avia-caption-title{\nfont-size:18px;\n}\n#top .avia-slideshow .av-slideshow-caption.av-g724q-8e2ebbec8ed954a0b39f55f4f9584145__0 .avia-caption-content{\ndisplay:none;\n}\n#top .avia-slideshow .av-slideshow-caption.av-g724q-8e2ebbec8ed954a0b39f55f4f9584145__0 .avia-caption-content p{\ndisplay:none;\n}\n}\n<\/style>\n<div  class='avia-slideshow av-g724q-8e2ebbec8ed954a0b39f55f4f9584145 avia-slideshow-no scaling av_slideshow_full avia-fade-slider av-slideshow-ui av-control-default av-slideshow-manual av-loop-once av-loop-manual-endless av-default-height-applied   avia-slideshow-1' data-slideshow-options=\"{&quot;animation&quot;:&quot;fade&quot;,&quot;autoplay&quot;:false,&quot;loop_autoplay&quot;:&quot;once&quot;,&quot;interval&quot;:5,&quot;loop_manual&quot;:&quot;manual-endless&quot;,&quot;autoplay_stopper&quot;:false,&quot;noNavigation&quot;:false,&quot;bg_slider&quot;:false,&quot;keep_padding&quot;:false,&quot;hoverpause&quot;:false,&quot;show_slide_delay&quot;:0}\"  itemprop=\"image\" itemscope=\"itemscope\" itemtype=\"https:\/\/schema.org\/ImageObject\" ><ul class='avia-slideshow-inner ' style='padding-bottom: 26.041666666667%;'><li  class='avia-slideshow-slide av-g724q-8e2ebbec8ed954a0b39f55f4f9584145__0  av-single-slide slide-1 slide-odd'><div data-rel='slideshow-1' class='avia-slide-wrap '   ><img decoding=\"async\" fetchpriority=\"high\" class=\"wp-image-15294 avia-img-lazy-loading-not-15294\"  src=\"https:\/\/www.airtradecentre.com\/wp-content\/uploads\/2024\/12\/atc-kurumsal.jpg\" width=\"1920\" height=\"500\" title='atc-kurumsal' alt=''  itemprop=\"thumbnailUrl\" srcset=\"https:\/\/www.airtradecentre.com\/wp-content\/uploads\/2024\/12\/atc-kurumsal.jpg 1920w, https:\/\/www.airtradecentre.com\/wp-content\/uploads\/2024\/12\/atc-kurumsal-80x21.jpg 80w, https:\/\/www.airtradecentre.com\/wp-content\/uploads\/2024\/12\/atc-kurumsal-1536x400.jpg 1536w\" sizes=\"(max-width: 1920px) 100vw, 1920px\" \/><div class='av-section-color-overlay' style='opacity: 0.1; background-color: #000000; background-image: url(https:\/\/www.airtradecentre.com\/wp-content\/themes\/novasta\/images\/background-images\/dots-mini-strong.png); background-repeat: repeat;'><\/div><\/div><\/li><\/ul><\/div><\/div><div id='after_full_slider_1'  class='main_color av_default_container_wrap container_wrap fullsize'  ><div class='container av-section-cont-open' ><div class='template-page content  av-content-full alpha units'><div class='post-entry post-entry-type-page post-entry-210'><div class='entry-content-wrapper clearfix'>\n\n<style type=\"text\/css\" data-created_by=\"avia_inline_auto\" id=\"style-css-av-sqel6-6c69fbee43c64469ab6c7354e4168308\">\n.avia-timeline-container.av-sqel6-6c69fbee43c64469ab6c7354e4168308 .av-milestone-date{\ncolor:#a4001e;\n}\n.avia-timeline-container.av-sqel6-6c69fbee43c64469ab6c7354e4168308 .av-milestone-icon-inner{\nbackground-color:#a4001e;\n}\n.avia-timeline-container.av-sqel6-6c69fbee43c64469ab6c7354e4168308 .av-milestone-indicator{\nbackground-color:#a4001e;\n}\n.avia-timeline-container.av-sqel6-6c69fbee43c64469ab6c7354e4168308 .av-milestone-article-footer{\nbackground-color:#a4001e;\n}\n<\/style>\n<div  id=\"avia-timeline-1\"  class='avia-timeline-container av-sqel6-6c69fbee43c64469ab6c7354e4168308 av-slideshow-ui  avia-builder-el-1  el_after_av_slideshow_full  avia-builder-el-no-sibling ' ><ul class='avia-timeline avia-timeline-vertical av-milestone-placement-alternate avia-timeline- avia_animate_when_almost_visible avia-timeline-animate'>\n<li  class='av-milestone av-1glqjm-cf5d9c26e71cbb220380a257952f7f92 av-animated-generic fade-in av-milestone-valign-baseline av-milestone-odd'><h2 class='av-milestone-date ' id='milestone-1980'><strong>1980<span class='av-milestone-indicator'><\/span><\/strong><\/h2><div class=\"av-milestone-icon-wrap\"><span class='av-milestone-icon milestone_icon avia-font-entypo-fontello'><span class='av-milestone-icon-inner milestone_inner'><i class='milestone-char' aria-hidden='true' data-av_icon='\ue867' data-av_iconfont='entypo-fontello'><\/i><\/span><\/span><\/div><article class='av-milestone-content-wrap'><div class='av-milestone-contentbox'><header class=\"entry-content-header\"><h4 class='av-milestone-title '>Benel\u00fcks ve Fransa\u2019da ofisler faaliyete ge\u00e7ti.<\/h4><\/header><div class='av-milestone-content'><p><b>ATC Air Trade Centre<\/b><span style=\"font-weight: 400;\">\u2019nin yolculu\u011fu, esnek kanal \u00fcretiminde \u00f6nc\u00fc <\/span><span style=\"font-weight: 400;\">Hollandal\u0131 <\/span><span style=\"font-weight: 400;\">firmas\u0131n\u0131n 1980\u2019 lerin ba\u015f\u0131nda Benel\u00fcks ve Fransa\u2019da sat\u0131\u015f ofisleri a\u00e7mas\u0131yla ba\u015flad\u0131.<\/span><\/p>\n<\/div><\/div><footer class='av-milestone-article-footer entry-footer'><\/footer><\/article><\/li>\n<li  class='av-milestone av-1aycsa-20dc6f1b6dc4b358888cba086f7ef098 av-animated-generic fade-in av-milestone-valign-baseline av-milestone-even'><h2 class='av-milestone-date ' id='milestone-1994'><strong>1994<span class='av-milestone-indicator'><\/span><\/strong><\/h2><article class='av-milestone-content-wrap'><div class='av-milestone-contentbox'><header class=\"entry-content-header\"><h4 class='av-milestone-title '>ATC\u2019nin temelleri at\u0131ld\u0131.<\/h4><\/header><div class='av-milestone-content'><p><span style=\"font-weight: 400;\">1994 y\u0131l\u0131nda Hollanda ve Bel\u00e7ikal\u0131lardan olu\u015fan bir ekip taraf\u0131ndan ATC\u2019nin temelleri at\u0131lm\u0131\u015ft\u0131r.<\/span><\/p>\n<\/div><\/div><footer class='av-milestone-article-footer entry-footer'><\/footer><\/article><div class=\"av-milestone-icon-wrap\"><span class='av-milestone-icon milestone_icon avia-font-entypo-fontello'><span class='av-milestone-icon-inner milestone_inner'><i class='milestone-char' aria-hidden='true' data-av_icon='\ue867' data-av_iconfont='entypo-fontello'><\/i><\/span><\/span><\/div><h2 class='av-milestone-date ' id='milestone-1994'><strong>1994<span class='av-milestone-indicator'><\/span><\/strong><\/h2><\/li>\n<li  class='av-milestone av-15hvhe-162ed6959610ea0bba3b441b81a26b9b av-animated-generic fade-in av-milestone-valign-baseline av-milestone-odd'><h2 class='av-milestone-date ' id='milestone-1998'><strong>1998<span class='av-milestone-indicator'><\/span><\/strong><\/h2><div class=\"av-milestone-icon-wrap\"><span class='av-milestone-icon milestone_icon avia-font-entypo-fontello'><span class='av-milestone-icon-inner milestone_inner'><i class='milestone-char' aria-hidden='true' data-av_icon='\ue867' data-av_iconfont='entypo-fontello'><\/i><\/span><\/span><\/div><article class='av-milestone-content-wrap'><div class='av-milestone-contentbox'><header class=\"entry-content-header\"><h4 class='av-milestone-title '>T\u00fcrkiye\u2019de sat\u0131\u015f ofisi Air Trande Centre taraf\u0131ndan sat\u0131n al\u0131nd\u0131.<\/h4><\/header><div class='av-milestone-content'><p><span style=\"font-weight: 400;\">\u015eubat 1998\u2019de T\u00fcrkiye\u2019de sat\u0131\u015f ofisi, Air Trade Centre taraf\u0131ndan sat\u0131n al\u0131nd\u0131 ve Do\u011fu Avrupa\u2019n\u0131n bir\u00e7ok \u00fclkesinde sat\u0131\u015f ofisleri a\u00e7t\u0131.<\/span><\/p>\n<\/div><\/div><footer class='av-milestone-article-footer entry-footer'><\/footer><\/article><\/li>\n<li  class='av-milestone av-basq-a946e8bd14169bbf59e90485ee6351fc av-animated-generic fade-in av-milestone-valign-baseline av-milestone-even'><h2 class='av-milestone-date ' id='milestone-2007'><strong>2007<span class='av-milestone-indicator'><\/span><\/strong><\/h2><article class='av-milestone-content-wrap'><div class='av-milestone-contentbox'><header class=\"entry-content-header\"><h4 class='av-milestone-title '>HVAC i\u00e7in ilk akla gelen markalardan biri oldu.<\/h4><\/header><div class='av-milestone-content'><p><span style=\"font-weight: 400;\">Avrupa ofislerinin a\u00e7\u0131lmas\u0131 ile tan\u0131nan bir Pan Avrupa HVAC akt\u00f6r\u00fc olmu\u015ftur.<\/span><\/p>\n<\/div><\/div><footer class='av-milestone-article-footer entry-footer'><\/footer><\/article><div class=\"av-milestone-icon-wrap\"><span class='av-milestone-icon milestone_icon avia-font-entypo-fontello'><span class='av-milestone-icon-inner milestone_inner'><i class='milestone-char' aria-hidden='true' data-av_icon='\ue867' data-av_iconfont='entypo-fontello'><\/i><\/span><\/span><\/div><h2 class='av-milestone-date ' id='milestone-2007'><strong>2007<span class='av-milestone-indicator'><\/span><\/strong><\/h2><\/li>\n<li  class='av-milestone av-on6fm-00ca387d3f19fd5cf9da0bbad506c8a2 av-animated-generic fade-in av-milestone-valign-baseline av-milestone-odd'><h2 class='av-milestone-date ' id='milestone-2008'><strong>2008<span class='av-milestone-indicator'><\/span><\/strong><\/h2><div class=\"av-milestone-icon-wrap\"><span class='av-milestone-icon milestone_icon avia-font-entypo-fontello'><span class='av-milestone-icon-inner milestone_inner'><i class='milestone-char' aria-hidden='true' data-av_icon='\ue867' data-av_iconfont='entypo-fontello'><\/i><\/span><\/span><\/div><article class='av-milestone-content-wrap'><div class='av-milestone-contentbox'><header class=\"entry-content-header\"><h4 class='av-milestone-title '>SIG plc Air Trade Centre\u2019yi sat\u0131n al\u0131yor.<\/h4><\/header><div class='av-milestone-content'><p><span style=\"font-weight: 400;\">2008 Nisan ay\u0131nda Uluslararas\u0131 izolasyon, \u00e7at\u0131, end\u00fcstriyel i\u00e7 mekan ve \u00f6zel proje tedarik\u00e7isi SIG taraf\u0131ndan Air Trade Centre sat\u0131n al\u0131nd\u0131.<\/span><\/p>\n<\/div><\/div><footer class='av-milestone-article-footer entry-footer'><\/footer><\/article><\/li>\n<li  class='av-milestone av-mqfwa-e1daa446e0d11915269d84e173fd4c83 av-animated-generic fade-in av-milestone-valign-baseline av-milestone-even'><h2 class='av-milestone-date ' id='milestone-2014'><strong>2014<span class='av-milestone-indicator'><\/span><\/strong><\/h2><article class='av-milestone-content-wrap'><div class='av-milestone-contentbox'><header class=\"entry-content-header\"><h4 class='av-milestone-title '>Klima Santrali fabrikas\u0131 \u0130zmir\u2019de kuruldu.<\/h4><\/header><div class='av-milestone-content'><p><span style=\"font-weight: 400;\">Global pazarda ihracat pay\u0131m\u0131z\u0131 artt\u0131rmak i\u00e7in \u0130zmir\u2019de Klima Santrali fabrikas\u0131 kuruldu.<\/span><\/p>\n<\/div><\/div><footer class='av-milestone-article-footer entry-footer'><\/footer><\/article><div class=\"av-milestone-icon-wrap\"><span class='av-milestone-icon milestone_icon avia-font-entypo-fontello'><span class='av-milestone-icon-inner milestone_inner'><i class='milestone-char' aria-hidden='true' data-av_icon='\ue867' data-av_iconfont='entypo-fontello'><\/i><\/span><\/span><\/div><h2 class='av-milestone-date ' id='milestone-2014'><strong>2014<span class='av-milestone-indicator'><\/span><\/strong><\/h2><\/li>\n<li  class='av-milestone av-gz2ma-0bccd6c97805d2e71f16ec438799de96 av-animated-generic fade-in av-milestone-valign-baseline av-milestone-odd'><h2 class='av-milestone-date ' id='milestone-2017'><strong>2017<span class='av-milestone-indicator'><\/span><\/strong><\/h2><div class=\"av-milestone-icon-wrap\"><span class='av-milestone-icon milestone_icon avia-font-entypo-fontello'><span class='av-milestone-icon-inner milestone_inner'><i class='milestone-char' aria-hidden='true' data-av_icon='\ue867' data-av_iconfont='entypo-fontello'><\/i><\/span><\/span><\/div><article class='av-milestone-content-wrap'><div class='av-milestone-contentbox'><header class=\"entry-content-header\"><h4 class='av-milestone-title '>ATC Air Trade Centre A.\u015e. ile yola devam.<\/h4><\/header><div class='av-milestone-content'><p><span style=\"font-weight: 400;\">ATC Air Trade Centre T\u00fcrkiye; Hollanda\u2019 da yer alan Air Trade Centre East BV Holding ile birlikte T\u00fcrkiye Sat\u0131\u015f Organizasyonunu ve Klima Santralleri \u00fcretim tesisini de sat\u0131n alm\u0131\u015ft\u0131r.<\/span><\/p>\n<\/div><\/div><footer class='av-milestone-article-footer entry-footer'><\/footer><\/article><\/li>\n<li  class='av-milestone av-1dr22-d212f48f9b5a6aaa6be2a4a688233e75 av-animated-generic fade-in av-milestone-valign-baseline av-milestone-even'><h2 class='av-milestone-date ' id='milestone-2019'><strong>2019<span class='av-milestone-indicator'><\/span><\/strong><\/h2><article class='av-milestone-content-wrap'><div class='av-milestone-contentbox'><header class=\"entry-content-header\"><h4 class='av-milestone-title '>ATC yolculu\u011funa ve b\u00fcy\u00fcmesine devam ediyor.<\/h4><\/header><div class='av-milestone-content'><p><span style=\"font-weight: 400;\">ATC, Azerbaycan\u2019da yeni ofisini a\u00e7t\u0131. \u0130zmir\u2019de yeni fabrika ile \u00fcretim daha b\u00fcy\u00fck bir alana ta\u015f\u0131nm\u0131\u015f oldu.<\/span><\/p>\n<\/div><\/div><footer class='av-milestone-article-footer entry-footer'><\/footer><\/article><div class=\"av-milestone-icon-wrap\"><span class='av-milestone-icon milestone_icon avia-font-entypo-fontello'><span class='av-milestone-icon-inner milestone_inner'><i class='milestone-char' aria-hidden='true' data-av_icon='\ue867' data-av_iconfont='entypo-fontello'><\/i><\/span><\/span><\/div><h2 class='av-milestone-date ' id='milestone-2019'><strong>2019<span class='av-milestone-indicator'><\/span><\/strong><\/h2><\/li>\n<li  class='av-milestone av-a6rv6-23e8935a476242929a4b79a82fbfa2c0 av-animated-generic fade-in av-milestone-valign-baseline av-milestone-odd'><h2 class='av-milestone-date ' id='milestone-2021'><strong>2021<span class='av-milestone-indicator'><\/span><\/strong><\/h2><div class=\"av-milestone-icon-wrap\"><span class='av-milestone-icon milestone_icon avia-font-entypo-fontello'><span class='av-milestone-icon-inner milestone_inner'><i class='milestone-char' aria-hidden='true' data-av_icon='\ue867' data-av_iconfont='entypo-fontello'><\/i><\/span><\/span><\/div><article class='av-milestone-content-wrap'><div class='av-milestone-contentbox'><header class=\"entry-content-header\"><h4 class='av-milestone-title '>Bel\u00e7ika ofisi a\u00e7\u0131ld\u0131.<\/h4><\/header><div class='av-milestone-content'><\/div><\/div><footer class='av-milestone-article-footer entry-footer'><\/footer><\/article><\/li>\n<li  class='av-milestone av-a6rv6-1-9ca4825c3c47c437d1709b8d22b7db28 av-animated-generic fade-in av-milestone-valign-baseline av-milestone-even'><h2 class='av-milestone-date ' id='milestone-2023'><strong>2023<span class='av-milestone-indicator'><\/span><\/strong><\/h2><article class='av-milestone-content-wrap'><div class='av-milestone-contentbox'><header class=\"entry-content-header\"><h4 class='av-milestone-title '>2023 ATC Air Trade Centre\u2019nin \u00e7o\u011funluk hissesi Maico Group taraf\u0131ndan sat\u0131n al\u0131nd\u0131.<\/h4><\/header><div class='av-milestone-content'><\/div><\/div><footer class='av-milestone-article-footer entry-footer'><\/footer><\/article><div class=\"av-milestone-icon-wrap\"><span class='av-milestone-icon milestone_icon avia-font-entypo-fontello'><span class='av-milestone-icon-inner milestone_inner'><i class='milestone-char' aria-hidden='true' data-av_icon='\ue867' data-av_iconfont='entypo-fontello'><\/i><\/span><\/span><\/div><h2 class='av-milestone-date ' id='milestone-2023'><strong>2023<span class='av-milestone-indicator'><\/span><\/strong><\/h2><\/li>\n<\/ul><\/div>\n","protected":false},"excerpt":{"rendered":"","protected":false},"author":1,"featured_media":0,"parent":110,"menu_order":0,"comment_status":"closed","ping_status":"closed","template":"","meta":{"footnotes":""},"class_list":["post-210","page","type-page","status-publish","hentry"],"aioseo_notices":[],"_links":{"self":[{"href":"https:\/\/www.airtradecentre.com\/tr\/wp-json\/wp\/v2\/pages\/210","targetHints":{"allow":["GET"]}}],"collection":[{"href":"https:\/\/www.airtradecentre.com\/tr\/wp-json\/wp\/v2\/pages"}],"about":[{"href":"https:\/\/www.airtradecentre.com\/tr\/wp-json\/wp\/v2\/types\/page"}],"author":[{"embeddable":true,"href":"https:\/\/www.airtradecentre.com\/tr\/wp-json\/wp\/v2\/users\/1"}],"replies":[{"embeddable":true,"href":"https:\/\/www.airtradecentre.com\/tr\/wp-json\/wp\/v2\/comments?post=210"}],"version-history":[{"count":9,"href":"https:\/\/www.airtradecentre.com\/tr\/wp-json\/wp\/v2\/pages\/210\/revisions"}],"predecessor-version":[{"id":15353,"href":"https:\/\/www.airtradecentre.com\/tr\/wp-json\/wp\/v2\/pages\/210\/revisions\/15353"}],"up":[{"embeddable":true,"href":"https:\/\/www.airtradecentre.com\/tr\/wp-json\/wp\/v2\/pages\/110"}],"wp:attachment":[{"href":"https:\/\/www.airtradecentre.com\/tr\/wp-json\/wp\/v2\/media?parent=210"}],"curies":[{"name":"wp","href":"https:\/\/api.w.org\/{rel}","templated":true}]}}