{"id":2497,"date":"2019-04-19T10:59:23","date_gmt":"2019-04-19T10:59:23","guid":{"rendered":"https:\/\/airtradecentre.com.tr\/?page_id=2497"},"modified":"2019-06-28T07:30:36","modified_gmt":"2019-06-28T07:30:36","slug":"kbf-n-ec-t-kanal-fani","status":"publish","type":"page","link":"https:\/\/www.airtradecentre.com\/tr\/fanlar-ve-duman-kontrolu\/mutfak-davlumbazi-kanal-fanlari\/kbf-n-ec-t-kanal-fani\/","title":{"rendered":"KBF-N EC T Kanal Fan\u0131"},"content":{"rendered":"\n<style type=\"text\/css\" data-created_by=\"avia_inline_auto\" id=\"style-css-av-2iex7x-310ccf25b611388f42e33d7adc160b77\">\n.flex_column.av-2iex7x-310ccf25b611388f42e33d7adc160b77{\nborder-radius:0px 0px 0px 0px;\npadding:0px 0px 0px 0px;\n}\n<\/style>\n<div  class='flex_column av-2iex7x-310ccf25b611388f42e33d7adc160b77 av_one_full  avia-builder-el-0  el_before_av_two_fifth  avia-builder-el-first  first flex_column_div av-zero-column-padding  '     ><div  class='av_promobox av-jv6e4x07-1e67cb957a3eb4d14cacf0c661a637b9 avia-button-yes  avia-builder-el-1  avia-builder-el-no-sibling '><div class='avia-promocontent'><p>\nBu \u00fcr\u00fcn ile ilgili genel kullan\u0131m klavuzunu bilgisayar\u0131n\u0131za PDF format\u0131nda indirebilirsiniz.<\/p>\n<\/div><div  class='avia-button-wrap av-jv6e4x07-96eb36588ecd13d102cb7a9714ec951a-wrap avia-button-right '><a href='https:\/\/airtradecentre.com\/wp-content\/uploads\/2019\/05\/31-KBF-N-EC-T_compressed.pdf'  class='avia-button av-jv6e4x07-96eb36588ecd13d102cb7a9714ec951a avia-icon_select-no avia-size-large avia-position-right avia-color-theme-color'  ><span class='avia_iconbox_title' >Kullan\u0131m Klavuzu<\/span><\/a><\/div><\/div><\/div>\n\n<style type=\"text\/css\" data-created_by=\"avia_inline_auto\" id=\"style-css-av-1wjco7-ecc11c4033bd98e171ea76227102a5b2\">\n.flex_column.av-1wjco7-ecc11c4033bd98e171ea76227102a5b2{\nborder-width:2px;\nborder-color:#eaeaea;\nborder-style:solid;\nborder-radius:0px 0px 0px 0px;\npadding:0px 0px 0px 0px;\n}\n<\/style>\n<div  class='flex_column av-1wjco7-ecc11c4033bd98e171ea76227102a5b2 av_two_fifth  avia-builder-el-2  el_after_av_one_full  el_before_av_three_fifth  first flex_column_div av-zero-column-padding  column-top-margin'     ><style type=\"text\/css\" data-created_by=\"avia_inline_auto\" id=\"style-css-av-1q17nr-6c189b99073dac603b14b86e87fd5103\">\n.avia-image-container.av-1q17nr-6c189b99073dac603b14b86e87fd5103 img.avia_image{\nbox-shadow:none;\n}\n.avia-image-container.av-1q17nr-6c189b99073dac603b14b86e87fd5103 .av-image-caption-overlay-center{\ncolor:#ffffff;\n}\n<\/style>\n<div  class='avia-image-container av-1q17nr-6c189b99073dac603b14b86e87fd5103 av-styling- avia-align-center  avia-builder-el-3  avia-builder-el-no-sibling '   itemprop=\"image\" itemscope=\"itemscope\" itemtype=\"https:\/\/schema.org\/ImageObject\" ><div class=\"avia-image-container-inner\"><div class=\"avia-image-overlay-wrap\"><a href=\"https:\/\/www.airtradecentre.com\/wp-content\/uploads\/2019\/04\/KBF-N-EC-T-1.jpg\" data-srcset=\"https:\/\/www.airtradecentre.com\/wp-content\/uploads\/2019\/04\/KBF-N-EC-T-1.jpg 500w, https:\/\/www.airtradecentre.com\/wp-content\/uploads\/2019\/04\/KBF-N-EC-T-1-80x80.jpg 80w\" data-sizes=\"(max-width: 500px) 100vw, 500px\" class='avia_image'  aria-label='KBF-N EC T-1'><img decoding=\"async\" fetchpriority=\"high\" class='wp-image-2404 avia-img-lazy-loading-not-2404 avia_image ' src=\"https:\/\/www.airtradecentre.com\/wp-content\/uploads\/2019\/04\/KBF-N-EC-T-1.jpg\" alt='' title='KBF-N EC T-1'  height=\"500\" width=\"500\"  itemprop=\"thumbnailUrl\" srcset=\"https:\/\/www.airtradecentre.com\/wp-content\/uploads\/2019\/04\/KBF-N-EC-T-1.jpg 500w, https:\/\/www.airtradecentre.com\/wp-content\/uploads\/2019\/04\/KBF-N-EC-T-1-80x80.jpg 80w\" sizes=\"(max-width: 500px) 100vw, 500px\" \/><\/a><\/div><\/div><\/div><\/div>\n\n<style type=\"text\/css\" data-created_by=\"avia_inline_auto\" id=\"style-css-av-1ii913-1ef8530b6245e033a803aa98e855892c\">\n.flex_column.av-1ii913-1ef8530b6245e033a803aa98e855892c{\nborder-radius:0px 0px 0px 0px;\npadding:0px 0px 0px 0px;\n}\n<\/style>\n<div  class='flex_column av-1ii913-1ef8530b6245e033a803aa98e855892c av_three_fifth  avia-builder-el-4  el_after_av_two_fifth  el_before_av_one_full  flex_column_div av-zero-column-padding  column-top-margin'     ><p>\n<style type=\"text\/css\" data-created_by=\"avia_inline_auto\" id=\"style-css-av-jxfryhlp-030041e4d8072d8cf02918baf12bfb2d\">\n#top .av-special-heading.av-jxfryhlp-030041e4d8072d8cf02918baf12bfb2d{\npadding-bottom:0;\n}\nbody .av-special-heading.av-jxfryhlp-030041e4d8072d8cf02918baf12bfb2d .av-special-heading-tag .heading-char{\nfont-size:25px;\n}\n.av-special-heading.av-jxfryhlp-030041e4d8072d8cf02918baf12bfb2d .av-subheading{\nfont-size:15px;\n}\n<\/style>\n<div  class='av-special-heading av-jxfryhlp-030041e4d8072d8cf02918baf12bfb2d av-special-heading-h2 blockquote modern-quote  avia-builder-el-5  el_before_av_hr  avia-builder-el-first '><h2 class='av-special-heading-tag'  itemprop=\"headline\"  >KBF-N EC T<\/h2><div class='av-subheading av-subheading_below'><p>Kabin Tipi EC Motorlu Fan<\/p>\n<\/div><div class=\"special-heading-border\"><div class=\"special-heading-inner-border\"><\/div><\/div><\/div><br \/>\n\n<style type=\"text\/css\" data-created_by=\"avia_inline_auto\" id=\"style-css-av-jxfrzj0p-469271a358430d0da22480c19cfc0316\">\n#top .hr.hr-invisible.av-jxfrzj0p-469271a358430d0da22480c19cfc0316{\nheight:10px;\n}\n<\/style>\n<div  class='hr av-jxfrzj0p-469271a358430d0da22480c19cfc0316 hr-invisible  avia-builder-el-6  el_after_av_heading  el_before_av_textblock '><span class='hr-inner '><span class=\"hr-inner-style\"><\/span><\/span><\/div><br \/>\n<section  class='av_textblock_section av-jxfs1b2j-3c0b56a1d7755db01029798769c9b7e1 '   itemscope=\"itemscope\" itemtype=\"https:\/\/schema.org\/CreativeWork\" ><div class='avia_textblock'  itemprop=\"text\" ><p><span style=\"font-weight: 400;\">KBF-N EC T model fanlar dikd\u00f6rtgen kanallara monte edilmek i\u00e7in tasarlanm\u0131\u015ft\u0131r. Y\u00fcksek s\u0131cakl\u0131k ve ya\u011fl\u0131 egzost havas\u0131 i\u00e7eren mutfak davlumbaz egzostu uygulamalar\u0131 i\u00e7in \u00f6zel olarak tasarlanm\u0131\u015ft\u0131r.\u00a0<\/span><br \/>\n<b>Yap\u0131s\u0131<\/b><br \/>\n<span style=\"font-weight: 400;\">&#8211; Geriye e\u011fik seyrek kanatl\u0131 kabin tipi fan<\/span><br \/>\n<span style=\"font-weight: 400;\">&#8211; 120\u00b0C\u2019de s\u00fcrekli \u00e7al\u0131\u015fmaya uygun, EC motorlu,\u00a0 motor hava ak\u0131m\u0131 d\u0131\u015f\u0131nda<\/span><br \/>\n<span style=\"font-weight: 400;\">&#8211; \u0130zoleli galvaniz metal g\u00f6vde, m\u00fchadele kapa\u011f\u0131 ve drenaj ba\u011flant\u0131s\u0131 ile<\/span><br \/>\n<span style=\"font-weight: 400;\">&#8211; 7600 m\u00b3\/h\u2019 e kadar hava debisi<\/span><br \/>\n<span style=\"font-weight: 400;\">&#8211; Opsiyonel kontrol \u00fcnitesi ve bas\u0131n\u00e7 sens\u00f6r\u00fc<\/span><br \/>\n<span style=\"font-weight: 400;\">&#8211; Monofaze, 0-10 V h\u0131z kontrol\u00fc<\/span><br \/>\n<span style=\"font-weight: 400;\">&#8211; Bak\u0131m gerektirmeyen, uzun \u00f6m\u00fcrl\u00fc rulman<\/span><br \/>\n<span style=\"font-weight: 400;\">&#8211; Standart 50 Hz ( 60 Hz opsiyonu mevcuttur )<\/span><\/p>\n<\/div><\/section><br \/>\n\n<style type=\"text\/css\" data-created_by=\"avia_inline_auto\" id=\"style-css-av-jxfrzj0p-469271a358430d0da22480c19cfc0316\">\n#top .hr.hr-invisible.av-jxfrzj0p-469271a358430d0da22480c19cfc0316{\nheight:10px;\n}\n<\/style>\n<div  class='hr av-jxfrzj0p-469271a358430d0da22480c19cfc0316 hr-invisible  avia-builder-el-8  el_after_av_textblock  el_before_av_buttonrow '><span class='hr-inner '><span class=\"hr-inner-style\"><\/span><\/span><\/div><br \/>\n<div  class='avia-buttonrow-wrap av-jqxs57ih-516dd56d2448d704ca4d51177cd23b85 avia-buttonrow-left  avia-builder-el-9  el_after_av_hr  avia-builder-el-last '>\n\n<style type=\"text\/css\" data-created_by=\"avia_inline_auto\" id=\"style-css-av-cmqhpl-a59183730c0686edb58d8b2a7b0fd5cc\">\n#top #wrap_all .avia-button.av-cmqhpl-a59183730c0686edb58d8b2a7b0fd5cc{\nmargin-bottom:5px;\nmargin-right:5px;\n}\n<\/style>\n<a href='https:\/\/www.airtradecentre.com\/tr\/iletisim\/'  class='avia-button av-cmqhpl-a59183730c0686edb58d8b2a7b0fd5cc avia-icon_select-no avia-size-medium avia-color-theme-color-highlight'  ><span class='avia_iconbox_title' >Mail G\u00f6nder<\/span><\/a>\n\n<style type=\"text\/css\" data-created_by=\"avia_inline_auto\" id=\"style-css-av-av_buttonrow_item-672c292ec08ac1f60f27fc1204cd4693\">\n#top #wrap_all .avia-button.av-av_buttonrow_item-672c292ec08ac1f60f27fc1204cd4693{\nmargin-bottom:5px;\nmargin-right:5px;\n}\n<\/style>\n<a href='https:\/\/www.airtradecentre.com\/tr\/iletisim\/'  class='avia-button av-av_buttonrow_item-672c292ec08ac1f60f27fc1204cd4693 avia-icon_select-no avia-size-medium avia-color-theme-color-highlight'  ><span class='avia_iconbox_title' >Whatsapp<\/span><\/a>\n<\/div><\/p><\/div>\n<style type=\"text\/css\" data-created_by=\"avia_inline_auto\" id=\"style-css-av-mmnrb-1846dac7fc629862f7ccd4aa6477d7d5\">\n.flex_column.av-mmnrb-1846dac7fc629862f7ccd4aa6477d7d5{\nborder-radius:0px 0px 0px 0px;\npadding:0px 0px 0px 0px;\n}\n<\/style>\n<div  class='flex_column av-mmnrb-1846dac7fc629862f7ccd4aa6477d7d5 av_one_full  avia-builder-el-10  el_after_av_three_fifth  avia-builder-el-last  first flex_column_div av-zero-column-padding  '     ><div  class='tabcontainer av-jqlcgght-cde9fc81693b2c53a5cc4c138a155e9b top_tab  avia-builder-el-11  avia-builder-el-no-sibling ' role='tablist'>\n<section class='av_tab_section av_tab_section av-40qy3h-34eb00dc2f66d133fa76b1692ddfd56e'  itemscope=\"itemscope\" itemtype=\"https:\/\/schema.org\/CreativeWork\" ><div class='tab active_tab' role='tab' tabindex='0' data-fake-id='#tab-id-1' aria-controls='tab-id-1-content'  itemprop=\"headline\" ><span class='tab_icon' aria-hidden='true' data-av_icon='\ue8c7' data-av_iconfont='entypo-fontello'><\/span>Performans Verileri<\/div><div id='tab-id-1-content' class='tab_content active_tab_content' aria-hidden=\"false\"><div class='tab_inner_content invers-color'  itemprop=\"text\" ><\/div><\/div><\/section>\n<section class='av_tab_section av_tab_section av-2lwbbh-2b7745e11b4ca6bcddd894a3a6b08bba'  itemscope=\"itemscope\" itemtype=\"https:\/\/schema.org\/CreativeWork\" ><div class='tab' role='tab' tabindex='0' data-fake-id='#tab-id-2' aria-controls='tab-id-2-content'  itemprop=\"headline\" ><span class='tab_icon' aria-hidden='true' data-av_icon='\ue855' data-av_iconfont='entypo-fontello'><\/span>Teknik Veriler<\/div><div id='tab-id-2-content' class='tab_content' aria-hidden=\"true\"><div class='tab_inner_content invers-color'  itemprop=\"text\" ><\/div><\/div><\/section>\n<section class='av_tab_section av_tab_section av-27k7ht-7b44468213a9086a8237875cb85b9132'  itemscope=\"itemscope\" itemtype=\"https:\/\/schema.org\/CreativeWork\" ><div class='tab' role='tab' tabindex='0' data-fake-id='#tab-id-3' aria-controls='tab-id-3-content'  itemprop=\"headline\" ><span class='tab_icon' aria-hidden='true' data-av_icon='\ue8d3' data-av_iconfont='entypo-fontello'><\/span>\u00d6l\u00e7\u00fcler ve Ba\u011flant\u0131 \u015eemas\u0131<\/div><div id='tab-id-3-content' class='tab_content' aria-hidden=\"true\"><div class='tab_inner_content invers-color'  itemprop=\"text\" ><\/div><\/div><\/section>\n<\/div><\/div><\/p>\n","protected":false},"excerpt":{"rendered":"","protected":false},"author":1,"featured_media":0,"parent":2463,"menu_order":0,"comment_status":"closed","ping_status":"closed","template":"","meta":{"footnotes":""},"class_list":["post-2497","page","type-page","status-publish","hentry"],"aioseo_notices":[],"_links":{"self":[{"href":"https:\/\/www.airtradecentre.com\/tr\/wp-json\/wp\/v2\/pages\/2497","targetHints":{"allow":["GET"]}}],"collection":[{"href":"https:\/\/www.airtradecentre.com\/tr\/wp-json\/wp\/v2\/pages"}],"about":[{"href":"https:\/\/www.airtradecentre.com\/tr\/wp-json\/wp\/v2\/types\/page"}],"author":[{"embeddable":true,"href":"https:\/\/www.airtradecentre.com\/tr\/wp-json\/wp\/v2\/users\/1"}],"replies":[{"embeddable":true,"href":"https:\/\/www.airtradecentre.com\/tr\/wp-json\/wp\/v2\/comments?post=2497"}],"version-history":[{"count":11,"href":"https:\/\/www.airtradecentre.com\/tr\/wp-json\/wp\/v2\/pages\/2497\/revisions"}],"predecessor-version":[{"id":6536,"href":"https:\/\/www.airtradecentre.com\/tr\/wp-json\/wp\/v2\/pages\/2497\/revisions\/6536"}],"up":[{"embeddable":true,"href":"https:\/\/www.airtradecentre.com\/tr\/wp-json\/wp\/v2\/pages\/2463"}],"wp:attachment":[{"href":"https:\/\/www.airtradecentre.com\/tr\/wp-json\/wp\/v2\/media?parent=2497"}],"curies":[{"name":"wp","href":"https:\/\/api.w.org\/{rel}","templated":true}]}}