{"id":261,"date":"2018-07-22T16:07:35","date_gmt":"2018-07-22T16:07:35","guid":{"rendered":"https:\/\/novastadesign.com\/musteri-demolari\/?page_id=261"},"modified":"2024-06-06T13:17:33","modified_gmt":"2024-06-06T11:17:33","slug":"istanbul-merkez-ofis","status":"publish","type":"page","link":"https:\/\/www.airtradecentre.com\/tr\/iletisim\/istanbul-merkez-ofis\/","title":{"rendered":"\u0130stanbul Ofis"},"content":{"rendered":"<div id='full_slider_1'  class='avia-fullwidth-slider main_color avia-shadow   avia-builder-el-0  el_before_av_codeblock  avia-builder-el-first   container_wrap fullsize'  ><div  class='avia-slideshow av-jjx7zr0a-4e681ff2e550058f840fbd8a997aac45 avia-slideshow-no scaling av_slideshow_full avia-slide-slider av-slideshow-ui av-control-default av-slideshow-manual av-loop-once av-loop-manual-endless av-default-height-applied   avia-slideshow-1' data-slideshow-options=\"{&quot;animation&quot;:&quot;slide&quot;,&quot;autoplay&quot;:false,&quot;loop_autoplay&quot;:&quot;once&quot;,&quot;interval&quot;:5,&quot;loop_manual&quot;:&quot;manual-endless&quot;,&quot;autoplay_stopper&quot;:false,&quot;noNavigation&quot;:false,&quot;bg_slider&quot;:false,&quot;keep_padding&quot;:false,&quot;hoverpause&quot;:false,&quot;show_slide_delay&quot;:0}\"  itemprop=\"image\" itemscope=\"itemscope\" itemtype=\"https:\/\/schema.org\/ImageObject\" ><ul class='avia-slideshow-inner ' style='padding-bottom: 26.041666666667%;'><li  class='avia-slideshow-slide av-jjx7zr0a-4e681ff2e550058f840fbd8a997aac45__0  av-single-slide slide-1 slide-odd'><div data-rel='slideshow-1' class='avia-slide-wrap '   ><img decoding=\"async\" fetchpriority=\"high\" class=\"wp-image-282 avia-img-lazy-loading-not-282\"  src=\"https:\/\/www.airtradecentre.com\/wp-content\/uploads\/2018\/07\/iletisim-air-trade-centre-2.jpg\" width=\"1920\" height=\"500\" title='Contact ATC Air Trade Centre' alt='Contact ATC Air Trade Centre'  itemprop=\"thumbnailUrl\" srcset=\"https:\/\/www.airtradecentre.com\/wp-content\/uploads\/2018\/07\/iletisim-air-trade-centre-2.jpg 1920w, https:\/\/www.airtradecentre.com\/wp-content\/uploads\/2018\/07\/iletisim-air-trade-centre-2-300x78.jpg 300w, https:\/\/www.airtradecentre.com\/wp-content\/uploads\/2018\/07\/iletisim-air-trade-centre-2-768x200.jpg 768w, https:\/\/www.airtradecentre.com\/wp-content\/uploads\/2018\/07\/iletisim-air-trade-centre-2-1030x268.jpg 1030w, https:\/\/www.airtradecentre.com\/wp-content\/uploads\/2018\/07\/iletisim-air-trade-centre-2-1500x391.jpg 1500w, https:\/\/www.airtradecentre.com\/wp-content\/uploads\/2018\/07\/iletisim-air-trade-centre-2-705x184.jpg 705w, https:\/\/www.airtradecentre.com\/wp-content\/uploads\/2018\/07\/iletisim-air-trade-centre-2-450x117.jpg 450w\" sizes=\"(max-width: 1920px) 100vw, 1920px\" \/><\/div><\/li><\/ul><\/div><\/div><div id='after_full_slider_1'  class='main_color av_default_container_wrap container_wrap fullsize'  ><div class='container av-section-cont-open' ><div class='template-page content  av-content-full alpha units'><div class='post-entry post-entry-type-page post-entry-261'><div class='entry-content-wrapper clearfix'>\n\n\n<style type=\"text\/css\" data-created_by=\"avia_inline_auto\" id=\"style-css-av-gxdp9-c564d3e9b5e061a3405639027df6a34c\">\n#top .av-special-heading.av-gxdp9-c564d3e9b5e061a3405639027df6a34c{\npadding-bottom:10px;\n}\nbody .av-special-heading.av-gxdp9-c564d3e9b5e061a3405639027df6a34c .av-special-heading-tag .heading-char{\nfont-size:25px;\n}\n.av-special-heading.av-gxdp9-c564d3e9b5e061a3405639027df6a34c .av-subheading{\nfont-size:15px;\n}\n<\/style>\n<div  class='av-special-heading av-gxdp9-c564d3e9b5e061a3405639027df6a34c av-special-heading-h3 blockquote modern-quote  avia-builder-el-2  el_after_av_codeblock  el_before_av_textblock '><h3 class='av-special-heading-tag'  itemprop=\"headline\"  ><b>Air Trade Centre \u00e7al\u0131\u015fanlar\u0131 olarak sizlere daha detayl\u0131 bilgi vermek, sorular\u0131n\u0131z\u0131 cevaplamak ve HVAC ihtiya\u00e7lar\u0131n\u0131z ile ilgili etkin \u00e7\u00f6z\u00fcmler sunabilmek i\u00e7in ileti\u015fime ge\u00e7menizi bekliyoruz.<\/b><\/h3><div class=\"special-heading-border\"><div class=\"special-heading-inner-border\"><\/div><\/div><\/div>\n<section  class='av_textblock_section av-jl9mpxn5-1763e7eec30445dea6decd5725faab0f '   itemscope=\"itemscope\" itemtype=\"https:\/\/schema.org\/CreativeWork\" ><div class='avia_textblock'  itemprop=\"text\" ><p>Bu sayfada sadece <strong>ATC Air Trade Centre<\/strong>\u00a0\u0130stanbul Merkez Ofis adresimizi g\u00f6r\u00fcnt\u00fclemektesiniz. T\u00fcm adres ve ileti\u015fim bilgilerimiz i\u00e7in l\u00fctfen sol yanda ki men\u00fcy\u00fc kullan\u0131n.<\/p>\n<\/div><\/section>\n\n<style type=\"text\/css\" data-created_by=\"avia_inline_auto\" id=\"style-css-av-11wxh-7c53b7ef63d4cbc1578ae382e6269562\">\n#top .hr.av-11wxh-7c53b7ef63d4cbc1578ae382e6269562{\nmargin-top:10px;\nmargin-bottom:10px;\n}\n.hr.av-11wxh-7c53b7ef63d4cbc1578ae382e6269562 .hr-inner{\nwidth:50px;\n}\n<\/style>\n<div  class='hr av-11wxh-7c53b7ef63d4cbc1578ae382e6269562 hr-custom  avia-builder-el-4  el_after_av_textblock  el_before_av_one_half  hr-center hr-icon-no'><span class='hr-inner inner-border-av-border-none'><span class=\"hr-inner-style\"><\/span><\/span><\/div>\n\n<style type=\"text\/css\" data-created_by=\"avia_inline_auto\" id=\"style-css-av-4i04x-bd9145e2a5aa99ef465019e4faf3fe49\">\n.flex_column.av-4i04x-bd9145e2a5aa99ef465019e4faf3fe49{\nborder-radius:0px 0px 0px 0px;\npadding:0px 0px 0px 0px;\n}\n<\/style>\n<div  class='flex_column av-4i04x-bd9145e2a5aa99ef465019e4faf3fe49 av_one_half  avia-builder-el-5  el_after_av_hr  el_before_av_one_half  first flex_column_div av-zero-column-padding  '     ><p>\n<style type=\"text\/css\" data-created_by=\"avia_inline_auto\" id=\"style-css-av-16gr1-fa4278bb4c1f95270015bccbf53cebc7\">\n#top .av-special-heading.av-16gr1-fa4278bb4c1f95270015bccbf53cebc7{\npadding-bottom:0;\n}\nbody .av-special-heading.av-16gr1-fa4278bb4c1f95270015bccbf53cebc7 .av-special-heading-tag .heading-char{\nfont-size:25px;\n}\n.av-special-heading.av-16gr1-fa4278bb4c1f95270015bccbf53cebc7 .av-subheading{\nfont-size:15px;\n}\n<\/style>\n<div  class='av-special-heading av-16gr1-fa4278bb4c1f95270015bccbf53cebc7 av-special-heading-h3 blockquote modern-quote  avia-builder-el-6  el_before_av_hr  avia-builder-el-first '><h3 class='av-special-heading-tag'  itemprop=\"headline\"  ><b>\u0130stanbul Ofis<\/b><\/h3><div class=\"special-heading-border\"><div class=\"special-heading-inner-border\"><\/div><\/div><\/div><br \/>\n\n<style type=\"text\/css\" data-created_by=\"avia_inline_auto\" id=\"style-css-av-1nufp-3ea368c9631ac64995a099563a428e48\">\n#top .hr.av-1nufp-3ea368c9631ac64995a099563a428e48{\nmargin-top:0px;\nmargin-bottom:0px;\n}\n.hr.av-1nufp-3ea368c9631ac64995a099563a428e48 .hr-inner{\nwidth:50px;\nborder-color:#b02b2c;\n}\n<\/style>\n<div  class='hr av-1nufp-3ea368c9631ac64995a099563a428e48 hr-custom  avia-builder-el-7  el_after_av_heading  el_before_av_textblock  hr-left hr-icon-no'><span class='hr-inner inner-border-av-border-fat'><span class=\"hr-inner-style\"><\/span><\/span><\/div><br \/>\n<section  class='av_textblock_section av-2hk6t-cb5806b1a99ce4ff7dee1caed3fcc12f '   itemscope=\"itemscope\" itemtype=\"https:\/\/schema.org\/CreativeWork\" ><div class='avia_textblock'  itemprop=\"text\" ><p>\u0130\u00e7erenk\u00f6y Mah. Karaman \u00c7iftlik Yolu Cad.<br \/>\nKar Plaza No:47 \u0130\u00e7 Kap\u0131 No:2 34752,<br \/>\nAta\u015fehir\/ \u0130stanbul<br \/>\nT\u00fcrkiye<\/p>\n<p><strong>Tel :<\/strong> 444 59 20<br \/>\n<strong>Email :\u00a0<\/strong> info@airtradecentre.com<\/p>\n<\/div><\/section><\/p><\/div>\n\n<style type=\"text\/css\" data-created_by=\"avia_inline_auto\" id=\"style-css-av-t3c5-9173ea7683e8c115112f243c967176c8\">\n.flex_column.av-t3c5-9173ea7683e8c115112f243c967176c8{\nborder-radius:0px 0px 0px 0px;\npadding:3% 3% 3% 3%;\nbackground-color:#f7f7f7;\n}\n<\/style>\n<div  class='flex_column av-t3c5-9173ea7683e8c115112f243c967176c8 av_one_half  avia-builder-el-9  el_after_av_one_half  avia-builder-el-last  flex_column_div  '     ><\/div>\n","protected":false},"excerpt":{"rendered":"","protected":false},"author":1,"featured_media":0,"parent":49,"menu_order":0,"comment_status":"closed","ping_status":"closed","template":"","meta":{"footnotes":""},"class_list":["post-261","page","type-page","status-publish","hentry"],"aioseo_notices":[],"_links":{"self":[{"href":"https:\/\/www.airtradecentre.com\/tr\/wp-json\/wp\/v2\/pages\/261","targetHints":{"allow":["GET"]}}],"collection":[{"href":"https:\/\/www.airtradecentre.com\/tr\/wp-json\/wp\/v2\/pages"}],"about":[{"href":"https:\/\/www.airtradecentre.com\/tr\/wp-json\/wp\/v2\/types\/page"}],"author":[{"embeddable":true,"href":"https:\/\/www.airtradecentre.com\/tr\/wp-json\/wp\/v2\/users\/1"}],"replies":[{"embeddable":true,"href":"https:\/\/www.airtradecentre.com\/tr\/wp-json\/wp\/v2\/comments?post=261"}],"version-history":[{"count":18,"href":"https:\/\/www.airtradecentre.com\/tr\/wp-json\/wp\/v2\/pages\/261\/revisions"}],"predecessor-version":[{"id":14816,"href":"https:\/\/www.airtradecentre.com\/tr\/wp-json\/wp\/v2\/pages\/261\/revisions\/14816"}],"up":[{"embeddable":true,"href":"https:\/\/www.airtradecentre.com\/tr\/wp-json\/wp\/v2\/pages\/49"}],"wp:attachment":[{"href":"https:\/\/www.airtradecentre.com\/tr\/wp-json\/wp\/v2\/media?parent=261"}],"curies":[{"name":"wp","href":"https:\/\/api.w.org\/{rel}","templated":true}]}}