{"id":3081,"date":"2019-04-25T07:28:25","date_gmt":"2019-04-25T07:28:25","guid":{"rendered":"https:\/\/airtradecentre.com.tr\/?page_id=3081"},"modified":"2019-11-27T12:25:00","modified_gmt":"2019-11-27T12:25:00","slug":"cati-fanlar","status":"publish","type":"page","link":"https:\/\/www.airtradecentre.com\/tr\/fanlar-ve-duman-kontrolu\/cati-fanlar\/","title":{"rendered":"EC Motorlu \u00c7at\u0131 Fanlar\u0131 \u2013 Dikey At\u0131\u015fl\u0131"},"content":{"rendered":"\n<style type=\"text\/css\" data-created_by=\"avia_inline_auto\" id=\"style-css-av-a28q3-9b30123ce9aa616ae6bfe9433f436dda\">\n.flex_column.av-a28q3-9b30123ce9aa616ae6bfe9433f436dda{\nborder-width:1px;\nborder-color:#ebebeb;\nborder-style:solid;\nborder-radius:0px 0px 0px 0px;\npadding:0px 0px 0px 0px;\n}\n<\/style>\n<div  class='flex_column av-a28q3-9b30123ce9aa616ae6bfe9433f436dda av_one_fourth  avia-builder-el-0  el_before_av_one_fourth  avia-builder-el-first  first flex_column_div av-zero-column-padding avia-link-column av-column-link avia-link-column-hover  '    data-link-column-url=\"https:\/\/www.airtradecentre.com\/tr\/fanlar-ve-duman-kontrolu\/cati-fanlar\/arfv-ec-30\/\"   ><a class=\"av-screen-reader-only\" href=https:\/\/www.airtradecentre.com\/tr\/fanlar-ve-duman-kontrolu\/cati-fanlar\/arfv-ec-30\/ >Link to: ARFV EC 30 \u00c7at\u0131 Fan\u0131<\/a><p><div  class='avia-button-wrap avia-button-center  avia-builder-el-1  el_before_av_image  avia-builder-el-first '>\n<style type=\"text\/css\" data-created_by=\"avia_inline_auto\" id=\"style-css-av-jqxrtvq3-7786df18be48ef688bef60191053bd2c\">\n#top #wrap_all .avia-button.av-jqxrtvq3-7786df18be48ef688bef60191053bd2c{\ncolor:#ffffff;\ntransition:all 0.4s ease-in-out;\n}\n#top #wrap_all .avia-button.av-jqxrtvq3-7786df18be48ef688bef60191053bd2c:hover{\ncolor:#ffffff;\ntransition:all 0.4s ease-in-out;\n}\n<\/style>\n<a href='https:\/\/www.airtradecentre.com\/tr\/fanlar-ve-duman-kontrolu\/cati-fanlar\/arfv-ec-30\/' class='avia-color-theme-color-highlight avia-button avia-button-fullwidth av-jqxrtvq3-7786df18be48ef688bef60191053bd2c avia-icon_select-no avia-color-theme-color-highlight'  target=\"_blank\"  rel=\"noopener noreferrer\" ><span class='avia_iconbox_title' >ARFV EC 30<\/span><span class='avia_button_background avia-button avia-button-fullwidth avia-color-theme-color-highlight'><\/span><\/a><\/div><br \/>\n\n<style type=\"text\/css\" data-created_by=\"avia_inline_auto\" id=\"style-css-av-jqxpes0h-2517557432c8128c118dc0dfe3f94e6d\">\n.avia-image-container.av-jqxpes0h-2517557432c8128c118dc0dfe3f94e6d img.avia_image{\nbox-shadow:none;\n}\n.avia-image-container.av-jqxpes0h-2517557432c8128c118dc0dfe3f94e6d .av-image-caption-overlay-center{\ncolor:#ffffff;\n}\n<\/style>\n<div  class='avia-image-container av-jqxpes0h-2517557432c8128c118dc0dfe3f94e6d av-styling- avia-align-center  avia-builder-el-2  el_after_av_button_big  avia-builder-el-no-sibling '   itemprop=\"image\" itemscope=\"itemscope\" itemtype=\"https:\/\/schema.org\/ImageObject\" ><div class=\"avia-image-container-inner\"><div class=\"avia-image-overlay-wrap\"><img decoding=\"async\" fetchpriority=\"high\" class='wp-image-3230 avia-img-lazy-loading-not-3230 avia_image ' src=\"https:\/\/www.airtradecentre.com\/wp-content\/uploads\/2019\/04\/ARFV-EC-1.jpg\" alt='' title='ARFV EC-1'  height=\"500\" width=\"500\"  itemprop=\"thumbnailUrl\" srcset=\"https:\/\/www.airtradecentre.com\/wp-content\/uploads\/2019\/04\/ARFV-EC-1.jpg 500w, https:\/\/www.airtradecentre.com\/wp-content\/uploads\/2019\/04\/ARFV-EC-1-80x80.jpg 80w\" sizes=\"(max-width: 500px) 100vw, 500px\" \/><\/div><\/div><\/div><\/p><\/div>\n<style type=\"text\/css\" data-created_by=\"avia_inline_auto\" id=\"style-css-av-a28q3-dd2762c25bb797e145612ce73e13948d\">\n.flex_column.av-a28q3-dd2762c25bb797e145612ce73e13948d{\nborder-width:1px;\nborder-color:#ebebeb;\nborder-style:solid;\nborder-radius:0px 0px 0px 0px;\npadding:0px 0px 0px 0px;\n}\n<\/style>\n<div  class='flex_column av-a28q3-dd2762c25bb797e145612ce73e13948d av_one_fourth  avia-builder-el-3  el_after_av_one_fourth  avia-builder-el-last  flex_column_div av-zero-column-padding avia-link-column av-column-link avia-link-column-hover  '    data-link-column-url=\"https:\/\/www.airtradecentre.com\/tr\/fanlar-ve-duman-kontrolu\/cati-fanlar\/arfv-ecc-30\/\"   ><a class=\"av-screen-reader-only\" href=https:\/\/www.airtradecentre.com\/tr\/fanlar-ve-duman-kontrolu\/cati-fanlar\/arfv-ecc-30\/ >Link to: ARFV ECC 30 \u00c7at\u0131 Fan\u0131<\/a><p><div  class='avia-button-wrap avia-button-center  avia-builder-el-4  el_before_av_image  avia-builder-el-first '>\n<style type=\"text\/css\" data-created_by=\"avia_inline_auto\" id=\"style-css-av-jqxrtvq3-8e2c1618c23702336903bc5e568d56f6\">\n#top #wrap_all .avia-button.av-jqxrtvq3-8e2c1618c23702336903bc5e568d56f6{\ncolor:#ffffff;\ntransition:all 0.4s ease-in-out;\n}\n#top #wrap_all .avia-button.av-jqxrtvq3-8e2c1618c23702336903bc5e568d56f6:hover{\ncolor:#ffffff;\ntransition:all 0.4s ease-in-out;\n}\n<\/style>\n<a href='https:\/\/www.airtradecentre.com\/tr\/fanlar-ve-duman-kontrolu\/cati-fanlar\/arfv-ecc-30\/' class='avia-color-theme-color-highlight avia-button avia-button-fullwidth av-jqxrtvq3-8e2c1618c23702336903bc5e568d56f6 avia-icon_select-no avia-color-theme-color-highlight'  target=\"_blank\"  rel=\"noopener noreferrer\" ><span class='avia_iconbox_title' >ARFV ECC 30<\/span><span class='avia_button_background avia-button avia-button-fullwidth avia-color-theme-color-highlight'><\/span><\/a><\/div><br \/>\n\n<style type=\"text\/css\" data-created_by=\"avia_inline_auto\" id=\"style-css-av-jqxpes0h-1cad0b51e0b4967e1f2bcd6a66003222\">\n.avia-image-container.av-jqxpes0h-1cad0b51e0b4967e1f2bcd6a66003222 img.avia_image{\nbox-shadow:none;\n}\n.avia-image-container.av-jqxpes0h-1cad0b51e0b4967e1f2bcd6a66003222 .av-image-caption-overlay-center{\ncolor:#ffffff;\n}\n<\/style>\n<div  class='avia-image-container av-jqxpes0h-1cad0b51e0b4967e1f2bcd6a66003222 av-styling- avia-align-center  avia-builder-el-5  el_after_av_button_big  avia-builder-el-no-sibling '   itemprop=\"image\" itemscope=\"itemscope\" itemtype=\"https:\/\/schema.org\/ImageObject\" ><div class=\"avia-image-container-inner\"><div class=\"avia-image-overlay-wrap\"><img decoding=\"async\" fetchpriority=\"high\" class='wp-image-455 avia-img-lazy-loading-not-455 avia_image ' src=\"https:\/\/www.airtradecentre.com\/wp-content\/uploads\/2018\/08\/atc-defaul-400x400-logo-300x300.jpg\" alt='ATC Default' title='atc-defaul-400x400-logo'  height=\"300\" width=\"300\"  itemprop=\"thumbnailUrl\" srcset=\"https:\/\/www.airtradecentre.com\/wp-content\/uploads\/2018\/08\/atc-defaul-400x400-logo-300x300.jpg 300w, https:\/\/www.airtradecentre.com\/wp-content\/uploads\/2018\/08\/atc-defaul-400x400-logo-80x80.jpg 80w, https:\/\/www.airtradecentre.com\/wp-content\/uploads\/2018\/08\/atc-defaul-400x400-logo.jpg 400w\" sizes=\"(max-width: 300px) 100vw, 300px\" \/><\/div><\/div><\/div><\/p><\/div><\/p>\n","protected":false},"excerpt":{"rendered":"","protected":false},"author":1,"featured_media":0,"parent":40,"menu_order":0,"comment_status":"closed","ping_status":"closed","template":"","meta":{"footnotes":""},"class_list":["post-3081","page","type-page","status-publish","hentry"],"aioseo_notices":[],"_links":{"self":[{"href":"https:\/\/www.airtradecentre.com\/tr\/wp-json\/wp\/v2\/pages\/3081","targetHints":{"allow":["GET"]}}],"collection":[{"href":"https:\/\/www.airtradecentre.com\/tr\/wp-json\/wp\/v2\/pages"}],"about":[{"href":"https:\/\/www.airtradecentre.com\/tr\/wp-json\/wp\/v2\/types\/page"}],"author":[{"embeddable":true,"href":"https:\/\/www.airtradecentre.com\/tr\/wp-json\/wp\/v2\/users\/1"}],"replies":[{"embeddable":true,"href":"https:\/\/www.airtradecentre.com\/tr\/wp-json\/wp\/v2\/comments?post=3081"}],"version-history":[{"count":5,"href":"https:\/\/www.airtradecentre.com\/tr\/wp-json\/wp\/v2\/pages\/3081\/revisions"}],"predecessor-version":[{"id":5228,"href":"https:\/\/www.airtradecentre.com\/tr\/wp-json\/wp\/v2\/pages\/3081\/revisions\/5228"}],"up":[{"embeddable":true,"href":"https:\/\/www.airtradecentre.com\/tr\/wp-json\/wp\/v2\/pages\/40"}],"wp:attachment":[{"href":"https:\/\/www.airtradecentre.com\/tr\/wp-json\/wp\/v2\/media?parent=3081"}],"curies":[{"name":"wp","href":"https:\/\/api.w.org\/{rel}","templated":true}]}}