{"id":3087,"date":"2019-04-25T07:33:01","date_gmt":"2019-04-25T07:33:01","guid":{"rendered":"https:\/\/airtradecentre.com.tr\/?page_id=3087"},"modified":"2019-11-27T12:22:09","modified_gmt":"2019-11-27T12:22:09","slug":"ec-motorlu-cati-fanlari-yatay-atisli","status":"publish","type":"page","link":"https:\/\/www.airtradecentre.com\/tr\/fanlar-ve-duman-kontrolu\/ec-motorlu-cati-fanlari-yatay-atisli\/","title":{"rendered":"EC Motorlu \u00c7at\u0131 Fanlar\u0131 \u2013 Yatay At\u0131\u015fl\u0131"},"content":{"rendered":"\n<style type=\"text\/css\" data-created_by=\"avia_inline_auto\" id=\"style-css-av-a28q3-2e375b66fc511aba83bc611d70ae9b66\">\n.flex_column.av-a28q3-2e375b66fc511aba83bc611d70ae9b66{\nborder-width:1px;\nborder-color:#ebebeb;\nborder-style:solid;\nborder-radius:0px 0px 0px 0px;\npadding:0px 0px 0px 0px;\n}\n<\/style>\n<div  class='flex_column av-a28q3-2e375b66fc511aba83bc611d70ae9b66 av_one_fourth  avia-builder-el-0  el_before_av_one_fourth  avia-builder-el-first  first flex_column_div av-zero-column-padding avia-link-column av-column-link avia-link-column-hover  '    data-link-column-url=\"https:\/\/www.airtradecentre.com\/tr\/fanlar-ve-duman-kontrolu\/ec-motorlu-cati-fanlari-yatay-atisli\/aru-s-ecp-20\/\"   ><a class=\"av-screen-reader-only\" href=https:\/\/www.airtradecentre.com\/tr\/fanlar-ve-duman-kontrolu\/ec-motorlu-cati-fanlari-yatay-atisli\/aru-s-ecp-20\/ >Link to: ARU-S ECP 20 \u00c7at\u0131 Fan\u0131<\/a><p><div  class='avia-button-wrap avia-button-center  avia-builder-el-1  el_before_av_image  avia-builder-el-first '>\n<style type=\"text\/css\" data-created_by=\"avia_inline_auto\" id=\"style-css-av-jqxrtvq3-8215f41c2d750277fb8511f637d9e1cc\">\n#top #wrap_all .avia-button.av-jqxrtvq3-8215f41c2d750277fb8511f637d9e1cc{\ncolor:#ffffff;\ntransition:all 0.4s ease-in-out;\n}\n#top #wrap_all .avia-button.av-jqxrtvq3-8215f41c2d750277fb8511f637d9e1cc:hover{\ncolor:#ffffff;\ntransition:all 0.4s ease-in-out;\n}\n<\/style>\n<a href='https:\/\/www.airtradecentre.com\/tr\/fanlar-ve-duman-kontrolu\/ec-motorlu-cati-fanlari-yatay-atisli\/aru-s-ecp-20\/' class='avia-color-theme-color-highlight avia-button avia-button-fullwidth av-jqxrtvq3-8215f41c2d750277fb8511f637d9e1cc avia-icon_select-no avia-color-theme-color-highlight'  target=\"_blank\"  rel=\"noopener noreferrer\" ><span class='avia_iconbox_title' >ARU-S ECP 20<\/span><span class='avia_button_background avia-button avia-button-fullwidth avia-color-theme-color-highlight'><\/span><\/a><\/div><br \/>\n\n<style type=\"text\/css\" data-created_by=\"avia_inline_auto\" id=\"style-css-av-jqxpes0h-eb36e3b68eaefd936c2ac12e607b1312\">\n.avia-image-container.av-jqxpes0h-eb36e3b68eaefd936c2ac12e607b1312 img.avia_image{\nbox-shadow:none;\n}\n.avia-image-container.av-jqxpes0h-eb36e3b68eaefd936c2ac12e607b1312 .av-image-caption-overlay-center{\ncolor:#ffffff;\n}\n<\/style>\n<div  class='avia-image-container av-jqxpes0h-eb36e3b68eaefd936c2ac12e607b1312 av-styling- avia-align-center  avia-builder-el-2  el_after_av_button_big  avia-builder-el-no-sibling '   itemprop=\"image\" itemscope=\"itemscope\" itemtype=\"https:\/\/schema.org\/ImageObject\" ><div class=\"avia-image-container-inner\"><div class=\"avia-image-overlay-wrap\"><img decoding=\"async\" fetchpriority=\"high\" class='wp-image-3494 avia-img-lazy-loading-not-3494 avia_image ' src=\"https:\/\/www.airtradecentre.com\/wp-content\/uploads\/2019\/04\/ARU-S-ECP-20-1.jpg\" alt='' title='ARU-S ECP 20-1'  height=\"500\" width=\"500\"  itemprop=\"thumbnailUrl\" srcset=\"https:\/\/www.airtradecentre.com\/wp-content\/uploads\/2019\/04\/ARU-S-ECP-20-1.jpg 500w, https:\/\/www.airtradecentre.com\/wp-content\/uploads\/2019\/04\/ARU-S-ECP-20-1-80x80.jpg 80w\" sizes=\"(max-width: 500px) 100vw, 500px\" \/><\/div><\/div><\/div><\/p><\/div>\n<style type=\"text\/css\" data-created_by=\"avia_inline_auto\" id=\"style-css-av-a28q3-5b3adfba0d06efccdfa4611048156d2e\">\n.flex_column.av-a28q3-5b3adfba0d06efccdfa4611048156d2e{\nborder-width:1px;\nborder-color:#ebebeb;\nborder-style:solid;\nborder-radius:0px 0px 0px 0px;\npadding:0px 0px 0px 0px;\n}\n<\/style>\n<div  class='flex_column av-a28q3-5b3adfba0d06efccdfa4611048156d2e av_one_fourth  avia-builder-el-3  el_after_av_one_fourth  el_before_av_one_fourth  flex_column_div av-zero-column-padding avia-link-column av-column-link avia-link-column-hover  '    data-link-column-url=\"https:\/\/www.airtradecentre.com\/tr\/fanlar-ve-duman-kontrolu\/ec-motorlu-cati-fanlari-yatay-atisli\/arfh-ec-30\/\"   ><a class=\"av-screen-reader-only\" href=https:\/\/www.airtradecentre.com\/tr\/fanlar-ve-duman-kontrolu\/ec-motorlu-cati-fanlari-yatay-atisli\/arfh-ec-30\/ >Link to: ARFH EC 30 \u00c7at\u0131 Fan\u0131<\/a><p><div  class='avia-button-wrap avia-button-center  avia-builder-el-4  el_before_av_image  avia-builder-el-first '>\n<style type=\"text\/css\" data-created_by=\"avia_inline_auto\" id=\"style-css-av-jqxrtvq3-83dab39691a0bcaed8863fe0c6452157\">\n#top #wrap_all .avia-button.av-jqxrtvq3-83dab39691a0bcaed8863fe0c6452157{\ncolor:#ffffff;\ntransition:all 0.4s ease-in-out;\n}\n#top #wrap_all .avia-button.av-jqxrtvq3-83dab39691a0bcaed8863fe0c6452157:hover{\ncolor:#ffffff;\ntransition:all 0.4s ease-in-out;\n}\n<\/style>\n<a href='https:\/\/www.airtradecentre.com\/tr\/fanlar-ve-duman-kontrolu\/ec-motorlu-cati-fanlari-yatay-atisli\/arfh-ec-30\/' class='avia-color-theme-color-highlight avia-button avia-button-fullwidth av-jqxrtvq3-83dab39691a0bcaed8863fe0c6452157 avia-icon_select-no avia-color-theme-color-highlight'  target=\"_blank\"  rel=\"noopener noreferrer\" ><span class='avia_iconbox_title' >ARFH EC 30<\/span><span class='avia_button_background avia-button avia-button-fullwidth avia-color-theme-color-highlight'><\/span><\/a><\/div><br \/>\n\n<style type=\"text\/css\" data-created_by=\"avia_inline_auto\" id=\"style-css-av-jqxpes0h-1cad0b51e0b4967e1f2bcd6a66003222\">\n.avia-image-container.av-jqxpes0h-1cad0b51e0b4967e1f2bcd6a66003222 img.avia_image{\nbox-shadow:none;\n}\n.avia-image-container.av-jqxpes0h-1cad0b51e0b4967e1f2bcd6a66003222 .av-image-caption-overlay-center{\ncolor:#ffffff;\n}\n<\/style>\n<div  class='avia-image-container av-jqxpes0h-1cad0b51e0b4967e1f2bcd6a66003222 av-styling- avia-align-center  avia-builder-el-5  el_after_av_button_big  avia-builder-el-no-sibling '   itemprop=\"image\" itemscope=\"itemscope\" itemtype=\"https:\/\/schema.org\/ImageObject\" ><div class=\"avia-image-container-inner\"><div class=\"avia-image-overlay-wrap\"><img decoding=\"async\" fetchpriority=\"high\" class='wp-image-455 avia-img-lazy-loading-not-455 avia_image ' src=\"https:\/\/www.airtradecentre.com\/wp-content\/uploads\/2018\/08\/atc-defaul-400x400-logo-300x300.jpg\" alt='ATC Default' title='atc-defaul-400x400-logo'  height=\"300\" width=\"300\"  itemprop=\"thumbnailUrl\" srcset=\"https:\/\/www.airtradecentre.com\/wp-content\/uploads\/2018\/08\/atc-defaul-400x400-logo-300x300.jpg 300w, https:\/\/www.airtradecentre.com\/wp-content\/uploads\/2018\/08\/atc-defaul-400x400-logo-80x80.jpg 80w, https:\/\/www.airtradecentre.com\/wp-content\/uploads\/2018\/08\/atc-defaul-400x400-logo.jpg 400w\" sizes=\"(max-width: 300px) 100vw, 300px\" \/><\/div><\/div><\/div><\/p><\/div>\n<style type=\"text\/css\" data-created_by=\"avia_inline_auto\" id=\"style-css-av-a28q3-b40f2a556da12d4fd6fa0880ae33231e\">\n.flex_column.av-a28q3-b40f2a556da12d4fd6fa0880ae33231e{\nborder-width:1px;\nborder-color:#ebebeb;\nborder-style:solid;\nborder-radius:0px 0px 0px 0px;\npadding:0px 0px 0px 0px;\n}\n<\/style>\n<div  class='flex_column av-a28q3-b40f2a556da12d4fd6fa0880ae33231e av_one_fourth  avia-builder-el-6  el_after_av_one_fourth  avia-builder-el-last  flex_column_div av-zero-column-padding avia-link-column av-column-link avia-link-column-hover  '    data-link-column-url=\"https:\/\/www.airtradecentre.com\/tr\/fanlar-ve-duman-kontrolu\/ec-motorlu-cati-fanlari-yatay-atisli\/aru-s-eccp-20\/\"   ><a class=\"av-screen-reader-only\" href=https:\/\/www.airtradecentre.com\/tr\/fanlar-ve-duman-kontrolu\/ec-motorlu-cati-fanlari-yatay-atisli\/aru-s-eccp-20\/ >Link to: ARU-S ECCP 20 \u00c7at\u0131 Fan\u0131<\/a><p><div  class='avia-button-wrap avia-button-center  avia-builder-el-7  el_before_av_image  avia-builder-el-first '>\n<style type=\"text\/css\" data-created_by=\"avia_inline_auto\" id=\"style-css-av-jqxrtvq3-72cfe5abf080db58e5240efbc24b7043\">\n#top #wrap_all .avia-button.av-jqxrtvq3-72cfe5abf080db58e5240efbc24b7043{\ncolor:#ffffff;\ntransition:all 0.4s ease-in-out;\n}\n#top #wrap_all .avia-button.av-jqxrtvq3-72cfe5abf080db58e5240efbc24b7043:hover{\ncolor:#ffffff;\ntransition:all 0.4s ease-in-out;\n}\n<\/style>\n<a href='https:\/\/www.airtradecentre.com\/tr\/fanlar-ve-duman-kontrolu\/ec-motorlu-cati-fanlari-yatay-atisli\/aru-s-eccp-20\/' class='avia-color-theme-color-highlight avia-button avia-button-fullwidth av-jqxrtvq3-72cfe5abf080db58e5240efbc24b7043 avia-icon_select-no avia-color-theme-color-highlight'  target=\"_blank\"  rel=\"noopener noreferrer\" ><span class='avia_iconbox_title' >ARU-S ECCP 20<\/span><span class='avia_button_background avia-button avia-button-fullwidth avia-color-theme-color-highlight'><\/span><\/a><\/div><br \/>\n\n<style type=\"text\/css\" data-created_by=\"avia_inline_auto\" id=\"style-css-av-jqxpes0h-1cad0b51e0b4967e1f2bcd6a66003222\">\n.avia-image-container.av-jqxpes0h-1cad0b51e0b4967e1f2bcd6a66003222 img.avia_image{\nbox-shadow:none;\n}\n.avia-image-container.av-jqxpes0h-1cad0b51e0b4967e1f2bcd6a66003222 .av-image-caption-overlay-center{\ncolor:#ffffff;\n}\n<\/style>\n<div  class='avia-image-container av-jqxpes0h-1cad0b51e0b4967e1f2bcd6a66003222 av-styling- avia-align-center  avia-builder-el-8  el_after_av_button_big  avia-builder-el-no-sibling '   itemprop=\"image\" itemscope=\"itemscope\" itemtype=\"https:\/\/schema.org\/ImageObject\" ><div class=\"avia-image-container-inner\"><div class=\"avia-image-overlay-wrap\"><img decoding=\"async\" fetchpriority=\"high\" class='wp-image-455 avia-img-lazy-loading-not-455 avia_image ' src=\"https:\/\/www.airtradecentre.com\/wp-content\/uploads\/2018\/08\/atc-defaul-400x400-logo-300x300.jpg\" alt='ATC Default' title='atc-defaul-400x400-logo'  height=\"300\" width=\"300\"  itemprop=\"thumbnailUrl\" srcset=\"https:\/\/www.airtradecentre.com\/wp-content\/uploads\/2018\/08\/atc-defaul-400x400-logo-300x300.jpg 300w, https:\/\/www.airtradecentre.com\/wp-content\/uploads\/2018\/08\/atc-defaul-400x400-logo-80x80.jpg 80w, https:\/\/www.airtradecentre.com\/wp-content\/uploads\/2018\/08\/atc-defaul-400x400-logo.jpg 400w\" sizes=\"(max-width: 300px) 100vw, 300px\" \/><\/div><\/div><\/div><\/p><\/div><\/p>\n","protected":false},"excerpt":{"rendered":"","protected":false},"author":1,"featured_media":0,"parent":40,"menu_order":0,"comment_status":"closed","ping_status":"closed","template":"","meta":{"footnotes":""},"class_list":["post-3087","page","type-page","status-publish","hentry"],"aioseo_notices":[],"_links":{"self":[{"href":"https:\/\/www.airtradecentre.com\/tr\/wp-json\/wp\/v2\/pages\/3087","targetHints":{"allow":["GET"]}}],"collection":[{"href":"https:\/\/www.airtradecentre.com\/tr\/wp-json\/wp\/v2\/pages"}],"about":[{"href":"https:\/\/www.airtradecentre.com\/tr\/wp-json\/wp\/v2\/types\/page"}],"author":[{"embeddable":true,"href":"https:\/\/www.airtradecentre.com\/tr\/wp-json\/wp\/v2\/users\/1"}],"replies":[{"embeddable":true,"href":"https:\/\/www.airtradecentre.com\/tr\/wp-json\/wp\/v2\/comments?post=3087"}],"version-history":[{"count":5,"href":"https:\/\/www.airtradecentre.com\/tr\/wp-json\/wp\/v2\/pages\/3087\/revisions"}],"predecessor-version":[{"id":5237,"href":"https:\/\/www.airtradecentre.com\/tr\/wp-json\/wp\/v2\/pages\/3087\/revisions\/5237"}],"up":[{"embeddable":true,"href":"https:\/\/www.airtradecentre.com\/tr\/wp-json\/wp\/v2\/pages\/40"}],"wp:attachment":[{"href":"https:\/\/www.airtradecentre.com\/tr\/wp-json\/wp\/v2\/media?parent=3087"}],"curies":[{"name":"wp","href":"https:\/\/api.w.org\/{rel}","templated":true}]}}