{"id":3089,"date":"2019-04-25T07:34:06","date_gmt":"2019-04-25T07:34:06","guid":{"rendered":"https:\/\/airtradecentre.com.tr\/?page_id=3089"},"modified":"2019-11-27T12:26:58","modified_gmt":"2019-11-27T12:26:58","slug":"mutfak-davlumbazi-cati-fanlari-dikey-atisli","status":"publish","type":"page","link":"https:\/\/www.airtradecentre.com\/tr\/fanlar-ve-duman-kontrolu\/mutfak-davlumbazi-cati-fanlari-dikey-atisli\/","title":{"rendered":"Mutfak Davlumbaz\u0131 \u00c7at\u0131 Fanlar\u0131 \u2013Dikey At\u0131\u015fl\u0131"},"content":{"rendered":"\n<style type=\"text\/css\" data-created_by=\"avia_inline_auto\" id=\"style-css-av-a28q3-234800f61c0c00d977df4dd6f673b91f\">\n.flex_column.av-a28q3-234800f61c0c00d977df4dd6f673b91f{\nborder-width:1px;\nborder-color:#ebebeb;\nborder-style:solid;\nborder-radius:0px 0px 0px 0px;\npadding:0px 0px 0px 0px;\n}\n<\/style>\n<div  class='flex_column av-a28q3-234800f61c0c00d977df4dd6f673b91f av_one_fourth  avia-builder-el-0  avia-builder-el-no-sibling  first flex_column_div av-zero-column-padding avia-link-column av-column-link avia-link-column-hover  '    data-link-column-url=\"https:\/\/www.airtradecentre.com\/tr\/fanlar-ve-duman-kontrolu\/mutfak-davlumbazi-cati-fanlari-dikey-atisli\/krf-s-cati-fanlari\/\"   ><a class=\"av-screen-reader-only\" href=https:\/\/www.airtradecentre.com\/tr\/fanlar-ve-duman-kontrolu\/mutfak-davlumbazi-cati-fanlari-dikey-atisli\/krf-s-cati-fanlari\/ >Link to: KRF-S \u00c7at\u0131 Fan\u0131<\/a><p><div  class='avia-button-wrap avia-button-center  avia-builder-el-1  el_before_av_image  avia-builder-el-first '>\n<style type=\"text\/css\" data-created_by=\"avia_inline_auto\" id=\"style-css-av-jqxrtvq3-3e7a1a6b5e0549ca761689533915c623\">\n#top #wrap_all .avia-button.av-jqxrtvq3-3e7a1a6b5e0549ca761689533915c623{\ncolor:#ffffff;\ntransition:all 0.4s ease-in-out;\n}\n#top #wrap_all .avia-button.av-jqxrtvq3-3e7a1a6b5e0549ca761689533915c623:hover{\ncolor:#ffffff;\ntransition:all 0.4s ease-in-out;\n}\n<\/style>\n<a href='https:\/\/www.airtradecentre.com\/tr\/fanlar-ve-duman-kontrolu\/mutfak-davlumbazi-cati-fanlari-dikey-atisli\/krf-s-cati-fanlari\/' class='avia-color-theme-color-highlight avia-button avia-button-fullwidth av-jqxrtvq3-3e7a1a6b5e0549ca761689533915c623 avia-icon_select-no avia-color-theme-color-highlight'  target=\"_blank\"  rel=\"noopener noreferrer\" ><span class='avia_iconbox_title' >KRF-S<\/span><span class='avia_button_background avia-button avia-button-fullwidth avia-color-theme-color-highlight'><\/span><\/a><\/div><br \/>\n\n<style type=\"text\/css\" data-created_by=\"avia_inline_auto\" id=\"style-css-av-jqxpes0h-e542146bc96da3cf8e313be75398c38c\">\n.avia-image-container.av-jqxpes0h-e542146bc96da3cf8e313be75398c38c img.avia_image{\nbox-shadow:none;\n}\n.avia-image-container.av-jqxpes0h-e542146bc96da3cf8e313be75398c38c .av-image-caption-overlay-center{\ncolor:#ffffff;\n}\n<\/style>\n<div  class='avia-image-container av-jqxpes0h-e542146bc96da3cf8e313be75398c38c av-styling- avia-align-center  avia-builder-el-2  el_after_av_button_big  avia-builder-el-no-sibling '   itemprop=\"image\" itemscope=\"itemscope\" itemtype=\"https:\/\/schema.org\/ImageObject\" ><div class=\"avia-image-container-inner\"><div class=\"avia-image-overlay-wrap\"><img decoding=\"async\" fetchpriority=\"high\" class='wp-image-3096 avia-img-lazy-loading-not-3096 avia_image ' src=\"https:\/\/www.airtradecentre.com\/wp-content\/uploads\/2019\/04\/KRF-S-1.jpg\" alt='' title='KRF-S-1'  height=\"500\" width=\"500\"  itemprop=\"thumbnailUrl\" srcset=\"https:\/\/www.airtradecentre.com\/wp-content\/uploads\/2019\/04\/KRF-S-1.jpg 500w, https:\/\/www.airtradecentre.com\/wp-content\/uploads\/2019\/04\/KRF-S-1-80x80.jpg 80w\" sizes=\"(max-width: 500px) 100vw, 500px\" \/><\/div><\/div><\/div><\/p><\/div>\n","protected":false},"excerpt":{"rendered":"","protected":false},"author":1,"featured_media":0,"parent":40,"menu_order":0,"comment_status":"closed","ping_status":"closed","template":"","meta":{"footnotes":""},"class_list":["post-3089","page","type-page","status-publish","hentry"],"aioseo_notices":[],"_links":{"self":[{"href":"https:\/\/www.airtradecentre.com\/tr\/wp-json\/wp\/v2\/pages\/3089","targetHints":{"allow":["GET"]}}],"collection":[{"href":"https:\/\/www.airtradecentre.com\/tr\/wp-json\/wp\/v2\/pages"}],"about":[{"href":"https:\/\/www.airtradecentre.com\/tr\/wp-json\/wp\/v2\/types\/page"}],"author":[{"embeddable":true,"href":"https:\/\/www.airtradecentre.com\/tr\/wp-json\/wp\/v2\/users\/1"}],"replies":[{"embeddable":true,"href":"https:\/\/www.airtradecentre.com\/tr\/wp-json\/wp\/v2\/comments?post=3089"}],"version-history":[{"count":4,"href":"https:\/\/www.airtradecentre.com\/tr\/wp-json\/wp\/v2\/pages\/3089\/revisions"}],"predecessor-version":[{"id":5305,"href":"https:\/\/www.airtradecentre.com\/tr\/wp-json\/wp\/v2\/pages\/3089\/revisions\/5305"}],"up":[{"embeddable":true,"href":"https:\/\/www.airtradecentre.com\/tr\/wp-json\/wp\/v2\/pages\/40"}],"wp:attachment":[{"href":"https:\/\/www.airtradecentre.com\/tr\/wp-json\/wp\/v2\/media?parent=3089"}],"curies":[{"name":"wp","href":"https:\/\/api.w.org\/{rel}","templated":true}]}}