{"id":3092,"date":"2019-04-25T07:35:17","date_gmt":"2019-04-25T07:35:17","guid":{"rendered":"https:\/\/airtradecentre.com.tr\/?page_id=3092"},"modified":"2019-11-27T14:06:35","modified_gmt":"2019-11-27T14:06:35","slug":"standart-cati-fanlari-dikey-atisli","status":"publish","type":"page","link":"https:\/\/www.airtradecentre.com\/tr\/standart-cati-fanlari-dikey-atisli\/","title":{"rendered":"Standart \u00c7at\u0131 Fanlar\u0131 \u2013 Dikey At\u0131\u015fl\u0131"},"content":{"rendered":"\n<style type=\"text\/css\" data-created_by=\"avia_inline_auto\" id=\"style-css-av-a28q3-a12ea70e5ddca6a39279b5cf675aa22b\">\n.flex_column.av-a28q3-a12ea70e5ddca6a39279b5cf675aa22b{\nborder-width:1px;\nborder-color:#ebebeb;\nborder-style:solid;\nborder-radius:0px 0px 0px 0px;\npadding:0px 0px 0px 0px;\n}\n<\/style>\n<div  class='flex_column av-a28q3-a12ea70e5ddca6a39279b5cf675aa22b av_one_fourth  avia-builder-el-0  el_before_av_one_fourth  avia-builder-el-first  first flex_column_div av-zero-column-padding avia-link-column av-column-link avia-link-column-hover  '    data-link-column-url=\"https:\/\/www.airtradecentre.com\/tr\/standart-cati-fanlari-dikey-atisli\/arfv-cati-fanlari\/\"   ><a class=\"av-screen-reader-only\" href=https:\/\/www.airtradecentre.com\/tr\/standart-cati-fanlari-dikey-atisli\/arfv-cati-fanlari\/ >Link to: ARFV \u00c7at\u0131 Fan\u0131<\/a><p><div  class='avia-button-wrap avia-button-center  avia-builder-el-1  el_before_av_image  avia-builder-el-first '>\n<style type=\"text\/css\" data-created_by=\"avia_inline_auto\" id=\"style-css-av-jqxrtvq3-594fb5dbad589a38fe3daf357c41c7b7\">\n#top #wrap_all .avia-button.av-jqxrtvq3-594fb5dbad589a38fe3daf357c41c7b7{\ncolor:#ffffff;\ntransition:all 0.4s ease-in-out;\n}\n#top #wrap_all .avia-button.av-jqxrtvq3-594fb5dbad589a38fe3daf357c41c7b7:hover{\ncolor:#ffffff;\ntransition:all 0.4s ease-in-out;\n}\n<\/style>\n<a href='https:\/\/www.airtradecentre.com\/tr\/standart-cati-fanlari-dikey-atisli\/arfv-cati-fanlari\/' class='avia-color-theme-color-highlight avia-button avia-button-fullwidth av-jqxrtvq3-594fb5dbad589a38fe3daf357c41c7b7 avia-icon_select-no avia-color-theme-color-highlight'  target=\"_blank\"  rel=\"noopener noreferrer\" ><span class='avia_iconbox_title' >ARFV<\/span><span class='avia_button_background avia-button avia-button-fullwidth avia-color-theme-color-highlight'><\/span><\/a><\/div><br \/>\n\n<style type=\"text\/css\" data-created_by=\"avia_inline_auto\" id=\"style-css-av-jqxpes0h-00f8fe1bab55d1ff81b3f2af721a0322\">\n.avia-image-container.av-jqxpes0h-00f8fe1bab55d1ff81b3f2af721a0322 img.avia_image{\nbox-shadow:none;\n}\n.avia-image-container.av-jqxpes0h-00f8fe1bab55d1ff81b3f2af721a0322 .av-image-caption-overlay-center{\ncolor:#ffffff;\n}\n<\/style>\n<div  class='avia-image-container av-jqxpes0h-00f8fe1bab55d1ff81b3f2af721a0322 av-styling- avia-align-center  avia-builder-el-2  el_after_av_button_big  el_before_av_iconlist  avia-builder-el-first '   itemprop=\"image\" itemscope=\"itemscope\" itemtype=\"https:\/\/schema.org\/ImageObject\" ><div class=\"avia-image-container-inner\"><div class=\"avia-image-overlay-wrap\"><img decoding=\"async\" fetchpriority=\"high\" class='wp-image-3120 avia-img-lazy-loading-not-3120 avia_image ' src=\"https:\/\/www.airtradecentre.com\/wp-content\/uploads\/2019\/04\/ARFV-1.jpg\" alt='' title='ARFV-1'  height=\"500\" width=\"500\"  itemprop=\"thumbnailUrl\" srcset=\"https:\/\/www.airtradecentre.com\/wp-content\/uploads\/2019\/04\/ARFV-1.jpg 500w, https:\/\/www.airtradecentre.com\/wp-content\/uploads\/2019\/04\/ARFV-1-80x80.jpg 80w\" sizes=\"(max-width: 500px) 100vw, 500px\" \/><\/div><\/div><\/div><br \/>\n\n<style type=\"text\/css\" data-created_by=\"avia_inline_auto\" id=\"style-css-av-jxed1bh9-32e0015d920e1ace415e13bc05db804b\">\n#top .avia-icon-list-container.av-jxed1bh9-32e0015d920e1ace415e13bc05db804b .iconlist_icon{\ncolor:#a4001e;\n}\n<\/style>\n<div  class='avia-icon-list-container av-jxed1bh9-32e0015d920e1ace415e13bc05db804b  avia-builder-el-3  el_after_av_image  avia-builder-el-last '><ul class='avia-icon-list avia_animate_when_almost_visible avia-icon-list-left av-iconlist-small av-jxed1bh9-32e0015d920e1ace415e13bc05db804b avia-iconlist-animate'>\n<li><div class='iconlist_icon av-av_iconlist_item-7143441ee578e531e9a2559aa2a48c8c avia-font-entypo-fontello'><span class='iconlist-char' aria-hidden='true' data-av_icon='\ue898' data-av_iconfont='entypo-fontello'><\/span><\/div><article class=\"article-icon-entry av-iconlist-empty\"  itemscope=\"itemscope\" itemtype=\"https:\/\/schema.org\/CreativeWork\" ><div class=\"iconlist_content_wrap\"><header class=\"entry-content-header\"><div class='av_iconlist_title iconlist_title_small  '  itemprop=\"headline\" >Dikey at\u0131\u015fl\u0131 \u00e7at\u0131 fan\u0131<\/div><\/header><div class='iconlist_content '  itemprop=\"text\" ><\/div><\/div><footer class=\"entry-footer\"><\/footer><\/article><div class=\"iconlist-timeline\"><\/div><\/li>\n<li><div class='iconlist_icon av-av_iconlist_item-ca72fef06adc8bb8c9bd9b7886dd13bf avia-font-entypo-fontello'><span class='iconlist-char' aria-hidden='true' data-av_icon='\ue898' data-av_iconfont='entypo-fontello'><\/span><\/div><article class=\"article-icon-entry av-iconlist-empty\"  itemscope=\"itemscope\" itemtype=\"https:\/\/schema.org\/CreativeWork\" ><div class=\"iconlist_content_wrap\"><header class=\"entry-content-header\"><div class='av_iconlist_title iconlist_title_small  '  itemprop=\"headline\" >Radyal pervane <\/div><\/header><div class='iconlist_content '  itemprop=\"text\" ><\/div><\/div><footer class=\"entry-footer\"><\/footer><\/article><div class=\"iconlist-timeline\"><\/div><\/li>\n<li><div class='iconlist_icon av-av_iconlist_item-a9aeb75ae31a5f31188e1703429c406f avia-font-entypo-fontello'><span class='iconlist-char' aria-hidden='true' data-av_icon='\ue898' data-av_iconfont='entypo-fontello'><\/span><\/div><article class=\"article-icon-entry av-iconlist-empty\"  itemscope=\"itemscope\" itemtype=\"https:\/\/schema.org\/CreativeWork\" ><div class=\"iconlist_content_wrap\"><header class=\"entry-content-header\"><div class='av_iconlist_title iconlist_title_small  '  itemprop=\"headline\" >H\u0131z ayar\u0131na uygun, voltaj kontroll\u00fc<\/div><\/header><div class='iconlist_content '  itemprop=\"text\" ><\/div><\/div><footer class=\"entry-footer\"><\/footer><\/article><div class=\"iconlist-timeline\"><\/div><\/li>\n<li><div class='iconlist_icon av-av_iconlist_item-e41a54f317acdc03af826f9c332939f4 avia-font-entypo-fontello'><span class='iconlist-char' aria-hidden='true' data-av_icon='\ue898' data-av_iconfont='entypo-fontello'><\/span><\/div><article class=\"article-icon-entry av-iconlist-empty\"  itemscope=\"itemscope\" itemtype=\"https:\/\/schema.org\/CreativeWork\" ><div class=\"iconlist_content_wrap\"><header class=\"entry-content-header\"><div class='av_iconlist_title iconlist_title_small  '  itemprop=\"headline\" >10960 m\u00b3\/h\u2019 e kadar hava debisi<\/div><\/header><div class='iconlist_content '  itemprop=\"text\" ><\/div><\/div><footer class=\"entry-footer\"><\/footer><\/article><div class=\"iconlist-timeline\"><\/div><\/li>\n<\/ul><\/div><\/p><\/div>\n<style type=\"text\/css\" data-created_by=\"avia_inline_auto\" id=\"style-css-av-a28q3-b086eb5640f17a30304d592c145c0099\">\n.flex_column.av-a28q3-b086eb5640f17a30304d592c145c0099{\nborder-width:1px;\nborder-color:#ebebeb;\nborder-style:solid;\nborder-radius:0px 0px 0px 0px;\npadding:0px 0px 0px 0px;\n}\n<\/style>\n<div  class='flex_column av-a28q3-b086eb5640f17a30304d592c145c0099 av_one_fourth  avia-builder-el-4  el_after_av_one_fourth  avia-builder-el-last  flex_column_div av-zero-column-padding avia-link-column av-column-link avia-link-column-hover  '    data-link-column-url=\"https:\/\/www.airtradecentre.com\/tr\/standart-cati-fanlari-dikey-atisli\/arfv-s-cati-fani\/\"   ><a class=\"av-screen-reader-only\" href=https:\/\/www.airtradecentre.com\/tr\/standart-cati-fanlari-dikey-atisli\/arfv-s-cati-fani\/ >Link to: ARFV-S \u00c7at\u0131 Fan\u0131<\/a><p><div  class='avia-button-wrap avia-button-center  avia-builder-el-5  el_before_av_image  avia-builder-el-first '>\n<style type=\"text\/css\" data-created_by=\"avia_inline_auto\" id=\"style-css-av-jqxrtvq3-8f4285384f864009c241e3abb0e53be8\">\n#top #wrap_all .avia-button.av-jqxrtvq3-8f4285384f864009c241e3abb0e53be8{\ncolor:#ffffff;\ntransition:all 0.4s ease-in-out;\n}\n#top #wrap_all .avia-button.av-jqxrtvq3-8f4285384f864009c241e3abb0e53be8:hover{\ncolor:#ffffff;\ntransition:all 0.4s ease-in-out;\n}\n<\/style>\n<a href='https:\/\/www.airtradecentre.com\/tr\/standart-cati-fanlari-dikey-atisli\/arfv-s-cati-fani\/' class='avia-color-theme-color-highlight avia-button avia-button-fullwidth av-jqxrtvq3-8f4285384f864009c241e3abb0e53be8 avia-icon_select-no avia-color-theme-color-highlight'  target=\"_blank\"  rel=\"noopener noreferrer\" ><span class='avia_iconbox_title' >ARFV-S<\/span><span class='avia_button_background avia-button avia-button-fullwidth avia-color-theme-color-highlight'><\/span><\/a><\/div><br \/>\n\n<style type=\"text\/css\" data-created_by=\"avia_inline_auto\" id=\"style-css-av-jqxpes0h-00f8fe1bab55d1ff81b3f2af721a0322\">\n.avia-image-container.av-jqxpes0h-00f8fe1bab55d1ff81b3f2af721a0322 img.avia_image{\nbox-shadow:none;\n}\n.avia-image-container.av-jqxpes0h-00f8fe1bab55d1ff81b3f2af721a0322 .av-image-caption-overlay-center{\ncolor:#ffffff;\n}\n<\/style>\n<div  class='avia-image-container av-jqxpes0h-00f8fe1bab55d1ff81b3f2af721a0322 av-styling- avia-align-center  avia-builder-el-6  el_after_av_button_big  el_before_av_iconlist  avia-builder-el-first '   itemprop=\"image\" itemscope=\"itemscope\" itemtype=\"https:\/\/schema.org\/ImageObject\" ><div class=\"avia-image-container-inner\"><div class=\"avia-image-overlay-wrap\"><img decoding=\"async\" fetchpriority=\"high\" class='wp-image-3120 avia-img-lazy-loading-not-3120 avia_image ' src=\"https:\/\/www.airtradecentre.com\/wp-content\/uploads\/2019\/04\/ARFV-1.jpg\" alt='' title='ARFV-1'  height=\"500\" width=\"500\"  itemprop=\"thumbnailUrl\" srcset=\"https:\/\/www.airtradecentre.com\/wp-content\/uploads\/2019\/04\/ARFV-1.jpg 500w, https:\/\/www.airtradecentre.com\/wp-content\/uploads\/2019\/04\/ARFV-1-80x80.jpg 80w\" sizes=\"(max-width: 500px) 100vw, 500px\" \/><\/div><\/div><\/div><br \/>\n\n<style type=\"text\/css\" data-created_by=\"avia_inline_auto\" id=\"style-css-av-jxed1bh9-32e0015d920e1ace415e13bc05db804b\">\n#top .avia-icon-list-container.av-jxed1bh9-32e0015d920e1ace415e13bc05db804b .iconlist_icon{\ncolor:#a4001e;\n}\n<\/style>\n<div  class='avia-icon-list-container av-jxed1bh9-32e0015d920e1ace415e13bc05db804b  avia-builder-el-7  el_after_av_image  avia-builder-el-last '><ul class='avia-icon-list avia_animate_when_almost_visible avia-icon-list-left av-iconlist-small av-jxed1bh9-32e0015d920e1ace415e13bc05db804b avia-iconlist-animate'>\n<li><div class='iconlist_icon av-av_iconlist_item-1bb1a4c3e184fe26a69d6174b0d687f9 avia-font-entypo-fontello'><span class='iconlist-char' aria-hidden='true' data-av_icon='\ue898' data-av_iconfont='entypo-fontello'><\/span><\/div><article class=\"article-icon-entry av-iconlist-empty\"  itemscope=\"itemscope\" itemtype=\"https:\/\/schema.org\/CreativeWork\" ><div class=\"iconlist_content_wrap\"><header class=\"entry-content-header\"><div class='av_iconlist_title iconlist_title_small  '  itemprop=\"headline\" >Dikey at\u0131\u015fl\u0131 \u00e7at\u0131 fan\u0131, radyal pervane<\/div><\/header><div class='iconlist_content '  itemprop=\"text\" ><\/div><\/div><footer class=\"entry-footer\"><\/footer><\/article><div class=\"iconlist-timeline\"><\/div><\/li>\n<li><div class='iconlist_icon av-av_iconlist_item-122dc65250c04b2f9c4e02d0551673a5 avia-font-entypo-fontello'><span class='iconlist-char' aria-hidden='true' data-av_icon='\ue898' data-av_iconfont='entypo-fontello'><\/span><\/div><article class=\"article-icon-entry av-iconlist-empty\"  itemscope=\"itemscope\" itemtype=\"https:\/\/schema.org\/CreativeWork\" ><div class=\"iconlist_content_wrap\"><header class=\"entry-content-header\"><div class='av_iconlist_title iconlist_title_small  '  itemprop=\"headline\" >Entegre bak\u0131m \u015falteri<\/div><\/header><div class='iconlist_content '  itemprop=\"text\" ><\/div><\/div><footer class=\"entry-footer\"><\/footer><\/article><div class=\"iconlist-timeline\"><\/div><\/li>\n<li><div class='iconlist_icon av-av_iconlist_item-a9aeb75ae31a5f31188e1703429c406f avia-font-entypo-fontello'><span class='iconlist-char' aria-hidden='true' data-av_icon='\ue898' data-av_iconfont='entypo-fontello'><\/span><\/div><article class=\"article-icon-entry av-iconlist-empty\"  itemscope=\"itemscope\" itemtype=\"https:\/\/schema.org\/CreativeWork\" ><div class=\"iconlist_content_wrap\"><header class=\"entry-content-header\"><div class='av_iconlist_title iconlist_title_small  '  itemprop=\"headline\" >H\u0131z ayar\u0131na uygun, voltaj kontroll\u00fc<\/div><\/header><div class='iconlist_content '  itemprop=\"text\" ><\/div><\/div><footer class=\"entry-footer\"><\/footer><\/article><div class=\"iconlist-timeline\"><\/div><\/li>\n<li><div class='iconlist_icon av-av_iconlist_item-e41a54f317acdc03af826f9c332939f4 avia-font-entypo-fontello'><span class='iconlist-char' aria-hidden='true' data-av_icon='\ue898' data-av_iconfont='entypo-fontello'><\/span><\/div><article class=\"article-icon-entry av-iconlist-empty\"  itemscope=\"itemscope\" itemtype=\"https:\/\/schema.org\/CreativeWork\" ><div class=\"iconlist_content_wrap\"><header class=\"entry-content-header\"><div class='av_iconlist_title iconlist_title_small  '  itemprop=\"headline\" >10960 m\u00b3\/h\u2019 e kadar hava debisi<\/div><\/header><div class='iconlist_content '  itemprop=\"text\" ><\/div><\/div><footer class=\"entry-footer\"><\/footer><\/article><div class=\"iconlist-timeline\"><\/div><\/li>\n<\/ul><\/div><\/p><\/div><\/p>\n","protected":false},"excerpt":{"rendered":"","protected":false},"author":1,"featured_media":0,"parent":0,"menu_order":0,"comment_status":"closed","ping_status":"closed","template":"","meta":{"footnotes":""},"class_list":["post-3092","page","type-page","status-publish","hentry"],"aioseo_notices":[],"_links":{"self":[{"href":"https:\/\/www.airtradecentre.com\/tr\/wp-json\/wp\/v2\/pages\/3092","targetHints":{"allow":["GET"]}}],"collection":[{"href":"https:\/\/www.airtradecentre.com\/tr\/wp-json\/wp\/v2\/pages"}],"about":[{"href":"https:\/\/www.airtradecentre.com\/tr\/wp-json\/wp\/v2\/types\/page"}],"author":[{"embeddable":true,"href":"https:\/\/www.airtradecentre.com\/tr\/wp-json\/wp\/v2\/users\/1"}],"replies":[{"embeddable":true,"href":"https:\/\/www.airtradecentre.com\/tr\/wp-json\/wp\/v2\/comments?post=3092"}],"version-history":[{"count":8,"href":"https:\/\/www.airtradecentre.com\/tr\/wp-json\/wp\/v2\/pages\/3092\/revisions"}],"predecessor-version":[{"id":7171,"href":"https:\/\/www.airtradecentre.com\/tr\/wp-json\/wp\/v2\/pages\/3092\/revisions\/7171"}],"wp:attachment":[{"href":"https:\/\/www.airtradecentre.com\/tr\/wp-json\/wp\/v2\/media?parent=3092"}],"curies":[{"name":"wp","href":"https:\/\/api.w.org\/{rel}","templated":true}]}}