{"id":3496,"date":"2019-04-26T06:30:53","date_gmt":"2019-04-26T06:30:53","guid":{"rendered":"https:\/\/airtradecentre.com.tr\/?page_id=3496"},"modified":"2019-11-27T12:24:03","modified_gmt":"2019-11-27T12:24:03","slug":"aru-s-ecp-20","status":"publish","type":"page","link":"https:\/\/www.airtradecentre.com\/tr\/fanlar-ve-duman-kontrolu\/ec-motorlu-cati-fanlari-yatay-atisli\/aru-s-ecp-20\/","title":{"rendered":"ARU-S ECP 20 \u00c7at\u0131 Fan\u0131"},"content":{"rendered":"\n<style type=\"text\/css\" data-created_by=\"avia_inline_auto\" id=\"style-css-av-2iex7x-310ccf25b611388f42e33d7adc160b77\">\n.flex_column.av-2iex7x-310ccf25b611388f42e33d7adc160b77{\nborder-radius:0px 0px 0px 0px;\npadding:0px 0px 0px 0px;\n}\n<\/style>\n<div  class='flex_column av-2iex7x-310ccf25b611388f42e33d7adc160b77 av_one_full  avia-builder-el-0  el_before_av_two_fifth  avia-builder-el-first  first flex_column_div av-zero-column-padding  '     ><div  class='av_promobox av-jv6e4x07-f7afe52c79b3570558a361589c7e756a avia-button-yes  avia-builder-el-1  avia-builder-el-no-sibling '><div class='avia-promocontent'><p>\nBu \u00fcr\u00fcn ile ilgili genel kullan\u0131m klavuzunu bilgisayar\u0131n\u0131za PDF format\u0131nda indirebilirsiniz.<\/p>\n<\/div><div  class='avia-button-wrap av-jv6e4x07-81e9380bb17a73dfa43359457880f01b-wrap avia-button-right '><a href='https:\/\/airtradecentre.com\/wp-content\/uploads\/2019\/05\/18-ARU-S-...-ECP-20_compressed.pdf'  class='avia-button av-jv6e4x07-81e9380bb17a73dfa43359457880f01b avia-icon_select-no avia-size-large avia-position-right avia-color-theme-color'  ><span class='avia_iconbox_title' >Kullan\u0131m Klavuzu<\/span><\/a><\/div><\/div><\/div>\n\n<style type=\"text\/css\" data-created_by=\"avia_inline_auto\" id=\"style-css-av-1wjco7-ecc11c4033bd98e171ea76227102a5b2\">\n.flex_column.av-1wjco7-ecc11c4033bd98e171ea76227102a5b2{\nborder-width:2px;\nborder-color:#eaeaea;\nborder-style:solid;\nborder-radius:0px 0px 0px 0px;\npadding:0px 0px 0px 0px;\n}\n<\/style>\n<div  class='flex_column av-1wjco7-ecc11c4033bd98e171ea76227102a5b2 av_two_fifth  avia-builder-el-2  el_after_av_one_full  el_before_av_three_fifth  first flex_column_div av-zero-column-padding  column-top-margin'     ><style type=\"text\/css\" data-created_by=\"avia_inline_auto\" id=\"style-css-av-1q17nr-ef5fdf59e0928b35a31cc17989dd452f\">\n.avia-image-container.av-1q17nr-ef5fdf59e0928b35a31cc17989dd452f img.avia_image{\nbox-shadow:none;\n}\n.avia-image-container.av-1q17nr-ef5fdf59e0928b35a31cc17989dd452f .av-image-caption-overlay-center{\ncolor:#ffffff;\n}\n<\/style>\n<div  class='avia-image-container av-1q17nr-ef5fdf59e0928b35a31cc17989dd452f av-styling- avia-align-center  avia-builder-el-3  avia-builder-el-no-sibling '   itemprop=\"image\" itemscope=\"itemscope\" itemtype=\"https:\/\/schema.org\/ImageObject\" ><div class=\"avia-image-container-inner\"><div class=\"avia-image-overlay-wrap\"><a href=\"https:\/\/www.airtradecentre.com\/wp-content\/uploads\/2019\/04\/ARU-S-ECP-20-1.jpg\" data-srcset=\"https:\/\/www.airtradecentre.com\/wp-content\/uploads\/2019\/04\/ARU-S-ECP-20-1.jpg 500w, https:\/\/www.airtradecentre.com\/wp-content\/uploads\/2019\/04\/ARU-S-ECP-20-1-80x80.jpg 80w\" data-sizes=\"(max-width: 500px) 100vw, 500px\" class='avia_image'  aria-label='ARU-S ECP 20-1'><img decoding=\"async\" fetchpriority=\"high\" class='wp-image-3494 avia-img-lazy-loading-not-3494 avia_image ' src=\"https:\/\/www.airtradecentre.com\/wp-content\/uploads\/2019\/04\/ARU-S-ECP-20-1.jpg\" alt='' title='ARU-S ECP 20-1'  height=\"500\" width=\"500\"  itemprop=\"thumbnailUrl\" srcset=\"https:\/\/www.airtradecentre.com\/wp-content\/uploads\/2019\/04\/ARU-S-ECP-20-1.jpg 500w, https:\/\/www.airtradecentre.com\/wp-content\/uploads\/2019\/04\/ARU-S-ECP-20-1-80x80.jpg 80w\" sizes=\"(max-width: 500px) 100vw, 500px\" \/><\/a><\/div><\/div><\/div><\/div>\n\n<style type=\"text\/css\" data-created_by=\"avia_inline_auto\" id=\"style-css-av-1ii913-1ef8530b6245e033a803aa98e855892c\">\n.flex_column.av-1ii913-1ef8530b6245e033a803aa98e855892c{\nborder-radius:0px 0px 0px 0px;\npadding:0px 0px 0px 0px;\n}\n<\/style>\n<div  class='flex_column av-1ii913-1ef8530b6245e033a803aa98e855892c av_three_fifth  avia-builder-el-4  el_after_av_two_fifth  el_before_av_one_full  flex_column_div av-zero-column-padding  column-top-margin'     ><p>\n<style type=\"text\/css\" data-created_by=\"avia_inline_auto\" id=\"style-css-av-av_heading-04a2f88b699691487d9cb3422db614da\">\n#top .av-special-heading.av-av_heading-04a2f88b699691487d9cb3422db614da{\npadding-bottom:0;\n}\nbody .av-special-heading.av-av_heading-04a2f88b699691487d9cb3422db614da .av-special-heading-tag .heading-char{\nfont-size:25px;\n}\n.av-special-heading.av-av_heading-04a2f88b699691487d9cb3422db614da .av-subheading{\nfont-size:15px;\n}\n<\/style>\n<div  class='av-special-heading av-av_heading-04a2f88b699691487d9cb3422db614da av-special-heading-h2 blockquote modern-quote  avia-builder-el-5  el_before_av_buttonrow  avia-builder-el-first '><h2 class='av-special-heading-tag'  itemprop=\"headline\"  >ARU-S ECP 20<\/h2><div class='av-subheading av-subheading_below'><p>EC Motorlu \u00c7at\u0131 Fan\u0131 \u2013 Yatay At\u0131\u015fl\u0131<\/p>\n<\/div><div class=\"special-heading-border\"><div class=\"special-heading-inner-border\"><\/div><\/div><\/div><br \/>\n<div  class='avia-buttonrow-wrap av-jqxs57ih-516dd56d2448d704ca4d51177cd23b85 avia-buttonrow-left  avia-builder-el-6  el_after_av_heading  avia-builder-el-last '>\n\n<style type=\"text\/css\" data-created_by=\"avia_inline_auto\" id=\"style-css-av-cmqhpl-a59183730c0686edb58d8b2a7b0fd5cc\">\n#top #wrap_all .avia-button.av-cmqhpl-a59183730c0686edb58d8b2a7b0fd5cc{\nmargin-bottom:5px;\nmargin-right:5px;\n}\n<\/style>\n<a href='https:\/\/www.airtradecentre.com\/tr\/iletisim\/'  class='avia-button av-cmqhpl-a59183730c0686edb58d8b2a7b0fd5cc avia-icon_select-no avia-size-medium avia-color-theme-color-highlight'  ><span class='avia_iconbox_title' >Mail G\u00f6nder<\/span><\/a>\n<\/div><\/p><\/div>\n<style type=\"text\/css\" data-created_by=\"avia_inline_auto\" id=\"style-css-av-mmnrb-1846dac7fc629862f7ccd4aa6477d7d5\">\n.flex_column.av-mmnrb-1846dac7fc629862f7ccd4aa6477d7d5{\nborder-radius:0px 0px 0px 0px;\npadding:0px 0px 0px 0px;\n}\n<\/style>\n<div  class='flex_column av-mmnrb-1846dac7fc629862f7ccd4aa6477d7d5 av_one_full  avia-builder-el-7  el_after_av_three_fifth  avia-builder-el-last  first flex_column_div av-zero-column-padding  '     ><div  class='tabcontainer av-jqlcgght-cde9fc81693b2c53a5cc4c138a155e9b top_tab  avia-builder-el-8  avia-builder-el-no-sibling ' role='tablist'>\n<section class='av_tab_section av_tab_section av-29vtiw-3314c10ba07393b20d708c46f96eaffb'  itemscope=\"itemscope\" itemtype=\"https:\/\/schema.org\/CreativeWork\" ><div class='tab active_tab' role='tab' tabindex='0' data-fake-id='#tab-id-1' aria-controls='tab-id-1-content'  itemprop=\"headline\" ><span class='tab_icon' aria-hidden='true' data-av_icon='\ue8c7' data-av_iconfont='entypo-fontello'><\/span>Performans Verileri<\/div><div id='tab-id-1-content' class='tab_content active_tab_content' aria-hidden=\"false\"><div class='tab_inner_content invers-color'  itemprop=\"text\" ><table width=\"100%\">\n<tbody>\n<tr>\n<td style=\"vertical-align: middle;\" rowspan=\"2\"><strong>Model\u00a0<\/strong><\/td>\n<td style=\"text-align: center;\" colspan=\"7\" rowspan=\"1\"><strong>Hava Debisi [m3\/h]<\/strong><\/td>\n<\/tr>\n<tr>\n<td style=\"text-align: center; background-color: #ebebeb;\"><strong>0Pa<\/strong><\/td>\n<td style=\"text-align: center; background-color: #ebebeb;\"><strong>100Pa<\/strong><\/td>\n<td style=\"text-align: center; background-color: #ebebeb;\"><strong>200Pa<\/strong><\/td>\n<td style=\"text-align: center; background-color: #ebebeb;\"><strong>300Pa<\/strong><\/td>\n<td style=\"text-align: center; background-color: #ebebeb;\"><strong>400Pa<\/strong><\/td>\n<td style=\"text-align: center; background-color: #ebebeb;\"><strong>500Pa<\/strong><\/td>\n<td style=\"text-align: center; background-color: #ebebeb;\"><strong>600Pa<\/strong><\/td>\n<\/tr>\n<tr>\n<td>ARU-S 190 ECP 20<\/td>\n<td style=\"text-align: center;\">758<\/td>\n<td style=\"text-align: center;\">691<\/td>\n<td style=\"text-align: center;\">594<\/td>\n<td style=\"text-align: center;\">491<\/td>\n<td style=\"text-align: center;\">378<\/td>\n<td style=\"text-align: center;\">255<\/td>\n<td style=\"text-align: center;\">27<\/td>\n<\/tr>\n<tr>\n<td>ARU-S 220 ECP 20<\/td>\n<td style=\"text-align: center;\">1020<\/td>\n<td style=\"text-align: center;\">938<\/td>\n<td style=\"text-align: center;\">834<\/td>\n<td style=\"text-align: center;\">645<\/td>\n<td style=\"text-align: center;\">435<\/td>\n<td style=\"text-align: center;\">71<\/td>\n<td style=\"text-align: center;\">&#8211;<\/td>\n<\/tr>\n<tr>\n<td>ARU-S 250 ECP 20<\/td>\n<td style=\"text-align: center;\">1371<\/td>\n<td style=\"text-align: center;\">1272<\/td>\n<td style=\"text-align: center;\">1173<\/td>\n<td style=\"text-align: center;\">1048<\/td>\n<td style=\"text-align: center;\">890<\/td>\n<td style=\"text-align: center;\">703<\/td>\n<td style=\"text-align: center;\">511<\/td>\n<\/tr>\n<\/tbody>\n<\/table>\n<\/div><\/div><\/section>\n<section class='av_tab_section av_tab_section av-3ne86w-662ce97e599d97a49398707e358c7212'  itemscope=\"itemscope\" itemtype=\"https:\/\/schema.org\/CreativeWork\" ><div class='tab' role='tab' tabindex='0' data-fake-id='#tab-id-2' aria-controls='tab-id-2-content'  itemprop=\"headline\" ><span class='tab_icon' aria-hidden='true' data-av_icon='\ue855' data-av_iconfont='entypo-fontello'><\/span>Teknik Veriler<\/div><div id='tab-id-2-content' class='tab_content' aria-hidden=\"true\"><div class='tab_inner_content invers-color'  itemprop=\"text\" ><table width=\"100%\">\n<tbody>\n<tr>\n<td style=\"text-align: left;\"><strong>Model<\/strong><\/td>\n<td style=\"text-align: center;\"><strong>Voltaj [V]<\/strong><\/td>\n<td style=\"text-align: center;\"><strong>Frekans [Hz]<\/strong><\/td>\n<td style=\"text-align: center;\"><strong>H\u0131z [d\/d]<\/strong><\/td>\n<td style=\"text-align: center;\"><strong>G\u00fc\u00e7 [W]<\/strong><\/td>\n<td style=\"text-align: center;\"><strong>Ak\u0131m [A]<\/strong><\/td>\n<td style=\"text-align: center;\"><strong>LWA2 [dB]<\/strong><\/td>\n<td style=\"text-align: center;\"><strong>LWA5 [dB]<\/strong><\/td>\n<td style=\"text-align: center;\"><strong>LWA6 [dB]<\/strong><\/td>\n<td style=\"text-align: center;\"><strong>H\u0131z Anahtar\u0131<\/strong><\/td>\n<td style=\"text-align: center;\"><strong>Maks. S\u0131cakl\u0131k [oC]<\/strong><\/td>\n<\/tr>\n<tr>\n<td>ARU-S 190 ECP 20<\/td>\n<td style=\"text-align: center;\">230<\/td>\n<td style=\"text-align: center;\">50<\/td>\n<td style=\"text-align: center;\">3610<\/td>\n<td style=\"text-align: center;\">103<\/td>\n<td style=\"text-align: center;\">0,91<\/td>\n<td style=\"text-align: center;\">&#8211;<\/td>\n<td style=\"text-align: center;\">70<\/td>\n<td style=\"text-align: center;\">75<\/td>\n<td style=\"text-align: center;\">MTP 20<\/td>\n<td style=\"text-align: center;\">60<\/td>\n<\/tr>\n<tr>\n<td>ARU-S 220 ECP 20<\/td>\n<td style=\"text-align: center;\">230<\/td>\n<td style=\"text-align: center;\">50<\/td>\n<td style=\"text-align: center;\">2890<\/td>\n<td style=\"text-align: center;\">120<\/td>\n<td style=\"text-align: center;\">1,02<\/td>\n<td style=\"text-align: center;\">&#8211;<\/td>\n<td style=\"text-align: center;\">72<\/td>\n<td style=\"text-align: center;\">77<\/td>\n<td style=\"text-align: center;\">MTP 20<\/td>\n<td style=\"text-align: center;\">60<\/td>\n<\/tr>\n<tr>\n<td>ARU-S 250 ECP 20<\/td>\n<td style=\"text-align: center;\">230<\/td>\n<td style=\"text-align: center;\">50<\/td>\n<td style=\"text-align: center;\">2940<\/td>\n<td style=\"text-align: center;\">204<\/td>\n<td style=\"text-align: center;\">1,69<\/td>\n<td style=\"text-align: center;\">&#8211;<\/td>\n<td style=\"text-align: center;\">80<\/td>\n<td style=\"text-align: center;\">85<\/td>\n<td style=\"text-align: center;\">MTP 20<\/td>\n<td style=\"text-align: center;\">60<\/td>\n<\/tr>\n<\/tbody>\n<\/table>\n<\/div><\/div><\/section>\n<section class='av_tab_section av_tab_section av-2bkh60-b6fb1b0cd6c58fb34fe60faa02790164'  itemscope=\"itemscope\" itemtype=\"https:\/\/schema.org\/CreativeWork\" ><div class='tab' role='tab' tabindex='0' data-fake-id='#tab-id-3' aria-controls='tab-id-3-content'  itemprop=\"headline\" ><span class='tab_icon' aria-hidden='true' data-av_icon='\ue8d3' data-av_iconfont='entypo-fontello'><\/span>\u00d6l\u00e7\u00fcler ve Ba\u011flant\u0131 \u015eemas\u0131<\/div><div id='tab-id-3-content' class='tab_content' aria-hidden=\"true\"><div class='tab_inner_content invers-color'  itemprop=\"text\" ><table width=\"100%\">\n<tbody>\n<tr>\n<td><strong>Model<\/strong><\/td>\n<td style=\"text-align: center;\" width=\"10%\"><strong>\u00dcr\u00fcn \u00d6l\u00e7\u00fcleri<\/strong><\/td>\n<td style=\"text-align: center;\" width=\"10%\"><strong>Ba\u011flant\u0131 \u015eemas\u0131<\/strong><\/td>\n<td style=\"text-align: center;\"><strong>Uzunluk [ mm ]<\/strong><\/td>\n<td style=\"text-align: center;\"><strong>Y\u00fckseklik [ mm ]<\/strong><\/td>\n<td style=\"text-align: center;\"><strong>A\u011f\u0131rl\u0131k [ kg ]<\/strong><\/td>\n<\/tr>\n<tr>\n<td>ARU-S 190 ECP 20<\/td>\n<td style=\"text-align: center;\">\n<style type=\"text\/css\" data-created_by=\"avia_inline_auto\" id=\"style-css-av-2ndoel-7f35b6f3f4ab0745d4df4b032ef87332\">\n.av_font_icon.av-2ndoel-7f35b6f3f4ab0745d4df4b032ef87332 .av-icon-char{\nfont-size:20px;\nline-height:20px;\n}\n<\/style>\n<span  class='av_font_icon av-2ndoel-7f35b6f3f4ab0745d4df4b032ef87332 avia_animate_when_visible av-icon-style- avia-icon-pos-center av-no-color avia-icon-animate'><a href='https:\/\/airtradecentre.com\/wp-content\/uploads\/2019\/04\/ARU-S-190-ECP-20-Urun-Olculeri.jpg'   class='av-icon-char' aria-hidden='true' data-av_icon='\ue826' data-av_iconfont='entypo-fontello' ><\/a><\/span><\/td>\n<td style=\"text-align: center;\">\n<style type=\"text\/css\" data-created_by=\"avia_inline_auto\" id=\"style-css-av-2ndoel-809aa3f5dcf101162d056c662faa7d8f\">\n.av_font_icon.av-2ndoel-809aa3f5dcf101162d056c662faa7d8f .av-icon-char{\nfont-size:20px;\nline-height:20px;\n}\n<\/style>\n<span  class='av_font_icon av-2ndoel-809aa3f5dcf101162d056c662faa7d8f avia_animate_when_visible av-icon-style- avia-icon-pos-center av-no-color avia-icon-animate'><a href='https:\/\/airtradecentre.com\/wp-content\/uploads\/2019\/04\/ARU-S-190-ECP-20-Elektrik-Baglanti-Semasi.jpg'   class='av-icon-char' aria-hidden='true' data-av_icon='\ue826' data-av_iconfont='entypo-fontello' ><\/a><\/span><\/td>\n<td style=\"text-align: center;\">321<\/td>\n<td style=\"text-align: center;\">223<\/td>\n<td style=\"text-align: center;\">5,10<\/td>\n<\/tr>\n<tr>\n<td>ARU-S 220 ECP 20<\/td>\n<td style=\"text-align: center;\">\n<style type=\"text\/css\" data-created_by=\"avia_inline_auto\" id=\"style-css-av-2ndoel-0ad04413f8e9a4763256d35cb4c78db5\">\n.av_font_icon.av-2ndoel-0ad04413f8e9a4763256d35cb4c78db5 .av-icon-char{\nfont-size:20px;\nline-height:20px;\n}\n<\/style>\n<span  class='av_font_icon av-2ndoel-0ad04413f8e9a4763256d35cb4c78db5 avia_animate_when_visible av-icon-style- avia-icon-pos-center av-no-color avia-icon-animate'><a href='https:\/\/airtradecentre.com\/wp-content\/uploads\/2019\/04\/ARU-S-220-ECP-20-Urun-Olculeri.jpg'   class='av-icon-char' aria-hidden='true' data-av_icon='\ue826' data-av_iconfont='entypo-fontello' ><\/a><\/span><\/td>\n<td style=\"text-align: center;\">\n<style type=\"text\/css\" data-created_by=\"avia_inline_auto\" id=\"style-css-av-2ndoel-965c552dc7fe9aa7970579d24403bf4d\">\n.av_font_icon.av-2ndoel-965c552dc7fe9aa7970579d24403bf4d .av-icon-char{\nfont-size:20px;\nline-height:20px;\n}\n<\/style>\n<span  class='av_font_icon av-2ndoel-965c552dc7fe9aa7970579d24403bf4d avia_animate_when_visible av-icon-style- avia-icon-pos-center av-no-color avia-icon-animate'><a href='https:\/\/airtradecentre.com\/wp-content\/uploads\/2019\/04\/ARU-S-220-ECP-20-Elektrik-Baglanti-Semasi.jpg'   class='av-icon-char' aria-hidden='true' data-av_icon='\ue826' data-av_iconfont='entypo-fontello' ><\/a><\/span><\/td>\n<td style=\"text-align: center;\">321<\/td>\n<td style=\"text-align: center;\">223<\/td>\n<td style=\"text-align: center;\">5,60<\/td>\n<\/tr>\n<tr>\n<td>ARU-S 250 ECP 20<\/td>\n<td style=\"text-align: center;\">\n<style type=\"text\/css\" data-created_by=\"avia_inline_auto\" id=\"style-css-av-2ndoel-959c1443cc482081e39c1a9cb3ff6b21\">\n.av_font_icon.av-2ndoel-959c1443cc482081e39c1a9cb3ff6b21 .av-icon-char{\nfont-size:20px;\nline-height:20px;\n}\n<\/style>\n<span  class='av_font_icon av-2ndoel-959c1443cc482081e39c1a9cb3ff6b21 avia_animate_when_visible av-icon-style- avia-icon-pos-center av-no-color avia-icon-animate'><a href='https:\/\/airtradecentre.com\/wp-content\/uploads\/2019\/04\/ARU-S-250-ECP-20-Urun-Olculeri.jpg'   class='av-icon-char' aria-hidden='true' data-av_icon='\ue826' data-av_iconfont='entypo-fontello' ><\/a><\/span><\/td>\n<td style=\"text-align: center;\">\n<style type=\"text\/css\" data-created_by=\"avia_inline_auto\" id=\"style-css-av-2ndoel-71d20c3575da0d6e69a594e0c0693ee6\">\n.av_font_icon.av-2ndoel-71d20c3575da0d6e69a594e0c0693ee6 .av-icon-char{\nfont-size:20px;\nline-height:20px;\n}\n<\/style>\n<span  class='av_font_icon av-2ndoel-71d20c3575da0d6e69a594e0c0693ee6 avia_animate_when_visible av-icon-style- avia-icon-pos-center av-no-color avia-icon-animate'><a href='https:\/\/airtradecentre.com\/wp-content\/uploads\/2019\/04\/ARU-S-250-ECP-20-Elektrik-Baglanti-Semasi.jpg'   class='av-icon-char' aria-hidden='true' data-av_icon='\ue826' data-av_iconfont='entypo-fontello' ><\/a><\/span><\/td>\n<td style=\"text-align: center;\">321<\/td>\n<td style=\"text-align: center;\">242<\/td>\n<td style=\"text-align: center;\">6,80<\/td>\n<\/tr>\n<\/tbody>\n<\/table>\n<\/div><\/div><\/section>\n<\/div><\/div><\/p>\n","protected":false},"excerpt":{"rendered":"","protected":false},"author":1,"featured_media":0,"parent":3087,"menu_order":0,"comment_status":"closed","ping_status":"closed","template":"","meta":{"footnotes":""},"class_list":["post-3496","page","type-page","status-publish","hentry"],"aioseo_notices":[],"_links":{"self":[{"href":"https:\/\/www.airtradecentre.com\/tr\/wp-json\/wp\/v2\/pages\/3496","targetHints":{"allow":["GET"]}}],"collection":[{"href":"https:\/\/www.airtradecentre.com\/tr\/wp-json\/wp\/v2\/pages"}],"about":[{"href":"https:\/\/www.airtradecentre.com\/tr\/wp-json\/wp\/v2\/types\/page"}],"author":[{"embeddable":true,"href":"https:\/\/www.airtradecentre.com\/tr\/wp-json\/wp\/v2\/users\/1"}],"replies":[{"embeddable":true,"href":"https:\/\/www.airtradecentre.com\/tr\/wp-json\/wp\/v2\/comments?post=3496"}],"version-history":[{"count":11,"href":"https:\/\/www.airtradecentre.com\/tr\/wp-json\/wp\/v2\/pages\/3496\/revisions"}],"predecessor-version":[{"id":6439,"href":"https:\/\/www.airtradecentre.com\/tr\/wp-json\/wp\/v2\/pages\/3496\/revisions\/6439"}],"up":[{"embeddable":true,"href":"https:\/\/www.airtradecentre.com\/tr\/wp-json\/wp\/v2\/pages\/3087"}],"wp:attachment":[{"href":"https:\/\/www.airtradecentre.com\/tr\/wp-json\/wp\/v2\/media?parent=3496"}],"curies":[{"name":"wp","href":"https:\/\/api.w.org\/{rel}","templated":true}]}}