{"id":3498,"date":"2019-04-26T06:48:03","date_gmt":"2019-04-26T06:48:03","guid":{"rendered":"https:\/\/airtradecentre.com.tr\/?page_id=3498"},"modified":"2019-11-27T12:23:16","modified_gmt":"2019-11-27T12:23:16","slug":"aru-s-eccp-20","status":"publish","type":"page","link":"https:\/\/www.airtradecentre.com\/tr\/fanlar-ve-duman-kontrolu\/ec-motorlu-cati-fanlari-yatay-atisli\/aru-s-eccp-20\/","title":{"rendered":"ARU-S ECCP 20 \u00c7at\u0131 Fan\u0131"},"content":{"rendered":"\n<style type=\"text\/css\" data-created_by=\"avia_inline_auto\" id=\"style-css-av-2iex7x-310ccf25b611388f42e33d7adc160b77\">\n.flex_column.av-2iex7x-310ccf25b611388f42e33d7adc160b77{\nborder-radius:0px 0px 0px 0px;\npadding:0px 0px 0px 0px;\n}\n<\/style>\n<div  class='flex_column av-2iex7x-310ccf25b611388f42e33d7adc160b77 av_one_full  avia-builder-el-0  el_before_av_two_fifth  avia-builder-el-first  first flex_column_div av-zero-column-padding  '     ><div  class='av_promobox av-jv6e4x07-ac55d5ee16360d7cd5abc1db65778baf avia-button-yes  avia-builder-el-1  avia-builder-el-no-sibling '><div class='avia-promocontent'><p>\nBu \u00fcr\u00fcn ile ilgili genel kullan\u0131m klavuzunu bilgisayar\u0131n\u0131za PDF format\u0131nda indirebilirsiniz.<\/p>\n<\/div><div  class='avia-button-wrap av-jv6e4x07-81bc77e031b0882cae57bc0ddf8082fc-wrap avia-button-right '><a href='https:\/\/airtradecentre.com\/wp-content\/uploads\/2019\/05\/20-ARU-S-...-ECCP-20_compressed.pdf'  class='avia-button av-jv6e4x07-81bc77e031b0882cae57bc0ddf8082fc avia-icon_select-no avia-size-large avia-position-right avia-color-theme-color'  ><span class='avia_iconbox_title' >Kullan\u0131m Klavuzu<\/span><\/a><\/div><\/div><\/div>\n\n<style type=\"text\/css\" data-created_by=\"avia_inline_auto\" id=\"style-css-av-1wjco7-ecc11c4033bd98e171ea76227102a5b2\">\n.flex_column.av-1wjco7-ecc11c4033bd98e171ea76227102a5b2{\nborder-width:2px;\nborder-color:#eaeaea;\nborder-style:solid;\nborder-radius:0px 0px 0px 0px;\npadding:0px 0px 0px 0px;\n}\n<\/style>\n<div  class='flex_column av-1wjco7-ecc11c4033bd98e171ea76227102a5b2 av_two_fifth  avia-builder-el-2  el_after_av_one_full  el_before_av_three_fifth  first flex_column_div av-zero-column-padding  column-top-margin'     ><style type=\"text\/css\" data-created_by=\"avia_inline_auto\" id=\"style-css-av-1q17nr-dd63fae7d024b23e933c54bd14fe0712\">\n.avia-image-container.av-1q17nr-dd63fae7d024b23e933c54bd14fe0712 img.avia_image{\nbox-shadow:none;\n}\n.avia-image-container.av-1q17nr-dd63fae7d024b23e933c54bd14fe0712 .av-image-caption-overlay-center{\ncolor:#ffffff;\n}\n<\/style>\n<div  class='avia-image-container av-1q17nr-dd63fae7d024b23e933c54bd14fe0712 av-styling- avia-align-center  avia-builder-el-3  avia-builder-el-no-sibling '   itemprop=\"image\" itemscope=\"itemscope\" itemtype=\"https:\/\/schema.org\/ImageObject\" ><div class=\"avia-image-container-inner\"><div class=\"avia-image-overlay-wrap\"><a href=\"https:\/\/www.airtradecentre.com\/wp-content\/uploads\/2018\/08\/atc-defaul-400x400-logo.jpg\" data-srcset=\"https:\/\/www.airtradecentre.com\/wp-content\/uploads\/2018\/08\/atc-defaul-400x400-logo.jpg 400w, https:\/\/www.airtradecentre.com\/wp-content\/uploads\/2018\/08\/atc-defaul-400x400-logo-80x80.jpg 80w, https:\/\/www.airtradecentre.com\/wp-content\/uploads\/2018\/08\/atc-defaul-400x400-logo-300x300.jpg 300w\" data-sizes=\"(max-width: 400px) 100vw, 400px\" class='avia_image'  aria-label='atc-defaul-400x400-logo'><img decoding=\"async\" fetchpriority=\"high\" class='wp-image-455 avia-img-lazy-loading-not-455 avia_image ' src=\"https:\/\/www.airtradecentre.com\/wp-content\/uploads\/2018\/08\/atc-defaul-400x400-logo-300x300.jpg\" alt='ATC Default' title='atc-defaul-400x400-logo'  height=\"300\" width=\"300\"  itemprop=\"thumbnailUrl\" srcset=\"https:\/\/www.airtradecentre.com\/wp-content\/uploads\/2018\/08\/atc-defaul-400x400-logo-300x300.jpg 300w, https:\/\/www.airtradecentre.com\/wp-content\/uploads\/2018\/08\/atc-defaul-400x400-logo-80x80.jpg 80w, https:\/\/www.airtradecentre.com\/wp-content\/uploads\/2018\/08\/atc-defaul-400x400-logo.jpg 400w\" sizes=\"(max-width: 300px) 100vw, 300px\" \/><\/a><\/div><\/div><\/div><\/div>\n\n<style type=\"text\/css\" data-created_by=\"avia_inline_auto\" id=\"style-css-av-1ii913-1ef8530b6245e033a803aa98e855892c\">\n.flex_column.av-1ii913-1ef8530b6245e033a803aa98e855892c{\nborder-radius:0px 0px 0px 0px;\npadding:0px 0px 0px 0px;\n}\n<\/style>\n<div  class='flex_column av-1ii913-1ef8530b6245e033a803aa98e855892c av_three_fifth  avia-builder-el-4  el_after_av_two_fifth  el_before_av_one_full  flex_column_div av-zero-column-padding  column-top-margin'     ><p>\n<style type=\"text\/css\" data-created_by=\"avia_inline_auto\" id=\"style-css-av-av_heading-0e8b3ad9ceb08ecbf63c286a3946e11e\">\n#top .av-special-heading.av-av_heading-0e8b3ad9ceb08ecbf63c286a3946e11e{\npadding-bottom:0;\n}\nbody .av-special-heading.av-av_heading-0e8b3ad9ceb08ecbf63c286a3946e11e .av-special-heading-tag .heading-char{\nfont-size:25px;\n}\n.av-special-heading.av-av_heading-0e8b3ad9ceb08ecbf63c286a3946e11e .av-subheading{\nfont-size:15px;\n}\n<\/style>\n<div  class='av-special-heading av-av_heading-0e8b3ad9ceb08ecbf63c286a3946e11e av-special-heading-h2 blockquote modern-quote  avia-builder-el-5  el_before_av_buttonrow  avia-builder-el-first '><h2 class='av-special-heading-tag'  itemprop=\"headline\"  >ARU-S ECCP 20<\/h2><div class='av-subheading av-subheading_below'><p>EC Motorlu \u00c7at\u0131 Fan\u0131 \u2013 Yatay At\u0131\u015fl\u0131<\/p>\n<\/div><div class=\"special-heading-border\"><div class=\"special-heading-inner-border\"><\/div><\/div><\/div><br \/>\n<div  class='avia-buttonrow-wrap av-jqxs57ih-516dd56d2448d704ca4d51177cd23b85 avia-buttonrow-left  avia-builder-el-6  el_after_av_heading  avia-builder-el-last '>\n\n<style type=\"text\/css\" data-created_by=\"avia_inline_auto\" id=\"style-css-av-cmqhpl-a59183730c0686edb58d8b2a7b0fd5cc\">\n#top #wrap_all .avia-button.av-cmqhpl-a59183730c0686edb58d8b2a7b0fd5cc{\nmargin-bottom:5px;\nmargin-right:5px;\n}\n<\/style>\n<a href='https:\/\/www.airtradecentre.com\/tr\/iletisim\/'  class='avia-button av-cmqhpl-a59183730c0686edb58d8b2a7b0fd5cc avia-icon_select-no avia-size-medium avia-color-theme-color-highlight'  ><span class='avia_iconbox_title' >Mail G\u00f6nder<\/span><\/a>\n<\/div><\/p><\/div>\n<style type=\"text\/css\" data-created_by=\"avia_inline_auto\" id=\"style-css-av-mmnrb-1846dac7fc629862f7ccd4aa6477d7d5\">\n.flex_column.av-mmnrb-1846dac7fc629862f7ccd4aa6477d7d5{\nborder-radius:0px 0px 0px 0px;\npadding:0px 0px 0px 0px;\n}\n<\/style>\n<div  class='flex_column av-mmnrb-1846dac7fc629862f7ccd4aa6477d7d5 av_one_full  avia-builder-el-7  el_after_av_three_fifth  avia-builder-el-last  first flex_column_div av-zero-column-padding  '     ><div  class='tabcontainer av-jqlcgght-cde9fc81693b2c53a5cc4c138a155e9b top_tab  avia-builder-el-8  avia-builder-el-no-sibling ' role='tablist'>\n<section class='av_tab_section av_tab_section av-2gn38q-ef4dddf8c32d2cea42bcecab71d08444'  itemscope=\"itemscope\" itemtype=\"https:\/\/schema.org\/CreativeWork\" ><div class='tab active_tab' role='tab' tabindex='0' data-fake-id='#tab-id-1' aria-controls='tab-id-1-content'  itemprop=\"headline\" ><span class='tab_icon' aria-hidden='true' data-av_icon='\ue8c7' data-av_iconfont='entypo-fontello'><\/span>Performans Verileri<\/div><div id='tab-id-1-content' class='tab_content active_tab_content' aria-hidden=\"false\"><div class='tab_inner_content invers-color'  itemprop=\"text\" ><table width=\"100%\">\n<tbody>\n<tr>\n<td style=\"vertical-align: middle;\" rowspan=\"2\"><strong>Model\u00a0<\/strong><\/td>\n<td style=\"text-align: center;\" colspan=\"7\" rowspan=\"1\"><strong>Hava Debisi [m3\/h]<\/strong><\/td>\n<\/tr>\n<tr>\n<td style=\"text-align: center; background-color: #ebebeb;\"><strong>0Pa<\/strong><\/td>\n<td style=\"text-align: center; background-color: #ebebeb;\"><strong>100Pa<\/strong><\/td>\n<td style=\"text-align: center; background-color: #ebebeb;\"><strong>200Pa<\/strong><\/td>\n<td style=\"text-align: center; background-color: #ebebeb;\"><strong>300Pa<\/strong><\/td>\n<td style=\"text-align: center; background-color: #ebebeb;\"><strong>400Pa<\/strong><\/td>\n<td style=\"text-align: center; background-color: #ebebeb;\"><strong>500Pa<\/strong><\/td>\n<td style=\"text-align: center; background-color: #ebebeb;\"><strong>600Pa<\/strong><\/td>\n<\/tr>\n<tr>\n<td>ARU-S 190 ECCP 20<\/td>\n<td style=\"text-align: center;\">758<\/td>\n<td style=\"text-align: center;\">691<\/td>\n<td style=\"text-align: center;\">594<\/td>\n<td style=\"text-align: center;\">491<\/td>\n<td style=\"text-align: center;\">378<\/td>\n<td style=\"text-align: center;\">255<\/td>\n<td style=\"text-align: center;\">27<\/td>\n<\/tr>\n<tr>\n<td>ARU-S 220 ECCP 20<\/td>\n<td style=\"text-align: center;\">1020<\/td>\n<td style=\"text-align: center;\">938<\/td>\n<td style=\"text-align: center;\">834<\/td>\n<td style=\"text-align: center;\">645<\/td>\n<td style=\"text-align: center;\">435<\/td>\n<td style=\"text-align: center;\">71<\/td>\n<td style=\"text-align: center;\">&#8211;<\/td>\n<\/tr>\n<tr>\n<td>ARU-S 250 ECCP 20<\/td>\n<td style=\"text-align: center;\">1371<\/td>\n<td style=\"text-align: center;\">1272<\/td>\n<td style=\"text-align: center;\">1173<\/td>\n<td style=\"text-align: center;\">1048<\/td>\n<td style=\"text-align: center;\">890<\/td>\n<td style=\"text-align: center;\">703<\/td>\n<td style=\"text-align: center;\">511<\/td>\n<\/tr>\n<\/tbody>\n<\/table>\n<\/div><\/div><\/section>\n<section class='av_tab_section av_tab_section av-4dhvcq-94bf445060acd8b7aa67e3370ad12c5a'  itemscope=\"itemscope\" itemtype=\"https:\/\/schema.org\/CreativeWork\" ><div class='tab' role='tab' tabindex='0' data-fake-id='#tab-id-2' aria-controls='tab-id-2-content'  itemprop=\"headline\" ><span class='tab_icon' aria-hidden='true' data-av_icon='\ue855' data-av_iconfont='entypo-fontello'><\/span>Teknik Veriler<\/div><div id='tab-id-2-content' class='tab_content' aria-hidden=\"true\"><div class='tab_inner_content invers-color'  itemprop=\"text\" ><table width=\"100%\">\n<tbody>\n<tr>\n<td><strong>Model<\/strong><\/td>\n<td style=\"text-align: center;\"><strong>Voltaj [V]<\/strong><\/td>\n<td style=\"text-align: center;\"><strong>Frekans [Hz]<\/strong><\/td>\n<td style=\"text-align: center;\"><strong>H\u0131z [d\/d]<\/strong><\/td>\n<td style=\"text-align: center;\"><strong>G\u00fc\u00e7 [W]<\/strong><\/td>\n<td style=\"text-align: center;\"><strong>Ak\u0131m [A]<\/strong><\/td>\n<td style=\"text-align: center;\"><strong>LWA2 [dB]<\/strong><\/td>\n<td style=\"text-align: center;\"><strong>LWA5 [dB]<\/strong><\/td>\n<td style=\"text-align: center;\"><strong>LWA6 [dB]<\/strong><\/td>\n<td style=\"text-align: center;\"><strong>H\u0131z Anahtar\u0131<\/strong><\/td>\n<td style=\"text-align: center;\"><strong>Maks. S\u0131cakl\u0131k [oC]<\/strong><\/td>\n<\/tr>\n<tr>\n<td>ARU-S 190 ECCP 20<\/td>\n<td style=\"text-align: center;\">230<\/td>\n<td style=\"text-align: center;\">50<\/td>\n<td style=\"text-align: center;\">3610<\/td>\n<td style=\"text-align: center;\">103<\/td>\n<td style=\"text-align: center;\">0,91<\/td>\n<td style=\"text-align: center;\">&#8211;<\/td>\n<td style=\"text-align: center;\">70<\/td>\n<td style=\"text-align: center;\">75<\/td>\n<td style=\"text-align: center;\">&#8211;<\/td>\n<td style=\"text-align: center;\">60<\/td>\n<\/tr>\n<tr>\n<td>ARU-S 220 ECCP 20<\/td>\n<td style=\"text-align: center;\">230<\/td>\n<td style=\"text-align: center;\">50<\/td>\n<td style=\"text-align: center;\">2890<\/td>\n<td style=\"text-align: center;\">120<\/td>\n<td style=\"text-align: center;\">1,02<\/td>\n<td style=\"text-align: center;\">&#8211;<\/td>\n<td style=\"text-align: center;\">72<\/td>\n<td style=\"text-align: center;\">77<\/td>\n<td style=\"text-align: center;\">&#8211;<\/td>\n<td style=\"text-align: center;\">60<\/td>\n<\/tr>\n<tr>\n<td>ARU-S 250 ECCP 20<\/td>\n<td style=\"text-align: center;\">230<\/td>\n<td style=\"text-align: center;\">50<\/td>\n<td style=\"text-align: center;\">2940<\/td>\n<td style=\"text-align: center;\">204<\/td>\n<td style=\"text-align: center;\">1,69<\/td>\n<td style=\"text-align: center;\">&#8211;<\/td>\n<td style=\"text-align: center;\">80<\/td>\n<td style=\"text-align: center;\">85<\/td>\n<td style=\"text-align: center;\">&#8211;<\/td>\n<td style=\"text-align: center;\">60<\/td>\n<\/tr>\n<\/tbody>\n<\/table>\n<\/div><\/div><\/section>\n<section class='av_tab_section av_tab_section av-1wgx9m-386961babdc5544127439ae57b0da23d'  itemscope=\"itemscope\" itemtype=\"https:\/\/schema.org\/CreativeWork\" ><div class='tab' role='tab' tabindex='0' data-fake-id='#tab-id-3' aria-controls='tab-id-3-content'  itemprop=\"headline\" ><span class='tab_icon' aria-hidden='true' data-av_icon='\ue8d3' data-av_iconfont='entypo-fontello'><\/span>\u00d6l\u00e7\u00fcler ve Ba\u011flant\u0131 \u015eemas\u0131<\/div><div id='tab-id-3-content' class='tab_content' aria-hidden=\"true\"><div class='tab_inner_content invers-color'  itemprop=\"text\" ><table width=\"100%\">\n<tbody>\n<tr>\n<td><strong>Model<\/strong><\/td>\n<td style=\"text-align: center;\" width=\"10%\"><strong>\u00dcr\u00fcn \u00d6l\u00e7\u00fcleri<\/strong><\/td>\n<td style=\"text-align: center;\" width=\"10%\"><strong>Ba\u011flant\u0131 \u015eemas\u0131<\/strong><\/td>\n<td style=\"text-align: center;\"><strong>Uzunluk [ mm ]<\/strong><\/td>\n<td style=\"text-align: center;\"><strong>Y\u00fckseklik [ mm ]<\/strong><\/td>\n<td style=\"text-align: center;\"><strong>A\u011f\u0131rl\u0131k [ kg ]<\/strong><\/td>\n<\/tr>\n<tr>\n<td>ARU-S 190 ECCP 20<\/td>\n<td style=\"text-align: center;\">\n<style type=\"text\/css\" data-created_by=\"avia_inline_auto\" id=\"style-css-av-2ndoel-87fb12c3f1dc55d67f989d24fa19cd18\">\n.av_font_icon.av-2ndoel-87fb12c3f1dc55d67f989d24fa19cd18 .av-icon-char{\nfont-size:20px;\nline-height:20px;\n}\n<\/style>\n<span  class='av_font_icon av-2ndoel-87fb12c3f1dc55d67f989d24fa19cd18 avia_animate_when_visible av-icon-style- avia-icon-pos-center av-no-color avia-icon-animate'><a href='https:\/\/airtradecentre.com\/wp-content\/uploads\/2019\/04\/ARU-S-190-ECCP-20-Urun-Olculeri.jpg'   class='av-icon-char' aria-hidden='true' data-av_icon='\ue826' data-av_iconfont='entypo-fontello' ><\/a><\/span><\/td>\n<td style=\"text-align: center;\">\n<style type=\"text\/css\" data-created_by=\"avia_inline_auto\" id=\"style-css-av-2ndoel-ff4eae68576abb791f1708e57831c674\">\n.av_font_icon.av-2ndoel-ff4eae68576abb791f1708e57831c674 .av-icon-char{\nfont-size:20px;\nline-height:20px;\n}\n<\/style>\n<span  class='av_font_icon av-2ndoel-ff4eae68576abb791f1708e57831c674 avia_animate_when_visible av-icon-style- avia-icon-pos-center av-no-color avia-icon-animate'><a href='https:\/\/airtradecentre.com\/wp-content\/uploads\/2019\/04\/ARU-S-190-ECCP-20-Elektrik-Baglanti-Semasi.jpg'   class='av-icon-char' aria-hidden='true' data-av_icon='\ue826' data-av_iconfont='entypo-fontello' ><\/a><\/span><\/td>\n<td style=\"text-align: center;\">321<\/td>\n<td style=\"text-align: center;\">223<\/td>\n<td style=\"text-align: center;\">5,30<\/td>\n<\/tr>\n<tr>\n<td>ARU-S 220 ECCP 20<\/td>\n<td style=\"text-align: center;\">\n<style type=\"text\/css\" data-created_by=\"avia_inline_auto\" id=\"style-css-av-2ndoel-ebb057b8800d0e4fed9589e1dc690fcd\">\n.av_font_icon.av-2ndoel-ebb057b8800d0e4fed9589e1dc690fcd .av-icon-char{\nfont-size:20px;\nline-height:20px;\n}\n<\/style>\n<span  class='av_font_icon av-2ndoel-ebb057b8800d0e4fed9589e1dc690fcd avia_animate_when_visible av-icon-style- avia-icon-pos-center av-no-color avia-icon-animate'><a href='https:\/\/airtradecentre.com\/wp-content\/uploads\/2019\/04\/ARU-S-220-ECCP-20-Urun-Olculeri.jpg'   class='av-icon-char' aria-hidden='true' data-av_icon='\ue826' data-av_iconfont='entypo-fontello' ><\/a><\/span><\/td>\n<td style=\"text-align: center;\">\n<style type=\"text\/css\" data-created_by=\"avia_inline_auto\" id=\"style-css-av-2ndoel-48fd667bb116bf4643069f65ec32bdea\">\n.av_font_icon.av-2ndoel-48fd667bb116bf4643069f65ec32bdea .av-icon-char{\nfont-size:20px;\nline-height:20px;\n}\n<\/style>\n<span  class='av_font_icon av-2ndoel-48fd667bb116bf4643069f65ec32bdea avia_animate_when_visible av-icon-style- avia-icon-pos-center av-no-color avia-icon-animate'><a href='https:\/\/airtradecentre.com\/wp-content\/uploads\/2019\/04\/ARU-S-220-ECCP-20-Elektrik-Baglanti-Semasi.jpg'   class='av-icon-char' aria-hidden='true' data-av_icon='\ue826' data-av_iconfont='entypo-fontello' ><\/a><\/span><\/td>\n<td style=\"text-align: center;\">321<\/td>\n<td style=\"text-align: center;\">223<\/td>\n<td style=\"text-align: center;\">5,10<\/td>\n<\/tr>\n<tr>\n<td>ARU-S 250 ECCP 20<\/td>\n<td style=\"text-align: center;\">\n<style type=\"text\/css\" data-created_by=\"avia_inline_auto\" id=\"style-css-av-2ndoel-888edcdc5c4dcc45731df31a10eeae7b\">\n.av_font_icon.av-2ndoel-888edcdc5c4dcc45731df31a10eeae7b .av-icon-char{\nfont-size:20px;\nline-height:20px;\n}\n<\/style>\n<span  class='av_font_icon av-2ndoel-888edcdc5c4dcc45731df31a10eeae7b avia_animate_when_visible av-icon-style- avia-icon-pos-center av-no-color avia-icon-animate'><span class='av-icon-char' aria-hidden='true' data-av_icon='\ue826' data-av_iconfont='entypo-fontello' ><\/span><\/span><\/td>\n<td style=\"text-align: center;\">\n<style type=\"text\/css\" data-created_by=\"avia_inline_auto\" id=\"style-css-av-2ndoel-2391d19b18f47d27cac98e1fe61bbbb8\">\n.av_font_icon.av-2ndoel-2391d19b18f47d27cac98e1fe61bbbb8 .av-icon-char{\nfont-size:20px;\nline-height:20px;\n}\n<\/style>\n<span  class='av_font_icon av-2ndoel-2391d19b18f47d27cac98e1fe61bbbb8 avia_animate_when_visible av-icon-style- avia-icon-pos-center av-no-color avia-icon-animate'><a href='https:\/\/airtradecentre.com\/wp-content\/uploads\/2019\/04\/ARU-S-250-ECCP-20-Elektrik-Baglanti-Semasi.jpg'   class='av-icon-char' aria-hidden='true' data-av_icon='\ue826' data-av_iconfont='entypo-fontello' ><\/a><\/span><\/td>\n<td style=\"text-align: center;\">321<\/td>\n<td style=\"text-align: center;\">242<\/td>\n<td style=\"text-align: center;\">6,90<\/td>\n<\/tr>\n<\/tbody>\n<\/table>\n<\/div><\/div><\/section>\n<\/div><\/div><\/p>\n","protected":false},"excerpt":{"rendered":"","protected":false},"author":1,"featured_media":0,"parent":3087,"menu_order":0,"comment_status":"closed","ping_status":"closed","template":"","meta":{"footnotes":""},"class_list":["post-3498","page","type-page","status-publish","hentry"],"aioseo_notices":[],"_links":{"self":[{"href":"https:\/\/www.airtradecentre.com\/tr\/wp-json\/wp\/v2\/pages\/3498","targetHints":{"allow":["GET"]}}],"collection":[{"href":"https:\/\/www.airtradecentre.com\/tr\/wp-json\/wp\/v2\/pages"}],"about":[{"href":"https:\/\/www.airtradecentre.com\/tr\/wp-json\/wp\/v2\/types\/page"}],"author":[{"embeddable":true,"href":"https:\/\/www.airtradecentre.com\/tr\/wp-json\/wp\/v2\/users\/1"}],"replies":[{"embeddable":true,"href":"https:\/\/www.airtradecentre.com\/tr\/wp-json\/wp\/v2\/comments?post=3498"}],"version-history":[{"count":11,"href":"https:\/\/www.airtradecentre.com\/tr\/wp-json\/wp\/v2\/pages\/3498\/revisions"}],"predecessor-version":[{"id":6443,"href":"https:\/\/www.airtradecentre.com\/tr\/wp-json\/wp\/v2\/pages\/3498\/revisions\/6443"}],"up":[{"embeddable":true,"href":"https:\/\/www.airtradecentre.com\/tr\/wp-json\/wp\/v2\/pages\/3087"}],"wp:attachment":[{"href":"https:\/\/www.airtradecentre.com\/tr\/wp-json\/wp\/v2\/media?parent=3498"}],"curies":[{"name":"wp","href":"https:\/\/api.w.org\/{rel}","templated":true}]}}