{"id":405,"date":"2018-08-25T20:22:32","date_gmt":"2018-08-25T20:22:32","guid":{"rendered":"https:\/\/airtradecentre.com.tr\/?page_id=405"},"modified":"2026-04-20T08:40:25","modified_gmt":"2026-04-20T06:40:25","slug":"tanitim-filmi","status":"publish","type":"page","link":"https:\/\/www.airtradecentre.com\/tr\/kurumsal\/tanitim-filmi\/","title":{"rendered":"Tan\u0131t\u0131m Filmi"},"content":{"rendered":"<div id='full_slider_1'  class='avia-fullwidth-slider main_color avia-shadow   avia-builder-el-0  el_before_av_textblock  avia-builder-el-first   container_wrap fullsize'  >\n<style type=\"text\/css\" data-created_by=\"avia_inline_auto\" id=\"style-css-av-cv4dp-896b4419503428d8dfc3dfe030406673\">\n#top #wrap_all .avia-slideshow .av-slideshow-caption.av-cv4dp-896b4419503428d8dfc3dfe030406673__0 .avia-caption-title{\nfont-size:36px;\ncolor:#a4001e;\n}\n#top .avia-slideshow .av-slideshow-caption.av-cv4dp-896b4419503428d8dfc3dfe030406673__0 .avia-caption-content{\nfont-size:28px;\ncolor:#a4001e;\n}\n#top .avia-slideshow .av-slideshow-caption.av-cv4dp-896b4419503428d8dfc3dfe030406673__0 .avia-caption-content p{\nfont-size:28px;\n}\n\n@media only screen and (min-width: 480px) and (max-width: 767px){ \n#top #wrap_all .avia-slideshow .av-slideshow-caption.av-cv4dp-896b4419503428d8dfc3dfe030406673__0 .avia-caption-title{\nfont-size:22px;\n}\n#top .avia-slideshow .av-slideshow-caption.av-cv4dp-896b4419503428d8dfc3dfe030406673__0 .avia-caption-content{\ndisplay:none;\n}\n#top .avia-slideshow .av-slideshow-caption.av-cv4dp-896b4419503428d8dfc3dfe030406673__0 .avia-caption-content p{\ndisplay:none;\n}\n}\n\n@media only screen and (max-width: 479px){ \n#top #wrap_all .avia-slideshow .av-slideshow-caption.av-cv4dp-896b4419503428d8dfc3dfe030406673__0 .avia-caption-title{\nfont-size:18px;\n}\n#top .avia-slideshow .av-slideshow-caption.av-cv4dp-896b4419503428d8dfc3dfe030406673__0 .avia-caption-content{\ndisplay:none;\n}\n#top .avia-slideshow .av-slideshow-caption.av-cv4dp-896b4419503428d8dfc3dfe030406673__0 .avia-caption-content p{\ndisplay:none;\n}\n}\n<\/style>\n<div  class='avia-slideshow av-cv4dp-896b4419503428d8dfc3dfe030406673 avia-slideshow-no scaling av_slideshow_full avia-fade-slider av-slideshow-ui av-control-default av-slideshow-manual av-loop-once av-loop-manual-endless av-default-height-applied   avia-slideshow-1' data-slideshow-options=\"{&quot;animation&quot;:&quot;fade&quot;,&quot;autoplay&quot;:false,&quot;loop_autoplay&quot;:&quot;once&quot;,&quot;interval&quot;:5,&quot;loop_manual&quot;:&quot;manual-endless&quot;,&quot;autoplay_stopper&quot;:false,&quot;noNavigation&quot;:false,&quot;bg_slider&quot;:false,&quot;keep_padding&quot;:false,&quot;hoverpause&quot;:false,&quot;show_slide_delay&quot;:0}\"  itemprop=\"image\" itemscope=\"itemscope\" itemtype=\"https:\/\/schema.org\/ImageObject\" ><ul class='avia-slideshow-inner ' style='padding-bottom: 26.041666666667%;'><li  class='avia-slideshow-slide av-cv4dp-896b4419503428d8dfc3dfe030406673__0  av-single-slide slide-1 slide-odd'><div data-rel='slideshow-1' class='avia-slide-wrap '   ><img decoding=\"async\" fetchpriority=\"high\" class=\"wp-image-15294 avia-img-lazy-loading-not-15294\"  src=\"https:\/\/www.airtradecentre.com\/wp-content\/uploads\/2024\/12\/atc-kurumsal.jpg\" width=\"1920\" height=\"500\" title='atc-kurumsal' alt=''  itemprop=\"thumbnailUrl\" srcset=\"https:\/\/www.airtradecentre.com\/wp-content\/uploads\/2024\/12\/atc-kurumsal.jpg 1920w, https:\/\/www.airtradecentre.com\/wp-content\/uploads\/2024\/12\/atc-kurumsal-80x21.jpg 80w, https:\/\/www.airtradecentre.com\/wp-content\/uploads\/2024\/12\/atc-kurumsal-1536x400.jpg 1536w\" sizes=\"(max-width: 1920px) 100vw, 1920px\" \/><div class='av-section-color-overlay' style='opacity: 0.1; background-color: #000000; background-image: url(https:\/\/www.airtradecentre.com\/wp-content\/themes\/novasta\/images\/background-images\/dots-mini-strong.png); background-repeat: repeat;'><\/div><\/div><\/li><\/ul><\/div><\/div><div id='after_full_slider_1'  class='main_color av_default_container_wrap container_wrap fullsize'  ><div class='container av-section-cont-open' ><div class='template-page content  av-content-full alpha units'><div class='post-entry post-entry-type-page post-entry-405'><div class='entry-content-wrapper clearfix'>\n<section  class='av_textblock_section av-jjwzdo2m-e51a52a7b2f24cd7ad39f2c5b43b5b27 '   itemscope=\"itemscope\" itemtype=\"https:\/\/schema.org\/CreativeWork\" ><div class='avia_textblock'  itemprop=\"text\" ><p><strong>Air Trade Centre yat\u0131r\u0131mc\u0131lar, proje ofisleri, mekanik tesisat firmalar\u0131 ve in\u015faat firmalar\u0131 i\u00e7in D\u00fcnya&#8217;n\u0131n en b\u00fcy\u00fck HVAC \u00e7\u00f6z\u00fcm orta\u011f\u0131 firmalar\u0131ndan biri haline gelmi\u015ftir.<\/strong><\/p>\n<\/div><\/section>\n<section  class='av_textblock_section av-83p31-76aea2b9d024f7fecbd48b5cba8488ca '   itemscope=\"itemscope\" itemtype=\"https:\/\/schema.org\/CreativeWork\" ><div class='avia_textblock'  itemprop=\"text\" ><p>Standart HVAC \u00fcrenlerinin yan\u0131 s\u0131ra Air Trade Centre terzi usul\u00fc projeye \u00f6zel \u00e7\u00f6z\u00fcmler sunabilmektedir. Can g\u00fcvenli\u011fi \u00fcr\u00fcnleri mevzu bahis oldu\u011funda g\u00fcvenilir bir ortak ile \u00e7al\u0131\u015fmak \u00e7ok \u00f6nemlidir.<\/p>\n<\/div><\/section>\n<div  class='avia-video av-jlb9y0m9-dc5972b8506061437b505f5d8d52d691 avia-video-16-9 av-no-preview-image avia-video-load-always av-lazyload-immediate av-lazyload-video-embed'  itemprop=\"video\" itemtype=\"https:\/\/schema.org\/VideoObject\"  data-original_url='https:\/\/www.youtube.com\/watch?v=CNMd9hG7Xr4'><script type='text\/html' class='av-video-tmpl'><div class='avia-iframe-wrap'><iframe loading=\"lazy\" title=\"ATC Air Trade Centre Introductory Film\" width=\"1500\" height=\"844\" src=\"https:\/\/www.youtube.com\/embed\/CNMd9hG7Xr4?feature=oembed&autoplay=0&loop=0&controls=1&mute=0\" frameborder=\"0\" allow=\"accelerometer; autoplay; clipboard-write; encrypted-media; gyroscope; picture-in-picture; web-share\" referrerpolicy=\"strict-origin-when-cross-origin\" allowfullscreen><\/iframe><\/div><\/script><div class='av-click-to-play-overlay'><div class=\"avia_playpause_icon\"><\/div><\/div><\/div>\n","protected":false},"excerpt":{"rendered":"","protected":false},"author":1,"featured_media":0,"parent":110,"menu_order":0,"comment_status":"closed","ping_status":"closed","template":"","meta":{"footnotes":""},"class_list":["post-405","page","type-page","status-publish","hentry"],"aioseo_notices":[],"_links":{"self":[{"href":"https:\/\/www.airtradecentre.com\/tr\/wp-json\/wp\/v2\/pages\/405","targetHints":{"allow":["GET"]}}],"collection":[{"href":"https:\/\/www.airtradecentre.com\/tr\/wp-json\/wp\/v2\/pages"}],"about":[{"href":"https:\/\/www.airtradecentre.com\/tr\/wp-json\/wp\/v2\/types\/page"}],"author":[{"embeddable":true,"href":"https:\/\/www.airtradecentre.com\/tr\/wp-json\/wp\/v2\/users\/1"}],"replies":[{"embeddable":true,"href":"https:\/\/www.airtradecentre.com\/tr\/wp-json\/wp\/v2\/comments?post=405"}],"version-history":[{"count":15,"href":"https:\/\/www.airtradecentre.com\/tr\/wp-json\/wp\/v2\/pages\/405\/revisions"}],"predecessor-version":[{"id":16239,"href":"https:\/\/www.airtradecentre.com\/tr\/wp-json\/wp\/v2\/pages\/405\/revisions\/16239"}],"up":[{"embeddable":true,"href":"https:\/\/www.airtradecentre.com\/tr\/wp-json\/wp\/v2\/pages\/110"}],"wp:attachment":[{"href":"https:\/\/www.airtradecentre.com\/tr\/wp-json\/wp\/v2\/media?parent=405"}],"curies":[{"name":"wp","href":"https:\/\/api.w.org\/{rel}","templated":true}]}}