{"id":664,"date":"2018-12-10T07:45:56","date_gmt":"2018-12-10T07:45:56","guid":{"rendered":"https:\/\/airtradecentre.com.tr\/?page_id=664"},"modified":"2024-12-19T14:30:06","modified_gmt":"2024-12-19T13:30:06","slug":"web-sitesi-kullanim-sartlari","status":"publish","type":"page","link":"https:\/\/www.airtradecentre.com\/tr\/kurumsal\/web-sitesi-kullanim-sartlari\/","title":{"rendered":"Kullan\u0131m \u015eartlar\u0131"},"content":{"rendered":"<div id='full_slider_1'  class='avia-fullwidth-slider main_color avia-shadow   avia-builder-el-0  el_before_av_heading  avia-builder-el-first   container_wrap fullsize'  >\n<style type=\"text\/css\" data-created_by=\"avia_inline_auto\" id=\"style-css-av-fpblc-0c939e4b5588e52729d4795358bac9ca\">\n#top #wrap_all .avia-slideshow .av-slideshow-caption.av-fpblc-0c939e4b5588e52729d4795358bac9ca__0 .avia-caption-title{\nfont-size:36px;\ncolor:#a4001e;\n}\n#top .avia-slideshow .av-slideshow-caption.av-fpblc-0c939e4b5588e52729d4795358bac9ca__0 .avia-caption-content{\nfont-size:28px;\ncolor:#a4001e;\n}\n#top .avia-slideshow .av-slideshow-caption.av-fpblc-0c939e4b5588e52729d4795358bac9ca__0 .avia-caption-content p{\nfont-size:28px;\n}\n\n@media only screen and (min-width: 480px) and (max-width: 767px){ \n#top #wrap_all .avia-slideshow .av-slideshow-caption.av-fpblc-0c939e4b5588e52729d4795358bac9ca__0 .avia-caption-title{\nfont-size:22px;\n}\n#top .avia-slideshow .av-slideshow-caption.av-fpblc-0c939e4b5588e52729d4795358bac9ca__0 .avia-caption-content{\ndisplay:none;\n}\n#top .avia-slideshow .av-slideshow-caption.av-fpblc-0c939e4b5588e52729d4795358bac9ca__0 .avia-caption-content p{\ndisplay:none;\n}\n}\n\n@media only screen and (max-width: 479px){ \n#top #wrap_all .avia-slideshow .av-slideshow-caption.av-fpblc-0c939e4b5588e52729d4795358bac9ca__0 .avia-caption-title{\nfont-size:18px;\n}\n#top .avia-slideshow .av-slideshow-caption.av-fpblc-0c939e4b5588e52729d4795358bac9ca__0 .avia-caption-content{\ndisplay:none;\n}\n#top .avia-slideshow .av-slideshow-caption.av-fpblc-0c939e4b5588e52729d4795358bac9ca__0 .avia-caption-content p{\ndisplay:none;\n}\n}\n<\/style>\n<div  class='avia-slideshow av-fpblc-0c939e4b5588e52729d4795358bac9ca avia-slideshow-no scaling av_slideshow_full avia-fade-slider av-slideshow-ui av-control-default av-slideshow-manual av-loop-once av-loop-manual-endless av-default-height-applied   avia-slideshow-1' data-slideshow-options=\"{&quot;animation&quot;:&quot;fade&quot;,&quot;autoplay&quot;:false,&quot;loop_autoplay&quot;:&quot;once&quot;,&quot;interval&quot;:5,&quot;loop_manual&quot;:&quot;manual-endless&quot;,&quot;autoplay_stopper&quot;:false,&quot;noNavigation&quot;:false,&quot;bg_slider&quot;:false,&quot;keep_padding&quot;:false,&quot;hoverpause&quot;:false,&quot;show_slide_delay&quot;:0}\"  itemprop=\"image\" itemscope=\"itemscope\" itemtype=\"https:\/\/schema.org\/ImageObject\" ><ul class='avia-slideshow-inner ' style='padding-bottom: 26.041666666667%;'><li  class='avia-slideshow-slide av-fpblc-0c939e4b5588e52729d4795358bac9ca__0  av-single-slide slide-1 slide-odd'><div data-rel='slideshow-1' class='avia-slide-wrap '   ><img decoding=\"async\" fetchpriority=\"high\" class=\"wp-image-15294 avia-img-lazy-loading-not-15294\"  src=\"https:\/\/www.airtradecentre.com\/wp-content\/uploads\/2024\/12\/atc-kurumsal.jpg\" width=\"1920\" height=\"500\" title='atc-kurumsal' alt=''  itemprop=\"thumbnailUrl\" srcset=\"https:\/\/www.airtradecentre.com\/wp-content\/uploads\/2024\/12\/atc-kurumsal.jpg 1920w, https:\/\/www.airtradecentre.com\/wp-content\/uploads\/2024\/12\/atc-kurumsal-80x21.jpg 80w, https:\/\/www.airtradecentre.com\/wp-content\/uploads\/2024\/12\/atc-kurumsal-1536x400.jpg 1536w\" sizes=\"(max-width: 1920px) 100vw, 1920px\" \/><div class='av-section-color-overlay' style='opacity: 0.1; background-color: #000000; background-image: url(https:\/\/www.airtradecentre.com\/wp-content\/themes\/novasta\/images\/background-images\/dots-mini-strong.png); background-repeat: repeat;'><\/div><\/div><\/li><\/ul><\/div><\/div><div id='after_full_slider_1'  class='main_color av_default_container_wrap container_wrap fullsize'  ><div class='container av-section-cont-open' ><div class='template-page content  av-content-full alpha units'><div class='post-entry post-entry-type-page post-entry-664'><div class='entry-content-wrapper clearfix'>\n\n<style type=\"text\/css\" data-created_by=\"avia_inline_auto\" id=\"style-css-av-ajmeo-e642392196b540dafbf2cecf514ae890\">\n#top .av-special-heading.av-ajmeo-e642392196b540dafbf2cecf514ae890{\npadding-bottom:10px;\n}\nbody .av-special-heading.av-ajmeo-e642392196b540dafbf2cecf514ae890 .av-special-heading-tag .heading-char{\nfont-size:25px;\n}\n.av-special-heading.av-ajmeo-e642392196b540dafbf2cecf514ae890 .av-subheading{\nfont-size:15px;\n}\n<\/style>\n<div  class='av-special-heading av-ajmeo-e642392196b540dafbf2cecf514ae890 av-special-heading-h1 blockquote modern-quote  avia-builder-el-1  el_after_av_slideshow_full  el_before_av_textblock  avia-builder-el-first '><h1 class='av-special-heading-tag'  itemprop=\"headline\"  >Kullan\u0131m \u015eartlar\u0131<\/h1><div class=\"special-heading-border\"><div class=\"special-heading-inner-border\"><\/div><\/div><\/div>\n<section  class='av_textblock_section av-ou14-21a62fd107356a6454e7417d1c6335fa '   itemscope=\"itemscope\" itemtype=\"https:\/\/schema.org\/CreativeWork\" ><div class='avia_textblock'  itemprop=\"text\" ><p><b>airtradecentre.com.tr<\/b><span style=\"font-weight: 400;\"> (bundan b\u00f6yle k\u0131saca \u201c<\/span><b>S\u0130TE<\/b><span style=\"font-weight: 400;\">\u201d olarak an\u0131lacakt\u0131r.) adresine ho\u015fgeldiniz. Firmam\u0131z web sitesini kullanmadan \u00f6nce a\u015fa\u011f\u0131da yaz\u0131l\u0131 ko\u015fullar\u0131 l\u00fctfen okuyunuz. Firmam\u0131z web sitesi \u00fczerinden sunulan hizmetlerden yararlananlar veya herhangi bir \u015fekilde firmam\u0131z web sitesine eri\u015fim sa\u011flayan ger\u00e7ek ve t\u00fczel ki\u015filer a\u015fa\u011f\u0131da ki web sitesi kullan\u0131m ko\u015fullar\u0131n\u0131 kabul etmi\u015f say\u0131l\u0131r.<\/span><\/p>\n<p><span style=\"font-weight: 400;\">Firmam\u0131z web sitesi \u00fczerinde yer alan bilgiler, sunulan hizmetler \u201c<\/span><b>A.T.C. Air Trade Centre Hav. Sis. San. ve Tic.A.\u015e<\/b><span style=\"font-weight: 400;\">.\u201d <\/span><span style=\"font-weight: 400;\">(bundan b\u00f6yle k\u0131saca \u201c<\/span><b>ATC<\/b><span style=\"font-weight: 400;\">\u201d olarak an\u0131lacakt\u0131r.) <\/span><span style=\"font-weight: 400;\">taraf\u0131ndan sa\u011flanmaktad\u0131r ve firmam\u0131z web sitesinin yasal sahibi ATC olup, site \u00fczerinde her t\u00fcrl\u00fc kullan\u0131m ve tasarruf yetkisi yine ATC\u2019e aittir.<\/span><\/p>\n<p><span style=\"font-weight: 400;\">\u0130\u015fbu kullan\u0131m ko\u015fullar\u0131n\u0131 ATC gerekti\u011fi zaman de\u011fi\u015ftirebilir; ancak bu de\u011fi\u015fiklikler d\u00fczenli olarak S\u0130TE&#8217;de yay\u0131nlanacak ve ayn\u0131 tarihten itibaren ge\u00e7erli olacakt\u0131r. S\u0130TE hizmetlerinden yararlanan ve S\u0130TE&#8217;ye eri\u015fim sa\u011flayan her ger\u00e7ek ve t\u00fczel ki\u015fi, ATC taraf\u0131ndan i\u015fbu kullan\u0131m ko\u015fullar\u0131 h\u00fck\u00fcmlerinde yap\u0131lan her de\u011fi\u015fikli\u011fi, \u00f6nceden kabul etmi\u015f say\u0131lmaktad\u0131r. ATC, bu S\u0130TE&#8217; de yer alan veya alacak olan bilgileri, formlar\u0131 ve i\u00e7eri\u011fi diledi\u011fi zaman de\u011fi\u015ftirme hakk\u0131n\u0131 sakl\u0131 tutmaktad\u0131r.<\/span><\/p>\n<p><span style=\"font-weight: 400;\">ATC, 18 ya\u015f\u0131n\u0131n alt\u0131ndaki bireylerden ebeveynlerinin izni olmaks\u0131z\u0131n, te\u015fhis edilebilir ki\u015fisel bilgi toplama amac\u0131 g\u00fctmemektedir. Sitenin hi\u00e7bir alan\u0131 18 ya\u015f\u0131ndan k\u00fc\u00e7\u00fcklerin ilgisini \u00e7ekmek i\u00e7in tasarlanmam\u0131\u015ft\u0131r.<\/span><\/p>\n<p><span style=\"font-weight: 400;\">Bu site, i\u00e7eri\u011fi ATC taraf\u0131ndan kontrol edilmeyen ba\u015fka web sitelerine ta\u015f\u0131yan ba\u011flant\u0131lar i\u00e7erebilir. Ba\u011flant\u0131 verilmi\u015f olan bu web siteleri, bu s\u00f6zle\u015fmede belirtilen gizlilik h\u00fck\u00fcmlerinden farkl\u0131 ko\u015fullar i\u00e7erebilir. Bu web sitelerinin toplayabilece\u011fi ki\u015fisel bilgilerin derlenmesi, kullan\u0131m\u0131 veya if\u015fa edilmesinden ATC sorumlu de\u011fildir.<\/span><\/p>\n<p><span style=\"font-weight: 400;\">Site kullan\u0131m\u0131 esnas\u0131nda olu\u015fabilecek herhangi bir hata, kesinti, bilgi naklinde gecikme, bilgisayar vir\u00fcs\u00fc, hat ve elektrik ar\u0131zas\u0131 sonucunda ortaya \u00e7\u0131kabilecek do\u011frudan veya dolayl\u0131 zarar, ziyan ve masraflardan ATC sorumlu de\u011fildir. Benzer bi\u00e7imde ba\u015fka sitelerden ATC\u00b4n\u0131n izni olsun ya da olmas\u0131n ATC sitesine link verildi\u011finde de, bu t\u00fcr linklerin kontrol edilememesinden kaynaklanan yap\u0131 nedeniyle ATC\u00b4n\u0131n herhangi bir sorumlulu\u011fu bulunmamaktad\u0131r.<\/span><\/p>\n<p><span style=\"font-weight: 400;\">Bu web sitesi i\u00e7inde ula\u015f\u0131lan yaz\u0131l\u0131, g\u00f6rsel, i\u015fitsel i\u00e7erik, tasar\u0131m, bilgiler, bilgisayar programlar\u0131 ya da di\u011fer unsurlar, ATC\u00b4nin yaz\u0131l\u0131 izni olmaks\u0131z\u0131n k\u0131smen ya da tamamen, hi\u00e7 bir y\u00f6ntemle kopyalanamaz, \u00e7o\u011falt\u0131lamaz, da\u011f\u0131t\u0131lamaz, yay\u0131nlanamaz, de\u011fi\u015ftirilemez, eklemeler ya da \u00e7\u0131karmalar yap\u0131lamaz, ticari maksatla kullan\u0131lamaz, al\u0131nt\u0131 yap\u0131lamaz. Yaz\u0131l\u0131 izin al\u0131narak bu web sitesinden yap\u0131lacak al\u0131nt\u0131lar, &#8220;Telif haklar\u0131 ATC\u2019ye aittir&#8221; ifadesi ile birlikte kullan\u0131lmal\u0131d\u0131r.<\/span><\/p>\n<p><span style=\"font-weight: 400;\">Bu web sitesinde verilen bilgilerin do\u011frulu\u011funu ve g\u00fcncelli\u011fini sa\u011flamak i\u00e7in \u00f6zen g\u00f6sterilmektedir. Ancak, ATC, bu sitedeki bilgilerin yanl\u0131\u015fl\u0131\u011f\u0131ndan ya da belirtilen ama\u00e7lar\u0131n d\u0131\u015f\u0131nda kullan\u0131lmas\u0131ndan kaynaklanabilecek zarar ve sorunlardan \u00f6t\u00fcr\u00fc sorumluluk kabul etmez.<\/span><\/p>\n<p><span style=\"font-weight: 400;\">Internet \u00fczerinden sigorta i\u015flemleri yapan ki\u015filer, kendilerine sorulan riskle ilgili ve ki\u015fisel sorulara do\u011fru ve tam cevap vermelidirler. Aksi halde, sigorta s\u00f6zle\u015fmesinden do\u011fan haklar\u0131n\u0131 kaybetmeyi kabul ederler. ATC, kasti olarak yanl\u0131\u015f bilgi veren ya da riskle ilgili bilgileri gizleyen ki\u015filere kar\u015f\u0131 kanuni yollara ba\u015fvuru hakk\u0131n\u0131 sakl\u0131 tutar.<\/span><\/p>\n<p><span style=\"font-weight: 400;\">Bu web sitesi \u00fczerinde kamuya a\u00e7\u0131k olmayan alanlar bulunmaktad\u0131r. S\u00f6z konusu alanlara \u00f6zel giri\u015f koduyla girilmektedir. Giri\u015f yetkisi olmayan ki\u015filerin bu alanlardaki bilgiyi herhangi bir y\u00f6ntemle k\u0131smen ya da tamamen, oldu\u011fu gibi ya da de\u011fi\u015ftirerek edinmesi, okumas\u0131, kopyalamas\u0131, \u00e7o\u011faltmas\u0131, da\u011f\u0131tmas\u0131, yay\u0131nlamas\u0131 ve programlar\u0131 kullanmas\u0131 su\u00e7 te\u015fkil etmektedir.<\/span><\/p>\n<p><span style=\"font-weight: 400;\">S\u00f6z konusu alanlara giri\u015f yetkisi olan ki\u015filer, buradaki bilgi ve programlara yaln\u0131zca ki\u015fisel eri\u015fim ve kullan\u0131m yetkisi alm\u0131\u015flard\u0131r. Bu ki\u015filerin s\u00f6z konusu bilgileri ve programlar\u0131 k\u0131smen ya da tamamen, oldu\u011fu gibi ya da de\u011fi\u015ftirerek yetkisi olmayan ki\u015filere g\u00f6stermesi, kulland\u0131rmas\u0131, kopyalamas\u0131, \u00e7o\u011faltmas\u0131, da\u011f\u0131tmas\u0131 ve yay\u0131nlamas\u0131 su\u00e7 te\u015fkil etmektedir.<\/span><\/p>\n<p><span style=\"font-weight: 400;\">ATC, bu web sayfas\u0131nda belirtilen ve hukuksal olarak su\u00e7 olu\u015fturan fiilleri ger\u00e7ekle\u015ftiren ki\u015filere kar\u015f\u0131 su\u00e7 duyurusunda bulunma ve kanuni yollara ba\u015fvuru hakk\u0131n\u0131 sakl\u0131 tutar.<\/span><\/p>\n<p><span style=\"font-weight: 400;\">ATC, sonradan tespit edilen kural bo\u015fluklar\u0131 varsa veya ATC taraf\u0131ndan yeni sunulan hizmetler a\u00e7\u0131s\u0131ndan gerekli oldu\u011funda, her zaman gizlilik s\u00f6zle\u015fmesini de\u011fi\u015ftirme hakk\u0131n\u0131 sakl\u0131 tutar. <\/span><\/p>\n<\/div><\/section>\n","protected":false},"excerpt":{"rendered":"","protected":false},"author":1,"featured_media":0,"parent":110,"menu_order":0,"comment_status":"closed","ping_status":"closed","template":"","meta":{"footnotes":""},"class_list":["post-664","page","type-page","status-publish","hentry"],"aioseo_notices":[],"_links":{"self":[{"href":"https:\/\/www.airtradecentre.com\/tr\/wp-json\/wp\/v2\/pages\/664","targetHints":{"allow":["GET"]}}],"collection":[{"href":"https:\/\/www.airtradecentre.com\/tr\/wp-json\/wp\/v2\/pages"}],"about":[{"href":"https:\/\/www.airtradecentre.com\/tr\/wp-json\/wp\/v2\/types\/page"}],"author":[{"embeddable":true,"href":"https:\/\/www.airtradecentre.com\/tr\/wp-json\/wp\/v2\/users\/1"}],"replies":[{"embeddable":true,"href":"https:\/\/www.airtradecentre.com\/tr\/wp-json\/wp\/v2\/comments?post=664"}],"version-history":[{"count":12,"href":"https:\/\/www.airtradecentre.com\/tr\/wp-json\/wp\/v2\/pages\/664\/revisions"}],"predecessor-version":[{"id":15365,"href":"https:\/\/www.airtradecentre.com\/tr\/wp-json\/wp\/v2\/pages\/664\/revisions\/15365"}],"up":[{"embeddable":true,"href":"https:\/\/www.airtradecentre.com\/tr\/wp-json\/wp\/v2\/pages\/110"}],"wp:attachment":[{"href":"https:\/\/www.airtradecentre.com\/tr\/wp-json\/wp\/v2\/media?parent=664"}],"curies":[{"name":"wp","href":"https:\/\/api.w.org\/{rel}","templated":true}]}}