{"id":6712,"date":"2019-09-02T09:57:39","date_gmt":"2019-09-02T09:57:39","guid":{"rendered":"https:\/\/airtradecentre.com.tr\/?page_id=6712"},"modified":"2019-09-06T11:07:32","modified_gmt":"2019-09-06T11:07:32","slug":"hava-perdeleri","status":"publish","type":"page","link":"https:\/\/www.airtradecentre.com\/tr\/hava-perdeleri\/","title":{"rendered":"Hava Perdeleri"},"content":{"rendered":"<div id='full_slider_1'  class='avia-fullwidth-slider main_color avia-shadow   avia-builder-el-0  el_before_av_section  avia-builder-el-first   container_wrap fullsize'  >\n<style type=\"text\/css\" data-created_by=\"avia_inline_auto\" id=\"style-css-av-12anh-a1286b41ae1d2371e80a619704ca593d\">\n#top #wrap_all .avia-slideshow .av-slideshow-caption.av-12anh-a1286b41ae1d2371e80a619704ca593d__0 .avia-caption-title{\nfont-size:36px;\ncolor:#000000;\n}\n#top .avia-slideshow .av-slideshow-caption.av-12anh-a1286b41ae1d2371e80a619704ca593d__0 .avia-caption-content{\nfont-size:18px;\ncolor:#000000;\n}\n#top .avia-slideshow .av-slideshow-caption.av-12anh-a1286b41ae1d2371e80a619704ca593d__0 .avia-caption-content p{\nfont-size:18px;\n}\n\n@media only screen and (min-width: 480px) and (max-width: 767px){ \n#top #wrap_all .avia-slideshow .av-slideshow-caption.av-12anh-a1286b41ae1d2371e80a619704ca593d__0 .avia-caption-title{\nfont-size:22px;\n}\n#top .avia-slideshow .av-slideshow-caption.av-12anh-a1286b41ae1d2371e80a619704ca593d__0 .avia-caption-content{\ndisplay:none;\n}\n#top .avia-slideshow .av-slideshow-caption.av-12anh-a1286b41ae1d2371e80a619704ca593d__0 .avia-caption-content p{\ndisplay:none;\n}\n}\n\n@media only screen and (max-width: 479px){ \n#top #wrap_all .avia-slideshow .av-slideshow-caption.av-12anh-a1286b41ae1d2371e80a619704ca593d__0 .avia-caption-title{\nfont-size:18px;\n}\n#top .avia-slideshow .av-slideshow-caption.av-12anh-a1286b41ae1d2371e80a619704ca593d__0 .avia-caption-content{\ndisplay:none;\n}\n#top .avia-slideshow .av-slideshow-caption.av-12anh-a1286b41ae1d2371e80a619704ca593d__0 .avia-caption-content p{\ndisplay:none;\n}\n}\n<\/style>\n<div  class='avia-slideshow av-12anh-a1286b41ae1d2371e80a619704ca593d avia-slideshow-no scaling av_slideshow_full avia-fade-slider av-slideshow-ui av-control-default av-slideshow-manual av-loop-once av-loop-manual-endless av-default-height-applied   avia-slideshow-1' data-slideshow-options=\"{&quot;animation&quot;:&quot;fade&quot;,&quot;autoplay&quot;:false,&quot;loop_autoplay&quot;:&quot;once&quot;,&quot;interval&quot;:5,&quot;loop_manual&quot;:&quot;manual-endless&quot;,&quot;autoplay_stopper&quot;:false,&quot;noNavigation&quot;:false,&quot;bg_slider&quot;:false,&quot;keep_padding&quot;:false,&quot;hoverpause&quot;:false,&quot;show_slide_delay&quot;:0}\"  itemprop=\"image\" itemscope=\"itemscope\" itemtype=\"https:\/\/schema.org\/ImageObject\" ><ul class='avia-slideshow-inner ' style='padding-bottom: 33.854166666667%;'><li  class='avia-slideshow-slide av-12anh-a1286b41ae1d2371e80a619704ca593d__0  av-single-slide slide-1 slide-odd'><div data-rel='slideshow-1' class='avia-slide-wrap '   ><div class='av-slideshow-caption av-12anh-a1286b41ae1d2371e80a619704ca593d__0 caption_fullwidth caption_left'><div class=\"container caption_container\"><div class=\"slideshow_caption\"><div class=\"slideshow_inner_caption\"><div class=\"slideshow_align_caption\"><h2 class='avia-caption-title '  itemprop=\"name\" ><strong>ISI KORUNUMU<\/strong> S\u0130Z\u0130N EL\u0130N\u0130ZDE<\/h2><div class='avia-caption-content av_inherit_color'  itemprop=\"description\" ><p>Hava perdeleri \u0131s\u0131 korunumu i\u00e7in bariyer olarak g\u00f6rev al\u0131r. K\u0131\u015f aylar\u0131nda so\u011fuk havan\u0131n i\u00e7eri girmesini, yaz aylar\u0131nda s\u0131cak havan\u0131n i\u00e7eri girmesini engeller.<\/p>\n<\/div><\/div><\/div><\/div><\/div><\/div><img decoding=\"async\" fetchpriority=\"high\" class=\"wp-image-6783 avia-img-lazy-loading-not-6783\"  src=\"https:\/\/www.airtradecentre.com\/wp-content\/uploads\/2019\/09\/air-trade-centre-hava-perdeleri-2.jpg\" width=\"1920\" height=\"650\" title='air-trade-centre-hava-perdeleri-2' alt=''  itemprop=\"thumbnailUrl\" srcset=\"https:\/\/www.airtradecentre.com\/wp-content\/uploads\/2019\/09\/air-trade-centre-hava-perdeleri-2.jpg 1920w, https:\/\/www.airtradecentre.com\/wp-content\/uploads\/2019\/09\/air-trade-centre-hava-perdeleri-2-80x27.jpg 80w\" sizes=\"(max-width: 1920px) 100vw, 1920px\" \/><\/div><\/li><\/ul><\/div><\/div>\n\n<style type=\"text\/css\" data-created_by=\"avia_inline_auto\" id=\"style-css-av-1oszp-35f11a93d167de6b557ff99f799b17f5\">\n.avia-section.av-1oszp-35f11a93d167de6b557ff99f799b17f5{\nbackground-color:#f5f5f5;\nbackground-image:unset;\n}\n<\/style>\n<div id='1'  class='avia-section av-1oszp-35f11a93d167de6b557ff99f799b17f5 main_color avia-section-default avia-no-border-styling  avia-builder-el-1  el_after_av_slideshow_full  avia-builder-el-last  avia-bg-style-scroll container_wrap fullsize'  ><div class='container av-section-cont-open' ><div class='template-page content  av-content-full alpha units'><div class='post-entry post-entry-type-page post-entry-6712'><div class='entry-content-wrapper clearfix'>\n\n<style type=\"text\/css\" data-created_by=\"avia_inline_auto\" id=\"style-css-av-av_heading-79e7c4b29e09ae7970a4ab9e50f39bdc\">\n#top .av-special-heading.av-av_heading-79e7c4b29e09ae7970a4ab9e50f39bdc{\npadding-bottom:10px;\ncolor:#000000;\nfont-size:36px;\n}\nbody .av-special-heading.av-av_heading-79e7c4b29e09ae7970a4ab9e50f39bdc .av-special-heading-tag .heading-char{\nfont-size:25px;\n}\n#top #wrap_all .av-special-heading.av-av_heading-79e7c4b29e09ae7970a4ab9e50f39bdc .av-special-heading-tag{\nfont-size:36px;\n}\n.av-special-heading.av-av_heading-79e7c4b29e09ae7970a4ab9e50f39bdc .special-heading-inner-border{\nborder-color:#000000;\n}\n.av-special-heading.av-av_heading-79e7c4b29e09ae7970a4ab9e50f39bdc .av-subheading{\nfont-size:22px;\n}\n\n@media only screen and (min-width: 480px) and (max-width: 767px){ \n#top #wrap_all .av-special-heading.av-av_heading-79e7c4b29e09ae7970a4ab9e50f39bdc .av-special-heading-tag{\nfont-size:0.8em;\n}\n}\n\n@media only screen and (max-width: 479px){ \n#top #wrap_all .av-special-heading.av-av_heading-79e7c4b29e09ae7970a4ab9e50f39bdc .av-special-heading-tag{\nfont-size:0.8em;\n}\n}\n<\/style>\n<div  class='av-special-heading av-av_heading-79e7c4b29e09ae7970a4ab9e50f39bdc av-special-heading-h2 custom-color-heading blockquote modern-quote modern-centered  avia-builder-el-2  el_before_av_one_full  avia-builder-el-first  av-inherit-size'><h2 class='av-special-heading-tag'  itemprop=\"headline\"  ><b>AYARLANAB\u0130L\u0130R<br \/>\nHAVA \u00c7IKI\u015eI<\/b><\/h2><div class=\"special-heading-border\"><div class=\"special-heading-inner-border\"><\/div><\/div><\/div>\n\n<style type=\"text\/css\" data-created_by=\"avia_inline_auto\" id=\"style-css-av-3qwbpk-36bdf79ffea002b119462ce1c0785f02\">\n.flex_column.av-3qwbpk-36bdf79ffea002b119462ce1c0785f02{\nborder-radius:0px 0px 0px 0px;\npadding:0px 0px 0px 0px;\n}\n<\/style>\n<div  class='flex_column av-3qwbpk-36bdf79ffea002b119462ce1c0785f02 av_one_full  avia-builder-el-3  el_after_av_heading  el_before_av_one_half  first flex_column_div av-zero-column-padding  '     ><style type=\"text\/css\" data-created_by=\"avia_inline_auto\" id=\"style-css-av-jjfnzxu3-15fe10b549e89e73584211f2676cee8d\">\n#top .av_textblock_section.av-jjfnzxu3-15fe10b549e89e73584211f2676cee8d .avia_textblock{\nfont-size:22px;\ncolor:#000000;\n}\n<\/style>\n<section  class='av_textblock_section av-jjfnzxu3-15fe10b549e89e73584211f2676cee8d '   itemscope=\"itemscope\" itemtype=\"https:\/\/schema.org\/CreativeWork\" ><div class='avia_textblock av_inherit_color'  itemprop=\"text\" ><p style=\"text-align: center;\">Hava perdelerimiz, ak\u0131ll\u0131 binalarla beraber kullan\u0131labilir.<br \/>\nHafif ve uzun \u00f6m\u00fcrl\u00fc materyalden \u00fcretilmi\u015f olmas\u0131 sessiz \u00e7al\u0131\u015fmas\u0131na olanak verir.<\/p>\n<\/div><\/section><\/div>\n<style type=\"text\/css\" data-created_by=\"avia_inline_auto\" id=\"style-css-av-1w49h-c8ca58a6685fc3afe424ba751929cecf\">\n.flex_column.av-1w49h-c8ca58a6685fc3afe424ba751929cecf{\nborder-radius:0px 0px 0px 0px;\npadding:0px 0px 0px 0px;\n}\n<\/style>\n<div  class='flex_column av-1w49h-c8ca58a6685fc3afe424ba751929cecf av_one_half  avia-builder-el-5  el_after_av_one_full  el_before_av_one_half  first flex_column_div av-zero-column-padding  column-top-margin'     ><style type=\"text\/css\" data-created_by=\"avia_inline_auto\" id=\"style-css-av-k080m8sg-7313a3651f78780edd89ac6f630d14e3\">\n#top .avia-gallery.av-k080m8sg-7313a3651f78780edd89ac6f630d14e3 .avia-gallery-thumb a{\nwidth:25%;\n}\n<\/style>\n<div  class='avia-gallery av-k080m8sg-7313a3651f78780edd89ac6f630d14e3 avia_animate_when_visible  avia-builder-el-6  avia-builder-el-no-sibling  avia_lazyload av-slideshow-ui av-loop-manual-endless av-control-hidden av-navigate-arrows av-navigate-dots hover-effect av-control-hidden avia-gallery-animate avia-gallery-1'  itemprop=\"image\" itemscope=\"itemscope\" itemtype=\"https:\/\/schema.org\/ImageObject\" ><meta itemprop=\"contentURL\" content=\"https:\/\/www.airtradecentre.com\/tr\/hava-perdeleri\/\"><a class='avia-gallery-big fakeLightbox lightbox avia-gallery-big-crop-thumb ' href=\"https:\/\/www.airtradecentre.com\/wp-content\/uploads\/2019\/09\/hava-perdeleri-atc-2.jpg\" data-srcset=\"https:\/\/www.airtradecentre.com\/wp-content\/uploads\/2019\/09\/hava-perdeleri-atc-2.jpg 800w, https:\/\/www.airtradecentre.com\/wp-content\/uploads\/2019\/09\/hava-perdeleri-atc-2-80x60.jpg 80w\" data-sizes=\"(max-width: 800px) 100vw, 800px\"  data-onclick='1' title='Hava Perdeleri' ><span class='avia-gallery-big-inner'  itemprop=\"thumbnailUrl\" ><img decoding=\"async\" fetchpriority=\"high\" class=\"wp-image-6822 avia-img-lazy-loading-not-6822\"  width=\"495\" height=\"371\" src=\"https:\/\/www.airtradecentre.com\/wp-content\/uploads\/2019\/09\/hava-perdeleri-atc-2.jpg\" title='Hava Perdeleri' alt='Hava Perdeleri' srcset=\"https:\/\/www.airtradecentre.com\/wp-content\/uploads\/2019\/09\/hava-perdeleri-atc-2.jpg 800w, https:\/\/www.airtradecentre.com\/wp-content\/uploads\/2019\/09\/hava-perdeleri-atc-2-80x60.jpg 80w\" sizes=\"(max-width: 495px) 100vw, 495px\" \/><\/span><\/a><div class='avia-gallery-thumb'><a href=\"https:\/\/www.airtradecentre.com\/wp-content\/uploads\/2019\/09\/hava-perdeleri-atc-2.jpg\" data-srcset=\"https:\/\/www.airtradecentre.com\/wp-content\/uploads\/2019\/09\/hava-perdeleri-atc-2.jpg 800w, https:\/\/www.airtradecentre.com\/wp-content\/uploads\/2019\/09\/hava-perdeleri-atc-2-80x60.jpg 80w\" data-sizes=\"(max-width: 800px) 100vw, 800px\" data-rel='gallery-1' data-prev-img='https:\/\/www.airtradecentre.com\/wp-content\/uploads\/2019\/09\/hava-perdeleri-atc-2.jpg' class='first_thumb lightbox ' data-onclick='1' title='Hava Perdeleri'  itemprop=\"thumbnailUrl\"  ><img decoding=\"async\" fetchpriority=\"high\" class=\"wp-image-6822 avia-img-lazy-loading-not-6822\"   src=\"https:\/\/www.airtradecentre.com\/wp-content\/uploads\/2019\/09\/hava-perdeleri-atc-2.jpg\" width=\"800\" height=\"600\"  title='Hava Perdeleri' alt='Hava Perdeleri' srcset=\"https:\/\/www.airtradecentre.com\/wp-content\/uploads\/2019\/09\/hava-perdeleri-atc-2.jpg 800w, https:\/\/www.airtradecentre.com\/wp-content\/uploads\/2019\/09\/hava-perdeleri-atc-2-80x60.jpg 80w\" sizes=\"(max-width: 800px) 100vw, 800px\" \/><div class='big-prev-fake'><img decoding=\"async\" loading=\"lazy\" class=\"wp-image-6822 avia-img-lazy-loading-6822\"  width=\"495\" height=\"371\" src=\"https:\/\/www.airtradecentre.com\/wp-content\/uploads\/2019\/09\/hava-perdeleri-atc-2.jpg\" title='Hava Perdeleri' alt='Hava Perdeleri' srcset=\"https:\/\/www.airtradecentre.com\/wp-content\/uploads\/2019\/09\/hava-perdeleri-atc-2.jpg 800w, https:\/\/www.airtradecentre.com\/wp-content\/uploads\/2019\/09\/hava-perdeleri-atc-2-80x60.jpg 80w\" sizes=\"auto, (max-width: 495px) 100vw, 495px\" \/><\/div><\/a><a href=\"https:\/\/www.airtradecentre.com\/wp-content\/uploads\/2019\/09\/hava-perdeleri-atc-3.jpg\" data-srcset=\"https:\/\/www.airtradecentre.com\/wp-content\/uploads\/2019\/09\/hava-perdeleri-atc-3.jpg 800w, https:\/\/www.airtradecentre.com\/wp-content\/uploads\/2019\/09\/hava-perdeleri-atc-3-80x60.jpg 80w\" data-sizes=\"(max-width: 800px) 100vw, 800px\" data-rel='gallery-1' data-prev-img='https:\/\/www.airtradecentre.com\/wp-content\/uploads\/2019\/09\/hava-perdeleri-atc-3.jpg' class='lightbox ' data-onclick='2' title='Hava Perdeleri'  itemprop=\"thumbnailUrl\"  ><img decoding=\"async\" fetchpriority=\"high\" class=\"wp-image-6823 avia-img-lazy-loading-not-6823\"   src=\"https:\/\/www.airtradecentre.com\/wp-content\/uploads\/2019\/09\/hava-perdeleri-atc-3.jpg\" width=\"800\" height=\"600\"  title='Hava Perdeleri' alt='Hava Perdeleri' srcset=\"https:\/\/www.airtradecentre.com\/wp-content\/uploads\/2019\/09\/hava-perdeleri-atc-3.jpg 800w, https:\/\/www.airtradecentre.com\/wp-content\/uploads\/2019\/09\/hava-perdeleri-atc-3-80x60.jpg 80w\" sizes=\"(max-width: 800px) 100vw, 800px\" \/><div class='big-prev-fake'><img decoding=\"async\" loading=\"lazy\" class=\"wp-image-6823 avia-img-lazy-loading-6823\"  width=\"495\" height=\"371\" src=\"https:\/\/www.airtradecentre.com\/wp-content\/uploads\/2019\/09\/hava-perdeleri-atc-3.jpg\" title='Hava Perdeleri' alt='Hava Perdeleri' srcset=\"https:\/\/www.airtradecentre.com\/wp-content\/uploads\/2019\/09\/hava-perdeleri-atc-3.jpg 800w, https:\/\/www.airtradecentre.com\/wp-content\/uploads\/2019\/09\/hava-perdeleri-atc-3-80x60.jpg 80w\" sizes=\"auto, (max-width: 495px) 100vw, 495px\" \/><\/div><\/a><\/div><\/div><\/div>\n<style type=\"text\/css\" data-created_by=\"avia_inline_auto\" id=\"style-css-av-1w49h-b2478702c491b14aecdb1bb88fe952f3\">\n.flex_column.av-1w49h-b2478702c491b14aecdb1bb88fe952f3{\nborder-radius:0px 0px 0px 0px;\npadding:0px 5% 0px 5%;\n}\n<\/style>\n<div  class='flex_column av-1w49h-b2478702c491b14aecdb1bb88fe952f3 av_one_half  avia-builder-el-7  el_after_av_one_half  avia-builder-el-last  flex_column_div  column-top-margin'     ><style type=\"text\/css\" data-created_by=\"avia_inline_auto\" id=\"style-css-av-av_heading-4363328d903f2101822b39637bd76cfa\">\n#top .av-special-heading.av-av_heading-4363328d903f2101822b39637bd76cfa{\npadding-bottom:10px;\ncolor:#000000;\n}\nbody .av-special-heading.av-av_heading-4363328d903f2101822b39637bd76cfa .av-special-heading-tag .heading-char{\nfont-size:25px;\n}\n.av-special-heading.av-av_heading-4363328d903f2101822b39637bd76cfa .special-heading-inner-border{\nborder-color:#000000;\n}\n.av-special-heading.av-av_heading-4363328d903f2101822b39637bd76cfa .av-subheading{\nfont-size:22px;\n}\n<\/style>\n<div  class='av-special-heading av-av_heading-4363328d903f2101822b39637bd76cfa av-special-heading-h2 custom-color-heading blockquote modern-quote  avia-builder-el-8  el_before_av_textblock  avia-builder-el-first '><h2 class='av-special-heading-tag'  itemprop=\"headline\"  ><b>Hava Perdeleri<\/b><\/h2><div class='av_custom_color av-subheading av-subheading_below'><h3>Elektrik, Su Is\u0131t\u0131c\u0131l\u0131 ve Is\u0131t\u0131c\u0131s\u0131z Hava Perdeleri<\/h3>\n<\/div><div class=\"special-heading-border\"><div class=\"special-heading-inner-border\"><\/div><\/div><\/div><br \/>\n<section  class='av_textblock_section av-13gxp-23f62b6a285c7410c79d784d3429d51e '   itemscope=\"itemscope\" itemtype=\"https:\/\/schema.org\/CreativeWork\" ><div class='avia_textblock'  itemprop=\"text\" ><p>Hava perdelerimiz, oda ve \u00e7evre aras\u0131ndaki hava de\u011fi\u015fimi ile ili\u015fkili \u0131s\u0131 kay\u0131plar\u0131n\u0131 azalt\u0131r. Olu\u015fturulan hava bariyeri, k\u0131\u015f boyunca so\u011fuk hava giri\u015fini ve yaz aylar\u0131nda klimal\u0131 odalara s\u0131cak hava giri\u015fini engeller.<\/p>\n<p>Hava perdeleri a\u015fa\u011f\u0131daki \u00fcr\u00fcn ailesinden olu\u015fmaktad\u0131r ;<\/p>\n<ul>\n<li><a href=\"https:\/\/airtradecentre.com\/hava-perdeleri\/elektrik-isiticili-hava-perdeleri\/\">Elektrik Is\u0131t\u0131c\u0131l\u0131 Hava Perdeleri<\/a><\/li>\n<li><a href=\"https:\/\/airtradecentre.com\/hava-perdeleri\/su-isiticili-hava-perdeleri\/\">Su Is\u0131t\u0131c\u0131l\u0131 Hava Perdeleri<\/a><\/li>\n<li><a href=\"https:\/\/airtradecentre.com\/hava-perdeleri\/isiticisiz-hava-perdeleri\/\">Is\u0131t\u0131c\u0131s\u0131z Hava Perdeleri<\/a><\/li>\n<\/ul>\n<\/div><\/section><br \/>\n<div  class='avia-buttonrow-wrap av-jjwrr7l0-d1e43c4d0058686317a83535a9cc596f avia-buttonrow-left  avia-builder-el-10  el_after_av_textblock  avia-builder-el-last '>\n\n<style type=\"text\/css\" data-created_by=\"avia_inline_auto\" id=\"style-css-av-ssg1-0b145cc508010c4d9e7917a22ecaa8c1\">\n#top #wrap_all .avia-button.av-ssg1-0b145cc508010c4d9e7917a22ecaa8c1{\nmargin-bottom:5px;\nmargin-right:5px;\n}\n<\/style>\n<a href='https:\/\/www.airtradecentre.com\/tr\/iletisim\/'  class='avia-button av-ssg1-0b145cc508010c4d9e7917a22ecaa8c1 avia-icon_select-yes-left-icon avia-size-medium avia-color-theme-color'  ><span class='avia_button_icon avia_button_icon_left ' aria-hidden='true' data-av_icon='\ue81f' data-av_iconfont='entypo-fontello'><\/span><span class='avia_iconbox_title' >Detayl\u0131 Bilgi Al\u0131n<\/span><\/a>\n<\/div><\/p><\/div>\n","protected":false},"excerpt":{"rendered":"","protected":false},"author":1,"featured_media":0,"parent":0,"menu_order":0,"comment_status":"closed","ping_status":"closed","template":"","meta":{"footnotes":""},"class_list":["post-6712","page","type-page","status-publish","hentry"],"aioseo_notices":[],"_links":{"self":[{"href":"https:\/\/www.airtradecentre.com\/tr\/wp-json\/wp\/v2\/pages\/6712","targetHints":{"allow":["GET"]}}],"collection":[{"href":"https:\/\/www.airtradecentre.com\/tr\/wp-json\/wp\/v2\/pages"}],"about":[{"href":"https:\/\/www.airtradecentre.com\/tr\/wp-json\/wp\/v2\/types\/page"}],"author":[{"embeddable":true,"href":"https:\/\/www.airtradecentre.com\/tr\/wp-json\/wp\/v2\/users\/1"}],"replies":[{"embeddable":true,"href":"https:\/\/www.airtradecentre.com\/tr\/wp-json\/wp\/v2\/comments?post=6712"}],"version-history":[{"count":22,"href":"https:\/\/www.airtradecentre.com\/tr\/wp-json\/wp\/v2\/pages\/6712\/revisions"}],"predecessor-version":[{"id":7915,"href":"https:\/\/www.airtradecentre.com\/tr\/wp-json\/wp\/v2\/pages\/6712\/revisions\/7915"}],"wp:attachment":[{"href":"https:\/\/www.airtradecentre.com\/tr\/wp-json\/wp\/v2\/media?parent=6712"}],"curies":[{"name":"wp","href":"https:\/\/api.w.org\/{rel}","templated":true}]}}