{"id":672,"date":"2018-12-10T08:02:34","date_gmt":"2018-12-10T08:02:34","guid":{"rendered":"https:\/\/airtradecentre.com.tr\/?page_id=672"},"modified":"2024-12-19T14:29:10","modified_gmt":"2024-12-19T13:29:10","slug":"kvkk-aydinlatma-metni","status":"publish","type":"page","link":"https:\/\/www.airtradecentre.com\/tr\/kurumsal\/kvkk-aydinlatma-metni\/","title":{"rendered":"KVKK Ayd\u0131nlatma Metni"},"content":{"rendered":"<div id='full_slider_1'  class='avia-fullwidth-slider main_color avia-shadow   avia-builder-el-0  el_before_av_heading  avia-builder-el-first   container_wrap fullsize'  >\n<style type=\"text\/css\" data-created_by=\"avia_inline_auto\" id=\"style-css-av-hi2m8-cdfb9f72ee9248492952da115ef21398\">\n#top #wrap_all .avia-slideshow .av-slideshow-caption.av-hi2m8-cdfb9f72ee9248492952da115ef21398__0 .avia-caption-title{\nfont-size:36px;\ncolor:#a4001e;\n}\n#top .avia-slideshow .av-slideshow-caption.av-hi2m8-cdfb9f72ee9248492952da115ef21398__0 .avia-caption-content{\nfont-size:28px;\ncolor:#a4001e;\n}\n#top .avia-slideshow .av-slideshow-caption.av-hi2m8-cdfb9f72ee9248492952da115ef21398__0 .avia-caption-content p{\nfont-size:28px;\n}\n\n@media only screen and (min-width: 480px) and (max-width: 767px){ \n#top #wrap_all .avia-slideshow .av-slideshow-caption.av-hi2m8-cdfb9f72ee9248492952da115ef21398__0 .avia-caption-title{\nfont-size:22px;\n}\n#top .avia-slideshow .av-slideshow-caption.av-hi2m8-cdfb9f72ee9248492952da115ef21398__0 .avia-caption-content{\ndisplay:none;\n}\n#top .avia-slideshow .av-slideshow-caption.av-hi2m8-cdfb9f72ee9248492952da115ef21398__0 .avia-caption-content p{\ndisplay:none;\n}\n}\n\n@media only screen and (max-width: 479px){ \n#top #wrap_all .avia-slideshow .av-slideshow-caption.av-hi2m8-cdfb9f72ee9248492952da115ef21398__0 .avia-caption-title{\nfont-size:18px;\n}\n#top .avia-slideshow .av-slideshow-caption.av-hi2m8-cdfb9f72ee9248492952da115ef21398__0 .avia-caption-content{\ndisplay:none;\n}\n#top .avia-slideshow .av-slideshow-caption.av-hi2m8-cdfb9f72ee9248492952da115ef21398__0 .avia-caption-content p{\ndisplay:none;\n}\n}\n<\/style>\n<div  class='avia-slideshow av-hi2m8-cdfb9f72ee9248492952da115ef21398 avia-slideshow-no scaling av_slideshow_full avia-fade-slider av-slideshow-ui av-control-default av-slideshow-manual av-loop-once av-loop-manual-endless av-default-height-applied   avia-slideshow-1' data-slideshow-options=\"{&quot;animation&quot;:&quot;fade&quot;,&quot;autoplay&quot;:false,&quot;loop_autoplay&quot;:&quot;once&quot;,&quot;interval&quot;:5,&quot;loop_manual&quot;:&quot;manual-endless&quot;,&quot;autoplay_stopper&quot;:false,&quot;noNavigation&quot;:false,&quot;bg_slider&quot;:false,&quot;keep_padding&quot;:false,&quot;hoverpause&quot;:false,&quot;show_slide_delay&quot;:0}\"  itemprop=\"image\" itemscope=\"itemscope\" itemtype=\"https:\/\/schema.org\/ImageObject\" ><ul class='avia-slideshow-inner ' style='padding-bottom: 26.041666666667%;'><li  class='avia-slideshow-slide av-hi2m8-cdfb9f72ee9248492952da115ef21398__0  av-single-slide slide-1 slide-odd'><div data-rel='slideshow-1' class='avia-slide-wrap '   ><img decoding=\"async\" fetchpriority=\"high\" class=\"wp-image-15294 avia-img-lazy-loading-not-15294\"  src=\"https:\/\/www.airtradecentre.com\/wp-content\/uploads\/2024\/12\/atc-kurumsal.jpg\" width=\"1920\" height=\"500\" title='atc-kurumsal' alt=''  itemprop=\"thumbnailUrl\" srcset=\"https:\/\/www.airtradecentre.com\/wp-content\/uploads\/2024\/12\/atc-kurumsal.jpg 1920w, https:\/\/www.airtradecentre.com\/wp-content\/uploads\/2024\/12\/atc-kurumsal-80x21.jpg 80w, https:\/\/www.airtradecentre.com\/wp-content\/uploads\/2024\/12\/atc-kurumsal-1536x400.jpg 1536w\" sizes=\"(max-width: 1920px) 100vw, 1920px\" \/><div class='av-section-color-overlay' style='opacity: 0.1; background-color: #000000; background-image: url(https:\/\/www.airtradecentre.com\/wp-content\/themes\/novasta\/images\/background-images\/dots-mini-strong.png); background-repeat: repeat;'><\/div><\/div><\/li><\/ul><\/div><\/div><div id='after_full_slider_1'  class='main_color av_default_container_wrap container_wrap fullsize'  ><div class='container av-section-cont-open' ><div class='template-page content  av-content-full alpha units'><div class='post-entry post-entry-type-page post-entry-672'><div class='entry-content-wrapper clearfix'>\n\n<style type=\"text\/css\" data-created_by=\"avia_inline_auto\" id=\"style-css-av-blim0-76a4593df6c4118943b4cf1bc080043e\">\n#top .av-special-heading.av-blim0-76a4593df6c4118943b4cf1bc080043e{\npadding-bottom:10px;\n}\nbody .av-special-heading.av-blim0-76a4593df6c4118943b4cf1bc080043e .av-special-heading-tag .heading-char{\nfont-size:25px;\n}\n.av-special-heading.av-blim0-76a4593df6c4118943b4cf1bc080043e .av-subheading{\nfont-size:15px;\n}\n<\/style>\n<div  class='av-special-heading av-blim0-76a4593df6c4118943b4cf1bc080043e av-special-heading-h1 blockquote modern-quote  avia-builder-el-1  el_after_av_slideshow_full  el_before_av_textblock  avia-builder-el-first '><h1 class='av-special-heading-tag'  itemprop=\"headline\"  >K\u0130\u015e\u0130SEL VER\u0130LER\u0130N KORUNMASI AYDINLATMA METN\u0130<\/h1><div class=\"special-heading-border\"><div class=\"special-heading-inner-border\"><\/div><\/div><\/div>\n<section  class='av_textblock_section av-ou14-aefde22f10e81af86adac5d34a7d3b42 '   itemscope=\"itemscope\" itemtype=\"https:\/\/schema.org\/CreativeWork\" ><div class='avia_textblock'  itemprop=\"text\" ><p><b>VER\u0130 SORUMLUSU VE TEMS\u0130LC\u0130S\u0130<\/b><\/p>\n<p><span style=\"font-weight: 400;\">6698 say\u0131l\u0131 Ki\u015fisel Verilerin Korunmas\u0131 Kanunu (\u201cKVKK\u201d) uyar\u0131nca, ki\u015fisel verileriniz; veri sorumlusu olarak A.T.C AIR TRADE CENTRE HAVALANDIRMA S\u0130STEMLER\u0130 ANON\u0130M \u015e\u0130RKET\u0130 taraf\u0131ndan a\u015fa\u011f\u0131da a\u00e7\u0131klanan kapsamda i\u015flenebilecektir.\u00a0<\/span><\/p>\n<p><b>K\u0130\u015e\u0130SEL VER\u0130N\u0130N TANIMI\u00a0<\/b><\/p>\n<p><span style=\"font-weight: 400;\">Ki\u015fisel veri, KVKK\u2019nun 3\u2019\u00fcnc\u00fc maddesinde tan\u0131mland\u0131\u011f\u0131 \u00fczere kimli\u011fi belirli veya belirlenebilir ger\u00e7ek ki\u015fiye ili\u015fkin her t\u00fcrl\u00fc bilgiyi ifade etmektedir.<\/span><\/p>\n<p><b>K\u0130\u015e\u0130SEL VER\u0130LER\u0130N HANG\u0130 AMA\u00c7LA \u0130\u015eLENECE\u011e\u0130<\/b><\/p>\n<p><span style=\"font-weight: 400;\">Ki\u015fisel verileriniz KVKK\u2019n\u0131n 5\u2019inci maddesinde belirtilen ki\u015fisel veri i\u015fleme \u015fartlar\u0131ndan bir veya birka\u00e7\u0131na dayal\u0131 olarak, KVKK\u2019n\u0131n 4\u2019\u00fcnc\u00fc maddesinde belirtilen ki\u015fisel veri i\u015fleme ilkelerine uygun \u015fekilde i\u015flenmektedir. Veri Sorumlusu\u2019nun y\u00fcr\u00fctm\u00fc\u015f oldu\u011fu t\u00fcm ki\u015fisel veri i\u015fleme faaliyetlerinde KVKK ba\u015fta olmak \u00fczere, ilgili t\u00fcm mevzuatta aranan y\u00fck\u00fcml\u00fcklere de uygun olarak hareket edilmektedir.\u00a0<\/span><\/p>\n<p><span style=\"font-weight: 400;\">Ki\u015fisel verilerinizin i\u015flenme ama\u00e7lar\u0131 KVKK\u2019n\u0131n 5\u2019inci ve 6\u2019nc\u0131 maddelerinde belirtilen ki\u015fisel veri i\u015fleme \u015fartlar\u0131 ve ama\u00e7lar\u0131 dahilinde Veri Sorumlusu taraf\u0131ndan sunulan hizmetlerden sizleri faydaland\u0131rmak i\u00e7in gerekli \u00e7al\u0131\u015fmalar\u0131n i\u015f birimlerimiz taraf\u0131ndan yap\u0131lmas\u0131; taraf\u0131n\u0131za sunulan hizmetlerin sizlerin be\u011feni, kullan\u0131m al\u0131\u015fkanl\u0131klar\u0131 ve ihtiya\u00e7lar\u0131na g\u00f6re \u00f6zelle\u015ftirilerek sizlere \u00f6nerilmesi; Veri Sorumlusu ile i\u015f ili\u015fkisi i\u00e7erisinde olan ki\u015filerin hukuki ve ticari g\u00fcvenli\u011finin temini ile ticari ve i\u015f stratejilerinin belirlenmesi ve uygulanmas\u0131d\u0131r.<\/span><\/p>\n<p><span style=\"font-weight: 400;\">Ki\u015fisel verileriniz \u015eirket taraf\u0131ndan a\u015fa\u011f\u0131daki hususlarla ili\u015fkili olarak i\u015flenmektedir:<\/span><\/p>\n<ul>\n<li style=\"font-weight: 400;\"><span style=\"font-weight: 400;\">Taraf\u0131m\u0131za iletilen bilgilerin g\u00fcncellenmesi ve do\u011frulu\u011funun teyidi,<\/span><\/li>\n<li style=\"font-weight: 400;\"><span style=\"font-weight: 400;\">\u0130\u015f faaliyetlerinin ve operasyonel s\u00fcre\u00e7lerin planlanmas\u0131 ve icras\u0131,<\/span><\/li>\n<li style=\"font-weight: 400;\"><span style=\"font-weight: 400;\">\u015eirket faaliyetlerinin \u015firket prosed\u00fcrleri veya ilgili mevzuata uygun olarak y\u00fcr\u00fct\u00fclmesinin temini,<\/span><\/li>\n<li style=\"font-weight: 400;\"><span style=\"font-weight: 400;\">S\u00f6zle\u015fmesel ili\u015fki kapsam\u0131ndaki y\u00fck\u00fcml\u00fcl\u00fcklerin gere\u011fi gibi ifa edilmesinin sa\u011flanmas\u0131,<\/span><\/li>\n<li style=\"font-weight: 400;\"><span style=\"font-weight: 400;\">S\u00f6zle\u015fme s\u00fcre\u00e7lerinin veya hukuki taleplerin takibi,<\/span><\/li>\n<li style=\"font-weight: 400;\"><span style=\"font-weight: 400;\">M\u00fc\u015fteri ili\u015fkilerinin y\u00fcr\u00fct\u00fclmesi ve icras\u0131,<\/span><\/li>\n<li style=\"font-weight: 400;\"><span style=\"font-weight: 400;\">Kurumsal s\u00fcrd\u00fcr\u00fclebilirlik, kurumsal y\u00f6netim, stratejik planlama ve bilgi g\u00fcvenli\u011fi s\u00fcre\u00e7lerinin planlanmas\u0131 ve icras\u0131,\u00a0<\/span><\/li>\n<li style=\"font-weight: 400;\"><span style=\"font-weight: 400;\">\u00dcr\u00fcn ve hizmetlerin sat\u0131\u015f, pazarlamas\u0131 ve tan\u0131t\u0131m\u0131 s\u00fcre\u00e7leri ile pazar ara\u015ft\u0131rmas\u0131,<\/span><\/li>\n<li style=\"font-weight: 400;\"><span style=\"font-weight: 400;\">Finans ve muhasebe i\u015fleri,<\/span><\/li>\n<li style=\"font-weight: 400;\"><span style=\"font-weight: 400;\">G\u00fcvenlik sebebiyle ve\/veya kanundan kaynaklanan y\u00fck\u00fcml\u00fcl\u00fcklerimiz kapsam\u0131nda \u015eirketimize ait lokasyonda kamera g\u00f6r\u00fcnt\u00fclerinin kaydedilmesi.<\/span><\/li>\n<\/ul>\n<p><span style=\"font-weight: 400;\">Ki\u015fisel verilerinizin Veri Sorumlusu taraf\u0131ndan i\u015flenme ama\u00e7lar\u0131 konusunda detayl\u0131 bilgilere <\/span><span style=\"font-weight: 400;\">\u201c<\/span><a href=\"http:\/\/www.airtradecentre.com.tr\/\"><span style=\"font-weight: 400;\">www.airtradecentre.com.tr\/<\/span><\/a><span style=\"font-weight: 400;\">\u201d<\/span> <span style=\"font-weight: 400;\">internet adresinde payla\u015f\u0131lm\u0131\u015f olan ki\u015fisel verilerin korunmas\u0131 ve i\u015flenmesi politikalar\u0131ndan ula\u015fabilirsiniz.<\/span><span style=\"font-weight: 400;\">\u00a0<\/span><\/p>\n<p><b>\u0130\u015eLENEN K\u0130\u015e\u0130SEL VER\u0130LER\u0130N K\u0130MLERE VE HANG\u0130 AMA\u00c7LA AKTARILAB\u0130LECE\u011e\u0130<\/b><\/p>\n<p><span style=\"font-weight: 400;\">Toplanan ki\u015fisel verileriniz, i\u015fbu Ayd\u0131nlatma Metni\u2019nin 3. maddesinde a\u00e7\u0131klanan ama\u00e7larla, gerekli g\u00fcvenlik \u00f6nlemleri al\u0131nmak kayd\u0131yla, resmi merciler, yarg\u0131 mercileri ve d\u00fczenleyici ve denetleyici kurumlar ba\u015fta olmak \u00fczere, ba\u011fl\u0131 ortakl\u0131k ve i\u015ftiraklerimize, i\u015f ortaklar\u0131m\u0131za, yat\u0131r\u0131mc\u0131lar\u0131m\u0131za, ifa yard\u0131mc\u0131lar\u0131m\u0131z ve tedarik\u00e7ilerimize, hissedarlar\u0131m\u0131za, kanunen yetkili kamu kurumlar\u0131 ve \u00f6zel ki\u015filere KVK Kanunu\u2019nun 5. ve 6. maddelerinde belirtilen ki\u015fisel veri i\u015fleme \u015fartlar\u0131 ve ama\u00e7lar\u0131 \u00e7er\u00e7evesinde Veri Sorumlusu taraf\u0131ndan <\/span><span style=\"font-weight: 400;\">\u201c<\/span><a href=\"http:\/\/www.airtradecentre.com.tr\/\"><span style=\"font-weight: 400;\">www.airtradecentre.com.tr\/<\/span><\/a><span style=\"font-weight: 400;\">\u201d<\/span> <span style=\"font-weight: 400;\">\u00a0internet adresinden payla\u015f\u0131lm\u0131\u015f olan ki\u015fisel verilerin korunmas\u0131 ve i\u015flenmesi politikalar\u0131 ve i\u015fbu Ayd\u0131nlatma Metni\u2019nde belirtilen ama\u00e7larla s\u0131n\u0131rl\u0131 olarak aktar\u0131labilecektir. Ayr\u0131ca ki\u015fisel verileriniz, gerekli g\u00fcvenlik \u00f6nlemlerinin al\u0131nmas\u0131 \u015fart\u0131yla ve i\u015fbu Ayd\u0131nlatma Metni\u2019nde yaz\u0131l\u0131 ama\u00e7lar ile s\u0131n\u0131rl\u0131 olmak \u00fczere yurt d\u0131\u015f\u0131na da aktar\u0131labilecektir.<\/span><\/p>\n<h2><b>K\u0130\u015e\u0130SEL VER\u0130 TOPLAMANIN Y\u00d6NTEM\u0130 VE HUKUK\u0130 SEBEB\u0130<\/b><\/h2>\n<p><span style=\"font-weight: 400;\">Ki\u015fisel verileriniz \u015eirketimiz e-mail adresine iletilen bilgiler, do\u011frudan s\u00f6zl\u00fc veya yaz\u0131l\u0131 olarak departmana iletilen bilgiler, internet sitesi, elektronik posta, mobil haberle\u015fme, mobil uygulamalar, ba\u015fvuru ve \u00fcyelik formlar\u0131, muhtelif s\u00f6zle\u015fmeler ve bunlarla s\u0131n\u0131rl\u0131 olmamak kayd\u0131yla s\u00f6zl\u00fc, yaz\u0131l\u0131 veya elektronik olarak i\u015fbu Ayd\u0131nlatma Metni\u2019nin 3. maddesinde belirtilen ama\u00e7lar\u0131n ger\u00e7ekle\u015ftirilmesine y\u00f6nelik hukuki sebeplerle toplanmaktad\u0131r.<\/span><\/p>\n<h2><b>K\u0130\u015e\u0130SEL VER\u0130 SAH\u0130PLER\u0130N\u0130N HAKLARI<\/b><\/h2>\n<p><span style=\"font-weight: 400;\">KVK Kanunu\u2019nun 11. maddesi uyar\u0131nca, ki\u015fisel verileri i\u015flenen, A.T.C A\u0131r Trade Centre Havaland\u0131rma Sistemleri Ticaret Limited \u015eirketi \u2019ne ba\u015fvurarak a\u015fa\u011f\u0131daki konulara ili\u015fkin taleplerde bulunabilir:<\/span><\/p>\n<ol>\n<li style=\"font-weight: 400;\"><span style=\"font-weight: 400;\">Ki\u015fisel verilerinin i\u015flenip i\u015flenmedi\u011fini \u00f6\u011frenme,<\/span><\/li>\n<li style=\"font-weight: 400;\"><span style=\"font-weight: 400;\">Ki\u015fisel verileri i\u015flenmi\u015fse buna ili\u015fkin bilgi talep etme,<\/span><\/li>\n<li style=\"font-weight: 400;\"><span style=\"font-weight: 400;\">Ki\u015fisel verilerinin i\u015flenme amac\u0131 ve bunlar\u0131n amac\u0131na uygun kullan\u0131l\u0131p kullan\u0131lmad\u0131\u011f\u0131n\u0131 \u00f6\u011frenme,<\/span><\/li>\n<li style=\"font-weight: 400;\"><span style=\"font-weight: 400;\">Ki\u015fisel verilerinin yurt i\u00e7inde veya yurt d\u0131\u015f\u0131nda aktar\u0131ld\u0131\u011f\u0131 \u00fc\u00e7\u00fcnc\u00fc ki\u015fileri \u00f6\u011frenme,<\/span><\/li>\n<li style=\"font-weight: 400;\"><span style=\"font-weight: 400;\">Ki\u015fisel verilerinin eksik veya yanl\u0131\u015f i\u015flenmi\u015f olmas\u0131 halinde bunlar\u0131n d\u00fczeltilmesini isteme ve bu kapsamda yap\u0131lan i\u015flemin ki\u015fisel verilerin aktar\u0131ld\u0131\u011f\u0131 \u00fc\u00e7\u00fcnc\u00fc ki\u015filere bildirilmesini isteme,<\/span><\/li>\n<li style=\"font-weight: 400;\"><span style=\"font-weight: 400;\">Ki\u015fisel verilerinin i\u015flenmesini gerektiren sebeplerin ortadan kalkmas\u0131 halinde bunlar\u0131n silinmesini, yok edilmesini veya anonim hale getirilmesini isteme ve bu kapsamda yap\u0131lan i\u015flemin ki\u015fisel verilerin aktar\u0131ld\u0131\u011f\u0131 \u00fc\u00e7\u00fcnc\u00fc ki\u015filere bildirilmesini isteme,<\/span><\/li>\n<li style=\"font-weight: 400;\"><span style=\"font-weight: 400;\">\u0130\u015flenen verilerinin m\u00fcnhas\u0131ran otomatik sistemler vas\u0131tas\u0131yla analiz edilmesi suretiyle veri sahibinin aleyhine bir sonucun ortaya \u00e7\u0131kmas\u0131na itiraz etme,<\/span><\/li>\n<li style=\"font-weight: 400;\"><span style=\"font-weight: 400;\">Ki\u015fisel verilerinin kanuna ayk\u0131r\u0131 olarak i\u015flenmesi sebebiyle zarara u\u011framas\u0131 halinde zarar\u0131n giderilmesini talep etme.<\/span><\/li>\n<\/ol>\n<p><span style=\"font-weight: 400;\">KVK Kanunu\u2019ndan do\u011fan talepler \u201c<\/span><span style=\"font-weight: 400;\">Ki\u015fisel Veri Sahibi Ba\u015fvuru Formu<\/span><span style=\"font-weight: 400;\">\u201d arac\u0131l\u0131\u011f\u0131yla ger\u00e7ekle\u015ftirecektir. KVK Kanunu\u2019nun 13. maddesine uygun olarak, ba\u015fvuru taleplerini, talebin niteli\u011fine g\u00f6re ve en ge\u00e7 30 (otuz) g\u00fcn i\u00e7inde \u00fccretsiz olarak sonu\u00e7land\u0131racakt\u0131r. Talebin reddedilmesi halinde, red nedeni\/nedenleri yaz\u0131l\u0131 olarak veya elektronik ortamda gerek\u00e7elendirilir.<\/span><\/p>\n<p><span style=\"font-weight: 400;\">Yukar\u0131da belirtilen haklar\u0131n\u0131z\u0131 kullanmak i\u00e7in kimli\u011finizi tespit edici gerekli bilgiler ile KVK Kanunu\u2019nun 11. maddesinde belirtilen haklardan kullanmay\u0131 talep etti\u011finiz hakk\u0131n\u0131za y\u00f6nelik a\u00e7\u0131klamalar\u0131n\u0131z\u0131 i\u00e7eren talebinizi; &#8220;<\/span><span style=\"font-weight: 400;\">www.airtradecentre.com.tr&#8221;<\/span>\u00a0<span style=\"font-weight: 400;\">adresinde yer alan Ki\u015fisel Veri Sahibi Ba\u015fvuru Formu\u2019nu doldurarak, formun imzal\u0131 bir n\u00fcshas\u0131n\u0131 <\/span><span style=\"font-weight: 400;\">\u0130\u00e7erenk\u00f6y Mah. Karaman \u00c7iftlik Yolu Cad. Kar Plaza No:47 \u0130\u00e7 Kap\u0131 No:2 34752, Ata\u015fehir\/ \u0130stanbul<\/span><span style=\"font-weight: 400;\"> adresine bizzat elden, noter kanal\u0131yla veya g\u00fcvenli elektronik imzal\u0131 olarak kvkk@airtradecentre.com.tr adresine iletebilir veya KVK Kanunu\u2019nun 13. maddesi uyar\u0131nca Ki\u015fisel Verileri Koruma Kurulu taraf\u0131ndan \u00f6ng\u00f6r\u00fclecek di\u011fer y\u00f6ntemler ile g\u00f6nderebilirsiniz.<\/span><\/p>\n<p><span style=\"font-weight: 400;\">Ba\u015fvurularda, ad, soyad ve ba\u015fvuru yaz\u0131l\u0131 ise imza, T\u00fcrkiye Cumhuriyeti vatanda\u015flar\u0131 i\u00e7in TC kimlik numaras\u0131, yabanc\u0131lar i\u00e7in uyru\u011fu, pasaport numaras\u0131\/kimlik numaras\u0131, tebligata esas yerle\u015fim yeri veya i\u015fyeri adresi, varsa bildirime esas elektronik posta adresi, telefon veya faks numaras\u0131 ve talep konusu bulunmas\u0131 zorunludur.<\/span><\/p>\n<p><span style=\"font-weight: 400;\">Ki\u015fisel veri sahibi olarak sahip oldu\u011funuz ve yukar\u0131da belirtilen haklar\u0131n\u0131z\u0131 kullanmak i\u00e7in yapaca\u011f\u0131n\u0131z ve kullanmay\u0131 talep etti\u011finiz hakka ili\u015fkin a\u00e7\u0131klamalar\u0131n\u0131z\u0131 i\u00e7eren ba\u015fvuruda; talep etti\u011finiz hususun a\u00e7\u0131k ve anla\u015f\u0131l\u0131r olmas\u0131, talep etti\u011finiz konunun \u015fahs\u0131n\u0131z ile ilgili olmas\u0131 veya ba\u015fkas\u0131 ad\u0131na hareket ediyor iseniz bu konuda \u00f6zel olarak yetkili olman\u0131z ve yetkinizi belgelendirilmesi, ba\u015fvurunun kimlik ve adres bilgilerini i\u00e7ermesi ve ba\u015fvuruya kimli\u011finizi tevsik edici belgelerin eklenmesi gerekmektedir.\u00a0<\/span><\/p>\n<p><b>\u00c7EREZ KULLANIMI<\/b><\/p>\n<p><span style=\"font-weight: 400;\">Uygulamada, ilgi alanlar\u0131n\u0131z\u0131 tespit ederek kullan\u0131c\u0131 deneyimlerinizi iyile\u015ftirmek ve sizlere Uygulama arac\u0131l\u0131\u011f\u0131yla sunulan hizmetleri ki\u015fiselle\u015ftirmek amac\u0131yla \u00e7erezler (cookie) kullan\u0131labilir. \u00c7erezler, cihazlar\u0131n\u0131z\u0131n sabit diskine b\u0131rak\u0131lan k\u00fc\u00e7\u00fck dosyalard\u0131r. Bu dosyalar, navigasyonu kolayla\u015ft\u0131r\u0131r ve hizmetin \u00e7ok daha rahat kullan\u0131lmas\u0131n\u0131 sa\u011flar.<\/span><\/p>\n<p><span style=\"font-weight: 400;\">\u00c7erez Kullan\u0131m Politikam\u0131za <\/span><span style=\"font-weight: 400;\">https:\/\/airtradecentre.com\/cerez-politikasi\/<\/span><span style=\"font-weight: 400;\"> adresinden g\u00f6z atabilirsiniz.<\/span><\/p>\n<p><b>VER\u0130 G\u00dcVENL\u0130\u011e\u0130<\/b><\/p>\n<p><span style=\"font-weight: 400;\">Veri Sorumlusu, ki\u015fisel verilerin hukuka ayk\u0131r\u0131 olarak i\u015flenmesini \u00f6nlemek, ki\u015fisel verilere hukuka ayk\u0131r\u0131 olarak eri\u015filmesini \u00f6nlemek, ki\u015fisel verilerin muhafazas\u0131n\u0131 sa\u011flamak amac\u0131yla uygun g\u00fcvenlik d\u00fczeyini temin etmeye y\u00f6nelik gerekli her t\u00fcrl\u00fc teknik ve idari tedbirleri almaktad\u0131r.\u00a0<\/span><\/p>\n<p><span style=\"font-weight: 400;\">Y\u00f6netilen ki\u015fisel verilerinizi, manip\u00fclasyona u\u011framamalar\u0131, kaybolmamalar\u0131, hasar g\u00f6rmemeleri ve yetkisi olmayan ki\u015filerce kullan\u0131lmamalar\u0131 i\u00e7in koruma amac\u0131 ile teknik ve organizasyonel a\u00e7\u0131dan g\u00fcvenlik \u00f6nlemleri uygulamaktad\u0131r. G\u00fcvenlik \u00f6nlemlerimiz teknolojik ilerlemeler ile birlikte s\u00fcrekli geli\u015fme i\u00e7erisindedir. Ki\u015fisel verilerin hukuka ayk\u0131r\u0131 olarak i\u015flenmesini \u00f6nlemek, ki\u015fisel verilere hukuka ayk\u0131r\u0131 olarak eri\u015filmesini \u00f6nlemek, ki\u015fisel verilerin muhafazas\u0131n\u0131 sa\u011flamak amac\u0131yla uygun g\u00fcvenlik d\u00fczeyini temin etmeye y\u00f6nelik gerekli her t\u00fcrl\u00fc teknik ve idari tedbirleri almaktad\u0131r.<\/span><\/p>\n<\/div><\/section>\n","protected":false},"excerpt":{"rendered":"","protected":false},"author":1,"featured_media":0,"parent":110,"menu_order":0,"comment_status":"closed","ping_status":"closed","template":"","meta":{"footnotes":""},"class_list":["post-672","page","type-page","status-publish","hentry"],"aioseo_notices":[],"_links":{"self":[{"href":"https:\/\/www.airtradecentre.com\/tr\/wp-json\/wp\/v2\/pages\/672","targetHints":{"allow":["GET"]}}],"collection":[{"href":"https:\/\/www.airtradecentre.com\/tr\/wp-json\/wp\/v2\/pages"}],"about":[{"href":"https:\/\/www.airtradecentre.com\/tr\/wp-json\/wp\/v2\/types\/page"}],"author":[{"embeddable":true,"href":"https:\/\/www.airtradecentre.com\/tr\/wp-json\/wp\/v2\/users\/1"}],"replies":[{"embeddable":true,"href":"https:\/\/www.airtradecentre.com\/tr\/wp-json\/wp\/v2\/comments?post=672"}],"version-history":[{"count":13,"href":"https:\/\/www.airtradecentre.com\/tr\/wp-json\/wp\/v2\/pages\/672\/revisions"}],"predecessor-version":[{"id":15359,"href":"https:\/\/www.airtradecentre.com\/tr\/wp-json\/wp\/v2\/pages\/672\/revisions\/15359"}],"up":[{"embeddable":true,"href":"https:\/\/www.airtradecentre.com\/tr\/wp-json\/wp\/v2\/pages\/110"}],"wp:attachment":[{"href":"https:\/\/www.airtradecentre.com\/tr\/wp-json\/wp\/v2\/media?parent=672"}],"curies":[{"name":"wp","href":"https:\/\/api.w.org\/{rel}","templated":true}]}}