{"id":674,"date":"2018-12-10T08:03:52","date_gmt":"2018-12-10T08:03:52","guid":{"rendered":"https:\/\/airtradecentre.com.tr\/?page_id=674"},"modified":"2024-12-19T14:30:27","modified_gmt":"2024-12-19T13:30:27","slug":"cerez-politikasi","status":"publish","type":"page","link":"https:\/\/www.airtradecentre.com\/tr\/cerez-politikasi\/","title":{"rendered":"\u00c7erez Politikas\u0131"},"content":{"rendered":"<div id='full_slider_1'  class='avia-fullwidth-slider main_color avia-shadow   avia-builder-el-0  el_before_av_heading  avia-builder-el-first   container_wrap fullsize'  >\n<style type=\"text\/css\" data-created_by=\"avia_inline_auto\" id=\"style-css-av-gn7ia-492c8d29488799848c5cc36e538c0662\">\n#top #wrap_all .avia-slideshow .av-slideshow-caption.av-gn7ia-492c8d29488799848c5cc36e538c0662__0 .avia-caption-title{\nfont-size:36px;\ncolor:#a4001e;\n}\n#top .avia-slideshow .av-slideshow-caption.av-gn7ia-492c8d29488799848c5cc36e538c0662__0 .avia-caption-content{\nfont-size:28px;\ncolor:#a4001e;\n}\n#top .avia-slideshow .av-slideshow-caption.av-gn7ia-492c8d29488799848c5cc36e538c0662__0 .avia-caption-content p{\nfont-size:28px;\n}\n\n@media only screen and (min-width: 480px) and (max-width: 767px){ \n#top #wrap_all .avia-slideshow .av-slideshow-caption.av-gn7ia-492c8d29488799848c5cc36e538c0662__0 .avia-caption-title{\nfont-size:22px;\n}\n#top .avia-slideshow .av-slideshow-caption.av-gn7ia-492c8d29488799848c5cc36e538c0662__0 .avia-caption-content{\ndisplay:none;\n}\n#top .avia-slideshow .av-slideshow-caption.av-gn7ia-492c8d29488799848c5cc36e538c0662__0 .avia-caption-content p{\ndisplay:none;\n}\n}\n\n@media only screen and (max-width: 479px){ \n#top #wrap_all .avia-slideshow .av-slideshow-caption.av-gn7ia-492c8d29488799848c5cc36e538c0662__0 .avia-caption-title{\nfont-size:18px;\n}\n#top .avia-slideshow .av-slideshow-caption.av-gn7ia-492c8d29488799848c5cc36e538c0662__0 .avia-caption-content{\ndisplay:none;\n}\n#top .avia-slideshow .av-slideshow-caption.av-gn7ia-492c8d29488799848c5cc36e538c0662__0 .avia-caption-content p{\ndisplay:none;\n}\n}\n<\/style>\n<div  class='avia-slideshow av-gn7ia-492c8d29488799848c5cc36e538c0662 avia-slideshow-no scaling av_slideshow_full avia-fade-slider av-slideshow-ui av-control-default av-slideshow-manual av-loop-once av-loop-manual-endless av-default-height-applied   avia-slideshow-1' data-slideshow-options=\"{&quot;animation&quot;:&quot;fade&quot;,&quot;autoplay&quot;:false,&quot;loop_autoplay&quot;:&quot;once&quot;,&quot;interval&quot;:5,&quot;loop_manual&quot;:&quot;manual-endless&quot;,&quot;autoplay_stopper&quot;:false,&quot;noNavigation&quot;:false,&quot;bg_slider&quot;:false,&quot;keep_padding&quot;:false,&quot;hoverpause&quot;:false,&quot;show_slide_delay&quot;:0}\"  itemprop=\"image\" itemscope=\"itemscope\" itemtype=\"https:\/\/schema.org\/ImageObject\" ><ul class='avia-slideshow-inner ' style='padding-bottom: 26.041666666667%;'><li  class='avia-slideshow-slide av-gn7ia-492c8d29488799848c5cc36e538c0662__0  av-single-slide slide-1 slide-odd'><div data-rel='slideshow-1' class='avia-slide-wrap '   ><img decoding=\"async\" fetchpriority=\"high\" class=\"wp-image-15294 avia-img-lazy-loading-not-15294\"  src=\"https:\/\/www.airtradecentre.com\/wp-content\/uploads\/2024\/12\/atc-kurumsal.jpg\" width=\"1920\" height=\"500\" title='atc-kurumsal' alt=''  itemprop=\"thumbnailUrl\" srcset=\"https:\/\/www.airtradecentre.com\/wp-content\/uploads\/2024\/12\/atc-kurumsal.jpg 1920w, https:\/\/www.airtradecentre.com\/wp-content\/uploads\/2024\/12\/atc-kurumsal-80x21.jpg 80w, https:\/\/www.airtradecentre.com\/wp-content\/uploads\/2024\/12\/atc-kurumsal-1536x400.jpg 1536w\" sizes=\"(max-width: 1920px) 100vw, 1920px\" \/><div class='av-section-color-overlay' style='opacity: 0.1; background-color: #000000; background-image: url(https:\/\/www.airtradecentre.com\/wp-content\/themes\/novasta\/images\/background-images\/dots-mini-strong.png); background-repeat: repeat;'><\/div><\/div><\/li><\/ul><\/div><\/div><div id='after_full_slider_1'  class='main_color av_default_container_wrap container_wrap fullsize'  ><div class='container av-section-cont-open' ><div class='template-page content  av-content-full alpha units'><div class='post-entry post-entry-type-page post-entry-674'><div class='entry-content-wrapper clearfix'>\n\n<style type=\"text\/css\" data-created_by=\"avia_inline_auto\" id=\"style-css-av-yl4a-f2dab1653aca9b3fb5c519abfd4cdd32\">\n#top .av-special-heading.av-yl4a-f2dab1653aca9b3fb5c519abfd4cdd32{\npadding-bottom:10px;\n}\nbody .av-special-heading.av-yl4a-f2dab1653aca9b3fb5c519abfd4cdd32 .av-special-heading-tag .heading-char{\nfont-size:25px;\n}\n.av-special-heading.av-yl4a-f2dab1653aca9b3fb5c519abfd4cdd32 .av-subheading{\nfont-size:15px;\n}\n<\/style>\n<div  class='av-special-heading av-yl4a-f2dab1653aca9b3fb5c519abfd4cdd32 av-special-heading-h1 blockquote modern-quote  avia-builder-el-1  el_after_av_slideshow_full  el_before_av_hr  avia-builder-el-first '><h1 class='av-special-heading-tag'  itemprop=\"headline\"  >\u00c7EREZ POL\u0130T\u0130KASI AYDINLATMA METN\u0130<\/h1><div class=\"special-heading-border\"><div class=\"special-heading-inner-border\"><\/div><\/div><\/div>\n\n<style type=\"text\/css\" data-created_by=\"avia_inline_auto\" id=\"style-css-av-jpi20tys-87cc85f56038ec7d62c146966f11b8e7\">\n#top .hr.hr-invisible.av-jpi20tys-87cc85f56038ec7d62c146966f11b8e7{\nheight:10px;\n}\n<\/style>\n<div  class='hr av-jpi20tys-87cc85f56038ec7d62c146966f11b8e7 hr-invisible  avia-builder-el-2  el_after_av_heading  el_before_av_textblock '><span class='hr-inner '><span class=\"hr-inner-style\"><\/span><\/span><\/div>\n<section  class='av_textblock_section av-ou14-5237f8733ccda1505d16f365bcce2652 '   itemscope=\"itemscope\" itemtype=\"https:\/\/schema.org\/CreativeWork\" ><div class='avia_textblock'  itemprop=\"text\" ><p><span style=\"font-weight: 400;\">A.T.C AIR TRADE CENTRE HAVALANDIRMA S\u0130STEMLER\u0130 ANON\u0130M \u015e\u0130RKET\u0130 (\u201cATC\u201d veya \u201c\u015eirket\u201d) <\/span><span style=\"font-weight: 400;\">olarak internet sitemizden en verimli \u015fekilde faydalanabilmeniz ve <\/span><span style=\"font-weight: 400;\">sizlerin deneyimini geli\u015ftirmek i\u00e7in \u00e7erezler, pikseller, gibi baz\u0131 teknolojilerden (\u201c\u00e7erezler\u201d) faydalanmaktay\u0131z. Bu teknolojilerin kullan\u0131m\u0131 ba\u015fta 6698 say\u0131l\u0131 Ki\u015fisel Verilerin Korunmas\u0131 Kanunu (\u201cKVK Kanunu\u201d) olmak \u00fczere tabi oldu\u011fumuz mevzuata uygun \u015fekilde ger\u00e7ekle\u015ftirilmektedir. <\/span><span style=\"font-weight: 400;\">\u00c7erez(cookie) kullan\u0131lmas\u0131n\u0131 tercih etmezseniz taray\u0131c\u0131n\u0131z\u0131n ayarlar\u0131ndan \u00c7erez(cookie)\u2019leri silebilir ya da engelleyebilirsiniz. \u00c7erez(cookie) ayarlar\u0131n\u0131z\u0131 de\u011fi\u015ftirmedi\u011finiz s\u00fcrece internet sitelerimizde \u00e7erez kullan\u0131m\u0131n\u0131 kabul etti\u011finizi varsayaca\u011f\u0131z. Toplanan verilerle ilgili d\u00fczenlemelere internet sitelerimizde yer alan Ki\u015fisel Veri \u0130\u015fleme Politikam\u0131z&#8217; dan ula\u015fabilirsiniz<\/span><\/p>\n<p><span style=\"font-weight: 400;\">\u0130\u015fbu \u00c7erez Ayd\u0131nlatma Metni\u2019nin amac\u0131, taraf\u0131m\u0131zca i\u015fletilmekte olan &#8220;<\/span><span style=\"font-weight: 400;\">airtradecentre.com.tr&#8221;<\/span><span style=\"font-weight: 400;\">, internet sitemizin (&#8220;Site&#8221;) i\u015fletilmesi s\u0131ras\u0131nda, site kullan\u0131c\u0131lar\u0131 ve ziyaret\u00e7ileri (&#8220;Veri Sahibi&#8221;) taraf\u0131ndan \u00e7erezlerin kullan\u0131m\u0131 ile elde edilen ki\u015fisel verilerin i\u015flenmesine ili\u015fkin olarak sizlere bilgi vermektir. \u0130\u015fbu metinde sitemizde hangi ama\u00e7larla hangi t\u00fcr \u00e7erezleri kulland\u0131\u011f\u0131m\u0131z\u0131 ve bu \u00e7erezleri nas\u0131l kontrol edebilece\u011finizi sizlere a\u00e7\u0131klamaktay\u0131z.<\/span><\/p>\n<p><span style=\"font-weight: 400;\">ATC olarak Site\u2019de kulland\u0131\u011f\u0131m\u0131z \u00e7erezleri kullanmaktan vazge\u00e7ebilir, bunlar\u0131n t\u00fcrlerini veya fonksiyonlar\u0131n\u0131 de\u011fi\u015ftirebilir veya yeni \u00e7erezler ekleyebiliriz. Dolay\u0131s\u0131yla i\u015fbu Ayd\u0131nlatma Metni\u2019nin h\u00fck\u00fcmlerini de\u011fi\u015ftirme hakk\u0131n\u0131 sakl\u0131 tutar\u0131z.\u00a0 Ki\u015fisel verilerinizin \u015eirket taraf\u0131ndan i\u015flenme ama\u00e7lar\u0131 hakk\u0131nda daha detayl\u0131 bilgi i\u00e7in Ki\u015fisel Verilerin Korunmas\u0131 ve \u0130\u015flenmesi Politikas\u0131\u2019n\u0131 okuman\u0131z\u0131 tavsiye ederiz. <\/span><span style=\"font-weight: 400;\"><br \/>\n<\/span><span style=\"font-weight: 400;\"><br \/>\n<\/span><b>\u00c7erez Nedir ve Neden Kullan\u0131lmaktad\u0131r?<\/b><\/p>\n<p><span style=\"font-weight: 400;\">\u00c7erezler, ziyaret etti\u011finiz internet siteleri taraf\u0131ndan taray\u0131c\u0131lar arac\u0131l\u0131\u011f\u0131yla cihaz\u0131n\u0131za veya a\u011f sunucusuna depolanan k\u00fc\u00e7\u00fck metin dosyalar\u0131d\u0131r. \u0130nternet sitemizde \u00e7erez kullan\u0131lmas\u0131n\u0131n amac\u0131, internet sitemizin i\u015flevselli\u011fini ve performans\u0131n\u0131 artt\u0131rarak sizlere sunulan hizmetleri geli\u015ftirmek, internet sitemiz \u00fczerinden yeni \u00f6zellikler sunmak ve sunulan \u00f6zellikleri sizlerin tercihlerine g\u00f6re ki\u015fiselle\u015ftirmek, internet sitemizin, sizin ve ATC\u2019nin hukuki ve ticari g\u00fcvenli\u011finin teminini sa\u011flamakt\u0131r. \u00c7erez kesinlikle bir vir\u00fcs de\u011fildir. Sizi zaman kayb\u0131ndan korur, kay\u0131t olmu\u015fsan\u0131z daha sonraki giri\u015flerinizde vermi\u015f oldu\u011funuz cevaplar\u0131 otomatik olarak hat\u0131rlar.<\/span><\/p>\n<p><span style=\"font-weight: 400;\">Ayd\u0131nlatma Metni kapsam\u0131ndaki ama\u00e7lar do\u011frultusunda, KVK Kanunu\u2019nun 5. maddesinin ikinci f\u0131kras\u0131ndaki kanuni veri i\u015fleme \u015fartlar\u0131n\u0131n en az birinin varl\u0131\u011f\u0131 halinde ki\u015fisel verileriniz r\u0131zan\u0131z olmaks\u0131z\u0131n i\u015flenebilecektir. Aksi hallerde, yani kanuni veri i\u015fleme \u015fartlar\u0131n\u0131n bulunmad\u0131\u011f\u0131 durumlarda ki\u015fisel verileriniz yaln\u0131zca a\u00e7\u0131k r\u0131zan\u0131z\u0131n bulundu\u011fu hallerde i\u015flenecektir. Her halde, Ayd\u0131nlatma Metni kapsam\u0131ndaki ki\u015fisel verilerinizi yukar\u0131da belirtilen\u00a0 <\/span><span style=\"font-weight: 400;\">ama\u00e7lar\u0131n ger\u00e7ekle\u015ftirilebilmesi ile s\u0131n\u0131rl\u0131 olarak ve mevzuata uygun \u015fekilde \u015eirketimizin hizmetlerinden faydaland\u0131\u011f\u0131 \u00fc\u00e7\u00fcnc\u00fc ki\u015filerle, ba\u011fl\u0131 ortakl\u0131klar\u0131m\u0131zla ve i\u015f ortaklar\u0131m\u0131zla ile payla\u015fabiliriz. Verilerin aktar\u0131ld\u0131\u011f\u0131 taraflar\u0131n ki\u015fisel verilerinizi d\u00fcnyan\u0131n her yerindeki sunucular\u0131nda saklayabilece\u011fini belirtmek isteriz.<\/span><\/p>\n<p><b>\u0130nternet Sitemizde Kullan\u0131lan \u00c7erezler T\u00fcrleri<\/b><\/p>\n<p><span style=\"font-weight: 400;\">Oturum \u00c7erezleri (Session Cookies): Oturum \u00e7erezleri ziyaret\u00e7ilerimizin internet sitesini ziyaretleri s\u00fcresince kullan\u0131lan, taray\u0131c\u0131 kapat\u0131ld\u0131ktan sonra silinen ge\u00e7ici \u00e7erezlerdir. Bu t\u00fcr \u00e7erezlerin kullan\u0131lmas\u0131n\u0131n temel amac\u0131 ziyaretiniz s\u00fcresince internet sitesinin d\u00fczg\u00fcn bir bi\u00e7imde \u00e7al\u0131\u015fmas\u0131n\u0131n teminini sa\u011flamakt\u0131r. \u00d6rne\u011fin; birden fazla sayfadan olu\u015fan \u00e7evrimi\u00e7i formlar\u0131 doldurman\u0131z sa\u011flanmaktad\u0131r.<\/span><\/p>\n<p><span style=\"font-weight: 400;\">Kal\u0131c\u0131 \u00c7erezler (Persistent Cookies): Kal\u0131c\u0131 \u00e7erezler internet sitesinin i\u015flevselli\u011fini art\u0131rmak, ziyaret\u00e7ilerimize daha h\u0131zl\u0131 ve iyi bir hizmet sunmak amac\u0131yla kullan\u0131lan \u00e7erez t\u00fcrleridir. Bu t\u00fcr \u00e7erezler tercihlerinizi hat\u0131rlamak i\u00e7in kullan\u0131l\u0131r ve taray\u0131c\u0131lar vas\u0131tas\u0131yla cihaz\u0131n\u0131zda depolan\u0131r. \u0130nternet sitesini kullan\u0131m amac\u0131n\u0131z gibi hususlar g\u00f6z \u00f6n\u00fcnde bulundurarak sizlere \u00f6zel \u00f6neriler sunulmas\u0131 i\u00e7in kullan\u0131labilmektedir. Kal\u0131c\u0131 \u00e7erezler sayesinde internet sitemizi ayn\u0131 cihazla tekrardan ziyaret etmeniz durumunda, cihaz\u0131n\u0131zda internet sitemiz taraf\u0131ndan olu\u015fturulmu\u015f bir \u00e7erez olup olmad\u0131\u011f\u0131 kontrol edilir ve var ise, sizin siteyi daha \u00f6nce ziyaret etti\u011finiz anla\u015f\u0131l\u0131r ve size iletilecek i\u00e7erik bu do\u011frultuda belirlenir.<\/span><\/p>\n<p><b>\u0130nternet Sitemizde Kullan\u0131lan \u00c7erezlerin Kategorileri<\/b><\/p>\n<p><span style=\"font-weight: 400;\">Teknik \u00c7erezler (Technical Cookies): Teknik \u00e7erezler ile internet sitesinin \u00e7al\u0131\u015fmas\u0131 sa\u011flanmakta, internet sitesinin \u00e7al\u0131\u015fmayan sayfalar\u0131 ve alanlar\u0131 tespit edilmektedir.<\/span><\/p>\n<p><span style=\"font-weight: 400;\">Otantikasyon \u00c7erezleri (Authentication Cookies): Ziyaret\u00e7iler, \u015fifrelerini kullanarak internet sitesine giri\u015f yapmalar\u0131 durumunda, bu t\u00fcr \u00e7erezler ile ziyaret\u00e7inin internet sitesinde ziyaret etti\u011fi her bir sayfada site kullan\u0131c\u0131s\u0131 oldu\u011fu belirlenerek, kullan\u0131c\u0131n\u0131n her sayfada \u015fifresini yeniden girmesi \u00f6nlenir.<\/span><\/p>\n<p><span style=\"font-weight: 400;\">Ki\u015fiselle\u015ftirme \u00c7erezleri (Customization Cookies): Kullan\u0131c\u0131lar\u0131n tercihlerini farkl\u0131 internet sitesinin farkl\u0131 sayfalar\u0131n\u0131 ziyarette de hat\u0131rlamak i\u00e7in kullan\u0131lan \u00e7erezlerdir. \u00d6rne\u011fin, se\u00e7mi\u015f oldu\u011funuz dil tercihinizin hat\u0131rlanmas\u0131.<\/span><\/p>\n<p><span style=\"font-weight: 400;\">Analitik \u00c7erezler (Analytical Cookies): Analitik \u00e7erezler ile internet sitesini ziyaret edenlerin say\u0131lar\u0131, internet sitesinde g\u00f6r\u00fcnt\u00fclenen sayfalar\u0131n tespiti, internet sitesi ziyaret saatleri, internet sitesi sayfalar\u0131 kayd\u0131rma hareketleri gibi analitik sonu\u00e7lar\u0131n \u00fcretimini sa\u011flayan \u00e7erezlerdir.<\/span><\/p>\n<p><b>\u0130nternet Sitemizde Kullan\u0131lan \u00c7erezler<\/b><\/p>\n<p><span style=\"font-weight: 400;\">Reklam: Davran\u0131\u015fsal ve hedef odakl\u0131 reklamlar\u0131n ziyaret\u00e7ilere g\u00f6sterilmesi amac\u0131yla kullan\u0131lmaktad\u0131r.Taray\u0131c\u0131 ayarlar\u0131 arac\u0131\u011f\u0131yla kabul etmek ya da reddetmek m\u00fcmk\u00fcnd\u00fcr. Facebook: Bu t\u00fcr \u00e7erezler, Facebook \u00fcyelerinin (veya \u00fcye olmayan ki\u015filerin) pazar analizi ve \u00fcr\u00fcn geli\u015fimi amac\u0131yla izlenmesini sa\u011flar. \u00c7erezin ilk kurulumundan itibaren 2 y\u0131l \u00e7al\u0131\u015f\u0131r. Taray\u0131c\u0131 ayarlar\u0131 arac\u0131\u011f\u0131yla kabul etmek ya da reddetmek m\u00fcmk\u00fcn\u00fcd\u00fcr.<\/span><\/p>\n<p><span style=\"font-weight: 400;\">Google analitikleri: Bu t\u00fcr \u00e7erezler t\u00fcm istatistiksel verilerin toplanmas\u0131n\u0131 bu \u015fekilde internet sitesinin sunumunun ve kullan\u0131m\u0131n\u0131n geli\u015ftirilmesini sa\u011flar. Google, bu istatistiklere toplumsal istatistikler ve ilgilere ili\u015fkin veriler eklemek suretiyle, kullan\u0131c\u0131lar\u0131 daha iyi anlamam\u0131z\u0131 sa\u011flar. Sitemiz, Google Analitik \u00e7erezleri kullanmaktad\u0131r. S\u00f6z konusu \u00e7erezler ile toplanan veriler, ABD\u2019de bulunan Google sunucular\u0131na aktar\u0131lmakta ve s\u00f6z konusu veriler Google\u2019\u0131n veri koruma ilkeleri ile uyumlu olarak muhafaza edilmektedir.. Son g\u00fcncellemeden itibaren 2 y\u0131l \u00e7al\u0131\u015f\u0131r.<\/span><\/p>\n<p><span style=\"font-weight: 400;\">Adobe Omniture: Bu t\u00fcr \u00e7erezler t\u00fcm istatistiksel verilerin toplanmas\u0131n\u0131 ve bu \u015fekilde internet sitesinin sunumunun ve kullan\u0131m\u0131n\u0131n geli\u015ftirilmesini sa\u011flar. \u00c7erezin ilk kurulumdan itibaren 5 y\u0131l \u00e7al\u0131\u015f\u0131r. Oturum \u00c7erezi Taray\u0131c\u0131 ayarlar\u0131 arac\u0131\u011f\u0131yla kabul etmek ya da reddetmek m\u00fcmk\u00fcnd\u00fcr.<\/span><\/p>\n<p><span style=\"font-weight: 400;\">Teknik \u00c7erezler Oturum: Oturum \u00e7erezleri oturumun s\u00fcreklili\u011finin sa\u011flanmas\u0131 amac\u0131yla kullan\u0131l\u0131r. \u0130lk kurulumundan itibaren 82 y\u0131l. Taray\u0131c\u0131 ayarlar\u0131 arac\u0131\u011f\u0131yla kabul etmek ya da reddetmek m\u00fcmk\u00fcnd\u00fcr.<\/span><\/p>\n<p><span style=\"font-weight: 400;\">Ki\u015fiselle\u015ftirme \u00c7erezleri Dil: Kullan\u0131c\u0131n\u0131n se\u00e7ti\u011fi dili kaydeder ve buna uygun se\u00e7enekler sunar. S\u0131n\u0131rs\u0131z, taray\u0131c\u0131dan ayar\/silme yap\u0131lana kadar bilgisayarda kal\u0131yor. Taray\u0131c\u0131 ayarlar\u0131 arac\u0131\u011f\u0131yla kabul etmek ya da reddetmek m\u00fcmk\u00fcn\u00fcd\u00fcr. E\u011fer kullan\u0131c\u0131 Siteyi mobil bir cihazdan ziyaret ediyorsa, ana web sitesini g\u00f6stermek i\u00e7in kullan\u0131l\u0131r. (\u00d6rne\u011fin, cihaz\u0131n Flash&#8217;\u0131 etkinle\u015ftiridi\u011fi), ya da Flash&#8217;a ihtiya\u00e7 duymayan bir mobil sitede oldu\u011funu. Kaynak site kullan\u0131c\u0131n\u0131n tercihlerinin daha iyi anla\u015f\u0131labilmesi i\u00e7in kaydedilir.<\/span><\/p>\n<p><span style=\"font-weight: 400;\">Oturum \u00c7erezi Taray\u0131c\u0131 ayarlar\u0131 arac\u0131\u011f\u0131yla kabul etmek ya da reddetmek m\u00fcmk\u00fcn\u00fcd\u00fcr.<\/span><\/p>\n<p><b>\u00c7erezlerin Kullan\u0131m\u0131 Veri Sahipleri Taraf\u0131ndan Engellenebilir mi?<\/b><\/p>\n<p><span style=\"font-weight: 400;\">Taray\u0131c\u0131n\u0131z\u0131n ayarlar\u0131n\u0131 de\u011fi\u015ftirerek \u00e7erezlere ili\u015fkin tercihlerinizi ki\u015fiselle\u015ftirme imkan\u0131na sahipsiniz.<\/span><\/p>\n<p><span style=\"font-weight: 400;\">Adobe Analytics<br \/>\n<\/span><span style=\"font-weight: 400;\">http:\/\/www.adobe.com\/uk\/privacy\/opt-out.html<\/span><span style=\"font-weight: 400;\">\u00a0<\/span><\/p>\n<p><span style=\"font-weight: 400;\">AOL<br \/>\n<\/span><span style=\"font-weight: 400;\">https:\/\/help.aol.com\/articles\/restore-security-settings-and-enable-cookie-settings-on-browser<\/span><\/p>\n<p><span style=\"font-weight: 400;\">Google Ads<br \/>\n<\/span><span style=\"font-weight: 400;\">https:\/\/support.google.com\/ads\/answer\/2662922?hl=en<\/span><\/p>\n<p><span style=\"font-weight: 400;\">Google Analytics<br \/>\n<\/span><span style=\"font-weight: 400;\">https:\/\/tools.google.com\/dlpage\/gaoptout<\/span><\/p>\n<p><span style=\"font-weight: 400;\">\u00a0GoogleChrome<br \/>\n<\/span><span style=\"font-weight: 400;\">http:\/\/www.google.com\/support\/chrome\/bin\/answer.py?hl=en&amp;answer=95647<\/span><\/p>\n<p><span style=\"font-weight: 400;\">Internet Explorer<br \/>\n<\/span><span style=\"font-weight: 400;\">https:\/\/support.microsoft.com\/en-us\/help\/17442\/windows-internet-explorer-delete-manage-cookies<\/span><\/p>\n<p><span style=\"font-weight: 400;\">MozillaFirefox<br \/>\n<\/span><span style=\"font-weight: 400;\">http:\/\/support.mozilla.com\/en-US\/kb\/Cookies<\/span><\/p>\n<p><span style=\"font-weight: 400;\">Opera<br \/>\n<\/span><span style=\"font-weight: 400;\">http:\/\/www.opera.com\/browser\/tutorials\/security\/privacy\/<\/span><\/p>\n<p><span style=\"font-weight: 400;\">Safari<br \/>\n<\/span><span style=\"font-weight: 400;\">https:\/\/support.apple.com\/kb\/ph19214?locale=tr_TR<\/span><\/p>\n<\/div><\/section>\n","protected":false},"excerpt":{"rendered":"","protected":false},"author":1,"featured_media":0,"parent":0,"menu_order":0,"comment_status":"closed","ping_status":"closed","template":"","meta":{"footnotes":""},"class_list":["post-674","page","type-page","status-publish","hentry"],"aioseo_notices":[],"_links":{"self":[{"href":"https:\/\/www.airtradecentre.com\/tr\/wp-json\/wp\/v2\/pages\/674","targetHints":{"allow":["GET"]}}],"collection":[{"href":"https:\/\/www.airtradecentre.com\/tr\/wp-json\/wp\/v2\/pages"}],"about":[{"href":"https:\/\/www.airtradecentre.com\/tr\/wp-json\/wp\/v2\/types\/page"}],"author":[{"embeddable":true,"href":"https:\/\/www.airtradecentre.com\/tr\/wp-json\/wp\/v2\/users\/1"}],"replies":[{"embeddable":true,"href":"https:\/\/www.airtradecentre.com\/tr\/wp-json\/wp\/v2\/comments?post=674"}],"version-history":[{"count":9,"href":"https:\/\/www.airtradecentre.com\/tr\/wp-json\/wp\/v2\/pages\/674\/revisions"}],"predecessor-version":[{"id":15367,"href":"https:\/\/www.airtradecentre.com\/tr\/wp-json\/wp\/v2\/pages\/674\/revisions\/15367"}],"wp:attachment":[{"href":"https:\/\/www.airtradecentre.com\/tr\/wp-json\/wp\/v2\/media?parent=674"}],"curies":[{"name":"wp","href":"https:\/\/api.w.org\/{rel}","templated":true}]}}