{"id":6965,"date":"2019-11-12T20:16:31","date_gmt":"2019-11-12T20:16:31","guid":{"rendered":"https:\/\/airtradecentre.com.tr\/?page_id=6965"},"modified":"2019-11-12T20:16:31","modified_gmt":"2019-11-12T20:16:31","slug":"kbf-n-ec-ti","status":"publish","type":"page","link":"https:\/\/www.airtradecentre.com\/tr\/fanlar-ve-duman-kontrolu\/ec-motorlu-kanal-fanlari\/kbf-n-ec-ti\/","title":{"rendered":"KBF-N EC TI Kanal Fan\u0131"},"content":{"rendered":"\n<style type=\"text\/css\" data-created_by=\"avia_inline_auto\" id=\"style-css-av-2iex7x-310ccf25b611388f42e33d7adc160b77\">\n.flex_column.av-2iex7x-310ccf25b611388f42e33d7adc160b77{\nborder-radius:0px 0px 0px 0px;\npadding:0px 0px 0px 0px;\n}\n<\/style>\n<div  class='flex_column av-2iex7x-310ccf25b611388f42e33d7adc160b77 av_one_full  avia-builder-el-0  el_before_av_two_fifth  avia-builder-el-first  first flex_column_div av-zero-column-padding  '     ><div  class='av_promobox av-jv6e4x07-861ad314c0279833cdb47f6b4e04a38d avia-button-yes  avia-builder-el-1  avia-builder-el-no-sibling '><div class='avia-promocontent'><p>\nBu \u00fcr\u00fcn ile ilgili genel kullan\u0131m klavuzunu bilgisayar\u0131n\u0131za PDF format\u0131nda indirebilirsiniz.<\/p>\n<\/div><div  class='avia-button-wrap av-jv6e4x07-60b86770b9cc869e681e68456a0a2921-wrap avia-button-right '><a href='https:\/\/airtradecentre.com\/wp-content\/uploads\/2019\/05\/31-KBF-N-EC-T_compressed-1.pdf'  class='avia-button av-jv6e4x07-60b86770b9cc869e681e68456a0a2921 avia-icon_select-no avia-size-large avia-position-right avia-color-theme-color'  ><span class='avia_iconbox_title' >Kullan\u0131m Klavuzu<\/span><\/a><\/div><\/div><\/div>\n\n<style type=\"text\/css\" data-created_by=\"avia_inline_auto\" id=\"style-css-av-1wjco7-ecc11c4033bd98e171ea76227102a5b2\">\n.flex_column.av-1wjco7-ecc11c4033bd98e171ea76227102a5b2{\nborder-width:2px;\nborder-color:#eaeaea;\nborder-style:solid;\nborder-radius:0px 0px 0px 0px;\npadding:0px 0px 0px 0px;\n}\n<\/style>\n<div  class='flex_column av-1wjco7-ecc11c4033bd98e171ea76227102a5b2 av_two_fifth  avia-builder-el-2  el_after_av_one_full  el_before_av_three_fifth  first flex_column_div av-zero-column-padding  column-top-margin'     ><style type=\"text\/css\" data-created_by=\"avia_inline_auto\" id=\"style-css-av-1q17nr-dd63fae7d024b23e933c54bd14fe0712\">\n.avia-image-container.av-1q17nr-dd63fae7d024b23e933c54bd14fe0712 img.avia_image{\nbox-shadow:none;\n}\n.avia-image-container.av-1q17nr-dd63fae7d024b23e933c54bd14fe0712 .av-image-caption-overlay-center{\ncolor:#ffffff;\n}\n<\/style>\n<div  class='avia-image-container av-1q17nr-dd63fae7d024b23e933c54bd14fe0712 av-styling- avia-align-center  avia-builder-el-3  avia-builder-el-no-sibling '   itemprop=\"image\" itemscope=\"itemscope\" itemtype=\"https:\/\/schema.org\/ImageObject\" ><div class=\"avia-image-container-inner\"><div class=\"avia-image-overlay-wrap\"><a href=\"https:\/\/www.airtradecentre.com\/wp-content\/uploads\/2018\/08\/atc-defaul-400x400-logo.jpg\" data-srcset=\"https:\/\/www.airtradecentre.com\/wp-content\/uploads\/2018\/08\/atc-defaul-400x400-logo.jpg 400w, https:\/\/www.airtradecentre.com\/wp-content\/uploads\/2018\/08\/atc-defaul-400x400-logo-80x80.jpg 80w, https:\/\/www.airtradecentre.com\/wp-content\/uploads\/2018\/08\/atc-defaul-400x400-logo-300x300.jpg 300w\" data-sizes=\"(max-width: 400px) 100vw, 400px\" class='avia_image'  aria-label='atc-defaul-400x400-logo'><img decoding=\"async\" fetchpriority=\"high\" class='wp-image-455 avia-img-lazy-loading-not-455 avia_image ' src=\"https:\/\/www.airtradecentre.com\/wp-content\/uploads\/2018\/08\/atc-defaul-400x400-logo-300x300.jpg\" alt='ATC Default' title='atc-defaul-400x400-logo'  height=\"300\" width=\"300\"  itemprop=\"thumbnailUrl\" srcset=\"https:\/\/www.airtradecentre.com\/wp-content\/uploads\/2018\/08\/atc-defaul-400x400-logo-300x300.jpg 300w, https:\/\/www.airtradecentre.com\/wp-content\/uploads\/2018\/08\/atc-defaul-400x400-logo-80x80.jpg 80w, https:\/\/www.airtradecentre.com\/wp-content\/uploads\/2018\/08\/atc-defaul-400x400-logo.jpg 400w\" sizes=\"(max-width: 300px) 100vw, 300px\" \/><\/a><\/div><\/div><\/div><\/div>\n<style type=\"text\/css\" data-created_by=\"avia_inline_auto\" id=\"style-css-av-1ii913-1ef8530b6245e033a803aa98e855892c\">\n.flex_column.av-1ii913-1ef8530b6245e033a803aa98e855892c{\nborder-radius:0px 0px 0px 0px;\npadding:0px 0px 0px 0px;\n}\n<\/style>\n<div  class='flex_column av-1ii913-1ef8530b6245e033a803aa98e855892c av_three_fifth  avia-builder-el-4  el_after_av_two_fifth  el_before_av_one_full  flex_column_div av-zero-column-padding  column-top-margin'     ><p>\n<style type=\"text\/css\" data-created_by=\"avia_inline_auto\" id=\"style-css-av-k2wap31f-b853abbcbe7aa73a2150473acb4897c5\">\n#top .av-special-heading.av-k2wap31f-b853abbcbe7aa73a2150473acb4897c5{\npadding-bottom:0;\n}\nbody .av-special-heading.av-k2wap31f-b853abbcbe7aa73a2150473acb4897c5 .av-special-heading-tag .heading-char{\nfont-size:25px;\n}\n.av-special-heading.av-k2wap31f-b853abbcbe7aa73a2150473acb4897c5 .av-subheading{\nfont-size:15px;\n}\n<\/style>\n<div  class='av-special-heading av-k2wap31f-b853abbcbe7aa73a2150473acb4897c5 av-special-heading-h2 blockquote modern-quote  avia-builder-el-5  el_before_av_textblock  avia-builder-el-first '><h2 class='av-special-heading-tag'  itemprop=\"headline\"  >KBF-N EC TI<\/h2><div class='av-subheading av-subheading_below'><p>EC Motorlu Kabin Tipi \u0130zolasyonlu Fan<\/p>\n<\/div><div class=\"special-heading-border\"><div class=\"special-heading-inner-border\"><\/div><\/div><\/div><br \/>\n<section  class='av_textblock_section av-k2w93cox-f707244f38c3bb6e4e7b8b058670ae15 '   itemscope=\"itemscope\" itemtype=\"https:\/\/schema.org\/CreativeWork\" ><div class='avia_textblock'  itemprop=\"text\" ><p><span style=\"font-weight: 400;\">KBF-N EC TI model fanlar dikd\u00f6rtgen kanallara monte edilmektedir. \u0130ki kanal aras\u0131na ya da &#8220;\u00c7at\u0131 Sac\u0131&#8221; aksesuar\u0131 ile birlikte \u00e7at\u0131ya &#8211; yine kanal ba\u011flant\u0131s\u0131 ile &#8211; monte edilmesi m\u00fcmk\u00fcnd\u00fcr. Standart AC motorlu fanlardan farkl\u0131 olarak bu fanlarda enerji verimlili\u011fini artt\u0131ran ve yaln\u0131zca ihtiya\u00e7 duyuldu\u011fu kadar t\u00fcketim sa\u011flamak i\u00e7in h\u0131z\u0131n\u0131 otomatik olarak ayarlayabilen EC motorlar kullan\u0131lmaktad\u0131r. \u00d6zellikle ticari mutfak uygulamalar\u0131 ba\u015fta olmak \u00fczere; ofisler, restoranlar, oteller ,rezidans vb. pek \u00e7ok yap\u0131n\u0131n havaland\u0131rma uygulamas\u0131nda kullan\u0131lmaktad\u0131r.<\/span><\/p>\n<p><b>Yap\u0131s\u0131<\/b><\/p>\n<ul>\n<li><span style=\"font-weight: 400;\">Geriye e\u011fik kanatl\u0131 radyal pervaneli dikd\u00f6rtgen kabin tipi fan<\/span><\/li>\n<li>\u0130zolasyonlu galvaniz metal g\u00f6vde<\/li>\n<li>Standart davlumbaz fanlar\u0131ndan farkl\u0131 olarak lineer emi\u015f ve at\u0131\u015f y\u00f6n\u00fc olana\u011f\u0131<\/li>\n<li>EC motorlu, motor hava ak\u0131m\u0131 d\u0131\u015f\u0131nda<\/li>\n<li>6800 m\u00b3\/h\u2019 e kadar hava debisi<\/li>\n<li>H\u0131z ayar\u0131na uygun, 0-10V voltaj h\u0131z kontroll\u00fc<\/li>\n<li>Potansiyometre ve Sabit Bas\u0131n\u00e7 Kontrol \u00dcnitesi ile<\/li>\n<li>Entegre termik korumal\u0131<\/li>\n<li>Bak\u0131m gerektirmeyen uzun \u00f6m\u00fcrl\u00fc rulman<\/li>\n<li>Yo\u011fu\u015fma ve drenaj tavas\u0131 ile<\/li>\n<li>Standart 50 Hz ( 60 Hz Opsiyonel )<\/li>\n<\/ul>\n<\/div><\/section><br \/>\n<div  class='avia-buttonrow-wrap av-jqxs57ih-516dd56d2448d704ca4d51177cd23b85 avia-buttonrow-left  avia-builder-el-7  el_after_av_textblock  avia-builder-el-last '>\n\n<style type=\"text\/css\" data-created_by=\"avia_inline_auto\" id=\"style-css-av-cmqhpl-a59183730c0686edb58d8b2a7b0fd5cc\">\n#top #wrap_all .avia-button.av-cmqhpl-a59183730c0686edb58d8b2a7b0fd5cc{\nmargin-bottom:5px;\nmargin-right:5px;\n}\n<\/style>\n<a href='https:\/\/www.airtradecentre.com\/tr\/iletisim\/'  class='avia-button av-cmqhpl-a59183730c0686edb58d8b2a7b0fd5cc avia-icon_select-no avia-size-medium avia-color-theme-color-highlight'  ><span class='avia_iconbox_title' >Mail G\u00f6nder<\/span><\/a>\n<\/div><\/p><\/div>\n<style type=\"text\/css\" data-created_by=\"avia_inline_auto\" id=\"style-css-av-mmnrb-1846dac7fc629862f7ccd4aa6477d7d5\">\n.flex_column.av-mmnrb-1846dac7fc629862f7ccd4aa6477d7d5{\nborder-radius:0px 0px 0px 0px;\npadding:0px 0px 0px 0px;\n}\n<\/style>\n<div  class='flex_column av-mmnrb-1846dac7fc629862f7ccd4aa6477d7d5 av_one_full  avia-builder-el-8  el_after_av_three_fifth  avia-builder-el-last  first flex_column_div av-zero-column-padding  '     ><div  class='tabcontainer av-jqlcgght-cde9fc81693b2c53a5cc4c138a155e9b top_tab  avia-builder-el-9  avia-builder-el-no-sibling ' role='tablist'>\n<section class='av_tab_section av_tab_section av-40qy3h-34eb00dc2f66d133fa76b1692ddfd56e'  itemscope=\"itemscope\" itemtype=\"https:\/\/schema.org\/CreativeWork\" ><div class='tab active_tab' role='tab' tabindex='0' data-fake-id='#tab-id-1' aria-controls='tab-id-1-content'  itemprop=\"headline\" ><span class='tab_icon' aria-hidden='true' data-av_icon='\ue8c7' data-av_iconfont='entypo-fontello'><\/span>Performans Verileri<\/div><div id='tab-id-1-content' class='tab_content active_tab_content' aria-hidden=\"false\"><div class='tab_inner_content invers-color'  itemprop=\"text\" ><\/div><\/div><\/section>\n<section class='av_tab_section av_tab_section av-2lwbbh-2b7745e11b4ca6bcddd894a3a6b08bba'  itemscope=\"itemscope\" itemtype=\"https:\/\/schema.org\/CreativeWork\" ><div class='tab' role='tab' tabindex='0' data-fake-id='#tab-id-2' aria-controls='tab-id-2-content'  itemprop=\"headline\" ><span class='tab_icon' aria-hidden='true' data-av_icon='\ue855' data-av_iconfont='entypo-fontello'><\/span>Teknik Veriler<\/div><div id='tab-id-2-content' class='tab_content' aria-hidden=\"true\"><div class='tab_inner_content invers-color'  itemprop=\"text\" ><\/div><\/div><\/section>\n<section class='av_tab_section av_tab_section av-3apo6y-5f9e7e2147639c8d1e07a2fa62908817'  itemscope=\"itemscope\" itemtype=\"https:\/\/schema.org\/CreativeWork\" ><div class='tab' role='tab' tabindex='0' data-fake-id='#tab-id-3' aria-controls='tab-id-3-content'  itemprop=\"headline\" ><span class='tab_icon' aria-hidden='true' data-av_icon='\ue8d3' data-av_iconfont='entypo-fontello'><\/span>\u00d6l\u00e7\u00fcler ve Ba\u011flant\u0131 \u015eemas\u0131<\/div><div id='tab-id-3-content' class='tab_content' aria-hidden=\"true\"><div class='tab_inner_content invers-color'  itemprop=\"text\" ><\/div><\/div><\/section>\n<\/div><\/div><\/p>\n","protected":false},"excerpt":{"rendered":"","protected":false},"author":1,"featured_media":0,"parent":2384,"menu_order":0,"comment_status":"closed","ping_status":"closed","template":"","meta":{"footnotes":""},"class_list":["post-6965","page","type-page","status-publish","hentry"],"aioseo_notices":[],"_links":{"self":[{"href":"https:\/\/www.airtradecentre.com\/tr\/wp-json\/wp\/v2\/pages\/6965","targetHints":{"allow":["GET"]}}],"collection":[{"href":"https:\/\/www.airtradecentre.com\/tr\/wp-json\/wp\/v2\/pages"}],"about":[{"href":"https:\/\/www.airtradecentre.com\/tr\/wp-json\/wp\/v2\/types\/page"}],"author":[{"embeddable":true,"href":"https:\/\/www.airtradecentre.com\/tr\/wp-json\/wp\/v2\/users\/1"}],"replies":[{"embeddable":true,"href":"https:\/\/www.airtradecentre.com\/tr\/wp-json\/wp\/v2\/comments?post=6965"}],"version-history":[{"count":2,"href":"https:\/\/www.airtradecentre.com\/tr\/wp-json\/wp\/v2\/pages\/6965\/revisions"}],"predecessor-version":[{"id":6967,"href":"https:\/\/www.airtradecentre.com\/tr\/wp-json\/wp\/v2\/pages\/6965\/revisions\/6967"}],"up":[{"embeddable":true,"href":"https:\/\/www.airtradecentre.com\/tr\/wp-json\/wp\/v2\/pages\/2384"}],"wp:attachment":[{"href":"https:\/\/www.airtradecentre.com\/tr\/wp-json\/wp\/v2\/media?parent=6965"}],"curies":[{"name":"wp","href":"https:\/\/api.w.org\/{rel}","templated":true}]}}