{"id":7064,"date":"2019-11-18T15:14:08","date_gmt":"2019-11-18T15:14:08","guid":{"rendered":"https:\/\/airtradecentre.com.tr\/?page_id=7064"},"modified":"2019-11-27T11:32:33","modified_gmt":"2019-11-27T11:32:33","slug":"exproof-kanal-fanlari","status":"publish","type":"page","link":"https:\/\/www.airtradecentre.com\/tr\/fanlar-ve-duman-kontrolu\/exproof-kanal-fanlari\/","title":{"rendered":"Exproof Kanal Fanlar\u0131"},"content":{"rendered":"\n<style type=\"text\/css\" data-created_by=\"avia_inline_auto\" id=\"style-css-av-a28q3-71108f3768f915b678240b6189c73be5\">\n.flex_column.av-a28q3-71108f3768f915b678240b6189c73be5{\nborder-width:1px;\nborder-color:#ebebeb;\nborder-style:solid;\nborder-radius:0px 0px 0px 0px;\npadding:0px 0px 0px 0px;\n}\n<\/style>\n<div  class='flex_column av-a28q3-71108f3768f915b678240b6189c73be5 av_one_fourth  avia-builder-el-0  el_before_av_one_fourth  avia-builder-el-first  first flex_column_div av-zero-column-padding avia-link-column av-column-link avia-link-column-hover  '    data-link-column-url=\"https:\/\/www.airtradecentre.com\/tr\/fanlar-ve-duman-kontrolu\/exproof-kanal-fanlari\/rk-exproof-fanlari\/\"   ><a class=\"av-screen-reader-only\" href=https:\/\/www.airtradecentre.com\/tr\/fanlar-ve-duman-kontrolu\/exproof-kanal-fanlari\/rk-exproof-fanlari\/ >Link to: RK Exproof Fanlar\u0131<\/a><p><div  class='avia-button-wrap avia-button-center  avia-builder-el-1  el_before_av_image  avia-builder-el-first '>\n<style type=\"text\/css\" data-created_by=\"avia_inline_auto\" id=\"style-css-av-jqxrtvq3-4f53e4b70c64b251ba9e09733e7b3ed7\">\n#top #wrap_all .avia-button.av-jqxrtvq3-4f53e4b70c64b251ba9e09733e7b3ed7{\ncolor:#ffffff;\ntransition:all 0.4s ease-in-out;\n}\n#top #wrap_all .avia-button.av-jqxrtvq3-4f53e4b70c64b251ba9e09733e7b3ed7:hover{\ncolor:#ffffff;\ntransition:all 0.4s ease-in-out;\n}\n<\/style>\n<a href='https:\/\/www.airtradecentre.com\/tr\/fanlar-ve-duman-kontrolu\/exproof-kanal-fanlari\/rk-exproof-fanlari\/' class='avia-color-theme-color-highlight avia-button avia-button-fullwidth av-jqxrtvq3-4f53e4b70c64b251ba9e09733e7b3ed7 avia-icon_select-no avia-color-theme-color-highlight'  ><span class='avia_iconbox_title' >RK 315 Ex Stb<\/span><span class='avia_button_background avia-button avia-button-fullwidth avia-color-theme-color-highlight'><\/span><\/a><\/div><br \/>\n\n<style type=\"text\/css\" data-created_by=\"avia_inline_auto\" id=\"style-css-av-jqxpes0h-485ca69ef95f4788c3f5f58df233853a\">\n.avia-image-container.av-jqxpes0h-485ca69ef95f4788c3f5f58df233853a img.avia_image{\nbox-shadow:none;\n}\n.avia-image-container.av-jqxpes0h-485ca69ef95f4788c3f5f58df233853a .av-image-caption-overlay-center{\ncolor:#ffffff;\n}\n<\/style>\n<div  class='avia-image-container av-jqxpes0h-485ca69ef95f4788c3f5f58df233853a av-styling- avia-align-center  avia-builder-el-2  el_after_av_button_big  el_before_av_iconlist  avia-builder-el-first '   itemprop=\"image\" itemscope=\"itemscope\" itemtype=\"https:\/\/schema.org\/ImageObject\" ><div class=\"avia-image-container-inner\"><div class=\"avia-image-overlay-wrap\"><img decoding=\"async\" fetchpriority=\"high\" class='wp-image-7066 avia-img-lazy-loading-not-7066 avia_image ' src=\"https:\/\/www.airtradecentre.com\/wp-content\/uploads\/2019\/11\/rk-exproof-fanlar.jpg\" alt='Exproof Fanlar' title='RK Exproof Fanlar'  height=\"500\" width=\"500\"  itemprop=\"thumbnailUrl\" srcset=\"https:\/\/www.airtradecentre.com\/wp-content\/uploads\/2019\/11\/rk-exproof-fanlar.jpg 500w, https:\/\/www.airtradecentre.com\/wp-content\/uploads\/2019\/11\/rk-exproof-fanlar-80x80.jpg 80w\" sizes=\"(max-width: 500px) 100vw, 500px\" \/><\/div><\/div><\/div><br \/>\n\n<style type=\"text\/css\" data-created_by=\"avia_inline_auto\" id=\"style-css-av-jxed1bh9-32e0015d920e1ace415e13bc05db804b\">\n#top .avia-icon-list-container.av-jxed1bh9-32e0015d920e1ace415e13bc05db804b .iconlist_icon{\ncolor:#a4001e;\n}\n<\/style>\n<div  class='avia-icon-list-container av-jxed1bh9-32e0015d920e1ace415e13bc05db804b  avia-builder-el-3  el_after_av_image  avia-builder-el-last '><ul class='avia-icon-list avia_animate_when_almost_visible avia-icon-list-left av-iconlist-small av-jxed1bh9-32e0015d920e1ace415e13bc05db804b avia-iconlist-animate'>\n<li><div class='iconlist_icon av-c7bwqg-c81403a1d2aefd1462f59185617b9b0c avia-font-entypo-fontello'><span class='iconlist-char' aria-hidden='true' data-av_icon='\ue898' data-av_iconfont='entypo-fontello'><\/span><\/div><article class=\"article-icon-entry av-iconlist-empty\"  itemscope=\"itemscope\" itemtype=\"https:\/\/schema.org\/CreativeWork\" ><div class=\"iconlist_content_wrap\"><header class=\"entry-content-header\"><div class='av_iconlist_title iconlist_title_small  '  itemprop=\"headline\" >Geriye e\u011fik radyal pervaneli<\/div><\/header><div class='iconlist_content '  itemprop=\"text\" ><\/div><\/div><footer class=\"entry-footer\"><\/footer><\/article><div class=\"iconlist-timeline\"><\/div><\/li>\n<li><div class='iconlist_icon av-b5pbaw-a64d9cb7c6cfc38f506091959ca60315 avia-font-entypo-fontello'><span class='iconlist-char' aria-hidden='true' data-av_icon='\ue898' data-av_iconfont='entypo-fontello'><\/span><\/div><article class=\"article-icon-entry av-iconlist-empty\"  itemscope=\"itemscope\" itemtype=\"https:\/\/schema.org\/CreativeWork\" ><div class=\"iconlist_content_wrap\"><header class=\"entry-content-header\"><div class='av_iconlist_title iconlist_title_small  '  itemprop=\"headline\" >Galvaniz metal g\u00f6vde<\/div><\/header><div class='iconlist_content '  itemprop=\"text\" ><\/div><\/div><footer class=\"entry-footer\"><\/footer><\/article><div class=\"iconlist-timeline\"><\/div><\/li>\n<li><div class='iconlist_icon av-9lm2eg-e5a24c5e3485b344da762a1e547a8775 avia-font-entypo-fontello'><span class='iconlist-char' aria-hidden='true' data-av_icon='\ue898' data-av_iconfont='entypo-fontello'><\/span><\/div><article class=\"article-icon-entry av-iconlist-empty\"  itemscope=\"itemscope\" itemtype=\"https:\/\/schema.org\/CreativeWork\" ><div class=\"iconlist_content_wrap\"><header class=\"entry-content-header\"><div class='av_iconlist_title iconlist_title_small  '  itemprop=\"headline\" >II 3G c IIB T3, Atex s\u0131n\u0131f\u0131 <\/div><\/header><div class='iconlist_content '  itemprop=\"text\" ><\/div><\/div><footer class=\"entry-footer\"><\/footer><\/article><div class=\"iconlist-timeline\"><\/div><\/li>\n<li><div class='iconlist_icon av-7tibp4-4c7a54bcb4894c929ba64230fdcf4c45 avia-font-entypo-fontello'><span class='iconlist-char' aria-hidden='true' data-av_icon='\ue898' data-av_iconfont='entypo-fontello'><\/span><\/div><article class=\"article-icon-entry av-iconlist-empty\"  itemscope=\"itemscope\" itemtype=\"https:\/\/schema.org\/CreativeWork\" ><div class=\"iconlist_content_wrap\"><header class=\"entry-content-header\"><div class='av_iconlist_title iconlist_title_small  '  itemprop=\"headline\" >Maksimum debi 1400 m\u00b3\/h<\/div><\/header><div class='iconlist_content '  itemprop=\"text\" ><\/div><\/div><footer class=\"entry-footer\"><\/footer><\/article><div class=\"iconlist-timeline\"><\/div><\/li>\n<\/ul><\/div><\/p><\/div>\n\n<style type=\"text\/css\" data-created_by=\"avia_inline_auto\" id=\"style-css-av-a28q3-5e68a9732ab64d736ac263117439f2af\">\n.flex_column.av-a28q3-5e68a9732ab64d736ac263117439f2af{\nborder-width:1px;\nborder-color:#ebebeb;\nborder-style:solid;\nborder-radius:0px 0px 0px 0px;\npadding:0px 0px 0px 0px;\n}\n<\/style>\n<div  class='flex_column av-a28q3-5e68a9732ab64d736ac263117439f2af av_one_fourth  avia-builder-el-4  el_after_av_one_fourth  avia-builder-el-last  flex_column_div av-zero-column-padding avia-link-column av-column-link avia-link-column-hover  '    data-link-column-url=\"https:\/\/www.airtradecentre.com\/tr\/fanlar-ve-duman-kontrolu\/exproof-kanal-fanlari\/dkn-exproof-fanlari\/\"   ><a class=\"av-screen-reader-only\" href=https:\/\/www.airtradecentre.com\/tr\/fanlar-ve-duman-kontrolu\/exproof-kanal-fanlari\/dkn-exproof-fanlari\/ >Link to: DKN Exproof Fanlar\u0131<\/a><p><div  class='avia-button-wrap avia-button-center  avia-builder-el-5  el_before_av_image  avia-builder-el-first '>\n<style type=\"text\/css\" data-created_by=\"avia_inline_auto\" id=\"style-css-av-jqxrtvq3-b64f4adb3cd1f48d6b5a6a620a3447be\">\n#top #wrap_all .avia-button.av-jqxrtvq3-b64f4adb3cd1f48d6b5a6a620a3447be{\ncolor:#ffffff;\ntransition:all 0.4s ease-in-out;\n}\n#top #wrap_all .avia-button.av-jqxrtvq3-b64f4adb3cd1f48d6b5a6a620a3447be:hover{\ncolor:#ffffff;\ntransition:all 0.4s ease-in-out;\n}\n<\/style>\n<a href='https:\/\/www.airtradecentre.com\/tr\/fanlar-ve-duman-kontrolu\/exproof-kanal-fanlari\/dkn-exproof-fanlari\/' class='avia-color-theme-color-highlight avia-button avia-button-fullwidth av-jqxrtvq3-b64f4adb3cd1f48d6b5a6a620a3447be avia-icon_select-no avia-color-theme-color-highlight'  ><span class='avia_iconbox_title' >DKN Ex Stb<\/span><span class='avia_button_background avia-button avia-button-fullwidth avia-color-theme-color-highlight'><\/span><\/a><\/div><br \/>\n\n<style type=\"text\/css\" data-created_by=\"avia_inline_auto\" id=\"style-css-av-jqxpes0h-22953682f20b237edafbe4b33f266cbc\">\n.avia-image-container.av-jqxpes0h-22953682f20b237edafbe4b33f266cbc img.avia_image{\nbox-shadow:none;\n}\n.avia-image-container.av-jqxpes0h-22953682f20b237edafbe4b33f266cbc .av-image-caption-overlay-center{\ncolor:#ffffff;\n}\n<\/style>\n<div  class='avia-image-container av-jqxpes0h-22953682f20b237edafbe4b33f266cbc av-styling- avia-align-center  avia-builder-el-6  el_after_av_button_big  el_before_av_iconlist  avia-builder-el-first '   itemprop=\"image\" itemscope=\"itemscope\" itemtype=\"https:\/\/schema.org\/ImageObject\" ><div class=\"avia-image-container-inner\"><div class=\"avia-image-overlay-wrap\"><img decoding=\"async\" fetchpriority=\"high\" class='wp-image-7067 avia-img-lazy-loading-not-7067 avia_image ' src=\"https:\/\/www.airtradecentre.com\/wp-content\/uploads\/2019\/11\/dkn-exproof-fanlar.jpg\" alt='Exproof Fanlar' title='DKN Exproof Fanlar'  height=\"500\" width=\"500\"  itemprop=\"thumbnailUrl\" srcset=\"https:\/\/www.airtradecentre.com\/wp-content\/uploads\/2019\/11\/dkn-exproof-fanlar.jpg 500w, https:\/\/www.airtradecentre.com\/wp-content\/uploads\/2019\/11\/dkn-exproof-fanlar-80x80.jpg 80w\" sizes=\"(max-width: 500px) 100vw, 500px\" \/><\/div><\/div><\/div><br \/>\n\n<style type=\"text\/css\" data-created_by=\"avia_inline_auto\" id=\"style-css-av-jxed1bh9-32e0015d920e1ace415e13bc05db804b\">\n#top .avia-icon-list-container.av-jxed1bh9-32e0015d920e1ace415e13bc05db804b .iconlist_icon{\ncolor:#a4001e;\n}\n<\/style>\n<div  class='avia-icon-list-container av-jxed1bh9-32e0015d920e1ace415e13bc05db804b  avia-builder-el-7  el_after_av_image  avia-builder-el-last '><ul class='avia-icon-list avia_animate_when_almost_visible avia-icon-list-left av-iconlist-small av-jxed1bh9-32e0015d920e1ace415e13bc05db804b avia-iconlist-animate'>\n<li><div class='iconlist_icon av-6eori0-c799494d92a2fe1c35e3dd9a31b88c06 avia-font-entypo-fontello'><span class='iconlist-char' aria-hidden='true' data-av_icon='\ue898' data-av_iconfont='entypo-fontello'><\/span><\/div><article class=\"article-icon-entry av-iconlist-empty\"  itemscope=\"itemscope\" itemtype=\"https:\/\/schema.org\/CreativeWork\" ><div class=\"iconlist_content_wrap\"><header class=\"entry-content-header\"><div class='av_iconlist_title iconlist_title_small  '  itemprop=\"headline\" >\u0130leriye e\u011fik radyal pervaneli<\/div><\/header><div class='iconlist_content '  itemprop=\"text\" ><\/div><\/div><footer class=\"entry-footer\"><\/footer><\/article><div class=\"iconlist-timeline\"><\/div><\/li>\n<li><div class='iconlist_icon av-11u0rb4-e876834d18831434b0f3dd6a57f2ceae avia-font-entypo-fontello'><span class='iconlist-char' aria-hidden='true' data-av_icon='\ue898' data-av_iconfont='entypo-fontello'><\/span><\/div><article class=\"article-icon-entry av-iconlist-empty\"  itemscope=\"itemscope\" itemtype=\"https:\/\/schema.org\/CreativeWork\" ><div class=\"iconlist_content_wrap\"><header class=\"entry-content-header\"><div class='av_iconlist_title iconlist_title_small  '  itemprop=\"headline\" >Galvaniz Metal G\u00f6vde<\/div><\/header><div class='iconlist_content '  itemprop=\"text\" ><\/div><\/div><footer class=\"entry-footer\"><\/footer><\/article><div class=\"iconlist-timeline\"><\/div><\/li>\n<li><div class='iconlist_icon av-46lj7c-94767ce92f6419ff6a2bdab0fae29cf0 avia-font-entypo-fontello'><span class='iconlist-char' aria-hidden='true' data-av_icon='\ue898' data-av_iconfont='entypo-fontello'><\/span><\/div><article class=\"article-icon-entry av-iconlist-empty\"  itemscope=\"itemscope\" itemtype=\"https:\/\/schema.org\/CreativeWork\" ><div class=\"iconlist_content_wrap\"><header class=\"entry-content-header\"><div class='av_iconlist_title iconlist_title_small  '  itemprop=\"headline\" >II 3G c IIB T3, Atex s\u0131n\u0131f\u0131<\/div><\/header><div class='iconlist_content '  itemprop=\"text\" ><\/div><\/div><footer class=\"entry-footer\"><\/footer><\/article><div class=\"iconlist-timeline\"><\/div><\/li>\n<li><div class='iconlist_icon av-2fz5so-cf8bc50240781b1ab544bc79eff3245c avia-font-entypo-fontello'><span class='iconlist-char' aria-hidden='true' data-av_icon='\ue898' data-av_iconfont='entypo-fontello'><\/span><\/div><article class=\"article-icon-entry av-iconlist-empty\"  itemscope=\"itemscope\" itemtype=\"https:\/\/schema.org\/CreativeWork\" ><div class=\"iconlist_content_wrap\"><header class=\"entry-content-header\"><div class='av_iconlist_title iconlist_title_small  '  itemprop=\"headline\" >Maksimum debi 4050 m\u00b3\/h<\/div><\/header><div class='iconlist_content '  itemprop=\"text\" ><\/div><\/div><footer class=\"entry-footer\"><\/footer><\/article><div class=\"iconlist-timeline\"><\/div><\/li>\n<\/ul><\/div><\/p><\/div>\n","protected":false},"excerpt":{"rendered":"","protected":false},"author":1,"featured_media":0,"parent":40,"menu_order":0,"comment_status":"closed","ping_status":"closed","template":"","meta":{"footnotes":""},"class_list":["post-7064","page","type-page","status-publish","hentry"],"aioseo_notices":[],"_links":{"self":[{"href":"https:\/\/www.airtradecentre.com\/tr\/wp-json\/wp\/v2\/pages\/7064","targetHints":{"allow":["GET"]}}],"collection":[{"href":"https:\/\/www.airtradecentre.com\/tr\/wp-json\/wp\/v2\/pages"}],"about":[{"href":"https:\/\/www.airtradecentre.com\/tr\/wp-json\/wp\/v2\/types\/page"}],"author":[{"embeddable":true,"href":"https:\/\/www.airtradecentre.com\/tr\/wp-json\/wp\/v2\/users\/1"}],"replies":[{"embeddable":true,"href":"https:\/\/www.airtradecentre.com\/tr\/wp-json\/wp\/v2\/comments?post=7064"}],"version-history":[{"count":6,"href":"https:\/\/www.airtradecentre.com\/tr\/wp-json\/wp\/v2\/pages\/7064\/revisions"}],"predecessor-version":[{"id":7099,"href":"https:\/\/www.airtradecentre.com\/tr\/wp-json\/wp\/v2\/pages\/7064\/revisions\/7099"}],"up":[{"embeddable":true,"href":"https:\/\/www.airtradecentre.com\/tr\/wp-json\/wp\/v2\/pages\/40"}],"wp:attachment":[{"href":"https:\/\/www.airtradecentre.com\/tr\/wp-json\/wp\/v2\/media?parent=7064"}],"curies":[{"name":"wp","href":"https:\/\/api.w.org\/{rel}","templated":true}]}}