{"id":7086,"date":"2019-11-27T07:28:49","date_gmt":"2019-11-27T07:28:49","guid":{"rendered":"https:\/\/airtradecentre.com.tr\/?page_id=7086"},"modified":"2019-11-27T11:25:42","modified_gmt":"2019-11-27T11:25:42","slug":"dkn-exproof-fanlari","status":"publish","type":"page","link":"https:\/\/www.airtradecentre.com\/tr\/fanlar-ve-duman-kontrolu\/exproof-kanal-fanlari\/dkn-exproof-fanlari\/","title":{"rendered":"DKN Exproof Fanlar\u0131"},"content":{"rendered":"\n<style type=\"text\/css\" data-created_by=\"avia_inline_auto\" id=\"style-css-av-2iex7x-310ccf25b611388f42e33d7adc160b77\">\n.flex_column.av-2iex7x-310ccf25b611388f42e33d7adc160b77{\nborder-radius:0px 0px 0px 0px;\npadding:0px 0px 0px 0px;\n}\n<\/style>\n<div  class='flex_column av-2iex7x-310ccf25b611388f42e33d7adc160b77 av_one_full  avia-builder-el-0  el_before_av_two_fifth  avia-builder-el-first  first flex_column_div av-zero-column-padding  '     ><div  class='av_promobox av-jv6e4x07-1836d8b56baf7a69883609930bb012bd avia-button-no  avia-builder-el-1  avia-builder-el-no-sibling '><div class='avia-promocontent'><p>\nBu \u00fcr\u00fcn ile ilgili genel kullan\u0131m klavuzunu bilgisayar\u0131n\u0131za PDF format\u0131nda indirebilirsiniz. \u015eu anda mevcut de\u011fildir.<\/p>\n<\/div><\/div><\/div>\n\n<style type=\"text\/css\" data-created_by=\"avia_inline_auto\" id=\"style-css-av-1wjco7-ecc11c4033bd98e171ea76227102a5b2\">\n.flex_column.av-1wjco7-ecc11c4033bd98e171ea76227102a5b2{\nborder-width:2px;\nborder-color:#eaeaea;\nborder-style:solid;\nborder-radius:0px 0px 0px 0px;\npadding:0px 0px 0px 0px;\n}\n<\/style>\n<div  class='flex_column av-1wjco7-ecc11c4033bd98e171ea76227102a5b2 av_two_fifth  avia-builder-el-2  el_after_av_one_full  el_before_av_three_fifth  first flex_column_div av-zero-column-padding  column-top-margin'     ><style type=\"text\/css\" data-created_by=\"avia_inline_auto\" id=\"style-css-av-1q17nr-cc2adf84c267d57766fa95805fbfa0b0\">\n.avia-image-container.av-1q17nr-cc2adf84c267d57766fa95805fbfa0b0 img.avia_image{\nbox-shadow:none;\n}\n.avia-image-container.av-1q17nr-cc2adf84c267d57766fa95805fbfa0b0 .av-image-caption-overlay-center{\ncolor:#ffffff;\n}\n<\/style>\n<div  class='avia-image-container av-1q17nr-cc2adf84c267d57766fa95805fbfa0b0 av-styling- avia-align-center  avia-builder-el-3  avia-builder-el-no-sibling '   itemprop=\"image\" itemscope=\"itemscope\" itemtype=\"https:\/\/schema.org\/ImageObject\" ><div class=\"avia-image-container-inner\"><div class=\"avia-image-overlay-wrap\"><a href=\"https:\/\/www.airtradecentre.com\/wp-content\/uploads\/2019\/11\/dkn-exproof-fanlar.jpg\" data-srcset=\"https:\/\/www.airtradecentre.com\/wp-content\/uploads\/2019\/11\/dkn-exproof-fanlar.jpg 500w, https:\/\/www.airtradecentre.com\/wp-content\/uploads\/2019\/11\/dkn-exproof-fanlar-80x80.jpg 80w\" data-sizes=\"(max-width: 500px) 100vw, 500px\" class='avia_image'  aria-label='DKN Exproof Fanlar'><img decoding=\"async\" fetchpriority=\"high\" class='wp-image-7067 avia-img-lazy-loading-not-7067 avia_image ' src=\"https:\/\/www.airtradecentre.com\/wp-content\/uploads\/2019\/11\/dkn-exproof-fanlar.jpg\" alt='Exproof Fanlar' title='DKN Exproof Fanlar'  height=\"500\" width=\"500\"  itemprop=\"thumbnailUrl\" srcset=\"https:\/\/www.airtradecentre.com\/wp-content\/uploads\/2019\/11\/dkn-exproof-fanlar.jpg 500w, https:\/\/www.airtradecentre.com\/wp-content\/uploads\/2019\/11\/dkn-exproof-fanlar-80x80.jpg 80w\" sizes=\"(max-width: 500px) 100vw, 500px\" \/><\/a><\/div><\/div><\/div><\/div>\n\n<style type=\"text\/css\" data-created_by=\"avia_inline_auto\" id=\"style-css-av-1ii913-1ef8530b6245e033a803aa98e855892c\">\n.flex_column.av-1ii913-1ef8530b6245e033a803aa98e855892c{\nborder-radius:0px 0px 0px 0px;\npadding:0px 0px 0px 0px;\n}\n<\/style>\n<div  class='flex_column av-1ii913-1ef8530b6245e033a803aa98e855892c av_three_fifth  avia-builder-el-4  el_after_av_two_fifth  el_before_av_one_full  flex_column_div av-zero-column-padding  column-top-margin'     ><p>\n<style type=\"text\/css\" data-created_by=\"avia_inline_auto\" id=\"style-css-av-k3h79xa7-f92e78d3edd763872ce7d50033f93f84\">\n#top .av-special-heading.av-k3h79xa7-f92e78d3edd763872ce7d50033f93f84{\npadding-bottom:0;\n}\nbody .av-special-heading.av-k3h79xa7-f92e78d3edd763872ce7d50033f93f84 .av-special-heading-tag .heading-char{\nfont-size:25px;\n}\n.av-special-heading.av-k3h79xa7-f92e78d3edd763872ce7d50033f93f84 .av-subheading{\nfont-size:15px;\n}\n<\/style>\n<div  class='av-special-heading av-k3h79xa7-f92e78d3edd763872ce7d50033f93f84 av-special-heading-h2 blockquote modern-quote  avia-builder-el-5  el_before_av_hr  avia-builder-el-first '><h2 class='av-special-heading-tag'  itemprop=\"headline\"  >DKN Ex Stb<\/h2><div class='av-subheading av-subheading_below'><p>Exproof Dikd\u00f6rtgen Kanal Fan\u0131<\/p>\n<\/div><div class=\"special-heading-border\"><div class=\"special-heading-inner-border\"><\/div><\/div><\/div><br \/>\n\n<style type=\"text\/css\" data-created_by=\"avia_inline_auto\" id=\"style-css-av-jxfu8567-f8e5861a8f92e458978a369746639baf\">\n#top .hr.hr-invisible.av-jxfu8567-f8e5861a8f92e458978a369746639baf{\nheight:10px;\n}\n<\/style>\n<div  class='hr av-jxfu8567-f8e5861a8f92e458978a369746639baf hr-invisible  avia-builder-el-6  el_after_av_heading  el_before_av_textblock '><span class='hr-inner '><span class=\"hr-inner-style\"><\/span><\/span><\/div><br \/>\n<section  class='av_textblock_section av-jxfu9b5h-e4db6d71f09f160eb20cb7123afee2f1 '   itemscope=\"itemscope\" itemtype=\"https:\/\/schema.org\/CreativeWork\" ><div class='avia_textblock'  itemprop=\"text\" ><p><span style=\"font-weight: 400;\">DKN Ex Stb model Exproof fanlar dikd\u00f6rtgen kanallara monte edilmektedir. Kazan dairesi, laboratuvar gibi patlay\u0131c\u0131 gazlar\u0131n yer ald\u0131\u011f\u0131 pek \u00e7ok yap\u0131n\u0131n havaland\u0131rma uygulamas\u0131nda kullan\u0131lmaktad\u0131r.<br \/>\n<\/span><br \/>\n<b>Yap\u0131s\u0131<br \/>\n<\/b><br \/>\n&#8211; \u0130leriye e\u011fik kanatl\u0131 radyal pervaneli yuvarlak kanal tipi fan<br \/>\n&#8211; Galvaniz \u00e7elik g\u00f6vdeli<br \/>\n&#8211; II 3G c IIB T3 Atex s\u0131n\u0131f\u0131<br \/>\n&#8211; 4050 m\u00b3\/h\u2019 e kadar hava debisi<br \/>\n&#8211; Trifaze , 400V , 50 Hz<br \/>\n&#8211; H\u0131z ayar\u0131na uygun<br \/>\n&#8211; Bak\u0131m gerektirmeyen, uzun \u00f6m\u00fcrl\u00fc rulman<\/p>\n<\/div><\/section><br \/>\n\n<style type=\"text\/css\" data-created_by=\"avia_inline_auto\" id=\"style-css-av-jxfu8567-f8e5861a8f92e458978a369746639baf\">\n#top .hr.hr-invisible.av-jxfu8567-f8e5861a8f92e458978a369746639baf{\nheight:10px;\n}\n<\/style>\n<div  class='hr av-jxfu8567-f8e5861a8f92e458978a369746639baf hr-invisible  avia-builder-el-8  el_after_av_textblock  el_before_av_buttonrow '><span class='hr-inner '><span class=\"hr-inner-style\"><\/span><\/span><\/div><br \/>\n<div  class='avia-buttonrow-wrap av-jqxs57ih-516dd56d2448d704ca4d51177cd23b85 avia-buttonrow-left  avia-builder-el-9  el_after_av_hr  avia-builder-el-last '>\n\n<style type=\"text\/css\" data-created_by=\"avia_inline_auto\" id=\"style-css-av-cmqhpl-a59183730c0686edb58d8b2a7b0fd5cc\">\n#top #wrap_all .avia-button.av-cmqhpl-a59183730c0686edb58d8b2a7b0fd5cc{\nmargin-bottom:5px;\nmargin-right:5px;\n}\n<\/style>\n<a href='https:\/\/www.airtradecentre.com\/tr\/iletisim\/'  class='avia-button av-cmqhpl-a59183730c0686edb58d8b2a7b0fd5cc avia-icon_select-no avia-size-medium avia-color-theme-color-highlight'  ><span class='avia_iconbox_title' >Mail G\u00f6nder<\/span><\/a>\n<\/div><\/p><\/div>\n\n<style type=\"text\/css\" data-created_by=\"avia_inline_auto\" id=\"style-css-av-mmnrb-1846dac7fc629862f7ccd4aa6477d7d5\">\n.flex_column.av-mmnrb-1846dac7fc629862f7ccd4aa6477d7d5{\nborder-radius:0px 0px 0px 0px;\npadding:0px 0px 0px 0px;\n}\n<\/style>\n<div  class='flex_column av-mmnrb-1846dac7fc629862f7ccd4aa6477d7d5 av_one_full  avia-builder-el-10  el_after_av_three_fifth  avia-builder-el-last  first flex_column_div av-zero-column-padding  '     ><div  class='tabcontainer av-jqlcgght-cde9fc81693b2c53a5cc4c138a155e9b top_tab  avia-builder-el-11  avia-builder-el-no-sibling ' role='tablist'>\n<section class='av_tab_section av_tab_section av-5g0woe-77d24bb1385c8e8ceff48dd637be849d'  itemscope=\"itemscope\" itemtype=\"https:\/\/schema.org\/CreativeWork\" ><div class='tab active_tab' role='tab' tabindex='0' data-fake-id='#tab-id-1' aria-controls='tab-id-1-content'  itemprop=\"headline\" ><span class='tab_icon' aria-hidden='true' data-av_icon='\ue8c7' data-av_iconfont='entypo-fontello'><\/span>Performans Verileri<\/div><div id='tab-id-1-content' class='tab_content active_tab_content' aria-hidden=\"false\"><div class='tab_inner_content invers-color'  itemprop=\"text\" ><table width=\"100%\">\n<tbody><!--td {border: 1px solid #ccc;}br {mso-data-placement:same-cell;}--><\/tbody>\n<\/table>\n<table dir=\"ltr\" border=\"1\" cellspacing=\"0\" cellpadding=\"0\">\n<colgroup>\n<col width=\"162\" \/>\n<col width=\"62\" \/>\n<col width=\"62\" \/>\n<col width=\"62\" \/>\n<col width=\"62\" \/>\n<col width=\"62\" \/>\n<col width=\"62\" \/>\n<col width=\"62\" \/>\n<col width=\"62\" \/>\n<col width=\"62\" \/>\n<col width=\"62\" \/>\n<col width=\"62\" \/> <\/colgroup>\n<tbody>\n<tr>\n<td rowspan=\"2\" data-sheets-value=\"{'1':2,'2':'Model'}\">Model<\/td>\n<td style=\"text-align: center;\" colspan=\"11\" rowspan=\"1\" data-sheets-value=\"{'1':2,'2':' Hava Debisi &#091;m3\/h&#093;'}\">Hava Debisi [m3\/h]<\/td>\n<\/tr>\n<tr>\n<td style=\"text-align: center;\" data-sheets-value=\"{'1':2,'2':'0Pa'}\">0Pa<\/td>\n<td style=\"text-align: center;\" data-sheets-value=\"{'1':2,'2':'50Pa'}\">50Pa<\/td>\n<td style=\"text-align: center;\" data-sheets-value=\"{'1':2,'2':'100Pa'}\">100Pa<\/td>\n<td style=\"text-align: center;\" data-sheets-value=\"{'1':3,'3':150}\">150<\/td>\n<td style=\"text-align: center;\" data-sheets-value=\"{'1':3,'3':200}\">200<\/td>\n<td style=\"text-align: center;\" data-sheets-value=\"{'1':3,'3':250}\">250<\/td>\n<td style=\"text-align: center;\" data-sheets-value=\"{'1':3,'3':300}\">300<\/td>\n<td style=\"text-align: center;\" data-sheets-value=\"{'1':3,'3':350}\">350<\/td>\n<td style=\"text-align: center;\" data-sheets-value=\"{'1':3,'3':400}\">400<\/td>\n<td style=\"text-align: center;\" data-sheets-value=\"{'1':3,'3':450}\">450<\/td>\n<td style=\"text-align: center;\" data-sheets-value=\"{'1':3,'3':500}\">500<\/td>\n<\/tr>\n<tr>\n<td data-sheets-value=\"{'1':2,'2':'DKN 225-4 Ex'}\">DKN 225-4 Ex<\/td>\n<td style=\"text-align: center;\" data-sheets-value=\"{'1':3,'3':1900}\">1900<\/td>\n<td style=\"text-align: center;\" data-sheets-value=\"{'1':3,'3':1790}\">1790<\/td>\n<td style=\"text-align: center;\" data-sheets-value=\"{'1':3,'3':1680}\">1680<\/td>\n<td style=\"text-align: center;\" data-sheets-value=\"{'1':3,'3':1520}\">1520<\/td>\n<td style=\"text-align: center;\" data-sheets-value=\"{'1':3,'3':1360}\">1360<\/td>\n<td style=\"text-align: center;\" data-sheets-value=\"{'1':3,'3':1120}\">1120<\/td>\n<td style=\"text-align: center;\" data-sheets-value=\"{'1':2,'2':'-'}\">&#8211;<\/td>\n<td style=\"text-align: center;\" data-sheets-value=\"{'1':2,'2':'-'}\">&#8211;<\/td>\n<td style=\"text-align: center;\" data-sheets-value=\"{'1':2,'2':'-'}\">&#8211;<\/td>\n<td style=\"text-align: center;\" data-sheets-value=\"{'1':2,'2':'-'}\">&#8211;<\/td>\n<td style=\"text-align: center;\" data-sheets-value=\"{'1':2,'2':'-'}\">&#8211;<\/td>\n<\/tr>\n<tr>\n<td data-sheets-value=\"{'1':2,'2':'DKN 250-4 Ex'}\">DKN 250-4 Ex<\/td>\n<td style=\"text-align: center;\" data-sheets-value=\"{'1':2,'2':'-'}\">&#8211;<\/td>\n<td style=\"text-align: center;\" data-sheets-value=\"{'1':3,'3':2400}\">2400<\/td>\n<td style=\"text-align: center;\" data-sheets-value=\"{'1':3,'3':2275}\">2275<\/td>\n<td style=\"text-align: center;\" data-sheets-value=\"{'1':3,'3':2125}\">2125<\/td>\n<td style=\"text-align: center;\" data-sheets-value=\"{'1':3,'3':1975}\">1975<\/td>\n<td style=\"text-align: center;\" data-sheets-value=\"{'1':3,'3':1750}\">1750<\/td>\n<td style=\"text-align: center;\" data-sheets-value=\"{'1':3,'3':1500}\">1500<\/td>\n<td style=\"text-align: center;\" data-sheets-value=\"{'1':3,'3':850}\">850<\/td>\n<td style=\"text-align: center;\" data-sheets-value=\"{'1':2,'2':'-'}\">&#8211;<\/td>\n<td style=\"text-align: center;\" data-sheets-value=\"{'1':2,'2':'-'}\">&#8211;<\/td>\n<td style=\"text-align: center;\" data-sheets-value=\"{'1':2,'2':'-'}\">&#8211;<\/td>\n<\/tr>\n<tr>\n<td data-sheets-value=\"{'1':2,'2':'DKN 280-4 Ex'}\">DKN 280-4 Ex<\/td>\n<td style=\"text-align: center;\" data-sheets-value=\"{'1':2,'2':'-'}\">&#8211;<\/td>\n<td style=\"text-align: center;\" data-sheets-value=\"{'1':2,'2':'-'}\">&#8211;<\/td>\n<td style=\"text-align: center;\" data-sheets-value=\"{'1':2,'2':'-'}\">&#8211;<\/td>\n<td style=\"text-align: center;\" data-sheets-value=\"{'1':3,'3':3250}\">3250<\/td>\n<td style=\"text-align: center;\" data-sheets-value=\"{'1':3,'3':3050}\">3050<\/td>\n<td style=\"text-align: center;\" data-sheets-value=\"{'1':3,'3':2800}\">2800<\/td>\n<td style=\"text-align: center;\" data-sheets-value=\"{'1':3,'3':2600}\">2600<\/td>\n<td style=\"text-align: center;\" data-sheets-value=\"{'1':3,'3':2400}\">2400<\/td>\n<td style=\"text-align: center;\" data-sheets-value=\"{'1':3,'3':2100}\">2100<\/td>\n<td style=\"text-align: center;\"><\/td>\n<td style=\"text-align: center;\"><\/td>\n<\/tr>\n<tr>\n<td data-sheets-value=\"{'1':2,'2':'DKN 315-4 Ex'}\">DKN 315-4 Ex<\/td>\n<td style=\"text-align: center;\" data-sheets-value=\"{'1':2,'2':'-'}\">&#8211;<\/td>\n<td style=\"text-align: center;\" data-sheets-value=\"{'1':2,'2':'-'}\">&#8211;<\/td>\n<td style=\"text-align: center;\" data-sheets-value=\"{'1':2,'2':'-'}\">&#8211;<\/td>\n<td style=\"text-align: center;\" data-sheets-value=\"{'1':2,'2':'-'}\">&#8211;<\/td>\n<td style=\"text-align: center;\" data-sheets-value=\"{'1':2,'2':'-'}\">&#8211;<\/td>\n<td style=\"text-align: center;\" data-sheets-value=\"{'1':3,'3':4050}\">4050<\/td>\n<td style=\"text-align: center;\" data-sheets-value=\"{'1':3,'3':3950}\">3950<\/td>\n<td style=\"text-align: center;\" data-sheets-value=\"{'1':3,'3':3600}\">3600<\/td>\n<td style=\"text-align: center;\" data-sheets-value=\"{'1':3,'3':3450}\">3450<\/td>\n<td style=\"text-align: center;\" data-sheets-value=\"{'1':3,'3':3050}\">3050<\/td>\n<td style=\"text-align: center;\" data-sheets-value=\"{'1':3,'3':2700}\">2700<\/td>\n<\/tr>\n<\/tbody>\n<\/table>\n<\/div><\/div><\/section>\n<section class='av_tab_section av_tab_section av-4awhxa-df86456a105ca8c39dfacf4405dd60dc'  itemscope=\"itemscope\" itemtype=\"https:\/\/schema.org\/CreativeWork\" ><div class='tab' role='tab' tabindex='0' data-fake-id='#tab-id-2' aria-controls='tab-id-2-content'  itemprop=\"headline\" ><span class='tab_icon' aria-hidden='true' data-av_icon='\ue855' data-av_iconfont='entypo-fontello'><\/span>Teknik Veriler<\/div><div id='tab-id-2-content' class='tab_content' aria-hidden=\"true\"><div class='tab_inner_content invers-color'  itemprop=\"text\" ><\/div><\/div><\/section>\n<section class='av_tab_section av_tab_section av-av_tab-9fc020d8113b22fa501c473509cb4db8'  itemscope=\"itemscope\" itemtype=\"https:\/\/schema.org\/CreativeWork\" ><div class='tab' role='tab' tabindex='0' data-fake-id='#tab-id-3' aria-controls='tab-id-3-content'  itemprop=\"headline\" ><span class='tab_icon' aria-hidden='true' data-av_icon='\ue8d3' data-av_iconfont='entypo-fontello'><\/span>\u00d6l\u00e7\u00fcler ve Ba\u011flant\u0131 \u015eemas\u0131<\/div><div id='tab-id-3-content' class='tab_content' aria-hidden=\"true\"><div class='tab_inner_content invers-color'  itemprop=\"text\" ><\/div><\/div><\/section>\n<\/div><\/div>\n<table width=\"100%\">\n<tbody><!--td {border: 1px solid #ccc;}br {mso-data-placement:same-cell;}--><\/tbody>\n<colgroup>\n<col width=\"158\" \/>\n<col width=\"60\" \/>\n<col width=\"60\" \/>\n<col width=\"60\" \/>\n<col width=\"60\" \/>\n<col width=\"90\" \/>\n<col width=\"90\" \/>\n<col width=\"90\" \/>\n<col width=\"90\" \/>\n<col width=\"90\" \/>\n<col width=\"105\" \/> <\/colgroup>\n<tbody>\n<tr>\n<td data-sheets-value=\"{'1':2,'2':'Model'}\">Model<\/td>\n<td style=\"text-align: center;\" data-sheets-value=\"{'1':2,'2':'Voltaj [V]'}\">Voltaj [V]<\/td>\n<td style=\"text-align: center;\" data-sheets-value=\"{'1':2,'2':'Frekans \\n[Hz]'}\">Frekans<br \/>\n[Hz]<\/td>\n<td style=\"text-align: center;\" data-sheets-value=\"{'1':2,'2':'H\u0131z [d\/d]'}\">H\u0131z [d\/d]<\/td>\n<td style=\"text-align: center;\" data-sheets-value=\"{'1':2,'2':'G\u00fc\u00e7 [KW]'}\">G\u00fc\u00e7 [KW]<\/td>\n<td style=\"text-align: center;\" data-sheets-value=\"{'1':2,'2':'Ak\u0131m [A]'}\">Ak\u0131m [A]<\/td>\n<td style=\"text-align: center;\" data-sheets-value=\"{'1':2,'2':'LWA2 [dB] '}\">LWA2 [dB]<\/td>\n<td style=\"text-align: center;\" data-sheets-value=\"{'1':2,'2':'LWA5 [dB]'}\">LWA5 [dB]<\/td>\n<td style=\"text-align: center;\" data-sheets-value=\"{'1':2,'2':'LWA6 [dB]'}\">LWA6 [dB]<\/td>\n<td style=\"text-align: center;\" data-sheets-value=\"{'1':2,'2':'H\u0131z Anahtar\u0131 '}\">H\u0131z Anahtar\u0131<\/td>\n<td style=\"text-align: center;\" data-sheets-value=\"{'1':2,'2':'Maks. S\u0131cakl\u0131k [oC]'}\">Maks. S\u0131cakl\u0131k [oC]<\/td>\n<\/tr>\n<tr>\n<td data-sheets-value=\"{'1':2,'2':'DKN 225-4 Ex'}\">DKN 225-4 Ex<\/td>\n<td style=\"text-align: center;\" data-sheets-value=\"{'1':3,'3':400}\">400<\/td>\n<td style=\"text-align: center;\" data-sheets-value=\"{'1':3,'3':50}\">50<\/td>\n<td style=\"text-align: center;\" data-sheets-value=\"{'1':3,'3':1310}\">1310<\/td>\n<td style=\"text-align: center;\" data-sheets-value=\"{'1':3,'3':0.54}\">0,54<\/td>\n<td style=\"text-align: center;\" data-sheets-value=\"{'1':3,'3':1}\">1<\/td>\n<td style=\"text-align: center;\"><\/td>\n<td style=\"text-align: center;\"><\/td>\n<td style=\"text-align: center;\"><\/td>\n<td style=\"text-align: center;\" data-sheets-value=\"{'1':2,'2':'RKD 1.2'}\">RKD 1.2<\/td>\n<td style=\"text-align: center;\" data-sheets-value=\"{'1':3,'3':40}\">40<\/td>\n<\/tr>\n<tr>\n<td data-sheets-value=\"{'1':2,'2':'DKN 250-4 Ex'}\">DKN 250-4 Ex<\/td>\n<td style=\"text-align: center;\" data-sheets-value=\"{'1':3,'3':400}\">400<\/td>\n<td style=\"text-align: center;\" data-sheets-value=\"{'1':3,'3':50}\">50<\/td>\n<td style=\"text-align: center;\" data-sheets-value=\"{'1':3,'3':1250}\">1250<\/td>\n<td style=\"text-align: center;\" data-sheets-value=\"{'1':3,'3':0.77}\">0,77<\/td>\n<td style=\"text-align: center;\" data-sheets-value=\"{'1':3,'3':1.54}\">1,54<\/td>\n<td style=\"text-align: center;\"><\/td>\n<td style=\"text-align: center;\"><\/td>\n<td style=\"text-align: center;\"><\/td>\n<td style=\"text-align: center;\" data-sheets-value=\"{'1':2,'2':'RKD 3'}\">RKD 3<\/td>\n<td style=\"text-align: center;\" data-sheets-value=\"{'1':3,'3':40}\">40<\/td>\n<\/tr>\n<tr>\n<td data-sheets-value=\"{'1':2,'2':'DKN 280-4 Ex'}\">DKN 280-4 Ex<\/td>\n<td style=\"text-align: center;\" data-sheets-value=\"{'1':3,'3':400}\">400<\/td>\n<td style=\"text-align: center;\" data-sheets-value=\"{'1':3,'3':50}\">50<\/td>\n<td style=\"text-align: center;\" data-sheets-value=\"{'1':3,'3':1330}\">1330<\/td>\n<td style=\"text-align: center;\" data-sheets-value=\"{'1':3,'3':1.5}\">1,5<\/td>\n<td style=\"text-align: center;\" data-sheets-value=\"{'1':3,'3':3}\">3<\/td>\n<td style=\"text-align: center;\"><\/td>\n<td style=\"text-align: center;\"><\/td>\n<td style=\"text-align: center;\"><\/td>\n<td style=\"text-align: center;\" data-sheets-value=\"{'1':2,'2':'RKD 3'}\">RKD 3<\/td>\n<td style=\"text-align: center;\" data-sheets-value=\"{'1':3,'3':40}\">40<\/td>\n<\/tr>\n<tr>\n<td data-sheets-value=\"{'1':2,'2':'DKN 315-4 Ex'}\">DKN 315-4 Ex<\/td>\n<td style=\"text-align: center;\" data-sheets-value=\"{'1':3,'3':400}\">400<\/td>\n<td style=\"text-align: center;\" data-sheets-value=\"{'1':3,'3':50}\">50<\/td>\n<td style=\"text-align: center;\" data-sheets-value=\"{'1':3,'3':1360}\">1360<\/td>\n<td style=\"text-align: center;\" data-sheets-value=\"{'1':3,'3':2}\">2<\/td>\n<td style=\"text-align: center;\" data-sheets-value=\"{'1':3,'3':4}\">4<\/td>\n<td style=\"text-align: center;\"><\/td>\n<td style=\"text-align: center;\"><\/td>\n<td style=\"text-align: center;\"><\/td>\n<td style=\"text-align: center;\" data-sheets-value=\"{'1':2,'2':'RKD 3.8'}\">RKD 3.8<\/td>\n<td style=\"text-align: center;\" data-sheets-value=\"{'1':3,'3':40}\">40<\/td>\n<\/tr>\n<\/tbody>\n<tbody><!--td {border: 1px solid #ccc;}br {mso-data-placement:same-cell;}--><\/tbody>\n<colgroup>\n<col width=\"158\" \/>\n<col width=\"88\" \/>\n<col width=\"88\" \/>\n<col width=\"88\" \/>\n<col width=\"88\" \/> <\/colgroup>\n<tbody>\n<tr>\n<td data-sheets-value=\"{'1':2,'2':'Model'}\">Model<\/td>\n<td style=\"text-align: center;\" data-sheets-value=\"{'1':2,'2':'L [ mm ]'}\">L [ mm ]<\/td>\n<td style=\"text-align: center;\" data-sheets-value=\"{'1':2,'2':'W [ mm ]'}\">W [ mm ]<\/td>\n<td style=\"text-align: center;\" data-sheets-value=\"{'1':2,'2':'H [ mm ]'}\">H [ mm ]<\/td>\n<td style=\"text-align: center;\" data-sheets-value=\"{'1':2,'2':'A\u011f\u0131rl\u0131k [ kg ] '}\" data-sheets-numberformat=\"[null,2,'#,##0.00',1]\">A\u011f\u0131rl\u0131k [ kg ]<\/td>\n<\/tr>\n<tr>\n<td data-sheets-value=\"{'1':2,'2':'DKN 225 Ex Stb'}\">DKN 225 Ex Stb<\/td>\n<td style=\"text-align: center;\" data-sheets-value=\"{'1':3,'3':540}\">540<\/td>\n<td style=\"text-align: center;\" data-sheets-value=\"{'1':3,'3':530}\">530<\/td>\n<td style=\"text-align: center;\" data-sheets-value=\"{'1':3,'3':290}\">290<\/td>\n<td style=\"text-align: center;\" data-sheets-value=\"{'1':3,'3':18.45}\" data-sheets-numberformat=\"[null,2,'#,##0.00',1]\">18,45<\/td>\n<\/tr>\n<tr>\n<td data-sheets-value=\"{'1':2,'2':'DKN 250 Ex Stb'}\">DKN 250 Ex Stb<\/td>\n<td style=\"text-align: center;\" data-sheets-value=\"{'1':3,'3':560}\">560<\/td>\n<td style=\"text-align: center;\" data-sheets-value=\"{'1':3,'3':540}\">540<\/td>\n<td style=\"text-align: center;\" data-sheets-value=\"{'1':3,'3':340}\">340<\/td>\n<td style=\"text-align: center;\" data-sheets-value=\"{'1':3,'3':21.85}\" data-sheets-numberformat=\"[null,2,'#,##0.00',1]\">21,85<\/td>\n<\/tr>\n<tr>\n<td data-sheets-value=\"{'1':2,'2':'DKN 280 Ex Stb'}\">DKN 280 Ex Stb<\/td>\n<td style=\"text-align: center;\" data-sheets-value=\"{'1':3,'3':680}\">680<\/td>\n<td style=\"text-align: center;\" data-sheets-value=\"{'1':3,'3':640}\">640<\/td>\n<td style=\"text-align: center;\" data-sheets-value=\"{'1':3,'3':340}\">340<\/td>\n<td style=\"text-align: center;\" data-sheets-value=\"{'1':3,'3':34}\" data-sheets-numberformat=\"[null,2,'#,##0.00',1]\">34,00<\/td>\n<\/tr>\n<tr>\n<td data-sheets-value=\"{'1':2,'2':'DKN 315 Ex Stb'}\">DKN 315 Ex Stb<\/td>\n<td style=\"text-align: center;\" data-sheets-value=\"{'1':3,'3':700}\">700<\/td>\n<td style=\"text-align: center;\" data-sheets-value=\"{'1':3,'3':640}\">640<\/td>\n<td style=\"text-align: center;\" data-sheets-value=\"{'1':3,'3':390}\">390<\/td>\n<td style=\"text-align: center;\" data-sheets-value=\"{'1':3,'3':46.3}\" data-sheets-numberformat=\"[null,2,'#,##0.00',1]\">46,30<\/td>\n<\/tr>\n<\/tbody>\n<\/table>\n","protected":false},"excerpt":{"rendered":"<p>Model Voltaj [V] Frekans [Hz] H\u0131z [d\/d] G\u00fc\u00e7 [KW] Ak\u0131m [A] LWA2 [dB] LWA5 [dB] LWA6 [dB] H\u0131z Anahtar\u0131 Maks. S\u0131cakl\u0131k [oC] DKN 225-4 Ex 400 50 1310 0,54 1 RKD 1.2 40 DKN 250-4 Ex 400 50 1250 0,77 1,54 RKD 3 40 DKN 280-4 Ex 400 50 1330 1,5 3 RKD 3 40 [&hellip;]<\/p>\n","protected":false},"author":1,"featured_media":0,"parent":7064,"menu_order":0,"comment_status":"closed","ping_status":"closed","template":"","meta":{"footnotes":""},"class_list":["post-7086","page","type-page","status-publish","hentry"],"aioseo_notices":[],"_links":{"self":[{"href":"https:\/\/www.airtradecentre.com\/tr\/wp-json\/wp\/v2\/pages\/7086","targetHints":{"allow":["GET"]}}],"collection":[{"href":"https:\/\/www.airtradecentre.com\/tr\/wp-json\/wp\/v2\/pages"}],"about":[{"href":"https:\/\/www.airtradecentre.com\/tr\/wp-json\/wp\/v2\/types\/page"}],"author":[{"embeddable":true,"href":"https:\/\/www.airtradecentre.com\/tr\/wp-json\/wp\/v2\/users\/1"}],"replies":[{"embeddable":true,"href":"https:\/\/www.airtradecentre.com\/tr\/wp-json\/wp\/v2\/comments?post=7086"}],"version-history":[{"count":2,"href":"https:\/\/www.airtradecentre.com\/tr\/wp-json\/wp\/v2\/pages\/7086\/revisions"}],"predecessor-version":[{"id":7104,"href":"https:\/\/www.airtradecentre.com\/tr\/wp-json\/wp\/v2\/pages\/7086\/revisions\/7104"}],"up":[{"embeddable":true,"href":"https:\/\/www.airtradecentre.com\/tr\/wp-json\/wp\/v2\/pages\/7064"}],"wp:attachment":[{"href":"https:\/\/www.airtradecentre.com\/tr\/wp-json\/wp\/v2\/media?parent=7086"}],"curies":[{"name":"wp","href":"https:\/\/api.w.org\/{rel}","templated":true}]}}