{"id":7364,"date":"2020-02-07T15:03:18","date_gmt":"2020-02-07T15:03:18","guid":{"rendered":"https:\/\/airtradecentre.com.tr\/?page_id=7364"},"modified":"2024-12-19T14:29:26","modified_gmt":"2024-12-19T13:29:26","slug":"kvk-kanunu-genel-aciklamalar","status":"publish","type":"page","link":"https:\/\/www.airtradecentre.com\/tr\/kurumsal\/kvk-kanunu-genel-aciklamalar\/","title":{"rendered":"KVK Kanunu Genel A\u00e7\u0131klamalar"},"content":{"rendered":"<div id='full_slider_1'  class='avia-fullwidth-slider main_color avia-shadow   avia-builder-el-0  el_before_av_heading  avia-builder-el-first   container_wrap fullsize'  >\n<style type=\"text\/css\" data-created_by=\"avia_inline_auto\" id=\"style-css-av-3iamis-a5940dd276a70b6132a343c7791d7bc3\">\n#top #wrap_all .avia-slideshow .av-slideshow-caption.av-3iamis-a5940dd276a70b6132a343c7791d7bc3__0 .avia-caption-title{\nfont-size:36px;\ncolor:#a4001e;\n}\n#top .avia-slideshow .av-slideshow-caption.av-3iamis-a5940dd276a70b6132a343c7791d7bc3__0 .avia-caption-content{\nfont-size:28px;\ncolor:#a4001e;\n}\n#top .avia-slideshow .av-slideshow-caption.av-3iamis-a5940dd276a70b6132a343c7791d7bc3__0 .avia-caption-content p{\nfont-size:28px;\n}\n\n@media only screen and (min-width: 480px) and (max-width: 767px){ \n#top #wrap_all .avia-slideshow .av-slideshow-caption.av-3iamis-a5940dd276a70b6132a343c7791d7bc3__0 .avia-caption-title{\nfont-size:22px;\n}\n#top .avia-slideshow .av-slideshow-caption.av-3iamis-a5940dd276a70b6132a343c7791d7bc3__0 .avia-caption-content{\ndisplay:none;\n}\n#top .avia-slideshow .av-slideshow-caption.av-3iamis-a5940dd276a70b6132a343c7791d7bc3__0 .avia-caption-content p{\ndisplay:none;\n}\n}\n\n@media only screen and (max-width: 479px){ \n#top #wrap_all .avia-slideshow .av-slideshow-caption.av-3iamis-a5940dd276a70b6132a343c7791d7bc3__0 .avia-caption-title{\nfont-size:18px;\n}\n#top .avia-slideshow .av-slideshow-caption.av-3iamis-a5940dd276a70b6132a343c7791d7bc3__0 .avia-caption-content{\ndisplay:none;\n}\n#top .avia-slideshow .av-slideshow-caption.av-3iamis-a5940dd276a70b6132a343c7791d7bc3__0 .avia-caption-content p{\ndisplay:none;\n}\n}\n<\/style>\n<div  class='avia-slideshow av-3iamis-a5940dd276a70b6132a343c7791d7bc3 avia-slideshow-no scaling av_slideshow_full avia-fade-slider av-slideshow-ui av-control-default av-slideshow-manual av-loop-once av-loop-manual-endless av-default-height-applied   avia-slideshow-1' data-slideshow-options=\"{&quot;animation&quot;:&quot;fade&quot;,&quot;autoplay&quot;:false,&quot;loop_autoplay&quot;:&quot;once&quot;,&quot;interval&quot;:5,&quot;loop_manual&quot;:&quot;manual-endless&quot;,&quot;autoplay_stopper&quot;:false,&quot;noNavigation&quot;:false,&quot;bg_slider&quot;:false,&quot;keep_padding&quot;:false,&quot;hoverpause&quot;:false,&quot;show_slide_delay&quot;:0}\"  itemprop=\"image\" itemscope=\"itemscope\" itemtype=\"https:\/\/schema.org\/ImageObject\" ><ul class='avia-slideshow-inner ' style='padding-bottom: 26.041666666667%;'><li  class='avia-slideshow-slide av-3iamis-a5940dd276a70b6132a343c7791d7bc3__0  av-single-slide slide-1 slide-odd'><div data-rel='slideshow-1' class='avia-slide-wrap '   ><img decoding=\"async\" fetchpriority=\"high\" class=\"wp-image-15294 avia-img-lazy-loading-not-15294\"  src=\"https:\/\/www.airtradecentre.com\/wp-content\/uploads\/2024\/12\/atc-kurumsal.jpg\" width=\"1920\" height=\"500\" title='atc-kurumsal' alt=''  itemprop=\"thumbnailUrl\" srcset=\"https:\/\/www.airtradecentre.com\/wp-content\/uploads\/2024\/12\/atc-kurumsal.jpg 1920w, https:\/\/www.airtradecentre.com\/wp-content\/uploads\/2024\/12\/atc-kurumsal-80x21.jpg 80w, https:\/\/www.airtradecentre.com\/wp-content\/uploads\/2024\/12\/atc-kurumsal-1536x400.jpg 1536w\" sizes=\"(max-width: 1920px) 100vw, 1920px\" \/><div class='av-section-color-overlay' style='opacity: 0.1; background-color: #000000; background-image: url(https:\/\/www.airtradecentre.com\/wp-content\/themes\/novasta\/images\/background-images\/dots-mini-strong.png); background-repeat: repeat;'><\/div><\/div><\/li><\/ul><\/div><\/div><div id='after_full_slider_1'  class='main_color av_default_container_wrap container_wrap fullsize'  ><div class='container av-section-cont-open' ><div class='template-page content  av-content-full alpha units'><div class='post-entry post-entry-type-page post-entry-7364'><div class='entry-content-wrapper clearfix'>\n\n<style type=\"text\/css\" data-created_by=\"avia_inline_auto\" id=\"style-css-av-2l8n0k-3b08a2b5c35e18c4742c28b72efb267a\">\n#top .av-special-heading.av-2l8n0k-3b08a2b5c35e18c4742c28b72efb267a{\npadding-bottom:10px;\n}\nbody .av-special-heading.av-2l8n0k-3b08a2b5c35e18c4742c28b72efb267a .av-special-heading-tag .heading-char{\nfont-size:25px;\n}\n.av-special-heading.av-2l8n0k-3b08a2b5c35e18c4742c28b72efb267a .av-subheading{\nfont-size:15px;\n}\n<\/style>\n<div  class='av-special-heading av-2l8n0k-3b08a2b5c35e18c4742c28b72efb267a av-special-heading-h1 blockquote modern-quote  avia-builder-el-1  el_after_av_slideshow_full  el_before_av_hr  avia-builder-el-first '><h1 class='av-special-heading-tag'  itemprop=\"headline\"  >6698 say\u0131l\u0131 Ki\u015fisel Verilerin Korunmas\u0131 Hakk\u0131nda Kanun \u00c7er\u00e7evesinde Genel A\u00e7\u0131klamalar<\/h1><div class=\"special-heading-border\"><div class=\"special-heading-inner-border\"><\/div><\/div><\/div>\n\n<style type=\"text\/css\" data-created_by=\"avia_inline_auto\" id=\"style-css-av-jpi20tys-87cc85f56038ec7d62c146966f11b8e7\">\n#top .hr.hr-invisible.av-jpi20tys-87cc85f56038ec7d62c146966f11b8e7{\nheight:10px;\n}\n<\/style>\n<div  class='hr av-jpi20tys-87cc85f56038ec7d62c146966f11b8e7 hr-invisible  avia-builder-el-2  el_after_av_heading  el_before_av_textblock '><span class='hr-inner '><span class=\"hr-inner-style\"><\/span><\/span><\/div>\n<section  class='av_textblock_section av-ou14-aefde22f10e81af86adac5d34a7d3b42 '   itemscope=\"itemscope\" itemtype=\"https:\/\/schema.org\/CreativeWork\" ><div class='avia_textblock'  itemprop=\"text\" ><p><span style=\"font-weight: 400;\">6698 Say\u0131l\u0131 Ki\u015fisel Verilerin Korunmas\u0131 Kanunu\u2019nda (\u201cKVK Kanunu\u201d) ilgili ki\u015fi olarak tan\u0131mlanan ki\u015fisel veri sahiplerine (\u201cBundan sonra \u201cBa\u015fvuru Sahibi\u201d olarak an\u0131lacakt\u0131r), KVK Kanunu\u2019un 11\u2019inci maddesinde ki\u015fisel verilerinin i\u015flenmesine ili\u015fkin birtak\u0131m taleplerde bulunma hakk\u0131 tan\u0131nm\u0131\u015ft\u0131r.<\/span><\/p>\n<p><span style=\"font-weight: 400;\">\u00a0KVK Kanunu\u2019nun 13\u2019\u00fcnc\u00fc maddesinin birinci f\u0131kras\u0131 uyar\u0131nca; veri sorumlusu olan \u015eirketimize bu haklara ili\u015fkin olarak yap\u0131lacak ba\u015fvurular\u0131n yaz\u0131l\u0131 olarak veya Ki\u015fisel Verilerin Korunmas\u0131 Kurulu (\u201cKurul\u201d) taraf\u0131ndan belirlenen di\u011fer y\u00f6ntemlerle taraf\u0131m\u0131za iletilmesi gerekmektedir.<\/span><\/p>\n<p><span style=\"font-weight: 400;\">\u00a0Bu \u00e7er\u00e7evede \u201cyaz\u0131l\u0131\u201d olarak \u015eirketimize yap\u0131lacak ba\u015fvurular, i\u015fbu formun \u00e7\u0131kt\u0131s\u0131 al\u0131narak;<\/span><\/p>\n<ol>\n<li style=\"font-weight: 400;\"><span style=\"font-weight: 400;\">Ba\u015fvuru Sahibi\u2019nin \u015fahsen ba\u015fvurusu ile,<\/span><\/li>\n<li style=\"font-weight: 400;\"><span style=\"font-weight: 400;\">Noter vas\u0131tas\u0131yla,<\/span><\/li>\n<li style=\"font-weight: 400;\"><span style=\"font-weight: 400;\">Ba\u015fvuru Sahibi\u2019nce 5070 Say\u0131l\u0131 Elektronik \u0130mza Kanununda tan\u0131ml\u0131 olan \u201cg\u00fcvenli elektronik imza\u201d ile imzalanarak \u015eirket kay\u0131tl\u0131 elektronik posta adresine g\u00f6nderilmek suretiyle,<\/span><\/li>\n<li style=\"font-weight: 400;\"><span style=\"font-weight: 400;\">Ba\u015fvuru formu doldurulup mobil imza ya da ilgili ki\u015fi taraf\u0131ndan veri sorumlusuna daha \u00f6nce bildirilen ve veri sorumlusunun sisteminde kay\u0131tl\u0131 bulunan elektronik posta adresini kullanarak\u00a0[<\/span><i><span style=\"font-weight: 400;\">mail<\/span><\/i><span style=\"font-weight: 400;\">] e-mail adresine elektronik posta ile g\u00f6nderilmesi suretiyle,<\/span><\/li>\n<\/ol>\n<p><span style=\"font-weight: 400;\">taraf\u0131m\u0131za iletilebilecektir.<\/span><\/p>\n<p><span style=\"font-weight: 400;\">A\u015fa\u011f\u0131da, yaz\u0131l\u0131 ba\u015fvurular\u0131n ne \u015fekilde taraf\u0131m\u0131za ula\u015ft\u0131r\u0131laca\u011f\u0131na ili\u015fkin yaz\u0131l\u0131 ba\u015fvuru kanallar\u0131 \u00f6zelinde bilgiler verilmektedir.<\/span><\/p>\n<p><span style=\"font-weight: 400;\">\u00a0<\/span><\/p>\n<table>\n<tbody>\n<tr>\n<td><b>Ba\u015fvuru Y\u00f6ntemi<\/b><\/td>\n<td><b>Ba\u015fvurunun Yap\u0131laca\u011f\u0131 Adres<\/b><\/td>\n<td colspan=\"2\"><b>Ba\u015fvuru G\u00f6nderiminde Belirtilecek Bilgi<\/b><\/td>\n<\/tr>\n<tr>\n<td><span style=\"font-weight: 400;\">\u015eahsen Ba\u015fvuru [Ba\u015fvuru sahibinin bizzat gelerek kimli\u011fini tevsik edici belge ile ba\u015fvurmas\u0131]<\/span><\/td>\n<td>\u0130\u00e7erenk\u00f6y Mah. Karaman \u00c7iftlik Yolu Cad.<br \/>\nKar Plaza No:47 \u0130\u00e7 Kap\u0131 No:2 34752,<br \/>\nAta\u015fehir\/ \u0130stanbul<br \/>\nT\u00fcrkiye<\/td>\n<td colspan=\"2\"><span style=\"font-weight: 400;\">Zarf\u0131n \u00fczerine \u201cKi\u015fisel Verilerin Korunmas\u0131 Kanunu Kapsam\u0131nda Bilgi Talebi\u201d yaz\u0131lacakt\u0131r.<\/span><\/td>\n<\/tr>\n<tr>\n<td><span style=\"font-weight: 400;\">Noter Vas\u0131tas\u0131yla Ba\u015fvuru<\/span><\/td>\n<td>\u0130\u00e7erenk\u00f6y Mah. Karaman \u00c7iftlik Yolu Cad.<br \/>\nKar Plaza No:47 \u0130\u00e7 Kap\u0131 No:2 34752,<br \/>\nAta\u015fehir\/ \u0130stanbul<br \/>\nT\u00fcrkiye<\/td>\n<td colspan=\"2\"><span style=\"font-weight: 400;\">Tebligat zarf\u0131na \u201cKi\u015fisel Verilerin Korunmas\u0131 Kanunu Kapsam\u0131nda Bilgi Talebi\u201d yaz\u0131lacakt\u0131r.<\/span><\/td>\n<\/tr>\n<tr>\n<td><span style=\"font-weight: 400;\">G\u00fcvenli Elektronik \u0130mza \u0130le Ba\u015fvuru [G\u00fcvenli elektronik imza ile imzalanarak Kay\u0131tl\u0131 Elektronik Posta (KEP) yoluyla ba\u015fvurmas\u0131]<\/span><\/td>\n<td><i><span style=\"font-weight: 400;\"> [kep adresi]<\/span><\/i><\/p>\n<p><span style=\"font-weight: 400;\">\u00a0<\/span><\/p>\n<p><span style=\"font-weight: 400;\">\u00a0<\/span><\/p>\n<p><span style=\"font-weight: 400;\">\u00a0<\/span><\/td>\n<td colspan=\"2\"><span style=\"font-weight: 400;\">E-posta\u2019n\u0131n konu k\u0131sm\u0131na \u201cKi\u015fisel Verilerin Korunmas\u0131 Kanunu Bilgi Talebi\u201d yaz\u0131lacakt\u0131r.<\/span><\/td>\n<\/tr>\n<tr>\n<td><span style=\"font-weight: 400;\">Mobil \u0130mza ya da E-posta \u0130le Ba\u015fvuru [\u0130lgili ki\u015fi taraf\u0131ndan veri sorumlusuna daha \u00f6nce bildirilen ve veri sorumlusunun sisteminde kay\u0131tl\u0131 bulunan elektronik posta adresini kullanmak suretiyle]<\/span><\/td>\n<td colspan=\"2\">kvkk@airtradecentre.com.tr<\/td>\n<td><span style=\"font-weight: 400;\">E-posta\u2019n\u0131n konu k\u0131sm\u0131na \u201cKi\u015fisel Verilerin Korunmas\u0131 Kanunu Bilgi Talebi\u201d yaz\u0131lacakt\u0131r.<\/span><\/td>\n<\/tr>\n<\/tbody>\n<\/table>\n<p><span style=\"font-weight: 400;\">Ayr\u0131ca, Kurul\u2019un belirleyece\u011fi di\u011fer y\u00f6ntemler duyurulduktan sonra bu y\u00f6ntemler \u00fczerinden de ba\u015fvurular\u0131n ne \u015fekilde al\u0131naca\u011f\u0131 \u015eirketimizce duyurulacakt\u0131r.<\/span><\/p>\n<p><span style=\"font-weight: 400;\">Taraf\u0131m\u0131za iletilmi\u015f olan ba\u015fvurular\u0131n\u0131z KVK Kanunu\u2019nun 13\u2019\u00fcnc\u00fc maddesinin 2\u2019inci f\u0131kras\u0131 gere\u011fince, talebin niteli\u011fine g\u00f6re talebinizin\u00a0<\/span><span style=\"font-weight: 400;\">bizlere ula\u015ft\u0131\u011f\u0131 tarihten itibaren<\/span><span style=\"font-weight: 400;\">\u00a0otuz g\u00fcn i\u00e7inde yan\u0131tland\u0131r\u0131lacakt\u0131r. Yan\u0131tlar\u0131m\u0131z ilgili KVK Kanunu\u2019nun 13\u2019\u00fcnc\u00fc maddesi h\u00fckm\u00fc gere\u011fince yaz\u0131l\u0131 veya elektronik ortamdan taraf\u0131n\u0131za ula\u015ft\u0131r\u0131lacakt\u0131r.<\/span><\/p>\n<\/div><\/section>\n","protected":false},"excerpt":{"rendered":"","protected":false},"author":1,"featured_media":0,"parent":110,"menu_order":0,"comment_status":"closed","ping_status":"closed","template":"","meta":{"footnotes":""},"class_list":["post-7364","page","type-page","status-publish","hentry"],"aioseo_notices":[],"_links":{"self":[{"href":"https:\/\/www.airtradecentre.com\/tr\/wp-json\/wp\/v2\/pages\/7364","targetHints":{"allow":["GET"]}}],"collection":[{"href":"https:\/\/www.airtradecentre.com\/tr\/wp-json\/wp\/v2\/pages"}],"about":[{"href":"https:\/\/www.airtradecentre.com\/tr\/wp-json\/wp\/v2\/types\/page"}],"author":[{"embeddable":true,"href":"https:\/\/www.airtradecentre.com\/tr\/wp-json\/wp\/v2\/users\/1"}],"replies":[{"embeddable":true,"href":"https:\/\/www.airtradecentre.com\/tr\/wp-json\/wp\/v2\/comments?post=7364"}],"version-history":[{"count":7,"href":"https:\/\/www.airtradecentre.com\/tr\/wp-json\/wp\/v2\/pages\/7364\/revisions"}],"predecessor-version":[{"id":15361,"href":"https:\/\/www.airtradecentre.com\/tr\/wp-json\/wp\/v2\/pages\/7364\/revisions\/15361"}],"up":[{"embeddable":true,"href":"https:\/\/www.airtradecentre.com\/tr\/wp-json\/wp\/v2\/pages\/110"}],"wp:attachment":[{"href":"https:\/\/www.airtradecentre.com\/tr\/wp-json\/wp\/v2\/media?parent=7364"}],"curies":[{"name":"wp","href":"https:\/\/api.w.org\/{rel}","templated":true}]}}