{"id":833,"date":"2019-01-28T09:42:57","date_gmt":"2019-01-28T09:42:57","guid":{"rendered":"https:\/\/airtradecentre.com.tr\/?page_id=833"},"modified":"2025-02-12T12:41:29","modified_gmt":"2025-02-12T11:41:29","slug":"urunler","status":"publish","type":"page","link":"https:\/\/www.airtradecentre.com\/tr\/urunler\/","title":{"rendered":"\u00dcr\u00fcnler"},"content":{"rendered":"<div id='full_slider_1'  class='avia-fullwidth-slider main_color avia-shadow   avia-builder-el-0  el_before_av_section  avia-builder-el-first   container_wrap fullsize'  >\n<style type=\"text\/css\" data-created_by=\"avia_inline_auto\" id=\"style-css-av-d774h-128b2a944ce3a1c020272a57d3bb0972\">\n#top #wrap_all .avia-slideshow .av-slideshow-caption.av-d774h-128b2a944ce3a1c020272a57d3bb0972__0 .avia-caption-title{\nfont-size:36px;\ncolor:#a4001e;\n}\n#top .avia-slideshow .av-slideshow-caption.av-d774h-128b2a944ce3a1c020272a57d3bb0972__0 .avia-caption-content{\nfont-size:28px;\ncolor:#a4001e;\n}\n#top .avia-slideshow .av-slideshow-caption.av-d774h-128b2a944ce3a1c020272a57d3bb0972__0 .avia-caption-content p{\nfont-size:28px;\n}\n\n@media only screen and (min-width: 480px) and (max-width: 767px){ \n#top #wrap_all .avia-slideshow .av-slideshow-caption.av-d774h-128b2a944ce3a1c020272a57d3bb0972__0 .avia-caption-title{\nfont-size:22px;\n}\n#top .avia-slideshow .av-slideshow-caption.av-d774h-128b2a944ce3a1c020272a57d3bb0972__0 .avia-caption-content{\ndisplay:none;\n}\n#top .avia-slideshow .av-slideshow-caption.av-d774h-128b2a944ce3a1c020272a57d3bb0972__0 .avia-caption-content p{\ndisplay:none;\n}\n}\n\n@media only screen and (max-width: 479px){ \n#top #wrap_all .avia-slideshow .av-slideshow-caption.av-d774h-128b2a944ce3a1c020272a57d3bb0972__0 .avia-caption-title{\nfont-size:18px;\n}\n#top .avia-slideshow .av-slideshow-caption.av-d774h-128b2a944ce3a1c020272a57d3bb0972__0 .avia-caption-content{\ndisplay:none;\n}\n#top .avia-slideshow .av-slideshow-caption.av-d774h-128b2a944ce3a1c020272a57d3bb0972__0 .avia-caption-content p{\ndisplay:none;\n}\n}\n<\/style>\n<div  class='avia-slideshow av-d774h-128b2a944ce3a1c020272a57d3bb0972 avia-slideshow-no scaling av_slideshow_full avia-fade-slider av-slideshow-ui av-control-default av-slideshow-manual av-loop-once av-loop-manual-endless av-default-height-applied   avia-slideshow-1' data-slideshow-options=\"{&quot;animation&quot;:&quot;fade&quot;,&quot;autoplay&quot;:false,&quot;loop_autoplay&quot;:&quot;once&quot;,&quot;interval&quot;:5,&quot;loop_manual&quot;:&quot;manual-endless&quot;,&quot;autoplay_stopper&quot;:false,&quot;noNavigation&quot;:false,&quot;bg_slider&quot;:false,&quot;keep_padding&quot;:false,&quot;hoverpause&quot;:false,&quot;show_slide_delay&quot;:0}\"  itemprop=\"image\" itemscope=\"itemscope\" itemtype=\"https:\/\/schema.org\/ImageObject\" ><ul class='avia-slideshow-inner ' style='padding-bottom: 26.041666666667%;'><li  class='avia-slideshow-slide av-d774h-128b2a944ce3a1c020272a57d3bb0972__0  av-single-slide slide-1 slide-odd'><div data-rel='slideshow-1' class='avia-slide-wrap '   ><img decoding=\"async\" fetchpriority=\"high\" class=\"wp-image-15342 avia-img-lazy-loading-not-15342\"  src=\"https:\/\/www.airtradecentre.com\/wp-content\/uploads\/2024\/12\/air-handling-units-atc-rev.jpg\" width=\"1920\" height=\"500\" title='air-handling-units-atc-rev' alt=''  itemprop=\"thumbnailUrl\" srcset=\"https:\/\/www.airtradecentre.com\/wp-content\/uploads\/2024\/12\/air-handling-units-atc-rev.jpg 1920w, https:\/\/www.airtradecentre.com\/wp-content\/uploads\/2024\/12\/air-handling-units-atc-rev-80x21.jpg 80w, https:\/\/www.airtradecentre.com\/wp-content\/uploads\/2024\/12\/air-handling-units-atc-rev-1536x400.jpg 1536w\" sizes=\"(max-width: 1920px) 100vw, 1920px\" \/><div class='av-section-color-overlay' style='opacity: 0.1; background-color: #000000; background-image: url(https:\/\/www.airtradecentre.com\/wp-content\/themes\/novasta\/images\/background-images\/dots-mini-strong.png); background-repeat: repeat;'><\/div><\/div><\/li><\/ul><\/div><\/div>\n<div id='av_section_1'  class='avia-section av-eqr4h-d8e61eba88f521b7124a33fd13a7ad8e main_color avia-section-default avia-no-border-styling  avia-builder-el-1  el_after_av_slideshow_full  el_before_av_section  avia-bg-style-scroll container_wrap fullsize'  ><div class='container av-section-cont-open' ><div class='template-page content  av-content-full alpha units'><div class='post-entry post-entry-type-page post-entry-833'><div class='entry-content-wrapper clearfix'>\n\n<style type=\"text\/css\" data-created_by=\"avia_inline_auto\" id=\"style-css-av-jjfluclb-47b49e3559218a62e7fedac7f01955be\">\n@keyframes av_boxShadowEffect_av-jjfluclb-47b49e3559218a62e7fedac7f01955be-column {\n0%   { box-shadow:  0 0 0 0 #d3d3d3; opacity: 1; }\n100% { box-shadow:  0 0 5px 0 #d3d3d3; opacity: 1; }\n}\n#top .flex_column.av-jjfluclb-47b49e3559218a62e7fedac7f01955be{\nmargin-top:-8%;\nmargin-bottom:0px;\n}\n.flex_column.av-jjfluclb-47b49e3559218a62e7fedac7f01955be{\nbox-shadow: 0 0 5px 0 #d3d3d3;\nborder-radius:0px 0px 0px 0px;\npadding:0px 0px 0px 0px;\nbackground-color:#ffffff;\n}\n.responsive #top #wrap_all .flex_column.av-jjfluclb-47b49e3559218a62e7fedac7f01955be{\nmargin-top:-8%;\nmargin-bottom:0px;\n}\n<\/style>\n<div  class='flex_column av-jjfluclb-47b49e3559218a62e7fedac7f01955be av_one_third  avia-builder-el-2  el_before_av_one_third  avia-builder-el-first  first flex_column_div shadow-not-animated av-zero-column-padding avia-link-column av-column-link avia-link-column-hover  '    data-link-column-url=\"https:\/\/www.airtradecentre.com\/tr\/klima-santralleri-atc\/\"   ><a class=\"av-screen-reader-only\" href=https:\/\/www.airtradecentre.com\/tr\/klima-santralleri-atc\/  title=\"Klima Santralleri\" alt=\"Klima Santralleri\">Link to: Klima Santralleri<\/a><style type=\"text\/css\" data-created_by=\"avia_inline_auto\" id=\"style-css-av-31j2x-e217badb84749dbbf2dad54402811dd3\">\n.avia-image-container.av-31j2x-e217badb84749dbbf2dad54402811dd3 img.avia_image{\nbox-shadow:none;\n}\n.avia-image-container.av-31j2x-e217badb84749dbbf2dad54402811dd3 .av-caption-image-overlay-bg{\nopacity:0.1;\n}\n.avia-image-container.av-31j2x-e217badb84749dbbf2dad54402811dd3 .av-image-caption-overlay-center{\ncolor:#ffffff;\n}\n<\/style>\n<div  class='avia-image-container av-31j2x-e217badb84749dbbf2dad54402811dd3 av-styling-no-styling avia_animated_image av-animated-when-visible-95 fade-in avia-align-center  avia-builder-el-3  avia-builder-el-no-sibling  noHover av-overlay-hover-deactivate'   itemprop=\"image\" itemscope=\"itemscope\" itemtype=\"https:\/\/schema.org\/ImageObject\" ><div class=\"avia-image-container-inner\"><div class=\"avia-image-overlay-wrap\"><div class=\"av-image-caption-overlay\"><div class=\"av-caption-image-overlay-bg\"><\/div><div class=\"av-image-caption-overlay-position\"><div class=\"av-image-caption-overlay-center\"><p>Klima Santralleri<\/p>\n<\/div><\/div><\/div><img decoding=\"async\" fetchpriority=\"high\" class='wp-image-15521 avia-img-lazy-loading-not-15521 avia_image ' src=\"https:\/\/www.airtradecentre.com\/wp-content\/uploads\/2025\/01\/air-handling-units-bthumb-new.jpg\" alt='' title='air-handling-units-bthumb-new'  height=\"400\" width=\"400\"  itemprop=\"thumbnailUrl\" srcset=\"https:\/\/www.airtradecentre.com\/wp-content\/uploads\/2025\/01\/air-handling-units-bthumb-new.jpg 400w, https:\/\/www.airtradecentre.com\/wp-content\/uploads\/2025\/01\/air-handling-units-bthumb-new-80x80.jpg 80w\" sizes=\"(max-width: 400px) 100vw, 400px\" \/><\/div><\/div><\/div><\/div>\n<style type=\"text\/css\" data-created_by=\"avia_inline_auto\" id=\"style-css-av-jjfluclb-8-b9d5a022adcbf26cd6eb840ef42a9781\">\n@keyframes av_boxShadowEffect_av-jjfluclb-8-b9d5a022adcbf26cd6eb840ef42a9781-column {\n0%   { box-shadow:  0 0 0 0 #d3d3d3; opacity: 1; }\n100% { box-shadow:  0 0 5px 0 #d3d3d3; opacity: 1; }\n}\n#top .flex_column.av-jjfluclb-8-b9d5a022adcbf26cd6eb840ef42a9781{\nmargin-top:-8%;\nmargin-bottom:0px;\n}\n.flex_column.av-jjfluclb-8-b9d5a022adcbf26cd6eb840ef42a9781{\nbox-shadow: 0 0 5px 0 #d3d3d3;\nborder-radius:0px 0px 0px 0px;\npadding:0px 0px 0px 0px;\nbackground-color:#ffffff;\n}\n.responsive #top #wrap_all .flex_column.av-jjfluclb-8-b9d5a022adcbf26cd6eb840ef42a9781{\nmargin-top:-8%;\nmargin-bottom:0px;\n}\n<\/style>\n<div  class='flex_column av-jjfluclb-8-b9d5a022adcbf26cd6eb840ef42a9781 av_one_third  avia-builder-el-4  el_after_av_one_third  el_before_av_one_third  flex_column_div shadow-not-animated av-zero-column-padding avia-link-column av-column-link avia-link-column-hover  '    data-link-column-url=\"https:\/\/www.airtradecentre.com\/tr\/vrf-klimalar\/\"   ><a class=\"av-screen-reader-only\" href=https:\/\/www.airtradecentre.com\/tr\/vrf-klimalar\/  title=\"VRF Klimalar\" alt=\"VRF Klimalar\">Link to: Samsung VRF Klimalar<\/a><style type=\"text\/css\" data-created_by=\"avia_inline_auto\" id=\"style-css-av-2se81-e52ec40e4c010873fe87661715daeccf\">\n.avia-image-container.av-2se81-e52ec40e4c010873fe87661715daeccf img.avia_image{\nbox-shadow:none;\n}\n.avia-image-container.av-2se81-e52ec40e4c010873fe87661715daeccf .av-caption-image-overlay-bg{\nopacity:0.4;\n}\n.avia-image-container.av-2se81-e52ec40e4c010873fe87661715daeccf .av-image-caption-overlay-center{\ncolor:#ffffff;\n}\n<\/style>\n<div  class='avia-image-container av-2se81-e52ec40e4c010873fe87661715daeccf av-styling-no-styling avia_animated_image av-animated-when-visible-95 fade-in avia-align-center  avia-builder-el-5  avia-builder-el-no-sibling  noHover av-overlay-hover-deactivate'   itemprop=\"image\" itemscope=\"itemscope\" itemtype=\"https:\/\/schema.org\/ImageObject\" ><div class=\"avia-image-container-inner\"><div class=\"avia-image-overlay-wrap\"><div class=\"av-image-caption-overlay\"><div class=\"av-caption-image-overlay-bg\"><\/div><div class=\"av-image-caption-overlay-position\"><div class=\"av-image-caption-overlay-center\"><p>VRF Klimalar\u0131<\/p>\n<\/div><\/div><\/div><img decoding=\"async\" fetchpriority=\"high\" class='wp-image-15509 avia-img-lazy-loading-not-15509 avia_image ' src=\"https:\/\/www.airtradecentre.com\/wp-content\/uploads\/2025\/01\/samsung-360-vrf-klima-air-trade-centre.jpg\" alt='' title='VRF'  height=\"400\" width=\"400\"  itemprop=\"thumbnailUrl\" srcset=\"https:\/\/www.airtradecentre.com\/wp-content\/uploads\/2025\/01\/samsung-360-vrf-klima-air-trade-centre.jpg 400w, https:\/\/www.airtradecentre.com\/wp-content\/uploads\/2025\/01\/samsung-360-vrf-klima-air-trade-centre-80x80.jpg 80w\" sizes=\"(max-width: 400px) 100vw, 400px\" \/><\/div><\/div><\/div><\/div>\n<style type=\"text\/css\" data-created_by=\"avia_inline_auto\" id=\"style-css-av-jjfluclb-7-8b67dffb647924027ae6730c7b4e222c\">\n@keyframes av_boxShadowEffect_av-jjfluclb-7-8b67dffb647924027ae6730c7b4e222c-column {\n0%   { box-shadow:  0 0 0 0 #d3d3d3; opacity: 1; }\n100% { box-shadow:  0 0 5px 0 #d3d3d3; opacity: 1; }\n}\n#top .flex_column.av-jjfluclb-7-8b67dffb647924027ae6730c7b4e222c{\nmargin-top:-8%;\nmargin-bottom:0px;\n}\n.flex_column.av-jjfluclb-7-8b67dffb647924027ae6730c7b4e222c{\nbox-shadow: 0 0 5px 0 #d3d3d3;\nborder-radius:0px 0px 0px 0px;\npadding:0px 0px 0px 0px;\nbackground-color:#ffffff;\n}\n.responsive #top #wrap_all .flex_column.av-jjfluclb-7-8b67dffb647924027ae6730c7b4e222c{\nmargin-top:-8%;\nmargin-bottom:0px;\n}\n<\/style>\n<div  class='flex_column av-jjfluclb-7-8b67dffb647924027ae6730c7b4e222c av_one_third  avia-builder-el-6  el_after_av_one_third  avia-builder-el-last  flex_column_div shadow-not-animated av-zero-column-padding avia-link-column av-column-link avia-link-column-hover  '    data-link-column-url=\"https:\/\/www.airtradecentre.com\/tr\/fanlar-ve-duman-kontrolu\/\"   ><a class=\"av-screen-reader-only\" href=https:\/\/www.airtradecentre.com\/tr\/fanlar-ve-duman-kontrolu\/  title=\"Fanlar ve Duman Kontrol\u00fc\" alt=\"Fanlar ve Duman Kontrol\u00fc\">Link to: Fanlar ve Duman Kontrol\u00fc<\/a><style type=\"text\/css\" data-created_by=\"avia_inline_auto\" id=\"style-css-av-1w6ch-7d77441ac160a2576157a935c340b557\">\n.avia-image-container.av-1w6ch-7d77441ac160a2576157a935c340b557 img.avia_image{\nbox-shadow:none;\n}\n.avia-image-container.av-1w6ch-7d77441ac160a2576157a935c340b557 .av-caption-image-overlay-bg{\nopacity:0.4;\n}\n.avia-image-container.av-1w6ch-7d77441ac160a2576157a935c340b557 .av-image-caption-overlay-center{\ncolor:#ffffff;\n}\n<\/style>\n<div  class='avia-image-container av-1w6ch-7d77441ac160a2576157a935c340b557 av-styling-no-styling avia_animated_image av-animated-when-visible-95 fade-in avia-align-center  avia-builder-el-7  avia-builder-el-no-sibling  noHover av-overlay-hover-deactivate'   itemprop=\"image\" itemscope=\"itemscope\" itemtype=\"https:\/\/schema.org\/ImageObject\" ><div class=\"avia-image-container-inner\"><div class=\"avia-image-overlay-wrap\"><div class=\"av-image-caption-overlay\"><div class=\"av-caption-image-overlay-bg\"><\/div><div class=\"av-image-caption-overlay-position\"><div class=\"av-image-caption-overlay-center\"><p>Fanlar<\/p>\n<\/div><\/div><\/div><img decoding=\"async\" fetchpriority=\"high\" class='wp-image-583 avia-img-lazy-loading-not-583 avia_image ' src=\"https:\/\/www.airtradecentre.com\/wp-content\/uploads\/2018\/09\/kabin-fanlari-atc.jpg\" alt='Kabin Fanlar\u0131' title='Kabin Fanlar\u0131 ATC'  height=\"400\" width=\"400\"  itemprop=\"thumbnailUrl\" srcset=\"https:\/\/www.airtradecentre.com\/wp-content\/uploads\/2018\/09\/kabin-fanlari-atc.jpg 400w, https:\/\/www.airtradecentre.com\/wp-content\/uploads\/2018\/09\/kabin-fanlari-atc-80x80.jpg 80w\" sizes=\"(max-width: 400px) 100vw, 400px\" \/><\/div><\/div><\/div><\/div>\n\n<\/div><\/div><\/div><!-- close content main div --><\/div><\/div><div id='av_section_2'  class='avia-section av-132i9-2ebc4bd4ad25a848037dc2e12366d88e main_color avia-section-default avia-no-border-styling  avia-builder-el-8  el_after_av_section  avia-builder-el-last  avia-bg-style-scroll container_wrap fullsize'  ><div class='container av-section-cont-open' ><div class='template-page content  av-content-full alpha units'><div class='post-entry post-entry-type-page post-entry-833'><div class='entry-content-wrapper clearfix'>\n\n<style type=\"text\/css\" data-created_by=\"avia_inline_auto\" id=\"style-css-av-jjfluclb-6-62ff73e0478ed5cc9b9c9382a0d5515b\">\n@keyframes av_boxShadowEffect_av-jjfluclb-6-62ff73e0478ed5cc9b9c9382a0d5515b-column {\n0%   { box-shadow:  0 0 0 0 #d3d3d3; opacity: 1; }\n100% { box-shadow:  0 0 5px 0 #d3d3d3; opacity: 1; }\n}\n.flex_column.av-jjfluclb-6-62ff73e0478ed5cc9b9c9382a0d5515b{\nbox-shadow: 0 0 5px 0 #d3d3d3;\nborder-radius:0px 0px 0px 0px;\npadding:0px 0px 0px 0px;\nbackground-color:#eeeeee;\n}\n<\/style>\n<div  class='flex_column av-jjfluclb-6-62ff73e0478ed5cc9b9c9382a0d5515b av_one_third  avia-builder-el-9  el_before_av_one_third  avia-builder-el-first  first flex_column_div shadow-not-animated av-zero-column-padding avia-link-column av-column-link avia-link-column-hover  '    data-link-column-url=\"https:\/\/www.airtradecentre.com\/tr\/su-sogutma-sistemleri-atc\/\"   ><a class=\"av-screen-reader-only\" href=https:\/\/www.airtradecentre.com\/tr\/su-sogutma-sistemleri-atc\/  title=\"Su So\u011futma Sistemleri\" alt=\"Su So\u011futma Sistemleri\">Link to: Su So\u011futma Sistemleri<\/a><style type=\"text\/css\" data-created_by=\"avia_inline_auto\" id=\"style-css-av-1ew79-1c36e62f525146519532223bd25a9d71\">\n.avia-image-container.av-1ew79-1c36e62f525146519532223bd25a9d71 img.avia_image{\nbox-shadow:none;\n}\n.avia-image-container.av-1ew79-1c36e62f525146519532223bd25a9d71 .av-caption-image-overlay-bg{\nopacity:0.1;\n}\n.avia-image-container.av-1ew79-1c36e62f525146519532223bd25a9d71 .av-image-caption-overlay-center{\ncolor:#ffffff;\n}\n<\/style>\n<div  class='avia-image-container av-1ew79-1c36e62f525146519532223bd25a9d71 av-styling-no-styling avia_animated_image av-animated-when-visible-95 fade-in avia-align-center  avia-builder-el-10  avia-builder-el-no-sibling  noHover av-overlay-hover-deactivate'   itemprop=\"image\" itemscope=\"itemscope\" itemtype=\"https:\/\/schema.org\/ImageObject\" ><div class=\"avia-image-container-inner\"><div class=\"avia-image-overlay-wrap\"><div class=\"av-image-caption-overlay\"><div class=\"av-caption-image-overlay-bg\"><\/div><div class=\"av-image-caption-overlay-position\"><div class=\"av-image-caption-overlay-center\"><p>Chiller &amp; Fan-Coil<\/p>\n<\/div><\/div><\/div><img decoding=\"async\" fetchpriority=\"high\" class='wp-image-616 avia-img-lazy-loading-not-616 avia_image ' src=\"https:\/\/www.airtradecentre.com\/wp-content\/uploads\/2018\/10\/su-sogutmali-su-sogutma-gruplari-thumb.jpg\" alt='Su Sogutmal\u0131 Su So\u011futma Grubular\u0131' title='Su Sogutmal\u0131 Su So\u011futma Grubular\u0131'  height=\"400\" width=\"400\"  itemprop=\"thumbnailUrl\" srcset=\"https:\/\/www.airtradecentre.com\/wp-content\/uploads\/2018\/10\/su-sogutmali-su-sogutma-gruplari-thumb.jpg 400w, https:\/\/www.airtradecentre.com\/wp-content\/uploads\/2018\/10\/su-sogutmali-su-sogutma-gruplari-thumb-80x80.jpg 80w\" sizes=\"(max-width: 400px) 100vw, 400px\" \/><\/div><\/div><\/div><\/div>\n<style type=\"text\/css\" data-created_by=\"avia_inline_auto\" id=\"style-css-av-jjfluclb-5-ca792e6b0dcfab942a86446b50ceb831\">\n@keyframes av_boxShadowEffect_av-jjfluclb-5-ca792e6b0dcfab942a86446b50ceb831-column {\n0%   { box-shadow:  0 0 0 0 #d3d3d3; opacity: 1; }\n100% { box-shadow:  0 0 5px 0 #d3d3d3; opacity: 1; }\n}\n.flex_column.av-jjfluclb-5-ca792e6b0dcfab942a86446b50ceb831{\nbox-shadow: 0 0 5px 0 #d3d3d3;\nborder-radius:0px 0px 0px 0px;\npadding:0px 0px 0px 0px;\nbackground-color:#ffffff;\n}\n<\/style>\n<div  class='flex_column av-jjfluclb-5-ca792e6b0dcfab942a86446b50ceb831 av_one_third  avia-builder-el-11  el_after_av_one_third  el_before_av_one_third  flex_column_div shadow-not-animated av-zero-column-padding avia-link-column av-column-link avia-link-column-hover  '    data-link-column-url=\"https:\/\/www.airtradecentre.com\/tr\/otopark-havalandirma\/\"   ><a class=\"av-screen-reader-only\" href=https:\/\/www.airtradecentre.com\/tr\/otopark-havalandirma\/  title=\"Otopark Havaland\u0131rma Sistemleri\" alt=\"Otopark Havaland\u0131rma Sistemleri\">Link to: Otopark Havaland\u0131rma Sistemleri<\/a><style type=\"text\/css\" data-created_by=\"avia_inline_auto\" id=\"style-css-av-qrol-17ec89954256ce8690aeb983fc10eb74\">\n.avia-image-container.av-qrol-17ec89954256ce8690aeb983fc10eb74 img.avia_image{\nbox-shadow:none;\n}\n.avia-image-container.av-qrol-17ec89954256ce8690aeb983fc10eb74 .av-caption-image-overlay-bg{\nopacity:0.1;\n}\n.avia-image-container.av-qrol-17ec89954256ce8690aeb983fc10eb74 .av-image-caption-overlay-center{\ncolor:#ffffff;\n}\n<\/style>\n<div  class='avia-image-container av-qrol-17ec89954256ce8690aeb983fc10eb74 av-styling-no-styling avia-align-center  avia-builder-el-12  avia-builder-el-no-sibling  noHover av-overlay-hover-deactivate'   itemprop=\"image\" itemscope=\"itemscope\" itemtype=\"https:\/\/schema.org\/ImageObject\" ><div class=\"avia-image-container-inner\"><div class=\"avia-image-overlay-wrap\"><div class=\"av-image-caption-overlay\"><div class=\"av-caption-image-overlay-bg\"><\/div><div class=\"av-image-caption-overlay-position\"><div class=\"av-image-caption-overlay-center\"><p>Otopark Havaland\u0131rma Sistemleri<\/p>\n<\/div><\/div><\/div><img decoding=\"async\" fetchpriority=\"high\" class='wp-image-15480 avia-img-lazy-loading-not-15480 avia_image ' src=\"https:\/\/www.airtradecentre.com\/wp-content\/uploads\/2024\/12\/atc-air-trade-centre-jet-fan-1.jpg\" alt='' title='atc-air-trade-centre-jet-fan-1'  height=\"400\" width=\"400\"  itemprop=\"thumbnailUrl\" srcset=\"https:\/\/www.airtradecentre.com\/wp-content\/uploads\/2024\/12\/atc-air-trade-centre-jet-fan-1.jpg 400w, https:\/\/www.airtradecentre.com\/wp-content\/uploads\/2024\/12\/atc-air-trade-centre-jet-fan-1-80x80.jpg 80w\" sizes=\"(max-width: 400px) 100vw, 400px\" \/><\/div><\/div><\/div><\/div>\n<style type=\"text\/css\" data-created_by=\"avia_inline_auto\" id=\"style-css-av-jjfluclb-4-985564aeb72c3f49ded70b5b0c516c0a\">\n@keyframes av_boxShadowEffect_av-jjfluclb-4-985564aeb72c3f49ded70b5b0c516c0a-column {\n0%   { box-shadow:  0 0 0 0 #d3d3d3; opacity: 1; }\n100% { box-shadow:  0 0 5px 0 #d3d3d3; opacity: 1; }\n}\n.flex_column.av-jjfluclb-4-985564aeb72c3f49ded70b5b0c516c0a{\nbox-shadow: 0 0 5px 0 #d3d3d3;\nborder-radius:0px 0px 0px 0px;\npadding:0px 0px 0px 0px;\n}\n<\/style>\n<div  class='flex_column av-jjfluclb-4-985564aeb72c3f49ded70b5b0c516c0a av_one_third  avia-builder-el-13  el_after_av_one_third  avia-builder-el-last  flex_column_div shadow-not-animated av-zero-column-padding avia-link-column av-column-link avia-link-column-hover  '    data-link-column-url=\"https:\/\/www.airtradecentre.com\/tr\/hava-perdeleri\/\"   ><a class=\"av-screen-reader-only\" href=https:\/\/www.airtradecentre.com\/tr\/hava-perdeleri\/  title=\"Hava Perdeleri\" alt=\"Hava Perdeleri\">Link to: Hava Perdeleri<\/a><style type=\"text\/css\" data-created_by=\"avia_inline_auto\" id=\"style-css-av-qrol-3-893989e950a3352a265340c91effe2fd\">\n.avia-image-container.av-qrol-3-893989e950a3352a265340c91effe2fd img.avia_image{\nbox-shadow:none;\n}\n.avia-image-container.av-qrol-3-893989e950a3352a265340c91effe2fd .av-caption-image-overlay-bg{\nopacity:0.1;\n}\n.avia-image-container.av-qrol-3-893989e950a3352a265340c91effe2fd .av-image-caption-overlay-center{\ncolor:#ffffff;\n}\n<\/style>\n<div  class='avia-image-container av-qrol-3-893989e950a3352a265340c91effe2fd av-styling-no-styling avia_animated_image av-animated-when-visible-95 fade-in avia-align-center  avia-builder-el-14  avia-builder-el-no-sibling  noHover av-overlay-hover-deactivate'   itemprop=\"image\" itemscope=\"itemscope\" itemtype=\"https:\/\/schema.org\/ImageObject\" ><div class=\"avia-image-container-inner\"><div class=\"avia-image-overlay-wrap\"><div class=\"av-image-caption-overlay\"><div class=\"av-caption-image-overlay-bg\"><\/div><div class=\"av-image-caption-overlay-position\"><div class=\"av-image-caption-overlay-center\"><p>Hava Perdeleri<\/p>\n<\/div><\/div><\/div><img decoding=\"async\" fetchpriority=\"high\" class='wp-image-10181 avia-img-lazy-loading-not-10181 avia_image ' src=\"https:\/\/www.airtradecentre.com\/wp-content\/uploads\/2021\/06\/other-products-atc.jpg\" alt='' title='other-products-atc'  height=\"400\" width=\"400\"  itemprop=\"thumbnailUrl\" srcset=\"https:\/\/www.airtradecentre.com\/wp-content\/uploads\/2021\/06\/other-products-atc.jpg 400w, https:\/\/www.airtradecentre.com\/wp-content\/uploads\/2021\/06\/other-products-atc-80x80.jpg 80w\" sizes=\"(max-width: 400px) 100vw, 400px\" \/><\/div><\/div><\/div><\/div>\n","protected":false},"excerpt":{"rendered":"","protected":false},"author":1,"featured_media":0,"parent":0,"menu_order":0,"comment_status":"closed","ping_status":"closed","template":"","meta":{"footnotes":""},"class_list":["post-833","page","type-page","status-publish","hentry"],"aioseo_notices":[],"_links":{"self":[{"href":"https:\/\/www.airtradecentre.com\/tr\/wp-json\/wp\/v2\/pages\/833","targetHints":{"allow":["GET"]}}],"collection":[{"href":"https:\/\/www.airtradecentre.com\/tr\/wp-json\/wp\/v2\/pages"}],"about":[{"href":"https:\/\/www.airtradecentre.com\/tr\/wp-json\/wp\/v2\/types\/page"}],"author":[{"embeddable":true,"href":"https:\/\/www.airtradecentre.com\/tr\/wp-json\/wp\/v2\/users\/1"}],"replies":[{"embeddable":true,"href":"https:\/\/www.airtradecentre.com\/tr\/wp-json\/wp\/v2\/comments?post=833"}],"version-history":[{"count":54,"href":"https:\/\/www.airtradecentre.com\/tr\/wp-json\/wp\/v2\/pages\/833\/revisions"}],"predecessor-version":[{"id":15671,"href":"https:\/\/www.airtradecentre.com\/tr\/wp-json\/wp\/v2\/pages\/833\/revisions\/15671"}],"wp:attachment":[{"href":"https:\/\/www.airtradecentre.com\/tr\/wp-json\/wp\/v2\/media?parent=833"}],"curies":[{"name":"wp","href":"https:\/\/api.w.org\/{rel}","templated":true}]}}